{"id":9127,"date":"2024-08-21T10:52:51","date_gmt":"2024-08-21T10:52:51","guid":{"rendered":"https:\/\/aiviouvapes.com\/?page_id=9127"},"modified":"2024-12-18T18:35:26","modified_gmt":"2024-12-18T10:35:26","slug":"buy-vapes-with-sepa-qr-code","status":"publish","type":"page","link":"https:\/\/aiviouvapes.com\/es\/buy-vapes-with-sepa-qr-code\/","title":{"rendered":"Comprar Vapes con c\u00f3digo QR SEPA"},"content":{"rendered":"<h2>C\u00f3mo utilizar un c\u00f3digo QR SEPA para pagar con su aplicaci\u00f3n bancaria las compras de Vape<\/h2>\n<p>Pagar con un c\u00f3digo QR SEPA es una forma r\u00e1pida y c\u00f3moda de transferir fondos dentro de la Zona \u00danica de Pagos en Euros (SEPA). Aqu\u00ed tienes una gu\u00eda paso a paso para ayudarte a utilizar la aplicaci\u00f3n de tu banco para escanear y realizar pagos mediante un c\u00f3digo QR SEPA.<\/p>\n<h3>Gu\u00eda paso a paso<\/h3>\n<ol>\n<li><strong>Abra su aplicaci\u00f3n bancaria<\/strong>\n<ul>\n<li>Abra la aplicaci\u00f3n de banca m\u00f3vil en su smartphone y aseg\u00farese de haber iniciado sesi\u00f3n en su cuenta.<\/li>\n<\/ul>\n<\/li>\n<li><strong>Ir a la secci\u00f3n de transferencias o pagos<\/strong>\n<ul>\n<li>Busque la secci\u00f3n para realizar pagos o transferencias, que puede estar etiquetada como \"Transferencia\", \"Pagos\" o similar.<\/li>\n<\/ul>\n<\/li>\n<li><strong>Localizar el esc\u00e1ner de c\u00f3digos QR<\/strong>\n<ul>\n<li>Dentro de la secci\u00f3n de pagos, busque la opci\u00f3n de esc\u00e1ner de c\u00f3digo QR, que suele aparecer como un icono de c\u00e1mara o de c\u00f3digo QR.<\/li>\n<li>Algunas aplicaciones bancarias tambi\u00e9n tienen un bot\u00f3n \"Escanear\" f\u00e1cilmente disponible en la pantalla de inicio o en la secci\u00f3n de pagos para un acceso r\u00e1pido.<\/li>\n<\/ul>\n<\/li>\n<li><strong>Escanear el c\u00f3digo QR de la SEPA<\/strong>\n<ul>\n<li>Acerque la c\u00e1mara de su tel\u00e9fono al c\u00f3digo QR de la SEPA que aparece en la factura o en la p\u00e1gina de pago.<\/li>\n<li>Alinee el c\u00f3digo QR dentro del marco para capturar los detalles con precisi\u00f3n.<\/li>\n<\/ul>\n<\/li>\n<li><strong>Comprobar datos de pago<\/strong>\n<ul>\n<li>Tras escanearlo, la aplicaci\u00f3n rellenar\u00e1 autom\u00e1ticamente el formulario de pago con los datos del c\u00f3digo QR.<\/li>\n<li>Esto incluye informaci\u00f3n esencial como el IBAN y el nombre del destinatario, lo que reduce la posibilidad de errores.<\/li>\n<\/ul>\n<\/li>\n<li><strong>Confirmar el pago<\/strong>\n<ul>\n<li>Revise los detalles para comprobar su exactitud.<\/li>\n<li>Seleccione la cuenta o tarjeta que desea utilizar para esta transacci\u00f3n.<\/li>\n<li>Confirma el pago siguiendo los pasos de autenticaci\u00f3n de la aplicaci\u00f3n, como introducir tu PIN, huella dactilar o reconocimiento facial.<\/li>\n<\/ul>\n<\/li>\n<\/ol>\n<p><img data-recalc-dims=\"1\" loading=\"lazy\" decoding=\"async\" title=\"Comprar Vapes con c\u00f3digo QR SEPA\" class=\"alignnone wp-image-9198 size-full\" src=\"https:\/\/i0.wp.com\/aiviouvapes.com\/wp-content\/uploads\/2024\/08\/qr-code-payment-online-shopping-260nw-704697319-e1724305335194.webp?resize=390%2C260&#038;ssl=1\" alt=\"Comprar Vapes con c\u00f3digo QR SEPA\" width=\"390\" height=\"260\" srcset=\"https:\/\/i0.wp.com\/aiviouvapes.com\/wp-content\/uploads\/2024\/08\/qr-code-payment-online-shopping-260nw-704697319-e1724305335194.webp?w=390&amp;ssl=1 390w, https:\/\/i0.wp.com\/aiviouvapes.com\/wp-content\/uploads\/2024\/08\/qr-code-payment-online-shopping-260nw-704697319-e1724305335194.webp?resize=300%2C200&amp;ssl=1 300w, https:\/\/i0.wp.com\/aiviouvapes.com\/wp-content\/uploads\/2024\/08\/qr-code-payment-online-shopping-260nw-704697319-e1724305335194.webp?resize=18%2C12&amp;ssl=1 18w\" sizes=\"auto, (max-width: 390px) 100vw, 390px\" \/><\/p>\n<h3>Consejos adicionales<\/h3>\n<ul>\n<li><strong>Uso de im\u00e1genes de c\u00f3digos QR<\/strong>\n<ul>\n<li>Si recibes un c\u00f3digo QR como imagen (por ejemplo, por correo electr\u00f3nico), algunas aplicaciones bancarias te permiten cargar la imagen en lugar de escanearla directamente. Busca la opci\u00f3n \"Cargar\" dentro de la funci\u00f3n de escaneo de QR.<\/li>\n<\/ul>\n<\/li>\n<li><strong>Medidas de seguridad<\/strong>\n<ul>\n<li>Aseg\u00farese de que su aplicaci\u00f3n bancaria est\u00e1 actualizada y utilice una conexi\u00f3n segura a Internet para evitar posibles fraudes.<\/li>\n<\/ul>\n<\/li>\n<\/ul>\n<h3>Ventajas de utilizar los c\u00f3digos QR de la SEPA<\/h3>\n<ul>\n<li><strong>Velocidad:<\/strong> Los c\u00f3digos QR simplifican el proceso de pago, minimizando los errores de introducci\u00f3n de datos.<\/li>\n<li><strong>Facilidad de uso:<\/strong> Realice r\u00e1pidamente pagos de bienes, servicios, facturas u otras transferencias con s\u00f3lo escanearlas.<\/li>\n<li><strong>Multifuncionalidad:<\/strong> Los c\u00f3digos QR de la SEPA admiten una amplia gama de transacciones, desde el pago de facturas de servicios p\u00fablicos hasta el de tasas administrativas.<\/li>\n<\/ul>\n<h3>Terminando<\/h3>\n<p>Si sigue estos pasos, el uso de c\u00f3digos QR SEPA con su aplicaci\u00f3n bancaria ser\u00e1 sencillo y eficaz. Este m\u00e9todo de pago no solo le ahorra tiempo, sino que tambi\u00e9n mejora la seguridad y la precisi\u00f3n de las transacciones. Disfrute de la experiencia perfecta de realizar pagos seguros dentro de la SEPA.<\/p>\n<p>Para consultar la lista de bancos europeos que admiten pagos SEPA con c\u00f3digo QR, visite el sitio web del Consejo Europeo de Pagos.<\/p>\n<p><strong>AiviouVapes ofrece ahora el pago SEPA mediante c\u00f3digo QR, lo que supone un nuevo nivel de comodidad para los clientes que compran vapes desechables.<\/strong><\/p>\n<div class=\"row align-middle\"  id=\"row-30839961\">\n\n\t<div id=\"col-1871850925\" class=\"col small-12 large-12\"  >\n\t\t\t\t<div class=\"col-inner text-center\"  >\n\t\t\t\n\t\t\t\n<a href=\"https:\/\/aiviouvapes.com\/es\/shop\/\" class=\"button primary is-shade is-larger box-shadow-4 box-shadow-5-hover\" style=\"border-radius:10px;\">\n\t\t<span>Compra ahora<\/span>\n\t<\/a>\n\n\t\t<\/div>\n\t\t\t\t\n<style>\n#col-1871850925 > .col-inner {\n  padding: 20px 0px 0px 0px;\n}\n<\/style>\n\t<\/div>\n\n\t\n<\/div>","protected":false},"excerpt":{"rendered":"<p>How to Use a SEPA QR Code to Pay with Your Banking App for Vape Purchases Paying with a SEPA QR code is a fast and convenient way to transfer funds within the Single Euro Payments Area (SEPA). Here\u2019s a step-by-step guide to help you use your bank app to scan and make payments via [&#8230;]\n","protected":false},"author":1,"featured_media":0,"parent":0,"menu_order":0,"comment_status":"closed","ping_status":"closed","template":"page-blank-title-center.php","meta":{"footnotes":""},"class_list":["post-9127","page","type-page","status-publish","hentry"],"jetpack_sharing_enabled":true,"_links":{"self":[{"href":"https:\/\/aiviouvapes.com\/es\/wp-json\/wp\/v2\/pages\/9127","targetHints":{"allow":["GET"]}}],"collection":[{"href":"https:\/\/aiviouvapes.com\/es\/wp-json\/wp\/v2\/pages"}],"about":[{"href":"https:\/\/aiviouvapes.com\/es\/wp-json\/wp\/v2\/types\/page"}],"author":[{"embeddable":true,"href":"https:\/\/aiviouvapes.com\/es\/wp-json\/wp\/v2\/users\/1"}],"replies":[{"embeddable":true,"href":"https:\/\/aiviouvapes.com\/es\/wp-json\/wp\/v2\/comments?post=9127"}],"version-history":[{"count":0,"href":"https:\/\/aiviouvapes.com\/es\/wp-json\/wp\/v2\/pages\/9127\/revisions"}],"wp:attachment":[{"href":"https:\/\/aiviouvapes.com\/es\/wp-json\/wp\/v2\/media?parent=9127"}],"curies":[{"name":"wp","href":"https:\/\/api.w.org\/{rel}","templated":true}]}}