{"id":9124,"date":"2024-08-21T10:52:08","date_gmt":"2024-08-21T10:52:08","guid":{"rendered":"https:\/\/aiviouvapes.com\/?page_id=9124"},"modified":"2024-11-30T12:03:45","modified_gmt":"2024-11-30T04:03:45","slug":"buy-vapes-in-europe-with-paypal","status":"publish","type":"page","link":"https:\/\/aiviouvapes.com\/es\/buy-vapes-in-europe-with-paypal\/","title":{"rendered":"Comprar Vapes en Europa con Paypal"},"content":{"rendered":"<p>La intersecci\u00f3n entre el vapeo y PayPal ha presentado desaf\u00edos \u00fanicos tanto para las empresas como para los consumidores. Debido a las pol\u00edticas de PayPal sobre los cigarrillos electr\u00f3nicos y productos relacionados, muchas transacciones en esta industria enfrentan las mismas restricciones que el tabaco, lo que resulta en limitaciones de cuentas y pagos bloqueados.<\/p>\n<p>En AiviouVapes, hemos encontrado con \u00e9xito una manera de operar dentro de estas limitaciones. A diferencia de muchos en la industria, <strong>Hemos obtenido la aprobaci\u00f3n previa de PayPal para procesar ventas de cigarrillos electr\u00f3nicos dentro de Europa.<\/strong>, lo que nos permite ofrecer una experiencia de compra fluida e ininterrumpida para nuestros clientes.<\/p>\n<p>La aprobaci\u00f3n previa de PayPal cubre una variedad de productos, incluidos los cigarrillos electr\u00f3nicos y ciertas alternativas sin tabaco. Esta autorizaci\u00f3n nos permite ofrecer PayPal como un m\u00e9todo de pago conveniente y seguro, brindando a nuestros clientes la familiaridad y la facilidad que pueden preferir.<\/p>\n<p>Si bien las restricciones generales de PayPal sobre las transacciones con cigarrillos electr\u00f3nicos siguen siendo motivo de debate, nuestros clientes pueden utilizar PayPal con confianza en nuestro sitio sin interrupciones. Esto es especialmente beneficioso para aquellos que valoran la seguridad y la simplicidad que ofrece PayPal en comparaci\u00f3n con otras opciones de pago.<\/p>\n<p>Sin embargo, nos gustar\u00eda destacar una nueva consideraci\u00f3n. <strong>Debido a la normativa fiscal<\/strong>Las compras con PayPal de cigarrillos electr\u00f3nicos de AiviouVapes son <strong>con un tope de 200 euros<\/strong> por pedido y est\u00e1n sujetos a una <strong>20% IVA impuesto sobre el consumo<\/strong>Estos requisitos fiscales pueden afectar su elecci\u00f3n del m\u00e9todo de pago. <strong>Para evitar este l\u00edmite y carga fiscal, recomendamos explorar las transferencias SEPA, las transferencias bancarias IBAN o los pagos con criptomonedas.<\/strong>, que ofrecen mayor flexibilidad para compras de mayor valor.<\/p>\n<p>Este l\u00edmite de gasto y la consideraci\u00f3n de impuestos son factores importantes a la hora de elegir tu m\u00e9todo de pago preferido. En AiviouVapes, estamos comprometidos con la transparencia y con brindar opciones de pago flexibles para que puedas disfrutar de una experiencia de compra informada y conveniente.<\/p>\n<p>Explore la amplia selecci\u00f3n de sabores de e-l\u00edquido de AiviouVapes con confianza, sabiendo que puede seleccionar entre m\u00faltiples opciones de pago para satisfacer sus preferencias y necesidades.<\/p>\n<p>Al incluir estos puntos, nuestro objetivo es brindarle una comprensi\u00f3n completa de las limitaciones de PayPal y los factores relacionados con los impuestos al comprar cigarrillos electr\u00f3nicos de AiviouVapes, ayud\u00e1ndolo a tomar la mejor opci\u00f3n de pago para su situaci\u00f3n.<\/p>\n<div class=\"row align-middle\"  id=\"row-246435771\">\n\n\t<div id=\"col-844918957\" class=\"col small-12 large-12\"  >\n\t\t\t\t<div class=\"col-inner text-center\"  >\n\t\t\t\n\t\t\t\n<a href=\"https:\/\/aiviouvapes.com\/es\/shop\/\" class=\"button primary is-shade is-larger box-shadow-4 box-shadow-5-hover\" style=\"border-radius:10px;\">\n\t\t<span>Compra ahora<\/span>\n\t<\/a>\n\n\t\t<\/div>\n\t\t\t\t\n<style>\n#col-844918957 > .col-inner {\n  padding: 20px 0px 0px 0px;\n}\n<\/style>\n\t<\/div>\n\n\t\n<\/div>","protected":false},"excerpt":{"rendered":"<p>Navigating the intersection between vaping and PayPal has presented unique challenges for businesses and consumers alike. Due to PayPal&#8217;s policies on e-cigarettes and related products, many transactions in this industry face the same restrictions as tobacco, resulting in account limitations and blocked payments. At AiviouVapes, we\u2019ve successfully found a way to operate within these constraints. [&#8230;]\n","protected":false},"author":1,"featured_media":0,"parent":0,"menu_order":0,"comment_status":"closed","ping_status":"closed","template":"page-blank-title-center.php","meta":{"footnotes":""},"class_list":["post-9124","page","type-page","status-publish","hentry"],"jetpack_sharing_enabled":true,"_links":{"self":[{"href":"https:\/\/aiviouvapes.com\/es\/wp-json\/wp\/v2\/pages\/9124","targetHints":{"allow":["GET"]}}],"collection":[{"href":"https:\/\/aiviouvapes.com\/es\/wp-json\/wp\/v2\/pages"}],"about":[{"href":"https:\/\/aiviouvapes.com\/es\/wp-json\/wp\/v2\/types\/page"}],"author":[{"embeddable":true,"href":"https:\/\/aiviouvapes.com\/es\/wp-json\/wp\/v2\/users\/1"}],"replies":[{"embeddable":true,"href":"https:\/\/aiviouvapes.com\/es\/wp-json\/wp\/v2\/comments?post=9124"}],"version-history":[{"count":0,"href":"https:\/\/aiviouvapes.com\/es\/wp-json\/wp\/v2\/pages\/9124\/revisions"}],"wp:attachment":[{"href":"https:\/\/aiviouvapes.com\/es\/wp-json\/wp\/v2\/media?parent=9124"}],"curies":[{"name":"wp","href":"https:\/\/api.w.org\/{rel}","templated":true}]}}