{"id":9121,"date":"2024-08-21T10:51:22","date_gmt":"2024-08-21T10:51:22","guid":{"rendered":"https:\/\/aiviouvapes.com\/?page_id=9121"},"modified":"2024-12-02T07:55:27","modified_gmt":"2024-12-01T23:55:27","slug":"age-policy","status":"publish","type":"page","link":"https:\/\/aiviouvapes.com\/es\/age-policy\/","title":{"rendered":"Pol\u00edtica de edad"},"content":{"rendered":"<p>Verificaci\u00f3n de edad en <a href=\"https:\/\/AiviouVapes.com\/\" rel=\"noopener\">AiviouVapes<\/a><\/p>\n<p>**Requisito de edad legal para fumar:** Todos los clientes deben tener 21 a\u00f1os o m\u00e1s para comprar productos en nuestro sitio, de acuerdo con la edad legal para fumar en los EE. UU. para cigarrillos electr\u00f3nicos y art\u00edculos relacionados. Visita <a href=\"https:\/\/AiviouVapes.com\/\" rel=\"noopener\">AiviouVapes<\/a> Para compras compatibles y responsables.<\/p>\n<p>**Importancia de la indicaci\u00f3n precisa de la edad:** Falsificar la informaci\u00f3n sobre la edad para comprar nuestros productos no solo va en contra de nuestra pol\u00edtica, sino que tambi\u00e9n es ilegal. Tales acciones pueden tener consecuencias legales graves.<\/p>\n<p>**Prohibici\u00f3n de compras por poder para menores de edad:** La compra de cualquier <a href=\"https:\/\/AiviouVapes.com\/\" rel=\"noopener\">productos de vapeo<\/a> Est\u00e1 terminantemente prohibido el uso de menores de edad y puede conllevar posibles sanciones legales. Nos comprometemos a evitar el acceso no autorizado a nuestros productos.<\/p>\n<p>**S\u00f3lido proceso de verificaci\u00f3n de edad:** Para cumplir con los requisitos legales y proteger a los j\u00f3venes, utilizamos un estricto sistema de verificaci\u00f3n de edad. Los clientes deben proporcionar datos personales (nombre, direcci\u00f3n, fecha de nacimiento y los \u00faltimos cuatro d\u00edgitos de su n\u00famero de seguridad social), que verificamos con registros p\u00fablicos. Si la verificaci\u00f3n falla o si no puede proporcionar su informaci\u00f3n de seguridad social, podemos solicitarle una identificaci\u00f3n emitida por el gobierno.<\/p>\n<p>**Derecho a rechazar el servicio:** Nos reservamos el derecho de cancelar o rechazar pedidos si la verificaci\u00f3n no se completa con \u00e9xito o si no se proporciona una identificaci\u00f3n adecuada de manera oportuna.<\/p>\n<p>**Dedicaci\u00f3n a la prevenci\u00f3n entre los j\u00f3venes:** Prevenir las ventas a menores es una de nuestras principales prioridades. Nuestro sistema de verificaci\u00f3n de edad subraya nuestro compromiso de mantener un entorno de vapeo responsable.<\/p>\n<p>**Rechazo o limitaci\u00f3n del servicio:** Como vendedor en l\u00ednea, nos reservamos el derecho de rechazar el servicio en determinados casos. Si un cliente considera que su acceso se ha restringido injustamente, se le recomienda que se ponga en contacto con nuestro servicio de atenci\u00f3n al cliente para obtener ayuda.<\/p>\n<p>**Aviso de restricci\u00f3n de edad:** El sitio web de Aiviou Vape presenta una exenci\u00f3n de responsabilidad clara, que resalta el requisito de que los clientes estadounidenses tengan al menos 21 a\u00f1os para comprar productos de cigarrillos electr\u00f3nicos.<\/p>\n<p>En <a href=\"https:\/\/AiviouVapes.com\/\" rel=\"noopener\">AiviouVapes<\/a>Priorizamos la seguridad y el bienestar de nuestros clientes al aplicar una verificaci\u00f3n de edad rigurosa. Nuestras medidas reflejan nuestra dedicaci\u00f3n a una comunidad de vapeo segura y que cumple con las normas, ofreciendo a los clientes tranquilidad al comprar con nosotros.<\/p>\n<p>El compromiso de nuestra empresa de garantizar que solo aquellos legalmente autorizados puedan comprar nuestros productos refuerza la importancia de las pr\u00e1cticas de vapeo responsables. Reconocemos que la verificaci\u00f3n de edad efectiva es esencial para evitar el acceso de menores de edad y hemos establecido un sistema integral para cumplir con esta responsabilidad.<\/p>\n<p>Nuestro proceso requiere informaci\u00f3n espec\u00edfica (nombre, direcci\u00f3n, fecha de nacimiento y los \u00faltimos cuatro d\u00edgitos del n\u00famero de seguridad social), que validamos con registros confiables para confirmar la edad. Si un cliente no puede proporcionar su informaci\u00f3n de seguridad social, ofrecemos la opci\u00f3n de cargar un documento de identidad oficial como medida de verificaci\u00f3n adicional.<\/p>\n<p>**Consecuencias de la falsificaci\u00f3n de la edad:** Falsificar la edad para comprar nuestros productos es ilegal y tiene graves repercusiones legales. Adem\u00e1s, est\u00e1 estrictamente prohibido realizar compras a menores de edad y tambi\u00e9n es punible por ley. Nos tomamos muy en serio estas normas y podemos rechazar cualquier pedido si no se puede verificar la identificaci\u00f3n de inmediato.<\/p>\n<p>Aiviou Vape mantiene su compromiso de evitar las ventas a menores de edad. Nuestro protocolo de verificaci\u00f3n de edad es fundamental para nuestra misi\u00f3n de promover la compra responsable y segura dentro de la comunidad de vapeadores.<\/p>\n<p>Si un cliente experimenta una restricci\u00f3n de servicio que considera que es un error, puede ponerse en contacto con nuestro equipo de atenci\u00f3n al cliente. Priorizamos la comunicaci\u00f3n transparente y nos esforzamos por resolver cualquier problema de manera justa.<\/p>\n<p>Nuestro sitio muestra de forma destacada una advertencia sobre el requisito de edad para la compra de cigarrillos electr\u00f3nicos, recordando a todos los usuarios el requisito legal de tener 21 a\u00f1os en los EE. UU.<\/p>\n<p>Elegir Aiviou Vape significa elegir una empresa que valora la integridad, el cumplimiento legal y la seguridad del cliente. Nuestro compromiso con las pol\u00edticas de edad responsable no es solo un procedimiento; es un reflejo fundamental de nuestros valores y dedicaci\u00f3n para crear una experiencia de compra segura y confiable. Conf\u00ede en Aiviou Vape para un acceso seguro y responsable a productos de vapeo de calidad.<\/p>\n<div class=\"row align-middle\"  id=\"row-371101576\">\n\n\t<div id=\"col-1320668775\" class=\"col small-12 large-12\"  >\n\t\t\t\t<div class=\"col-inner text-center\"  >\n\t\t\t\n\t\t\t\n<a href=\"https:\/\/aiviouvapes.com\/es\/shop\/\" class=\"button primary is-shade is-larger box-shadow-4 box-shadow-5-hover\" style=\"border-radius:10px;\">\n\t\t<span>Compra ahora<\/span>\n\t<\/a>\n\n\t\t<\/div>\n\t\t\t\t\n<style>\n#col-1320668775 > .col-inner {\n  padding: 20px 0px 0px 0px;\n}\n<\/style>\n\t<\/div>\n\n\t\n<\/div>","protected":false},"excerpt":{"rendered":"<p>Age Verification at AiviouVapes **Legal Smoking Age Requirement:** All customers must be 21 or older to purchase products on our site, aligning with the U.S. legal smoking age for e-cigarettes and related items. Visit AiviouVapes for compliant and responsible purchases. **Importance of Accurate Age Representation:** Falsifying age information to buy our products is not only [&#8230;]\n","protected":false},"author":1,"featured_media":0,"parent":0,"menu_order":0,"comment_status":"closed","ping_status":"closed","template":"page-blank-title-center.php","meta":{"footnotes":""},"class_list":["post-9121","page","type-page","status-publish","hentry"],"jetpack_sharing_enabled":true,"_links":{"self":[{"href":"https:\/\/aiviouvapes.com\/es\/wp-json\/wp\/v2\/pages\/9121","targetHints":{"allow":["GET"]}}],"collection":[{"href":"https:\/\/aiviouvapes.com\/es\/wp-json\/wp\/v2\/pages"}],"about":[{"href":"https:\/\/aiviouvapes.com\/es\/wp-json\/wp\/v2\/types\/page"}],"author":[{"embeddable":true,"href":"https:\/\/aiviouvapes.com\/es\/wp-json\/wp\/v2\/users\/1"}],"replies":[{"embeddable":true,"href":"https:\/\/aiviouvapes.com\/es\/wp-json\/wp\/v2\/comments?post=9121"}],"version-history":[{"count":0,"href":"https:\/\/aiviouvapes.com\/es\/wp-json\/wp\/v2\/pages\/9121\/revisions"}],"wp:attachment":[{"href":"https:\/\/aiviouvapes.com\/es\/wp-json\/wp\/v2\/media?parent=9121"}],"curies":[{"name":"wp","href":"https:\/\/api.w.org\/{rel}","templated":true}]}}