{"id":9117,"date":"2024-08-21T10:50:31","date_gmt":"2024-08-21T10:50:31","guid":{"rendered":"https:\/\/aiviouvapes.com\/?page_id=9117"},"modified":"2024-11-24T00:13:56","modified_gmt":"2024-11-23T16:13:56","slug":"terms-conditions","status":"publish","type":"page","link":"https:\/\/aiviouvapes.com\/es\/terms-conditions\/","title":{"rendered":"Condiciones generales"},"content":{"rendered":"<p dir=\"auto\">Bienvenido a <strong>AiviouVape<\/strong>Lea atentamente estos t\u00e9rminos y condiciones antes de utilizar nuestro sitio web. Al acceder y utilizar nuestro sitio, usted acepta cumplir con los t\u00e9rminos aqu\u00ed descritos, as\u00ed como con todas las leyes aplicables. Si no est\u00e1 de acuerdo con estos t\u00e9rminos, deje de utilizar nuestro sitio web. Al realizar una compra, acepta estos T\u00e9rminos y condiciones junto con nuestras pol\u00edticas de Env\u00edo, Devoluciones y Garant\u00eda.<\/p>\n<p dir=\"auto\"><strong>Pedidos internacionales<\/strong><\/p>\n<p dir=\"auto\">AiviouVape opera a nivel mundial desde nuestra sede en Hong Kong. Los clientes fuera de Hong Kong se consideran clientes internacionales. Aseg\u00farese de conocer las normas de su pa\u00eds sobre la propiedad, la importaci\u00f3n y el uso de productos vaporizadores antes de realizar un pedido. Algunos pa\u00edses pueden tener pol\u00edticas adicionales especificadas en nuestras pol\u00edticas de Env\u00edo, Devoluciones y Garant\u00eda.<\/p>\n<p dir=\"auto\"><strong>Copyright<\/strong><\/p>\n<p dir=\"auto\">Todo el contenido de este sitio, incluidos textos, gr\u00e1ficos y c\u00f3digos, est\u00e1 protegido por las leyes de derechos de autor como un trabajo colectivo propiedad de AiviouVape. Copyright 2022, AiviouVape. Todos los derechos reservados. Puede copiar e imprimir electr\u00f3nicamente partes del sitio para realizar un pedido o comprar productos de AiviouVape. Cualquier otro uso, incluida la reproducci\u00f3n, distribuci\u00f3n o transmisi\u00f3n del contenido del sitio, est\u00e1 prohibido a menos que AiviouVape Inc. lo autorice.<\/p>\n<p dir=\"auto\"><strong>Marcas<\/strong><\/p>\n<p dir=\"auto\">Todas las marcas comerciales, marcas de servicio y nombres comerciales que se muestran en nuestro sitio son propiedad de AiviouVape.<\/p>\n<p dir=\"auto\"><strong>Renuncia de garant\u00eda<\/strong><\/p>\n<p dir=\"auto\">Nuestro sitio web y todos los materiales y productos se proporcionan \u201ctal cual\u201d, sin garant\u00edas de ning\u00fan tipo, ya sean expresas o impl\u00edcitas. AiviouVape renuncia a todas las garant\u00edas, incluidas, entre otras, las de comerciabilidad, idoneidad para un fin determinado y no infracci\u00f3n. No garantizamos que las funciones del sitio no presenten interrupciones ni errores, ni que los defectos se corrijan, ni que el sitio est\u00e9 libre de virus u otros componentes da\u00f1inos. No garantizamos la precisi\u00f3n, integridad o fiabilidad del contenido proporcionado.<\/p>\n<p dir=\"auto\"><strong>Limitaci\u00f3n de responsabilidad<\/strong><\/p>\n<p dir=\"auto\">AiviouVape no se hace responsable de ning\u00fan da\u00f1o especial o consecuente que resulte del uso o la imposibilidad de usar los materiales de este sitio o del rendimiento de los productos, incluso si se le advierte de la posibilidad de dichos da\u00f1os. Algunas jurisdicciones no permiten la exclusi\u00f3n o limitaci\u00f3n de responsabilidad por da\u00f1os consecuentes o incidentales, por lo que es posible que estas limitaciones no se apliquen en su caso.<\/p>\n<p dir=\"auto\"><strong>Terminaci\u00f3n<\/strong><\/p>\n<p dir=\"auto\">Estos t\u00e9rminos se aplican a todos los usuarios que accedan al sitio, se registren o realicen una compra. AiviouVape se reserva el derecho de rescindir estos t\u00e9rminos, total o parcialmente, en cualquier momento sin previo aviso. Las disposiciones relacionadas con derechos de autor, marcas comerciales, exenci\u00f3n de garant\u00eda, limitaci\u00f3n de responsabilidad, indemnizaci\u00f3n y varios seguir\u00e1n vigentes tras la rescisi\u00f3n.<\/p>\n<p dir=\"auto\"><strong>Aviso<\/strong><\/p>\n<p dir=\"auto\">AiviouVape podr\u00e1 enviarle avisos por correo electr\u00f3nico, avisos generales en el sitio web u otros m\u00e9todos confiables utilizando la informaci\u00f3n de contacto que usted proporcion\u00f3.<\/p>\n<p dir=\"auto\"><strong>Varios<\/strong><\/p>\n<p dir=\"auto\">Estos t\u00e9rminos se rigen por las leyes de Hong Kong, sin tener en cuenta sus principios de conflicto de leyes. Cualquier disputa que surja de estos t\u00e9rminos se resolver\u00e1 en los tribunales de Hong Kong. Las reclamaciones deben presentarse dentro del a\u00f1o siguiente a su aparici\u00f3n. La decisi\u00f3n de AiviouVape de no hacer cumplir alguna parte de estos t\u00e9rminos no implica la renuncia a sus derechos. Podemos ceder nuestros derechos y obligaciones en virtud de estos t\u00e9rminos sin previo aviso.<\/p>\n<p dir=\"auto\"><strong>Uso del sitio<\/strong><\/p>\n<p dir=\"auto\">Se proh\u00edbe el acoso y el comportamiento inapropiado en el sitio. Los usuarios no pueden cargar contenido objetable ni solicitar servicios comerciales a terceros. AiviouVape se reserva el derecho de bloquear o eliminar cualquier contenido que infrinja estos t\u00e9rminos.<\/p>\n<p dir=\"auto\"><strong>Descargo de responsabilidad<\/strong><\/p>\n<p dir=\"auto\">AiviouVape no se hace responsable del contenido generado por los usuarios en el sitio web. Actuamos \u00fanicamente como plataforma de distribuci\u00f3n y nos reservamos el derecho de eliminar contenido objetable seg\u00fan lo consideremos necesario.<\/p>\n<p dir=\"auto\"><strong>Uso de los productos<\/strong><\/p>\n<p dir=\"auto\">AiviouVape no hace ninguna afirmaci\u00f3n sobre la eficacia del producto para ning\u00fan fin espec\u00edfico. Todos los productos se utilizan por cuenta y riesgo del comprador. Los productos con nicotina est\u00e1n destinados estrictamente al uso de adultos. Consulte a un profesional m\u00e9dico antes de utilizar productos con nicotina.<\/p>\n<p dir=\"auto\"><strong>Indemnizaci\u00f3n<\/strong><\/p>\n<p dir=\"auto\">Al utilizar nuestro sitio web, usted acepta indemnizar a AiviouVape y sus proveedores de servicios contra cualquier p\u00e9rdida, da\u00f1o, costo y gasto que resulte de cualquier violaci\u00f3n de estos t\u00e9rminos o actividades relacionadas en su cuenta.<\/p>\n<p dir=\"auto\"><strong>Enlaces de terceros<\/strong><\/p>\n<p dir=\"auto\">AiviouVape puede proporcionar enlaces a sitios externos para la comodidad del usuario. No controlamos estos sitios y no somos responsables de su contenido o pr\u00e1cticas.<\/p>\n<p dir=\"auto\"><strong>Descargo de responsabilidad<\/strong><\/p>\n<p dir=\"auto\">Algunos productos pueden tener exenciones de responsabilidad espec\u00edficas con respecto a devoluciones o elegibilidad para cambio. Revise todas las exenciones de responsabilidad espec\u00edficas del producto antes de realizar la compra. Al aceptar nuestros T\u00e9rminos y condiciones al finalizar la compra, usted reconoce que comprende todas las exenciones de responsabilidad aplicables.<\/p>\n<p dir=\"auto\">Gracias por elegir <strong>AiviouVape<\/strong>!<\/p>\n<div class=\"row align-middle\"  id=\"row-416157249\">\n\n\t<div id=\"col-715404865\" class=\"col small-12 large-12\"  >\n\t\t\t\t<div class=\"col-inner text-center\"  >\n\t\t\t\n\t\t\t\n<a href=\"https:\/\/aiviouvapes.com\/es\/shop\/\" class=\"button primary is-shade is-larger box-shadow-4 box-shadow-5-hover\" style=\"border-radius:10px;\">\n\t\t<span>Compra ahora<\/span>\n\t<\/a>\n\n\t\t<\/div>\n\t\t\t\t\n<style>\n#col-715404865 > .col-inner {\n  padding: 20px 0px 0px 0px;\n}\n<\/style>\n\t<\/div>\n\n\t\n<\/div>","protected":false},"excerpt":{"rendered":"<p>Welcome to AiviouVape! Please read these terms and conditions carefully before using our website. By accessing and using our site, you agree to comply with the terms outlined here, as well as all applicable laws. If you do not agree with these terms, please discontinue using our website. By making a purchase, you accept these [&#8230;]\n","protected":false},"author":1,"featured_media":0,"parent":0,"menu_order":0,"comment_status":"closed","ping_status":"closed","template":"page-blank-title-center.php","meta":{"footnotes":""},"class_list":["post-9117","page","type-page","status-publish","hentry"],"jetpack_sharing_enabled":true,"_links":{"self":[{"href":"https:\/\/aiviouvapes.com\/es\/wp-json\/wp\/v2\/pages\/9117","targetHints":{"allow":["GET"]}}],"collection":[{"href":"https:\/\/aiviouvapes.com\/es\/wp-json\/wp\/v2\/pages"}],"about":[{"href":"https:\/\/aiviouvapes.com\/es\/wp-json\/wp\/v2\/types\/page"}],"author":[{"embeddable":true,"href":"https:\/\/aiviouvapes.com\/es\/wp-json\/wp\/v2\/users\/1"}],"replies":[{"embeddable":true,"href":"https:\/\/aiviouvapes.com\/es\/wp-json\/wp\/v2\/comments?post=9117"}],"version-history":[{"count":0,"href":"https:\/\/aiviouvapes.com\/es\/wp-json\/wp\/v2\/pages\/9117\/revisions"}],"wp:attachment":[{"href":"https:\/\/aiviouvapes.com\/es\/wp-json\/wp\/v2\/media?parent=9117"}],"curies":[{"name":"wp","href":"https:\/\/api.w.org\/{rel}","templated":true}]}}