{"id":9111,"date":"2024-08-21T10:48:05","date_gmt":"2024-08-21T10:48:05","guid":{"rendered":"https:\/\/aiviouvapes.com\/?page_id=9111"},"modified":"2024-11-30T20:28:47","modified_gmt":"2024-11-30T12:28:47","slug":"shipping-policy","status":"publish","type":"page","link":"https:\/\/aiviouvapes.com\/es\/shipping-policy\/","title":{"rendered":"Pol\u00edtica de env\u00edos"},"content":{"rendered":"<div id=\"text-4085736624\" class=\"text\">\n\t\t\n<header class=\"entry-header text-center\"><\/header>\n<p><strong>Pol\u00edtica de env\u00edos<\/strong><\/p>\n<p>1. Los pedidos se tramitar\u00e1n y enviar\u00e1n en un plazo de 1 a 3 d\u00edas laborables. Los plazos de env\u00edo suelen oscilar entre 7 y 15 d\u00edas laborables. Tenga en cuenta que no enviamos pedidos los fines de semana.<\/p>\n<p>2. Una vez enviado el pedido, le enviaremos por correo electr\u00f3nico la informaci\u00f3n de seguimiento. Puede realizar el seguimiento de su env\u00edo utilizando el n\u00famero de seguimiento proporcionado en el siguiente sitio web:<\/p>\n<p><a href=\"https:\/\/www.17track.net\/en\" target=\"_blank\" rel=\"nofollow noopener\">https:\/\/www.17track.net\/en<\/a><\/p>\n<p>Por favor, espere 1-2 d\u00edas despu\u00e9s del env\u00edo para que las actualizaciones de seguimiento aparezcan en el sitio web.<\/p>\n<p>3. Tiene la posibilidad de cancelar un pedido o actualizar la direcci\u00f3n de env\u00edo en cualquier momento antes de que se env\u00eden los productos. No obstante, una vez enviado el pedido, no podremos tramitar devoluciones ni cambios de direcci\u00f3n.<\/p>\n<p>4.Pa\u00edses con los que podemos realizar env\u00edos\u00a0<strong>DDP<\/strong>\u00a0(<strong>Derechos de entrega pagados<\/strong>) M\u00e9todo, no le pide hacer el despacho de aduana y no hay derechos para usted.<\/p>\n<ul>\n<li>EE.UU. - UPS Express (excepto Alaska y Hawai)<\/li>\n<li>Reino Unido - Local DPD Express<\/li>\n<li>Europa - UPS Express\/ DPD Express\/ DHL Express<\/li>\n<\/ul>\n<p>Listas de pa\u00edses de Europa M\u00e9todo DDP: Alemania, B\u00e9lgica, Luxemburgo, Pa\u00edses Bajos, Rep\u00fablica Checa, Polonia, Croacia, Eslovaquia, Eslovenia, Finlandia, Dinamarca, Suecia, Austria, Francia, Italia, Hungr\u00eda, Bulgaria, Lituania, Estonia, Letonia, Grecia, Irlanda, Portugal, Espa\u00f1a.<\/p>\n<p><strong>Plazos de env\u00edo para pa\u00edses espec\u00edficos:<\/strong><\/p>\n<table style=\"height: 810px;\" width=\"518\">\n<thead>\n<tr>\n<th>PA\u00cdS<\/th>\n<th>M\u00c9TODO DE ENV\u00cdO<\/th>\n<th>PLAZO DE ENTREGA<\/th>\n<\/tr>\n<\/thead>\n<tbody>\n<tr>\n<td>EE.UU.<\/td>\n<td>Local UPS Ground<\/td>\n<td>10-15 d\u00edas<\/td>\n<\/tr>\n<tr>\n<td>REINO UNIDO<\/td>\n<td>DPD Express local<\/td>\n<td>7-12 d\u00edas<\/td>\n<\/tr>\n<tr>\n<td>Alemania<\/td>\n<td>UPS\/DPD\/DHL Alemania<\/td>\n<td>8-13 d\u00edas<\/td>\n<\/tr>\n<tr>\n<td>Francia<\/td>\n<td>UPS\/DPD\/DHL Alemania<\/td>\n<td>8-13 d\u00edas<\/td>\n<\/tr>\n<tr>\n<td>B\u00e9lgica<\/td>\n<td>UPS\/DPD\/DHL Alemania<\/td>\n<td>8-13 d\u00edas<\/td>\n<\/tr>\n<tr>\n<td>Luxemburgo<\/td>\n<td>UPS\/DPD\/DHL Alemania<\/td>\n<td>8-13 d\u00edas<\/td>\n<\/tr>\n<tr>\n<td>Pa\u00edses Bajos<\/td>\n<td>UPS\/DPD\/DHL Alemania<\/td>\n<td>8-13 d\u00edas<\/td>\n<\/tr>\n<tr>\n<td>Rep\u00fablica Checa<\/td>\n<td>UPS\/DPD\/DHL Alemania<\/td>\n<td>8-13 d\u00edas<\/td>\n<\/tr>\n<tr>\n<td>Polonia<\/td>\n<td>UPS\/DPD\/DHL Alemania<\/td>\n<td>8-13 d\u00edas<\/td>\n<\/tr>\n<tr>\n<td>Croacia<\/td>\n<td>UPS\/DPD\/DHL Alemania<\/td>\n<td>8-13 d\u00edas<\/td>\n<\/tr>\n<tr>\n<td>Eslovaquia<\/td>\n<td>UPS\/DPD\/DHL Alemania<\/td>\n<td>8-13 d\u00edas<\/td>\n<\/tr>\n<tr>\n<td>Eslovenia<\/td>\n<td>UPS\/DPD\/DHL Alemania<\/td>\n<td>8-13 d\u00edas<\/td>\n<\/tr>\n<tr>\n<td>Finlandia<\/td>\n<td>UPS\/DPD\/DHL Alemania<\/td>\n<td>8-13 d\u00edas<\/td>\n<\/tr>\n<tr>\n<td>Dinamarca<\/td>\n<td>UPS\/DPD\/DHL Alemania<\/td>\n<td>8-13 d\u00edas<\/td>\n<\/tr>\n<tr>\n<td>Suecia<\/td>\n<td>UPS\/DPD\/DHL Alemania<\/td>\n<td>8-13 d\u00edas<\/td>\n<\/tr>\n<tr>\n<td>Austria<\/td>\n<td>UPS\/DPD\/DHL Alemania<\/td>\n<td>8-13 d\u00edas<\/td>\n<\/tr>\n<tr>\n<td>Italia<\/td>\n<td>UPS\/DPD\/DHL Alemania<\/td>\n<td>8-13 d\u00edas<\/td>\n<\/tr>\n<tr>\n<td>Hungr\u00eda<\/td>\n<td>UPS\/DPD\/DHL Alemania<\/td>\n<td>8-13 d\u00edas<\/td>\n<\/tr>\n<tr>\n<td>Lituania<\/td>\n<td>UPS\/DPD\/DHL Alemania<\/td>\n<td>8-13 d\u00edas<\/td>\n<\/tr>\n<tr>\n<td>Estonia<\/td>\n<td>UPS\/DPD\/DHL Alemania<\/td>\n<td>8-13 d\u00edas<\/td>\n<\/tr>\n<tr>\n<td>Letonia<\/td>\n<td>UPS\/DPD\/DHL Alemania<\/td>\n<td>8-13 d\u00edas<\/td>\n<\/tr>\n<tr>\n<td>Grecia<\/td>\n<td>UPS\/DPD\/DHL Alemania<\/td>\n<td>8-13 d\u00edas<\/td>\n<\/tr>\n<tr>\n<td>Irlanda<\/td>\n<td>UPS\/DPD\/DHL Alemania<\/td>\n<td>8-13 d\u00edas<\/td>\n<\/tr>\n<tr>\n<td>Portugal<\/td>\n<td>UPS\/DPD\/DHL Alemania<\/td>\n<td>8-13 d\u00edas<\/td>\n<\/tr>\n<tr>\n<td>Espa\u00f1a<\/td>\n<td>UPS\/DPD\/DHL Alemania<\/td>\n<td>8-13 d\u00edas<\/td>\n<\/tr>\n<tr>\n<td>EAU (Dubai)<\/td>\n<td>L\u00ednea dedicada en Dubai<\/td>\n<td>12-18 d\u00edas<\/td>\n<\/tr>\n<tr>\n<td>Sud\u00e1frica<\/td>\n<td>L\u00ednea espec\u00edfica para Sud\u00e1frica<\/td>\n<td>15-25 d\u00edas<\/td>\n<\/tr>\n<tr>\n<td>Vietnam<\/td>\n<td>L\u00ednea dedicada a Vietnam<\/td>\n<td>3-5 d\u00edas<\/td>\n<\/tr>\n<tr>\n<td>Malasia Occidental<\/td>\n<td>L\u00ednea dedicada en Malasia<\/td>\n<td>4-8 d\u00edas<\/td>\n<\/tr>\n<\/tbody>\n<\/table>\n<\/div>\n<\/div>\n<\/div>\n<\/div>\n<div id=\"col-429512057\" class=\"col medium-6 small-12 large-6\"><\/div>\n<\/div>\n<\/div>\n\t\t\n<style>\n#text-4085736624 {\n  text-align: left;\n}\n<\/style>\n\t<\/div>\n\t\n<div class=\"row align-middle\"  id=\"row-1862910082\">\n\n\t<div id=\"col-1486050408\" class=\"col small-12 large-12\"  >\n\t\t\t\t<div class=\"col-inner text-center\"  >\n\t\t\t\n\t\t\t\n<a href=\"https:\/\/aiviouvapes.com\/es\/shop\/\" class=\"button primary is-shade is-larger box-shadow-4 box-shadow-5-hover\" style=\"border-radius:10px;\">\n\t\t<span>Compra ahora<\/span>\n\t<\/a>\n\n\t\t<\/div>\n\t\t\t\t\n<style>\n#col-1486050408 > .col-inner {\n  padding: 20px 0px 0px 0px;\n}\n<\/style>\n\t<\/div>\n\n\t\n<\/div>","protected":false},"excerpt":{"rendered":"","protected":false},"author":1,"featured_media":0,"parent":0,"menu_order":0,"comment_status":"closed","ping_status":"closed","template":"page-blank-title-center.php","meta":{"footnotes":""},"class_list":["post-9111","page","type-page","status-publish","hentry"],"jetpack_sharing_enabled":true,"_links":{"self":[{"href":"https:\/\/aiviouvapes.com\/es\/wp-json\/wp\/v2\/pages\/9111","targetHints":{"allow":["GET"]}}],"collection":[{"href":"https:\/\/aiviouvapes.com\/es\/wp-json\/wp\/v2\/pages"}],"about":[{"href":"https:\/\/aiviouvapes.com\/es\/wp-json\/wp\/v2\/types\/page"}],"author":[{"embeddable":true,"href":"https:\/\/aiviouvapes.com\/es\/wp-json\/wp\/v2\/users\/1"}],"replies":[{"embeddable":true,"href":"https:\/\/aiviouvapes.com\/es\/wp-json\/wp\/v2\/comments?post=9111"}],"version-history":[{"count":0,"href":"https:\/\/aiviouvapes.com\/es\/wp-json\/wp\/v2\/pages\/9111\/revisions"}],"wp:attachment":[{"href":"https:\/\/aiviouvapes.com\/es\/wp-json\/wp\/v2\/media?parent=9111"}],"curies":[{"name":"wp","href":"https:\/\/api.w.org\/{rel}","templated":true}]}}