{"id":9102,"date":"2024-08-21T10:43:42","date_gmt":"2024-08-21T10:43:42","guid":{"rendered":"https:\/\/aiviouvapes.com\/?page_id=9102"},"modified":"2024-12-18T18:35:34","modified_gmt":"2024-12-18T10:35:34","slug":"how-to-order","status":"publish","type":"page","link":"https:\/\/aiviouvapes.com\/es\/how-to-order\/","title":{"rendered":"C\u00f3mo hacer un pedido"},"content":{"rendered":"<header class=\"entry-header text-center\">\n<h1 class=\"entry-title\">C\u00f3mo comprar vapes en AIVIOU VAPES (con im\u00e1genes)<\/h1>\n<\/header>\n<div class=\"entry-content\">\n<p>\u00a1Bienvenido a AIVIOU VAPES! Siga estos sencillos pasos para comprar sus vapes desechables favoritos en nuestra tienda online.<\/p>\n<h2>Paso 1: Explore nuestra colecci\u00f3n<\/h2>\n<ol>\n<li><strong>Visite nuestra p\u00e1gina web<\/strong>: Ir a\u00a0<a href=\"https:\/\/aiviouvapes.com\/es\/\" rel=\"noreferrer\">AIVIOUVAPES.com<\/a>.<\/li>\n<li><strong>Ir a Productos<\/strong>: Haga clic en \"<a class=\"nav-top-link\" href=\"https:\/\/aiviouvapes.com\/es\/shop\/\" aria-expanded=\"false\">TIENDA<\/a>\" en la parte superior de la p\u00e1gina.<a href=\"https:\/\/i0.wp.com\/aiviouvapes.com\/wp-content\/uploads\/2024\/08\/shop.jpg?ssl=1\"><img data-recalc-dims=\"1\" loading=\"lazy\" decoding=\"async\" title=\"C\u00f3mo hacer un pedido\" class=\"alignnone size-full wp-image-9276\" src=\"https:\/\/i0.wp.com\/aiviouvapes.com\/wp-content\/uploads\/2024\/08\/shop.jpg?resize=1020%2C749&#038;ssl=1\" alt=\"C\u00f3mo hacer un pedido\" width=\"1020\" height=\"749\" srcset=\"https:\/\/i0.wp.com\/aiviouvapes.com\/wp-content\/uploads\/2024\/08\/shop.jpg?w=1121&amp;ssl=1 1121w, https:\/\/i0.wp.com\/aiviouvapes.com\/wp-content\/uploads\/2024\/08\/shop.jpg?resize=300%2C220&amp;ssl=1 300w, https:\/\/i0.wp.com\/aiviouvapes.com\/wp-content\/uploads\/2024\/08\/shop.jpg?resize=1024%2C752&amp;ssl=1 1024w, https:\/\/i0.wp.com\/aiviouvapes.com\/wp-content\/uploads\/2024\/08\/shop.jpg?resize=768%2C564&amp;ssl=1 768w, https:\/\/i0.wp.com\/aiviouvapes.com\/wp-content\/uploads\/2024\/08\/shop.jpg?resize=16%2C12&amp;ssl=1 16w, https:\/\/i0.wp.com\/aiviouvapes.com\/wp-content\/uploads\/2024\/08\/shop.jpg?resize=800%2C587&amp;ssl=1 800w\" sizes=\"auto, (max-width: 1020px) 100vw, 1020px\" \/><\/a><\/li>\n<\/ol>\n<h2>Paso 2: Selecciona tu Vape<\/h2>\n<ol>\n<li><strong>Elige un Vape<\/strong>: Seleccione el <b>vaporizador<\/b> que le interesa.<\/li>\n<li><strong>Ver productos<\/strong>: Navegue por los productos disponibles. Haga clic en la imagen o el t\u00edtulo de un producto para ver m\u00e1s detalles.<\/li>\n<\/ol>\n<p><a href=\"https:\/\/i0.wp.com\/aiviouvapes.com\/wp-content\/uploads\/2024\/08\/select_product.jpg?ssl=1\"><img data-recalc-dims=\"1\" loading=\"lazy\" decoding=\"async\" title=\"C\u00f3mo hacer un pedido\" class=\"alignnone size-full wp-image-9275\" src=\"https:\/\/i0.wp.com\/aiviouvapes.com\/wp-content\/uploads\/2024\/08\/select_product.jpg?resize=1020%2C426&#038;ssl=1\" alt=\"C\u00f3mo hacer un pedido\" width=\"1020\" height=\"426\" data-wp-editing=\"1\" srcset=\"https:\/\/i0.wp.com\/aiviouvapes.com\/wp-content\/uploads\/2024\/08\/select_product.jpg?w=1916&amp;ssl=1 1916w, https:\/\/i0.wp.com\/aiviouvapes.com\/wp-content\/uploads\/2024\/08\/select_product.jpg?resize=300%2C125&amp;ssl=1 300w, https:\/\/i0.wp.com\/aiviouvapes.com\/wp-content\/uploads\/2024\/08\/select_product.jpg?resize=1024%2C428&amp;ssl=1 1024w, https:\/\/i0.wp.com\/aiviouvapes.com\/wp-content\/uploads\/2024\/08\/select_product.jpg?resize=768%2C321&amp;ssl=1 768w, https:\/\/i0.wp.com\/aiviouvapes.com\/wp-content\/uploads\/2024\/08\/select_product.jpg?resize=1536%2C641&amp;ssl=1 1536w, https:\/\/i0.wp.com\/aiviouvapes.com\/wp-content\/uploads\/2024\/08\/select_product.jpg?resize=18%2C8&amp;ssl=1 18w, https:\/\/i0.wp.com\/aiviouvapes.com\/wp-content\/uploads\/2024\/08\/select_product.jpg?resize=800%2C334&amp;ssl=1 800w\" sizes=\"auto, (max-width: 1020px) 100vw, 1020px\" \/><\/a><\/p>\n<h2>Paso 3: Seleccionar detalles del producto<\/h2>\n<ol>\n<li><strong>Leer los detalles<\/strong>: En la p\u00e1gina del producto, revisa la descripci\u00f3n, comprueba el precio y lee las opiniones de los clientes.<\/li>\n<li><strong>Elija la cantidad<\/strong>: Seleccione la cantidad que desea comprar.<\/li>\n<li><strong>A\u00f1adir a la cesta<\/strong>: Haga clic en el bot\u00f3n \"A\u00f1adir a la cesta\" para a\u00f1adir el art\u00edculo a su cesta de la compra.<\/li>\n<\/ol>\n<p><a href=\"https:\/\/i0.wp.com\/aiviouvapes.com\/wp-content\/uploads\/2024\/08\/product_detail.png?ssl=1\"><img data-recalc-dims=\"1\" loading=\"lazy\" decoding=\"async\" title=\"C\u00f3mo hacer un pedido\" class=\"alignnone size-full wp-image-9274\" src=\"https:\/\/i0.wp.com\/aiviouvapes.com\/wp-content\/uploads\/2024\/08\/product_detail.png?resize=1020%2C619&#038;ssl=1\" alt=\"C\u00f3mo hacer un pedido\" width=\"1020\" height=\"619\" srcset=\"https:\/\/i0.wp.com\/aiviouvapes.com\/wp-content\/uploads\/2024\/08\/product_detail.png?w=1527&amp;ssl=1 1527w, https:\/\/i0.wp.com\/aiviouvapes.com\/wp-content\/uploads\/2024\/08\/product_detail.png?resize=300%2C182&amp;ssl=1 300w, https:\/\/i0.wp.com\/aiviouvapes.com\/wp-content\/uploads\/2024\/08\/product_detail.png?resize=1024%2C622&amp;ssl=1 1024w, https:\/\/i0.wp.com\/aiviouvapes.com\/wp-content\/uploads\/2024\/08\/product_detail.png?resize=768%2C466&amp;ssl=1 768w, https:\/\/i0.wp.com\/aiviouvapes.com\/wp-content\/uploads\/2024\/08\/product_detail.png?resize=18%2C12&amp;ssl=1 18w, https:\/\/i0.wp.com\/aiviouvapes.com\/wp-content\/uploads\/2024\/08\/product_detail.png?resize=800%2C486&amp;ssl=1 800w\" sizes=\"auto, (max-width: 1020px) 100vw, 1020px\" \/><\/a><\/p>\n<\/div>\n<h2>Paso 4: Revise su cesta<\/h2>\n<ol>\n<li><strong>Ver carrito<\/strong>: Haga clic en el icono de la cesta de la compra en la esquina superior derecha de la p\u00e1gina para ver su cesta.<\/li>\n<li><strong>Art\u00edculos de revisi\u00f3n<\/strong>: Aseg\u00farese de que todos los art\u00edculos y cantidades son correctos.<\/li>\n<li><strong>Pasar por caja<\/strong>: Haga clic en el bot\u00f3n \"Continuar con la compra\" para pasar a la etapa siguiente.<\/li>\n<\/ol>\n<p><a href=\"https:\/\/i0.wp.com\/aiviouvapes.com\/wp-content\/uploads\/2024\/08\/cart.png?ssl=1\"><img data-recalc-dims=\"1\" loading=\"lazy\" decoding=\"async\" title=\"C\u00f3mo hacer un pedido\" class=\"alignnone size-full wp-image-9272\" src=\"https:\/\/i0.wp.com\/aiviouvapes.com\/wp-content\/uploads\/2024\/08\/cart.png?resize=1020%2C383&#038;ssl=1\" alt=\"C\u00f3mo hacer un pedido\" width=\"1020\" height=\"383\" srcset=\"https:\/\/i0.wp.com\/aiviouvapes.com\/wp-content\/uploads\/2024\/08\/cart.png?w=1768&amp;ssl=1 1768w, https:\/\/i0.wp.com\/aiviouvapes.com\/wp-content\/uploads\/2024\/08\/cart.png?resize=300%2C113&amp;ssl=1 300w, https:\/\/i0.wp.com\/aiviouvapes.com\/wp-content\/uploads\/2024\/08\/cart.png?resize=1024%2C384&amp;ssl=1 1024w, https:\/\/i0.wp.com\/aiviouvapes.com\/wp-content\/uploads\/2024\/08\/cart.png?resize=768%2C288&amp;ssl=1 768w, https:\/\/i0.wp.com\/aiviouvapes.com\/wp-content\/uploads\/2024\/08\/cart.png?resize=1536%2C576&amp;ssl=1 1536w, https:\/\/i0.wp.com\/aiviouvapes.com\/wp-content\/uploads\/2024\/08\/cart.png?resize=18%2C7&amp;ssl=1 18w, https:\/\/i0.wp.com\/aiviouvapes.com\/wp-content\/uploads\/2024\/08\/cart.png?resize=800%2C300&amp;ssl=1 800w\" sizes=\"auto, (max-width: 1020px) 100vw, 1020px\" \/><\/a><\/p>\n<h2>Paso 5: Pago<\/h2>\n<ol>\n<li><strong>Datos de facturaci\u00f3n<\/strong>: Rellene sus datos de facturaci\u00f3n, incluidos su nombre, direcci\u00f3n e informaci\u00f3n de contacto.<\/li>\n<li><strong>Detalles de env\u00edo<\/strong>: Si son diferentes de los de facturaci\u00f3n, rellene los datos de env\u00edo.<\/li>\n<li><strong>Forma de pago<\/strong>: Elija la forma de pago que prefiera.<\/li>\n<li><strong>Revise su pedido<\/strong>: Compruebe todos los detalles, incluidos los art\u00edculos, las cantidades y el importe total.<\/li>\n<li><strong>Realizar pedido<\/strong>: Haga clic en el bot\u00f3n \"Realizar pedido\" para completar su compra.<\/li>\n<\/ol>\n<p><a href=\"https:\/\/i0.wp.com\/aiviouvapes.com\/wp-content\/uploads\/2024\/08\/checkout.png?ssl=1\"><img data-recalc-dims=\"1\" loading=\"lazy\" decoding=\"async\" title=\"C\u00f3mo hacer un pedido\" class=\"alignnone size-full wp-image-9273\" src=\"https:\/\/i0.wp.com\/aiviouvapes.com\/wp-content\/uploads\/2024\/08\/checkout.png?resize=1020%2C638&#038;ssl=1\" alt=\"C\u00f3mo hacer un pedido\" width=\"1020\" height=\"638\" srcset=\"https:\/\/i0.wp.com\/aiviouvapes.com\/wp-content\/uploads\/2024\/08\/checkout.png?w=1328&amp;ssl=1 1328w, https:\/\/i0.wp.com\/aiviouvapes.com\/wp-content\/uploads\/2024\/08\/checkout.png?resize=300%2C188&amp;ssl=1 300w, https:\/\/i0.wp.com\/aiviouvapes.com\/wp-content\/uploads\/2024\/08\/checkout.png?resize=1024%2C640&amp;ssl=1 1024w, https:\/\/i0.wp.com\/aiviouvapes.com\/wp-content\/uploads\/2024\/08\/checkout.png?resize=768%2C480&amp;ssl=1 768w, https:\/\/i0.wp.com\/aiviouvapes.com\/wp-content\/uploads\/2024\/08\/checkout.png?resize=18%2C12&amp;ssl=1 18w, https:\/\/i0.wp.com\/aiviouvapes.com\/wp-content\/uploads\/2024\/08\/checkout.png?resize=800%2C500&amp;ssl=1 800w\" sizes=\"auto, (max-width: 1020px) 100vw, 1020px\" \/><\/a><\/p>\n<h2>Paso 6: Confirmaci\u00f3n del pedido<\/h2>\n<ol>\n<li><strong>Mensaje de confirmaci\u00f3n<\/strong>: Ver\u00e1 un mensaje de confirmaci\u00f3n de pedido en la pantalla con su n\u00famero de pedido.<\/li>\n<li><strong>Confirmaci\u00f3n por correo electr\u00f3nico<\/strong>: Consulta tu correo electr\u00f3nico para recibir un mensaje de confirmaci\u00f3n con todos los detalles de tu pedido.<\/li>\n<\/ol>\n<div class=\"row align-middle\"  id=\"row-457935904\">\n\n\t<div id=\"col-783428373\" class=\"col small-12 large-12\"  >\n\t\t\t\t<div class=\"col-inner text-center\"  >\n\t\t\t\n\t\t\t\n<a href=\"https:\/\/aiviouvapes.com\/es\/shop\/\" class=\"button primary is-shade is-larger box-shadow-4 box-shadow-5-hover\" style=\"border-radius:10px;\">\n\t\t<span>Compra ahora<\/span>\n\t<\/a>\n\n\t\t<\/div>\n\t\t\t\t\n<style>\n#col-783428373 > .col-inner {\n  padding: 20px 0px 0px 0px;\n}\n<\/style>\n\t<\/div>\n\n\t\n<\/div>","protected":false},"excerpt":{"rendered":"<p>How to Buy Vapes on AIVIOU VAPES (with Pictures) Welcome to AIVIOU VAPES! Follow these simple steps to purchase your favorite disposable vapes from our online store. Step 1: Browse Our Collection Visit our Homepage: Go to\u00a0AIVIOUVAPES.com. Navigate to Products: Click on the \u201cSHOP\u201d menu at the top of the page. Step 2: Select Your [&#8230;]\n","protected":false},"author":1,"featured_media":0,"parent":0,"menu_order":0,"comment_status":"closed","ping_status":"closed","template":"page-blank-title-center.php","meta":{"footnotes":""},"class_list":["post-9102","page","type-page","status-publish","hentry"],"jetpack_sharing_enabled":true,"_links":{"self":[{"href":"https:\/\/aiviouvapes.com\/es\/wp-json\/wp\/v2\/pages\/9102","targetHints":{"allow":["GET"]}}],"collection":[{"href":"https:\/\/aiviouvapes.com\/es\/wp-json\/wp\/v2\/pages"}],"about":[{"href":"https:\/\/aiviouvapes.com\/es\/wp-json\/wp\/v2\/types\/page"}],"author":[{"embeddable":true,"href":"https:\/\/aiviouvapes.com\/es\/wp-json\/wp\/v2\/users\/1"}],"replies":[{"embeddable":true,"href":"https:\/\/aiviouvapes.com\/es\/wp-json\/wp\/v2\/comments?post=9102"}],"version-history":[{"count":0,"href":"https:\/\/aiviouvapes.com\/es\/wp-json\/wp\/v2\/pages\/9102\/revisions"}],"wp:attachment":[{"href":"https:\/\/aiviouvapes.com\/es\/wp-json\/wp\/v2\/media?parent=9102"}],"curies":[{"name":"wp","href":"https:\/\/api.w.org\/{rel}","templated":true}]}}