{"id":70,"date":"2024-08-12T12:55:00","date_gmt":"2024-08-12T12:55:00","guid":{"rendered":"https:\/\/aiviouvapes.com\/?page_id=70"},"modified":"2026-03-12T10:34:37","modified_gmt":"2026-03-12T02:34:37","slug":"about","status":"publish","type":"page","link":"https:\/\/aiviouvapes.com\/es\/about\/","title":{"rendered":"Acerca de"},"content":{"rendered":"<div class=\"row\"  id=\"row-1975298283\">\n\n\t<div id=\"col-1796186798\" class=\"col medium-6 small-12 large-6\"  >\n\t\t\t\t<div class=\"col-inner\"  >\n\t\t\t\n\t\t\t\n\t<div class=\"img has-hover x md-x lg-x y md-y lg-y\" id=\"image_393877362\">\n\t\t\t\t\t\t\t\t<div class=\"img-inner dark\" >\n\t\t\t<img data-recalc-dims=\"1\" loading=\"lazy\" decoding=\"async\" width=\"1020\" height=\"1360\" src=\"https:\/\/i0.wp.com\/aiviouvapes.com\/wp-content\/uploads\/2025\/04\/waspe-60k4.jpg?resize=1020%2C1360&#038;ssl=1\" class=\"attachment-original size-original\" alt=\"waspe 60k\" srcset=\"https:\/\/i0.wp.com\/aiviouvapes.com\/wp-content\/uploads\/2025\/04\/waspe-60k4.jpg?w=1440&amp;ssl=1 1440w, https:\/\/i0.wp.com\/aiviouvapes.com\/wp-content\/uploads\/2025\/04\/waspe-60k4.jpg?resize=225%2C300&amp;ssl=1 225w, https:\/\/i0.wp.com\/aiviouvapes.com\/wp-content\/uploads\/2025\/04\/waspe-60k4.jpg?resize=768%2C1024&amp;ssl=1 768w, https:\/\/i0.wp.com\/aiviouvapes.com\/wp-content\/uploads\/2025\/04\/waspe-60k4.jpg?resize=1152%2C1536&amp;ssl=1 1152w, https:\/\/i0.wp.com\/aiviouvapes.com\/wp-content\/uploads\/2025\/04\/waspe-60k4.jpg?resize=9%2C12&amp;ssl=1 9w, https:\/\/i0.wp.com\/aiviouvapes.com\/wp-content\/uploads\/2025\/04\/waspe-60k4.jpg?resize=1320%2C1760&amp;ssl=1 1320w, https:\/\/i0.wp.com\/aiviouvapes.com\/wp-content\/uploads\/2025\/04\/waspe-60k4.jpg?resize=800%2C1067&amp;ssl=1 800w\" sizes=\"auto, (max-width: 1020px) 100vw, 1020px\" title=\"\">\t\t\t\t\t\t\n\t\t\t\t\t<\/div>\n\t\t\t\t\t\t\t\t\n<style>\n#image_393877362 {\n  width: 100%;\n}\n<\/style>\n\t<\/div>\n\t\n<p>CC Toyar Trade Co., Limited<br \/>Direcci\u00f3n: UNIDAD D18, 3\/F WONG KING IND<br \/>BLDG NO.2-4 TAI YAU ST SAN PO KONG<br \/>HONG KONG<\/p>\n\t\t<\/div>\n\t\t\t\t\t<\/div>\n\n\t\n\n\t<div id=\"col-2136601289\" class=\"col medium-6 small-12 large-6\"  >\n\t\t\t\t<div class=\"col-inner\"  >\n\t\t\t\n\t\t\t\n<div class=\"container section-title-container\" ><h3 class=\"section-title section-title-normal\"><b aria-hidden=\"true\"><\/b><span class=\"section-title-main\" >Compra al por mayor de vaporizadores desechables en l\u00ednea en AIVIOU VAPES<\/span><b aria-hidden=\"true\"><\/b><\/h3><\/div>\n<p dir=\"auto\">Bienvenido a\u00a0<a href=\"https:\/\/aiviouvapes.com\/es\/\">Aiviouvapes<\/a>, su principal destino en l\u00ednea para\u00a0<a href=\"https:\/\/aiviouvapes.com\/es\/\">vapes desechables<\/a>. Con una rica historia que abarca m\u00e1s de 5 a\u00f1os en la industria, nos enorgullecemos de ofrecer una amplia gama de marcas de primer nivel como Bang King, Al Fakher Vape, Vapeme, Waspe, RandM Tornado, Bang Box, y m\u00e1s.<\/p>\n<p dir=\"auto\">En Aiviouvapes, somos un referente de excelencia en el mundo del vapeo electr\u00f3nico. Nuestros productos han llegado a numerosos pa\u00edses de todo el mundo, un testimonio de nuestro compromiso con la calidad y la satisfacci\u00f3n del cliente. Como profesionales experimentados en el \u00e1mbito de la distribuci\u00f3n de cigarrillos electr\u00f3nicos, satisfacemos las necesidades de minoristas y mayoristas, garantizando que nuestros clientes reciban los mejores productos y servicios del mercado.<\/p>\n<p dir=\"auto\">Nuestro sitio web, aiviouvapes.com, sirve de centro neur\u00e1lgico para entusiastas y principiantes por igual, ya que ofrece una experiencia de compra fluida y una amplia selecci\u00f3n de\u00a0<a href=\"https:\/\/aiviouvapes.com\/es\/categoria-producto\/waspe\/\">cigarrillo electr\u00f3nico desechable<\/a>\u00a0opciones. Tanto si busca las \u00faltimas innovaciones como los cl\u00e1sicos atemporales, Aiviouvapes es su socio de confianza en el mundo del vapeo.<\/p>\n<p dir=\"auto\">Acomp\u00e1\u00f1enos en este viaje mientras seguimos redefiniendo los est\u00e1ndares de excelencia en la\u00a0<a href=\"https:\/\/aiviouvapes.com\/es\/shop\/\">vape desechable<\/a>\u00a0industria. Experimente la diferencia con Aiviouvapes, donde la calidad, la variedad y la satisfacci\u00f3n del cliente convergen a la perfecci\u00f3n.<\/p>\n<p><strong>Correo electr\u00f3nico:<\/strong>\u00a0<a href=\"mailto:support@aiviouvapes.com\">support@aiviouvapes.com<\/a><\/p>\n<p style=\"display: none;\"><strong>WhatsApp:<\/strong>\u00a0<a href=\"https:\/\/api.whatsapp.com\/send?phone=8618241953968\" rel=\"noopener\">+8618241953968<\/a><\/p>\n<p><strong>Aiviou Vape Technology Co., Ltd (Aivio Vapes Technology Co., Ltd, Aiviou Vapes Technology Co., Ltd)<\/strong><\/p>\n\t<div class=\"img has-hover x md-x lg-x y md-y lg-y\" id=\"image_1216331034\">\n\t\t\t\t\t\t\t\t<div class=\"img-inner dark\" >\n\t\t\t<img data-recalc-dims=\"1\" loading=\"lazy\" decoding=\"async\" width=\"1020\" height=\"765\" src=\"https:\/\/i0.wp.com\/aiviouvapes.com\/wp-content\/uploads\/2026\/03\/aiviouvapes-warehouse.jpg?resize=1020%2C765&#038;ssl=1\" class=\"attachment-original size-original\" alt=\"almac\u00e9n aiviouvapes\" srcset=\"https:\/\/i0.wp.com\/aiviouvapes.com\/wp-content\/uploads\/2026\/03\/aiviouvapes-warehouse.jpg?w=1706&amp;ssl=1 1706w, https:\/\/i0.wp.com\/aiviouvapes.com\/wp-content\/uploads\/2026\/03\/aiviouvapes-warehouse.jpg?resize=300%2C225&amp;ssl=1 300w, https:\/\/i0.wp.com\/aiviouvapes.com\/wp-content\/uploads\/2026\/03\/aiviouvapes-warehouse.jpg?resize=1024%2C768&amp;ssl=1 1024w, https:\/\/i0.wp.com\/aiviouvapes.com\/wp-content\/uploads\/2026\/03\/aiviouvapes-warehouse.jpg?resize=768%2C576&amp;ssl=1 768w, https:\/\/i0.wp.com\/aiviouvapes.com\/wp-content\/uploads\/2026\/03\/aiviouvapes-warehouse.jpg?resize=1536%2C1152&amp;ssl=1 1536w, https:\/\/i0.wp.com\/aiviouvapes.com\/wp-content\/uploads\/2026\/03\/aiviouvapes-warehouse.jpg?resize=16%2C12&amp;ssl=1 16w, https:\/\/i0.wp.com\/aiviouvapes.com\/wp-content\/uploads\/2026\/03\/aiviouvapes-warehouse.jpg?resize=800%2C600&amp;ssl=1 800w\" sizes=\"auto, (max-width: 1020px) 100vw, 1020px\" title=\"\">\t\t\t\t\t\t\n\t\t\t\t\t<\/div>\n\t\t\t\t\t\t\t\t\n<style>\n#image_1216331034 {\n  width: 100%;\n}\n<\/style>\n\t<\/div>\n\t\n<a href=\"https:\/\/aiviouvapes.com\/es\/shop\/\" class=\"button primary is-outline is-larger\">\n\t\t<span>\u00a1Visite la tienda!<\/span>\n\t<\/a>\n\n\t\t<\/div>\n\t\t\t\t\t<\/div>\n\n\t\n<\/div>","protected":false},"excerpt":{"rendered":"","protected":false},"author":1,"featured_media":0,"parent":0,"menu_order":0,"comment_status":"closed","ping_status":"closed","template":"","meta":{"footnotes":""},"class_list":["post-70","page","type-page","status-publish","hentry"],"jetpack_sharing_enabled":true,"_links":{"self":[{"href":"https:\/\/aiviouvapes.com\/es\/wp-json\/wp\/v2\/pages\/70","targetHints":{"allow":["GET"]}}],"collection":[{"href":"https:\/\/aiviouvapes.com\/es\/wp-json\/wp\/v2\/pages"}],"about":[{"href":"https:\/\/aiviouvapes.com\/es\/wp-json\/wp\/v2\/types\/page"}],"author":[{"embeddable":true,"href":"https:\/\/aiviouvapes.com\/es\/wp-json\/wp\/v2\/users\/1"}],"replies":[{"embeddable":true,"href":"https:\/\/aiviouvapes.com\/es\/wp-json\/wp\/v2\/comments?post=70"}],"version-history":[{"count":8,"href":"https:\/\/aiviouvapes.com\/es\/wp-json\/wp\/v2\/pages\/70\/revisions"}],"predecessor-version":[{"id":114619,"href":"https:\/\/aiviouvapes.com\/es\/wp-json\/wp\/v2\/pages\/70\/revisions\/114619"}],"wp:attachment":[{"href":"https:\/\/aiviouvapes.com\/es\/wp-json\/wp\/v2\/media?parent=70"}],"curies":[{"name":"wp","href":"https:\/\/api.w.org\/{rel}","templated":true}]}}