{"id":5173,"date":"2024-08-21T10:42:43","date_gmt":"2024-08-21T10:42:43","guid":{"rendered":"https:\/\/aiviouvapes.com\/?page_id=5173"},"modified":"2026-02-02T10:25:50","modified_gmt":"2026-02-02T02:25:50","slug":"coupons-offer","status":"publish","type":"page","link":"https:\/\/aiviouvapes.com\/es\/coupons-offer\/","title":{"rendered":"Cupones y ofertas"},"content":{"rendered":"<div class=\"row\"  id=\"row-539389820\">\n\n\t<div id=\"col-1686668225\" class=\"col medium-6 small-12 large-6\"  >\n\t\t\t\t<div class=\"col-inner text-center\"  >\n\t\t\t\n\t\t\t\n\t<div id=\"text-3867916293\" class=\"text\">\n\t\t\n<h2>2026 \u00a1C\u00f3digo de cup\u00f3n exclusivo disponible!<\/h2>\n<p>Acceda a su cuenta y dir\u00edjase a la p\u00e1gina C\u00f3digo de cup\u00f3n para desbloquear su descuento personalizado y empezar a ahorrar hoy mismo.<\/p>\n\t\t\n<style>\n#text-3867916293 {\n  text-align: center;\n}\n<\/style>\n\t<\/div>\n\t\n<a href=\"https:\/\/aiviouvapes.com\/es\/my-account\/smart-coupons\/\" class=\"button primary box-shadow-3 box-shadow-1-hover\" >\n\t\t<span>Ver cupones<\/span>\n\t<\/a>\n\n\t\t<\/div>\n\t\t\t\t\t<\/div>\n\n\t\n\n\t<div id=\"col-1643815140\" class=\"col medium-6 small-12 large-6\"  >\n\t\t\t\t<div class=\"col-inner text-center\"  >\n\t\t\t\n\t\t\t\n<div id=\"text-3360396666\" class=\"text\">\n<h2 style=\"text-align: left;\">Vape desechables cupones y ofertas por AIVIOU VAPES<\/h2>\n<\/div>\n<p style=\"text-align: left;\">Bienvenido a aiviouvapes.com, su \u00faltimo destino en l\u00ednea para productos de vape desechables de alta calidad. Descubra nuestra amplia colecci\u00f3n de marcas de renombre, incluyendo Doloda, Elf Box, Bang King, Al Fakher Vape, Vapeme, Waspe, RandM Tornado, Bang Box, y m\u00e1s. Aseg\u00farese de visitar nuestro sitio web con frecuencia para ofertas exclusivas y ofertas especiales, asegurando que nuestros productos vape excepcionales siguen siendo accesibles a todos.<\/p>\n<p style=\"text-align: left;\">Somos distribuidores mayoristas profesionales de vapes desechables. Nuestros m\u00e1rgenes de beneficio son m\u00ednimos, y extendemos nuestros esfuerzos m\u00e1s sinceros ofreciendo cupones de descuento, con el objetivo de una asociaci\u00f3n a largo plazo y estable con nuestros clientes.<\/p>\n<a href=\"https:\/\/aiviouvapes.com\/es\/shop\/\" class=\"button primary box-shadow-3 box-shadow-1-hover\" >\n\t\t<span>Pedir ahora<\/span>\n\t<\/a>\n\n\t\t<\/div>\n\t\t\t\t\t<\/div>\n\n\t\n<\/div>\n\t<div id=\"gap-24458954\" class=\"gap-element clearfix\" style=\"display:block; height:auto;\">\n\t\t\n<style>\n#gap-24458954 {\n  padding-top: 30px;\n}\n<\/style>\n\t<\/div>\n\t\n<div class=\"container section-title-container\" ><h3 class=\"section-title section-title-normal\"><b aria-hidden=\"true\"><\/b><span class=\"section-title-main\" >Biblioteca de cupones de afiliaci\u00f3n (uso p\u00fablico)<\/span><b aria-hidden=\"true\"><\/b><\/h3><\/div>\n<table style=\"width:100%; border-collapse:collapse; font-family:Arial, sans-serif; text-align:left; border:1px solid #ddd;\">\n<thead style=\"background:#f7f7f7;\">\n<tr>\n<th style=\"padding:10px; border:1px solid #ddd;\">\ud83c\udf9f\ufe0f C\u00f3digo de cup\u00f3n<\/th>\n<th style=\"padding:10px; border:1px solid #ddd;\">\ud83d\udcb0 Descuento<\/th>\n<th style=\"padding:10px; border:1px solid #ddd;\">\ud83d\uded2 Pedido m\u00ednimo<\/th>\n<th style=\"padding:10px; border:1px solid #ddd;\">\ud83d\udcc5 V\u00e1lido hasta<\/th>\n<th style=\"padding:10px; border:1px solid #ddd;\">\ud83e\udded Descripci\u00f3n<\/th>\n<th style=\"padding:10px; border:1px solid #ddd;\">\ud83d\udce2 L\u00ednea publicitaria sugerida<\/th>\n<\/tr>\n<\/thead>\n<tbody>\n<tr>\n<td style=\"padding:10px; border:1px solid #ddd;\"><b>BULKSAVE300<\/b><\/td>\n<td style=\"padding:10px; border:1px solid #ddd;\">2% OFF<\/td>\n<td style=\"padding:10px; border:1px solid #ddd;\">\u20ac300+<\/td>\n<td style=\"padding:10px; border:1px solid #ddd;\">31 de diciembre de 2026<\/td>\n<td style=\"padding:10px; border:1px solid #ddd;\">Ahorre a lo grande con un pedido superior a 300 euros<\/td>\n<td style=\"padding:10px; border:1px solid #ddd;\">\ud83d\udcb8 \u00a1Gasta con inteligencia, ahorra m\u00e1s! Visite <b>2% OFF<\/b> pedidos superiores a 300 euros.<\/td>\n<\/tr>\n<tr>\n<td style=\"padding:10px; border:1px solid #ddd;\"><b>GUARDAR<\/b><\/td>\n<td style=\"padding:10px; border:1px solid #ddd;\">3% OFF<\/td>\n<td style=\"padding:10px; border:1px solid #ddd;\">\u20ac500+<\/td>\n<td style=\"padding:10px; border:1px solid #ddd;\">31 de diciembre de 2026<\/td>\n<td style=\"padding:10px; border:1px solid #ddd;\">Disfrute de un mayor ahorro en pedidos superiores a 500<\/td>\n<td style=\"padding:10px; border:1px solid #ddd;\">\ud83d\ude9b \u00a1Grandes pedidos = Grandes recompensas! <b>3% OFF<\/b> superior a 500 euros.<\/td>\n<\/tr>\n<tr>\n<td style=\"padding:10px; border:1px solid #ddd;\"><b>BULKSAVE1500<\/b><\/td>\n<td style=\"padding:10px; border:1px solid #ddd;\">3.01% OFF<\/td>\n<td style=\"padding:10px; border:1px solid #ddd;\">\u20ac1500+<\/td>\n<td style=\"padding:10px; border:1px solid #ddd;\">31 de diciembre de 2026<\/td>\n<td style=\"padding:10px; border:1px solid #ddd;\">Descuento especial para compradores de gran volumen.<\/td>\n<td style=\"padding:10px; border:1px solid #ddd;\">\ud83c\udff7\ufe0f \u00a1Mega Ahorro! Gasta m\u00e1s de 1500 euros y consigue <b>3.01% OFF<\/b>.<\/td>\n<\/tr>\n<tr>\n<td style=\"padding:10px; border:1px solid #ddd;\"><b>NOV2026<\/b><\/td>\n<td style=\"padding:10px; border:1px solid #ddd;\">5\u20ac OFF<\/td>\n<td style=\"padding:10px; border:1px solid #ddd;\">\u20ac90+<\/td>\n<td style=\"padding:10px; border:1px solid #ddd;\">30 de noviembre de 2026<\/td>\n<td style=\"padding:10px; border:1px solid #ddd;\">\ud83c\udf41 Especial noviembre - \u00a15 \u20ac de descuento en tu cesta!<\/td>\n<td style=\"padding:10px; border:1px solid #ddd;\">\ud83c\udf42 Ahorra 5 euros al instante con <b>NOV2026<\/b> todo el mes de noviembre<\/td>\n<\/tr>\n<tr>\n<td style=\"padding:10px; border:1px solid #ddd;\"><b>BlackFriday<\/b><\/td>\n<td style=\"padding:10px; border:1px solid #ddd;\">10 \u20ac DE DESCUENTO<\/td>\n<td style=\"padding:10px; border:1px solid #ddd;\">\u20ac90+<\/td>\n<td style=\"padding:10px; border:1px solid #ddd;\">27 de noviembre de 2026<\/td>\n<td style=\"padding:10px; border:1px solid #ddd;\">Ahorro especial de Black Friday en los pedidos que cumplan los requisitos.<\/td>\n<td style=\"padding:10px; border:1px solid #ddd;\">\ud83d\udda4 Black Friday Steal: Consigue <b>10 \u20ac DE DESCUENTO<\/b> al gastar m\u00e1s de 90<\/td>\n<\/tr>\n<tr>\n<td style=\"padding:10px; border:1px solid #ddd;\"><b>CyberMonday<\/b><\/td>\n<td style=\"padding:10px; border:1px solid #ddd;\">10 \u20ac DE DESCUENTO<\/td>\n<td style=\"padding:10px; border:1px solid #ddd;\">\u20ac90+<\/td>\n<td style=\"padding:10px; border:1px solid #ddd;\">30 de noviembre de 2026<\/td>\n<td style=\"padding:10px; border:1px solid #ddd;\">Ampliaci\u00f3n del Cyber Monday: \u00a1m\u00e1s tiempo para ahorrar!<\/td>\n<td style=\"padding:10px; border:1px solid #ddd;\">\ud83d\udcbb Click, Cart, Save: <b>10 \u20ac DE DESCUENTO<\/b> pedidos superiores a 90<\/td>\n<\/tr>\n<tr>\n<td style=\"padding:10px; border:1px solid #ddd;\"><b>ChristmasDay<\/b><\/td>\n<td style=\"padding:10px; border:1px solid #ddd;\">10 \u20ac DE DESCUENTO<\/td>\n<td style=\"padding:10px; border:1px solid #ddd;\">\u20ac90+<\/td>\n<td style=\"padding:10px; border:1px solid #ddd;\">26 de diciembre de 2026<\/td>\n<td style=\"padding:10px; border:1px solid #ddd;\">Ahorro festivo para los compradores navide\u00f1os.<\/td>\n<td style=\"padding:10px; border:1px solid #ddd;\">\ud83c\udf84 Desenvolver <b>10 \u20ac DE DESCUENTO<\/b> \u00a1a partir de 90 euros estas Navidades!<\/td>\n<\/tr>\n<tr>\n<td style=\"padding:10px; border:1px solid #ddd;\"><b>BoxingDay<\/b><\/td>\n<td style=\"padding:10px; border:1px solid #ddd;\">10 \u20ac DE DESCUENTO<\/td>\n<td style=\"padding:10px; border:1px solid #ddd;\">\u20ac90+<\/td>\n<td style=\"padding:10px; border:1px solid #ddd;\">27 de diciembre de 2026<\/td>\n<td style=\"padding:10px; border:1px solid #ddd;\">Oferta de Boxing Day en cestas que cumplan los requisitos.<\/td>\n<td style=\"padding:10px; border:1px solid #ddd;\">\ud83c\udf81 Day-After Deal: <b>10 \u20ac DE DESCUENTO<\/b> al gastar m\u00e1s de 90 euros.<\/td>\n<\/tr>\n<tr>\n<td style=\"padding:10px; border:1px solid #ddd;\"><b>NewYearDay<\/b><\/td>\n<td style=\"padding:10px; border:1px solid #ddd;\">10 \u20ac DE DESCUENTO<\/td>\n<td style=\"padding:10px; border:1px solid #ddd;\">\u20ac90+<\/td>\n<td style=\"padding:10px; border:1px solid #ddd;\">2 de enero de 2027<\/td>\n<td style=\"padding:10px; border:1px solid #ddd;\">Reciba el a\u00f1o nuevo con un ahorro inmediato.<\/td>\n<td style=\"padding:10px; border:1px solid #ddd;\">\ud83c\udf86 A\u00f1o nuevo, ahorro nuevo: <b>10 \u20ac DE DESCUENTO<\/b> \u20ac90+!<\/td>\n<\/tr>\n<p><!-- 2026 Monthly Coupons --><\/p>\n<tr>\n<td style=\"padding:10px; border:1px solid #ddd;\"><b>FEB2026<\/b><\/td>\n<td style=\"padding:10px; border:1px solid #ddd;\">5\u20ac OFF<\/td>\n<td style=\"padding:10px; border:1px solid #ddd;\">\u20ac90+<\/td>\n<td style=\"padding:10px; border:1px solid #ddd;\">28 de febrero de 2026<\/td>\n<td style=\"padding:10px; border:1px solid #ddd;\">Oferta de febrero: ahorro f\u00e1cil.<\/td>\n<td style=\"padding:10px; border:1px solid #ddd;\">\u2764\ufe0f \u00a1Me encanta el precio! <b>5\u20ac OFF<\/b> con FEB2026.<\/td>\n<\/tr>\n<tr>\n<td style=\"padding:10px; border:1px solid #ddd;\"><b>MAR2026<\/b><\/td>\n<td style=\"padding:10px; border:1px solid #ddd;\">5\u20ac OFF<\/td>\n<td style=\"padding:10px; border:1px solid #ddd;\">\u20ac90+<\/td>\n<td style=\"padding:10px; border:1px solid #ddd;\">31 de marzo de 2026<\/td>\n<td style=\"padding:10px; border:1px solid #ddd;\">Ahorrar en marzo es muy sencillo.<\/td>\n<td style=\"padding:10px; border:1px solid #ddd;\">\ud83c\udf31 Arranque de primavera: <b>5\u20ac OFF<\/b> con MAR2026.<\/td>\n<\/tr>\n<tr>\n<td style=\"padding:10px; border:1px solid #ddd;\"><b>APR2026<\/b><\/td>\n<td style=\"padding:10px; border:1px solid #ddd;\">5\u20ac OFF<\/td>\n<td style=\"padding:10px; border:1px solid #ddd;\">\u20ac90+<\/td>\n<td style=\"padding:10px; border:1px solid #ddd;\">30 de abril de 2026<\/td>\n<td style=\"padding:10px; border:1px solid #ddd;\">Bonificaci\u00f3n del carro de abril.<\/td>\n<td style=\"padding:10px; border:1px solid #ddd;\">\ud83c\udf38 Ofertas frescas: <b>5\u20ac OFF<\/b> APR2026.<\/td>\n<\/tr>\n<tr>\n<td style=\"padding:10px; border:1px solid #ddd;\"><b>MAY2026<\/b><\/td>\n<td style=\"padding:10px; border:1px solid #ddd;\">5\u20ac OFF<\/td>\n<td style=\"padding:10px; border:1px solid #ddd;\">\u20ac90+<\/td>\n<td style=\"padding:10px; border:1px solid #ddd;\">31 de mayo de 2026<\/td>\n<td style=\"padding:10px; border:1px solid #ddd;\">Ahorro especial de mayo.<\/td>\n<td style=\"padding:10px; border:1px solid #ddd;\">\ud83c\udf3c Ahorro brillante con <b>MAY2026<\/b>.<\/td>\n<\/tr>\n<tr>\n<td style=\"padding:10px; border:1px solid #ddd;\"><b>JUN2026<\/b><\/td>\n<td style=\"padding:10px; border:1px solid #ddd;\">5\u20ac OFF<\/td>\n<td style=\"padding:10px; border:1px solid #ddd;\">\u20ac90+<\/td>\n<td style=\"padding:10px; border:1px solid #ddd;\">30 de junio de 2026<\/td>\n<td style=\"padding:10px; border:1px solid #ddd;\">Prima de caja de junio.<\/td>\n<td style=\"padding:10px; border:1px solid #ddd;\">\u2600\ufe0f Ahorro de verano: <b>5\u20ac OFF<\/b> JUN2026.<\/td>\n<\/tr>\n<tr>\n<td style=\"padding:10px; border:1px solid #ddd;\"><b>JUL2026<\/b><\/td>\n<td style=\"padding:10px; border:1px solid #ddd;\">5\u20ac OFF<\/td>\n<td style=\"padding:10px; border:1px solid #ddd;\">\u20ac90+<\/td>\n<td style=\"padding:10px; border:1px solid #ddd;\">31 de julio de 2026<\/td>\n<td style=\"padding:10px; border:1px solid #ddd;\">La mejor oferta de julio.<\/td>\n<td style=\"padding:10px; border:1px solid #ddd;\">\ud83d\udd25 Calienta el ahorro con JUL2026.<\/td>\n<\/tr>\n<tr>\n<td style=\"padding:10px; border:1px solid #ddd;\"><b>AUG2026<\/b><\/td>\n<td style=\"padding:10px; border:1px solid #ddd;\">5\u20ac OFF<\/td>\n<td style=\"padding:10px; border:1px solid #ddd;\">\u20ac90+<\/td>\n<td style=\"padding:10px; border:1px solid #ddd;\">31 de agosto de 2026<\/td>\n<td style=\"padding:10px; border:1px solid #ddd;\">Descuento f\u00e1cil de agosto.<\/td>\n<td style=\"padding:10px; border:1px solid #ddd;\">\ud83c\udf1e Guardar con un clic: AUG2026.<\/td>\n<\/tr>\n<tr>\n<td style=\"padding:10px; border:1px solid #ddd;\"><b>SEP2026<\/b><\/td>\n<td style=\"padding:10px; border:1px solid #ddd;\">5\u20ac OFF<\/td>\n<td style=\"padding:10px; border:1px solid #ddd;\">\u20ac90+<\/td>\n<td style=\"padding:10px; border:1px solid #ddd;\">30 de septiembre de 2026<\/td>\n<td style=\"padding:10px; border:1px solid #ddd;\">Bonificaci\u00f3n de septiembre.<\/td>\n<td style=\"padding:10px; border:1px solid #ddd;\">\ud83c\udf41 Ahorro oto\u00f1al con SEP2026.<\/td>\n<\/tr>\n<tr>\n<td style=\"padding:10px; border:1px solid #ddd;\"><b>OCT2026<\/b><\/td>\n<td style=\"padding:10px; border:1px solid #ddd;\">5\u20ac OFF<\/td>\n<td style=\"padding:10px; border:1px solid #ddd;\">\u20ac90+<\/td>\n<td style=\"padding:10px; border:1px solid #ddd;\">31 de octubre de 2026<\/td>\n<td style=\"padding:10px; border:1px solid #ddd;\">Invitaci\u00f3n de octubre.<\/td>\n<td style=\"padding:10px; border:1px solid #ddd;\">\ud83c\udf83 Buena oferta espeluznante: OCT2026.<\/td>\n<\/tr>\n<tr>\n<td style=\"padding:10px; border:1px solid #ddd;\"><b>DEC2026<\/b><\/td>\n<td style=\"padding:10px; border:1px solid #ddd;\">5\u20ac OFF<\/td>\n<td style=\"padding:10px; border:1px solid #ddd;\">\u20ac90+<\/td>\n<td style=\"padding:10px; border:1px solid #ddd;\">31 de diciembre de 2026<\/td>\n<td style=\"padding:10px; border:1px solid #ddd;\">Prima de fin de a\u00f1o en diciembre.<\/td>\n<td style=\"padding:10px; border:1px solid #ddd;\">\ud83c\udf84 Termina fuerte: <b>5\u20ac OFF<\/b> DEC2026.<\/td>\n<\/tr>\n<\/tbody>\n<\/table>\n\t<div id=\"gap-29410452\" class=\"gap-element clearfix\" style=\"display:block; height:auto;\">\n\t\t\n<style>\n#gap-29410452 {\n  padding-top: 30px;\n}\n<\/style>\n\t<\/div>\n\t\n<div class=\"container section-title-container\" ><h3 class=\"section-title section-title-normal\"><b aria-hidden=\"true\"><\/b><span class=\"section-title-main\" >Gana con AIVIOU Vapes<\/span><b aria-hidden=\"true\"><\/b><\/h3><\/div>\n<p>\u00danete a una de las marcas de vapeo de m\u00e1s r\u00e1pido crecimiento y empieza a ganar <strong>15%<\/strong> \u00a1comisi\u00f3n por cada venta! AIVIOU Vapes ofrece una gama premium de vapes desechables, e-liquids y accesorios que los clientes adoran - haciendo que sea muy f\u00e1cil para los afiliados ganar comisiones. Con productos muy vendidos, altas tasas de conversi\u00f3n y nuevas promociones cada mes, asociarse con AIVIOU Vapes significa que tus ganancias pueden aumentar r\u00e1pidamente. \ud83d\udca8<\/p>\n<p><strong>\ud83d\udc49 \u00danete hoy y empieza a ganar con AIVIOU Vapes - \u00a1donde el sabor se encuentra con el beneficio!<\/strong><\/p>\n<a href=\"https:\/\/ui.awin.com\/express-signup\/us\/awin\/121568\/d01af3da-9031-45f4-bc25-92d66ffdc756?t=VVP9UbjOfvjddyNyvkNBB71Pni2G_dqZqpIZPRdRWII\" target=\"_blank\" class=\"button primary\" rel=\"noopener\">\n\t\t<span>Afiliarse a Aiviou Vapes<\/span>\n\t<\/a>","protected":false},"excerpt":{"rendered":"<p>\ud83c\udf9f\ufe0f Coupon Code \ud83d\udcb0 Discount \ud83d\uded2 Minimum Order \ud83d\udcc5 Valid Until \ud83e\udded Description \ud83d\udce2 Suggested Ad Line BULKSAVE300 2% OFF \u20ac300+ Dec 31, 2026 Save big when you order over \u20ac300! \ud83d\udcb8 Spend Smart, Save More! Get 2% OFF orders above \u20ac300. BULKSAVE 3% OFF \u20ac500+ Dec 31, 2026 Enjoy bigger savings for orders over [&#8230;]\n","protected":false},"author":1,"featured_media":0,"parent":0,"menu_order":0,"comment_status":"closed","ping_status":"closed","template":"page-blank-title-center.php","meta":{"footnotes":""},"class_list":["post-5173","page","type-page","status-publish","hentry"],"jetpack_sharing_enabled":true,"_links":{"self":[{"href":"https:\/\/aiviouvapes.com\/es\/wp-json\/wp\/v2\/pages\/5173","targetHints":{"allow":["GET"]}}],"collection":[{"href":"https:\/\/aiviouvapes.com\/es\/wp-json\/wp\/v2\/pages"}],"about":[{"href":"https:\/\/aiviouvapes.com\/es\/wp-json\/wp\/v2\/types\/page"}],"author":[{"embeddable":true,"href":"https:\/\/aiviouvapes.com\/es\/wp-json\/wp\/v2\/users\/1"}],"replies":[{"embeddable":true,"href":"https:\/\/aiviouvapes.com\/es\/wp-json\/wp\/v2\/comments?post=5173"}],"version-history":[{"count":8,"href":"https:\/\/aiviouvapes.com\/es\/wp-json\/wp\/v2\/pages\/5173\/revisions"}],"predecessor-version":[{"id":105685,"href":"https:\/\/aiviouvapes.com\/es\/wp-json\/wp\/v2\/pages\/5173\/revisions\/105685"}],"wp:attachment":[{"href":"https:\/\/aiviouvapes.com\/es\/wp-json\/wp\/v2\/media?parent=5173"}],"curies":[{"name":"wp","href":"https:\/\/api.w.org\/{rel}","templated":true}]}}