{"id":4558,"date":"2024-08-21T10:35:58","date_gmt":"2024-08-21T10:35:58","guid":{"rendered":"https:\/\/aiviouvapes.com\/?page_id=4558"},"modified":"2024-11-29T02:58:48","modified_gmt":"2024-11-28T18:58:48","slug":"payment-method","status":"publish","type":"page","link":"https:\/\/aiviouvapes.com\/es\/payment-method\/","title":{"rendered":"Forma de pago"},"content":{"rendered":"<div class=\"row\"  id=\"row-531410906\">\n\n\t<div id=\"col-1325742250\" class=\"col medium-6 small-12 large-6\"  >\n\t\t\t\t<div class=\"col-inner\"  >\n\t\t\t\n\t\t\t\n<p>Bienvenido a <strong>AiviouVape<\/strong> - su destino global de confianza para productos de vapeo desechables de primera calidad. Con env\u00edos a todo el mundo, estamos comprometidos a servir a clientes de todo el mundo.<\/p>\n<p><strong>En AiviouVape, damos prioridad a la comodidad y la seguridad para mejorar su viaje de compras. Ofrecemos una variedad de opciones de pago para satisfacer sus necesidades:<\/strong><\/p>\n<p>1. **PayPal**: Disfruta de pagos seguros y sencillos con PayPal en nuestra plataforma. <strong>(20% IVA)<\/strong><\/p>\n<p>2. **Tarjeta de cr\u00e9dito**: Aceptamos las principales tarjetas de cr\u00e9dito, lo que garantiza una experiencia de pago sencilla y fiable. <strong>(20% IVA)<\/strong><\/p>\n<p>3. **Transferencia bancaria**: Para aquellos que prefieren los m\u00e9todos tradicionales, admitimos transferencias bancarias como opci\u00f3n segura. <strong>(SIN IVA)<\/strong><\/p>\n<p>4. **Criptomoneda**: Adopta las finanzas modernas con nuestra opci\u00f3n de pago en criptomoneda. <strong>(SIN IVA)<\/strong><\/p>\n<p>5. **Wise Transfer**: Benef\u00edciate de pagos rentables y eficientes utilizando Wise Transfer. <strong>(SIN IVA)<\/strong><\/p>\n<p>Si tiene alguna pregunta o solicitud de pago espec\u00edfica, p\u00f3ngase en contacto con nuestro equipo de atenci\u00f3n al cliente. Estamos aqu\u00ed para asegurarnos de que su experiencia con <strong>AiviouVape<\/strong> es suave, seguro y satisfactorio.<\/p>\n<p><strong>Gracias por confiar en AiviouVape como su fuente de productos vape desechables de calidad.<\/strong><\/p>\n\t\t<\/div>\n\t\t\t\t\t<\/div>\n\n\t\n\n\t<div id=\"col-1464957610\" class=\"col medium-6 small-12 large-6\"  >\n\t\t\t\t<div class=\"col-inner\"  >\n\t\t\t\n\t\t\t\n\t<div class=\"img has-hover x md-x lg-x y md-y lg-y\" id=\"image_1518794567\">\n\t\t\t\t\t\t\t\t<div class=\"img-inner dark\" >\n\t\t\t<img loading=\"lazy\" decoding=\"async\" width=\"1020\" height=\"797\" src=\"https:\/\/i0.wp.com\/aiviouvapes.com\/wp-content\/uploads\/2024\/08\/%E5%AE%A3%E4%BC%A0%E5%9B%BE2-2.jpg?fit=1020%2C797&amp;ssl=1\" class=\"attachment-large size-large\" alt=\"Forma de pago\" title=\"\">\t\t\t\t\t\t\n\t\t\t\t\t<\/div>\n\t\t\t\t\t\t\t\t\n<style>\n#image_1518794567 {\n  width: 100%;\n}\n<\/style>\n\t<\/div>\n\t\n\t\t<\/div>\n\t\t\t\t\t<\/div>\n\n\t\n<\/div>\n<div class=\"row align-middle\"  id=\"row-1882944720\">\n\n\t<div id=\"col-164427094\" class=\"col small-12 large-12\"  >\n\t\t\t\t<div class=\"col-inner text-center\"  >\n\t\t\t\n\t\t\t\n<a href=\"https:\/\/aiviouvapes.com\/es\/shop\/\" class=\"button primary is-shade is-larger box-shadow-4 box-shadow-5-hover\" style=\"border-radius:10px;\">\n\t\t<span>Compra ahora<\/span>\n\t<\/a>\n\n\t\t<\/div>\n\t\t\t\t\n<style>\n#col-164427094 > .col-inner {\n  padding: 20px 0px 0px 0px;\n}\n<\/style>\n\t<\/div>\n\n\t\n<\/div>","protected":false},"excerpt":{"rendered":"","protected":false},"author":1,"featured_media":0,"parent":0,"menu_order":0,"comment_status":"closed","ping_status":"closed","template":"page-blank-title-center.php","meta":{"footnotes":""},"class_list":["post-4558","page","type-page","status-publish","hentry"],"jetpack_sharing_enabled":true,"_links":{"self":[{"href":"https:\/\/aiviouvapes.com\/es\/wp-json\/wp\/v2\/pages\/4558","targetHints":{"allow":["GET"]}}],"collection":[{"href":"https:\/\/aiviouvapes.com\/es\/wp-json\/wp\/v2\/pages"}],"about":[{"href":"https:\/\/aiviouvapes.com\/es\/wp-json\/wp\/v2\/types\/page"}],"author":[{"embeddable":true,"href":"https:\/\/aiviouvapes.com\/es\/wp-json\/wp\/v2\/users\/1"}],"replies":[{"embeddable":true,"href":"https:\/\/aiviouvapes.com\/es\/wp-json\/wp\/v2\/comments?post=4558"}],"version-history":[{"count":0,"href":"https:\/\/aiviouvapes.com\/es\/wp-json\/wp\/v2\/pages\/4558\/revisions"}],"wp:attachment":[{"href":"https:\/\/aiviouvapes.com\/es\/wp-json\/wp\/v2\/media?parent=4558"}],"curies":[{"name":"wp","href":"https:\/\/api.w.org\/{rel}","templated":true}]}}