{"id":3,"date":"2024-08-08T04:38:08","date_gmt":"2024-08-08T04:38:08","guid":{"rendered":"https:\/\/aiviouvapes.com\/?page_id=3"},"modified":"2024-11-19T21:37:05","modified_gmt":"2024-11-19T13:37:05","slug":"privacy-policy","status":"publish","type":"page","link":"https:\/\/aiviouvapes.com\/es\/privacy-policy\/","title":{"rendered":"Pol\u00edtica de privacidad"},"content":{"rendered":"<p>En AiviouVape, damos prioridad a la protecci\u00f3n y confidencialidad de su informaci\u00f3n personal. Esta pol\u00edtica de privacidad describe c\u00f3mo recopilamos, utilizamos y protegemos la informaci\u00f3n que nos proporciona al utilizar nuestro sitio web.<\/p>\n<p><strong>Recogida de informaci\u00f3n<\/strong><\/p>\n<p>Cuando visite nuestro sitio web, podremos recopilar los siguientes tipos de informaci\u00f3n: \u2013 Informaci\u00f3n personal, como su nombre, direcci\u00f3n de correo electr\u00f3nico y datos de contacto, que nos proporciona al realizar una compra o ponerse en contacto con nosotros. \u2013 Informaci\u00f3n sobre su comportamiento de navegaci\u00f3n y su dispositivo, recopilada a trav\u00e9s de cookies y tecnolog\u00edas similares. \u2013 Cualquier otra informaci\u00f3n que elija compartir con nosotros.<\/p>\n<p><strong>Uso de la informaci\u00f3n<\/strong><\/p>\n<p>Utilizamos la informaci\u00f3n que recopilamos para los siguientes fines: \u2013 Procesar y completar los pedidos que realiza en nuestro sitio web. \u2013 Comunicarnos con usted con respecto a sus pedidos, consultas y promociones. \u2013 Mejorar nuestro sitio web y nuestros servicios en funci\u00f3n de sus interacciones y comentarios. \u2013 Salvaguardar nuestro sitio web y prevenir actividades fraudulentas.<\/p>\n<p><strong>Intercambio de informaci\u00f3n<\/strong><\/p>\n<p>No vendemos ni revelamos su informaci\u00f3n personal a terceros sin su consentimiento, excepto cuando es necesario para satisfacer sus peticiones, como en el caso de los socios de env\u00edo o cuando lo exige la ley.<\/p>\n<p><strong>Seguridad de los datos<\/strong><\/p>\n<p>Empleamos diversas medidas de seguridad para proteger su informaci\u00f3n, como el cifrado, la tecnolog\u00eda de capa de conexi\u00f3n segura (SSL) y las evaluaciones rutinarias de seguridad.<\/p>\n<p><strong>Sus derechos<\/strong><\/p>\n<p>Tiene derecho a acceder a su informaci\u00f3n personal, actualizarla o eliminarla en cualquier momento. Tambi\u00e9n puede optar por no recibir nuestras comunicaciones comerciales.<\/p>\n<p><strong>Actualizaciones pol\u00edticas<\/strong><\/p>\n<p>Podemos revisar esta Pol\u00edtica de privacidad peri\u00f3dicamente para reflejar cambios en nuestras pr\u00e1cticas o requisitos legales. Recomendamos revisar esta pol\u00edtica peri\u00f3dicamente. Al utilizar nuestro sitio web, usted acepta los t\u00e9rminos descritos en esta Pol\u00edtica de privacidad. Si tiene alguna pregunta o inquietud sobre nuestras pr\u00e1cticas de privacidad, comun\u00edquese con nosotros a support@aiviouvape.com. Gracias por elegir AiviouVape para sus necesidades de cigarrillos electr\u00f3nicos desechables (Vape).<\/p>\n<div class=\"row align-middle\"  id=\"row-1593123314\"> \n\t<div id=\"col-1484570494\" class=\"col small-12 large-12\"  >\n\t\t\t\t<div class=\"col-inner text-center\"  >\n\t\t\t\n\t\t\t <a href=\"https:\/\/aiviouvapes.com\/es\/shop\/\" class=\"button primary is-shade is-larger box-shadow-4 box-shadow-5-hover\" style=\"border-radius:10px;\">\n\t\t<span>Compra ahora<\/span>\n\t<\/a>\n \t\t<\/div>\n\t\t\t\t\n<style>\n#col-1484570494 > .col-inner {\n  padding: 20px 0px 0px 0px;\n}\n<\/style>\n\t<\/div>\n\n\t <\/div>","protected":false},"excerpt":{"rendered":"<p>At\u00a0AiviouVape, we prioritize the protection and confidentiality of your personal information. This Privacy Policy describes how we collect, use, and safeguard the information you provide while using our website. Information Collection When you visit our website, we may collect the following types of information: \u2013 Personal information such as your name, email address, and contact [&#8230;]\n","protected":false},"author":1,"featured_media":0,"parent":0,"menu_order":0,"comment_status":"closed","ping_status":"closed","template":"page-blank-title-center.php","meta":{"footnotes":""},"class_list":["post-3","page","type-page","status-publish","hentry"],"jetpack_sharing_enabled":true,"_links":{"self":[{"href":"https:\/\/aiviouvapes.com\/es\/wp-json\/wp\/v2\/pages\/3","targetHints":{"allow":["GET"]}}],"collection":[{"href":"https:\/\/aiviouvapes.com\/es\/wp-json\/wp\/v2\/pages"}],"about":[{"href":"https:\/\/aiviouvapes.com\/es\/wp-json\/wp\/v2\/types\/page"}],"author":[{"embeddable":true,"href":"https:\/\/aiviouvapes.com\/es\/wp-json\/wp\/v2\/users\/1"}],"replies":[{"embeddable":true,"href":"https:\/\/aiviouvapes.com\/es\/wp-json\/wp\/v2\/comments?post=3"}],"version-history":[{"count":0,"href":"https:\/\/aiviouvapes.com\/es\/wp-json\/wp\/v2\/pages\/3\/revisions"}],"wp:attachment":[{"href":"https:\/\/aiviouvapes.com\/es\/wp-json\/wp\/v2\/media?parent=3"}],"curies":[{"name":"wp","href":"https:\/\/api.w.org\/{rel}","templated":true}]}}