{"id":10,"date":"2024-08-12T12:49:21","date_gmt":"2024-08-12T12:49:21","guid":{"rendered":"https:\/\/aiviouvapes.com\/?page_id=10"},"modified":"2024-12-26T09:53:11","modified_gmt":"2024-12-26T01:53:11","slug":"refund_returns","status":"publish","type":"page","link":"https:\/\/aiviouvapes.com\/es\/refund_returns\/","title":{"rendered":"Pol\u00edtica de devoluciones y reembolsos"},"content":{"rendered":"<h2 class=\"wp-block-heading\">Pol\u00edtica de reembolso de AiviouVape<\/h2>\r\n<p><strong>Pol\u00edtica de devoluciones en 7 d\u00edas<\/strong><\/p>\r\n<p>En AiviouVape nos complace ofrecer una pol\u00edtica de devoluci\u00f3n de 7 d\u00edas. Esto significa que desde el d\u00eda en que reciba su art\u00edculo, tiene siete d\u00edas para iniciar una solicitud de devoluci\u00f3n si no est\u00e1 satisfecho con su compra.<\/p>\r\n<p><strong>Volver Elegibilidad<\/strong><\/p>\r\n<p>Para poder realizar una devoluci\u00f3n, el art\u00edculo debe estar en las mismas condiciones en las que se recibi\u00f3: sin usar, con las etiquetas puestas y en su embalaje original. Por favor, aseg\u00farese de tener el recibo o comprobante de compra para facilitar el proceso de devoluci\u00f3n.<\/p>\r\n<p><strong>C\u00f3mo iniciar una devoluci\u00f3n<\/strong><\/p>\r\n<p>Si desea iniciar una devoluci\u00f3n, p\u00f3ngase en contacto con nosotros en support@aiviouvape.com. Una vez autorizada su devoluci\u00f3n, le facilitaremos una etiqueta de devoluci\u00f3n prepagada e instrucciones sobre c\u00f3mo enviar su paquete. No se aceptar\u00e1n devoluciones enviadas sin autorizaci\u00f3n previa, as\u00ed que p\u00f3ngase en contacto con nosotros primero.<\/p>\r\n<p><strong>Notificaci\u00f3n de da\u00f1os y perjuicios<\/strong><\/p>\r\n<p>Le animamos a que inspeccione su pedido en cuanto llegue. Si descubre que el art\u00edculo est\u00e1 da\u00f1ado, defectuoso o es incorrecto, p\u00f3ngase en contacto con nosotros inmediatamente para que podamos resolver el problema lo antes posible.<\/p>\r\n<p><strong>Art\u00edculos no aptos para devoluci\u00f3n<\/strong><\/p>\r\n<p>Algunos productos no pueden devolverse, como los perecederos, los hechos a medida, los de cuidado personal, los peligrosos y los l\u00edquidos o gases inflamables. Si no est\u00e1 seguro de la elegibilidad de un art\u00edculo concreto, p\u00f3ngase en contacto con nosotros para que se lo aclaremos.<\/p>\r\n<p><strong>Proceso de intercambio<\/strong><\/p>\r\n<p>Para los cambios, le recomendamos que devuelva primero el art\u00edculo original. Una vez aprobada la devoluci\u00f3n, puede realizar un pedido por separado del nuevo art\u00edculo para garantizar una tramitaci\u00f3n r\u00e1pida.<\/p>\r\n<p><strong>Periodo de reflexi\u00f3n de 14 d\u00edas para los clientes de la UE<\/strong><\/p>\r\n<p>Para los clientes de la Uni\u00f3n Europea, ofrecemos un periodo de reflexi\u00f3n de 14 d\u00edas. Esto significa que puede anular o devolver su pedido en un plazo de 14 d\u00edas a partir de la fecha de recepci\u00f3n, sin indicar el motivo. Los art\u00edculos deben estar en su estado original, sin usar, con las etiquetas puestas y en su embalaje original. Tambi\u00e9n se requerir\u00e1 un recibo o prueba de compra.<\/p>\r\n<p><strong>Proceso de devoluci\u00f3n<\/strong><\/p>\r\n<p>Tras recibir e inspeccionar su devoluci\u00f3n, le informaremos del estado de aprobaci\u00f3n del reembolso. Si se aprueba, procesaremos el reembolso a su m\u00e9todo de pago original en un plazo de 10 d\u00edas laborables. Tenga en cuenta que su banco o proveedor de tarjeta de cr\u00e9dito puede necesitar m\u00e1s tiempo para completar el reembolso. Si no ha recibido el reembolso en un plazo de 15 d\u00edas h\u00e1biles tras la aprobaci\u00f3n, p\u00f3ngase en contacto con nosotros en support@aiviouvape.com.<\/p>\r\n<p><strong>Gracias por elegir AiviouVape. Su satisfacci\u00f3n sigue siendo nuestra m\u00e1xima prioridad.<\/strong><\/p>\r\n\r\n<div class=\"row align-middle\"  id=\"row-1323434228\"> \n\t<div id=\"col-1966126560\" class=\"col small-12 large-12\"  >\n\t\t\t\t<div class=\"col-inner text-center\"  >\n\t\t\t\n\t\t\t <a href=\"https:\/\/aiviouvapes.com\/es\/shop\/\" class=\"button primary is-shade is-larger box-shadow-4 box-shadow-5-hover\" style=\"border-radius:10px;\">\n\t\t<span>Compra ahora<\/span>\n\t<\/a>\n \t\t<\/div>\n\t\t\t\t\n<style>\n#col-1966126560 > .col-inner {\n  padding: 20px 0px 0px 0px;\n}\n<\/style>\n\t<\/div>\n\n\t <\/div>","protected":false},"excerpt":{"rendered":"<p>AiviouVape Refund Policy 7-Day Return Policy We at AiviouVape are pleased to offer a 7-day return policy. This means that from the day you receive your item, you have seven days to initiate a return request if you are unsatisfied with your purchase. Return Eligibility To qualify for a return, your item must remain in [&#8230;]\n","protected":false},"author":1,"featured_media":0,"parent":0,"menu_order":0,"comment_status":"closed","ping_status":"closed","template":"page-blank-title-center.php","meta":{"footnotes":""},"class_list":["post-10","page","type-page","status-publish","hentry"],"jetpack_sharing_enabled":true,"_links":{"self":[{"href":"https:\/\/aiviouvapes.com\/es\/wp-json\/wp\/v2\/pages\/10","targetHints":{"allow":["GET"]}}],"collection":[{"href":"https:\/\/aiviouvapes.com\/es\/wp-json\/wp\/v2\/pages"}],"about":[{"href":"https:\/\/aiviouvapes.com\/es\/wp-json\/wp\/v2\/types\/page"}],"author":[{"embeddable":true,"href":"https:\/\/aiviouvapes.com\/es\/wp-json\/wp\/v2\/users\/1"}],"replies":[{"embeddable":true,"href":"https:\/\/aiviouvapes.com\/es\/wp-json\/wp\/v2\/comments?post=10"}],"version-history":[{"count":0,"href":"https:\/\/aiviouvapes.com\/es\/wp-json\/wp\/v2\/pages\/10\/revisions"}],"wp:attachment":[{"href":"https:\/\/aiviouvapes.com\/es\/wp-json\/wp\/v2\/media?parent=10"}],"curies":[{"name":"wp","href":"https:\/\/api.w.org\/{rel}","templated":true}]}}