{"id":91142,"date":"2025-12-08T22:21:08","date_gmt":"2025-12-08T14:21:08","guid":{"rendered":"https:\/\/aiviouvapes.com\/?post_type=product&#038;p=91142"},"modified":"2026-04-04T04:04:14","modified_gmt":"2026-04-03T20:04:14","slug":"bang-leader-120k","status":"publish","type":"product","link":"https:\/\/aiviouvapes.com\/de\/product\/bang-leader-120k\/","title":{"rendered":"Bang Leader 120K | 2-in-1 120000 Puffs, 60 ml, magnetisch, Dual-Geschmack, Einweg vape, Gro\u00dfhandel"},"content":{"rendered":"<h2>Warum sollten Sie sich f\u00fcr Bang Leader 120K entscheiden? \ud83e\udd29<\/h2>\n<ul>\n<li>\ud83d\udd04 <strong>2-in-1-Magnet-Schalter f\u00fcr zwei Geschmacksrichtungen<\/strong> \u2014 Durch Wischen k\u00f6nnen Sie sofort und ohne Verz\u00f6gerung zwischen den Geschmacksrichtungen wechseln.<\/li>\n<li>\ud83d\udca8 <strong>120.000 Z\u00fcge<\/strong> \u2014 Riesige Kapazit\u00e4t f\u00fcr den langfristigen t\u00e4glichen Gebrauch.<\/li>\n<li>\ud83d\udd25 <strong>Mesh-Spule der n\u00e4chsten Generation<\/strong> \u2014 Dichter Dampf, intensiverer Geschmack, sanftere Z\u00fcge.<\/li>\n<li>\ud83d\udd0b <strong>Hocheffiziente Batterie<\/strong> \u2014 Stabile Leistungsabgabe f\u00fcr gleichbleibenden Geschmack.<\/li>\n<li>\ud83e\uddca <strong>Auslaufsichere \u00d6lkammer<\/strong> \u2014 Sauber, sicher und reisefreundlich.<\/li>\n<li>\u26a1 <strong>Typ-C Wiederaufladbar<\/strong> \u2013 Schnelles Aufladen f\u00fcr minimale Ausfallzeiten.<\/li>\n<li>\ud83d\udc4c <strong>Benutzerfreundliches Design<\/strong> \u2014 Perfekter Griff, heller Bildschirm und einfache Bedienung.<\/li>\n<\/ul>\n<h2>Bang Leader 120K Technische Daten \ud83d\udcca<\/h2>\n<table>\n<tbody>\n<tr>\n<td>Anzahl der Puffs<\/td>\n<td>120.000 Z\u00fcge<\/td>\n<\/tr>\n<tr>\n<td>Batteriekapazit\u00e4t<\/td>\n<td>650 mAh (hohe Effizienz)<\/td>\n<\/tr>\n<tr>\n<td>Heizspirale<\/td>\n<td>Mesh-Spule, 1,0 \u03a9<\/td>\n<\/tr>\n<tr>\n<td>Geschmackssystem<\/td>\n<td>2-in-1-Magnet-Schiebeschalter<\/td>\n<\/tr>\n<tr>\n<td>Ladeanschluss<\/td>\n<td>Typ-C-Schnellladung<\/td>\n<\/tr>\n<tr>\n<td>Nikotinst\u00e4rke<\/td>\n<td>0% \/ 2% \/ 3% \/ 5%<\/td>\n<\/tr>\n<\/tbody>\n<\/table>\n<h2>Bang Leader 120K Geschmacksf\u00fchrer \ud83d\ude0b<\/h2>\n<p data-start=\"120\" data-end=\"246\"><strong data-start=\"120\" data-end=\"145\">1. Blue Razz &amp; Love66<\/strong><br data-start=\"145\" data-end=\"148\" \/>\ud83c\udf6c <strong data-start=\"151\" data-end=\"165\">Blue Razz:<\/strong> S\u00fc\u00df-s\u00e4uerliche Himbeers\u00fc\u00dfigkeit<br data-start=\"195\" data-end=\"198\" \/>\ud83c\udf34 <strong data-start=\"201\" data-end=\"212\">Liebe66:<\/strong> Tropisch, erfrischend, leicht eisig<\/p>\n<p data-start=\"248\" data-end=\"394\"><strong data-start=\"248\" data-end=\"299\">2. Erdbeere, Kirsche, Kiwi, Passionsfrucht, Guave<\/strong><br data-start=\"299\" data-end=\"302\" \/>\ud83c\udf53\ud83c\udf52 <strong data-start=\"307\" data-end=\"329\">Erdbeere-Kirsche:<\/strong> Saftige Mischung aus roten Fr\u00fcchten<br data-start=\"349\" data-end=\"352\" \/>\ud83e\udd5d\ud83e\udd6d <strong data-start=\"357\" data-end=\"365\">KPG:<\/strong> W\u00fcrziges, tropisches, cremiges Trio<\/p>\n<p data-start=\"396\" data-end=\"542\"><strong data-start=\"396\" data-end=\"438\">3. Wassermelonen-Kaugummi &amp; gemischte Fr\u00fcchte<\/strong><br data-start=\"438\" data-end=\"441\" \/>\ud83c\udf49\ud83c\udf6c <strong data-start=\"446\" data-end=\"472\">Wassermelone Kaugummi:<\/strong> S\u00fc\u00dfgummi + Melone<br data-start=\"490\" data-end=\"493\" \/>\ud83c\udf47\ud83c\udf51 <strong data-start=\"498\" data-end=\"514\">Gemischtes Obst:<\/strong> Bunte, saftige Fruchtmischung<\/p>\n<p data-start=\"544\" data-end=\"697\"><strong data-start=\"544\" data-end=\"584\">4. Erdbeer-Banane &amp; Kirsch-Piesta<\/strong><br data-start=\"584\" data-end=\"587\" \/>\ud83c\udf53\ud83c\udf4c <strong data-start=\"592\" data-end=\"614\">Strawberry Banana:<\/strong> Geschmeidige, cremige Dessert-Atmosph\u00e4re<br data-start=\"642\" data-end=\"645\" \/>\ud83c\udf52\u2728 <strong data-start=\"649\" data-end=\"667\">Kirschfest:<\/strong> S\u00fc\u00dfe Kirsche mit spritzigem Twist<\/p>\n<p data-start=\"699\" data-end=\"830\"><strong data-start=\"699\" data-end=\"734\">5. Wassermelonen-Eis &amp; Pfirsich-Mango<\/strong><br data-start=\"734\" data-end=\"737\" \/>\u2744\ufe0f\ud83c\udf49 <strong data-start=\"742\" data-end=\"761\">Watermelon Ice:<\/strong> Knackige, k\u00fchle Melone<br data-start=\"779\" data-end=\"782\" \/>\ud83c\udf51\ud83e\udd6d <strong data-start=\"787\" data-end=\"803\">Pfirsich-Mango:<\/strong> Tropisch, weich, aromatisch<\/p>\n<p data-start=\"832\" data-end=\"978\"><strong data-start=\"832\" data-end=\"870\">6. Blaubeereis &amp; Himbeer-Zitrone<\/strong><br data-start=\"870\" data-end=\"873\" \/>\ud83e\uded0\u2744\ufe0f <strong data-start=\"878\" data-end=\"896\">Blaubeereis:<\/strong> S\u00fc\u00dfe Beeren mit eisigem Abgang<br data-start=\"926\" data-end=\"929\" \/>\ud83c\udf4b\ud83c\udf53 <strong data-start=\"934\" data-end=\"954\">Himbeer-Zitrone:<\/strong> Spritzig, herb, fruchtig<\/p>\n<p data-start=\"980\" data-end=\"1111\"><strong data-start=\"980\" data-end=\"1013\">7. Rote Energie-Eiscreme &amp; Trauben-Eiscreme<\/strong><br data-start=\"1013\" data-end=\"1016\" \/>\u26a1\u2744\ufe0f <strong data-start=\"1020\" data-end=\"1035\">Rote Energie:<\/strong> S\u00fc\u00dfe, sprudelnde Energie<br data-start=\"1061\" data-end=\"1064\" \/>\ud83c\udf47\u2744\ufe0f <strong data-start=\"1069\" data-end=\"1083\">Grape Ice:<\/strong> Kr\u00e4ftige Traube mit k\u00fchlem Ausatmen<\/p>\n<p data-start=\"1113\" data-end=\"1254\"><strong data-start=\"1113\" data-end=\"1155\">8. Erdbeer-Wassermelone &amp; Orangensoda<\/strong><br data-start=\"1155\" data-end=\"1158\" \/>\ud83c\udf53\ud83c\udf49 <strong data-start=\"1163\" data-end=\"1189\">Strawberry Watermelon:<\/strong> Weich, saftig, klassisch<br data-start=\"1209\" data-end=\"1212\" \/>\ud83c\udf4a\ud83e\udd64 <strong data-start=\"1217\" data-end=\"1233\">Orange Soda:<\/strong> Fizzy Zitrusfrische<\/p>\n<p data-start=\"1256\" data-end=\"1383\"><strong data-start=\"1256\" data-end=\"1290\">9. Cola-Eis &amp; Kirsche-Cranberry<\/strong><br data-start=\"1290\" data-end=\"1293\" \/>\ud83e\udd64\u2744\ufe0f <strong data-start=\"1298\" data-end=\"1311\">Cola Ice:<\/strong> K\u00fchle, erfrischende Cola<br data-start=\"1333\" data-end=\"1336\" \/>\ud83c\udf52\ud83e\uded0 <strong data-start=\"1341\" data-end=\"1362\">Kirsche-Cranberry:<\/strong> S\u00fc\u00df-s\u00e4uerliche Beerenmischung<\/p>\n<p data-start=\"1385\" data-end=\"1524\"><strong data-start=\"1385\" data-end=\"1422\">10. Heidelbeer-Eis &amp; Schwarze Johannisbeere<\/strong><br data-start=\"1422\" data-end=\"1425\" \/>\ud83e\uded0\u2744\ufe0f <strong data-start=\"1430\" data-end=\"1448\">Blaubeereis:<\/strong> S\u00fc\u00dfe gek\u00fchlte Blaubeere<br data-start=\"1472\" data-end=\"1475\" \/>\ud83c\udf47\ud83c\udf11 <strong data-start=\"1480\" data-end=\"1498\">Schwarze Johannisbeere:<\/strong> Tief, reichhaltig, leicht s\u00e4uerlich<\/p>\n<p data-start=\"1526\" data-end=\"1693\"><strong data-start=\"1526\" data-end=\"1574\">11. Himbeer-Mojito-Pfirsich-Eis &amp; Lady Killer<\/strong><br data-start=\"1574\" data-end=\"1577\" \/>\ud83c\udf51\ud83c\udf43 <strong data-start=\"1582\" data-end=\"1613\">Himbeer-Mojito-Pfirsich-Eis:<\/strong> Minzig, fruchtig, gek\u00fchlt<br data-start=\"1636\" data-end=\"1639\" \/>\ud83d\udc9b\ud83c\udf38 <strong data-start=\"1644\" data-end=\"1660\">Lady Killer:<\/strong> Geschmeidige, hochwertige Mischung im Shisha-Stil<\/p>\n<p data-start=\"1695\" data-end=\"1844\"><strong data-start=\"1695\" data-end=\"1736\">12. Wassermelonen-Eis &amp; Erdbeer-Mamba<\/strong><br data-start=\"1736\" data-end=\"1739\" \/>\ud83c\udf49\u2744\ufe0f <strong data-start=\"1744\" data-end=\"1763\">Watermelon Ice:<\/strong> Frische, eisige Melone<br data-start=\"1780\" data-end=\"1783\" \/>\ud83c\udf53\ud83d\udc0d <strong data-start=\"1788\" data-end=\"1809\">Erdbeer-Mamba:<\/strong> S\u00fc\u00df, kr\u00e4ftig, bonbonartig nach Erdbeere<\/p>\n<h2>FAQ \u2753<\/h2>\n<h3>1. Wie funktioniert der Dual-Flavor-Schalter?<\/h3>\n<p>Das Ger\u00e4t verwendet einen magnetischen Schiebemechanismus. Einfach dr\u00fccken und ziehen, um sofort zwischen den Geschmacksrichtungen zu wechseln \u2013 ohne Kn\u00f6pfe, ohne Verz\u00f6gerung.<\/p>\n<h3>2. Wie lange reichen 120.000 Z\u00fcge?<\/h3>\n<p>Das ist von Nutzer zu Nutzer unterschiedlich, aber die meisten Vielnutzer kommen mit einem Ger\u00e4t mehrere Wochen lang aus.<\/p>\n<h3>3. Besch\u00e4digt das Wechseln der Aromen die Spule?<\/h3>\n<p>Nr. Bang Leader 120K verf\u00fcgt \u00fcber unabh\u00e4ngige \u00d6lkan\u00e4le f\u00fcr eine stabile Spulenleistung.<\/p>\n<h3>4. Ist es wiederaufladbar?<\/h3>\n<p>Ja, es verwendet einen Typ-C-Schnellladeanschluss f\u00fcr schnelles Aufladen.<\/p>\n<h3>5. Welche Nikotinst\u00e4rken sind erh\u00e4ltlich?<\/h3>\n<p>Sie k\u00f6nnen je nach Region und Pr\u00e4ferenz zwischen 0%, 2%, 3% oder 5% w\u00e4hlen.<\/p>\n<h3>6. Ist dies f\u00fcr Anf\u00e4nger geeignet?<\/h3>\n<p>Ja! Es ist zugaktiviert, einfach zu bedienen und wartungsfrei.<\/p>\n<h3>7. Wie \u00fcberpr\u00fcfe ich den Akku und das E-Liquid?<\/h3>\n<p>Der integrierte Bildschirm zeigt den Akkustand, den E-Liquid-F\u00fcllstand, die Anzahl der Z\u00fcge und den aktiven Geschmackskanal an.<\/p>\n<h3>8. Was soll ich tun, wenn es verbrannt schmeckt?<\/h3>\n<p>Lassen Sie das Ger\u00e4t einige Sekunden lang ruhen oder passen Sie den Luftstrom an. Wenn das Problem weiterhin besteht, wenden Sie sich an den Kundendienst.<\/p>\n<h2>Perfekt f\u00fcr\u2026 \ud83d\udcbc<\/h2>\n<p>Bang Leader 120K ist ideal f\u00fcr Vielnutzer, Geschmacksliebhaber, reisende Dampfer, Vape-Shop-Regale und den Gro\u00dfhandel. Mit seiner enormen Anzahl an Z\u00fcgen, zwei Geschmacksrichtungen und seiner hochwertigen Verarbeitung ist es ein Produkt erster Wahl f\u00fcr B2B-K\u00e4ufer, die auf der Suche nach stark nachgefragten Produkten sind.<\/p>\n<p>Egal, ob Sie Ihr Gesch\u00e4ft auff\u00fcllen oder nach einem langlebigen pers\u00f6nlichen Vape suchen, dieses 120K-Kraftpaket wird Sie beeindrucken. \ud83d\ude80<\/p>","protected":false},"excerpt":{"rendered":"<p>Bang Leader 120K 2-in-1-Einweg-Vape mit 120.000 Z\u00fcgen, reibungslosem Wechsel zwischen zwei Geschmacksrichtungen und reichhaltigen Wolken. Ideal f\u00fcr B2B-H\u00e4ndler, Vape-Shops und Gro\u00dfbestellungen.<\/p>","protected":false},"featured_media":91143,"comment_status":"open","ping_status":"closed","template":"","meta":[],"product_brand":[239],"product_cat":[336,37],"product_tag":[328,431,434,432,433],"class_list":{"0":"post-91142","1":"product","2":"type-product","3":"status-publish","4":"has-post-thumbnail","6":"product_brand-bang","7":"product_cat-100k-puffs-disposable-vape","8":"product_cat-bang","9":"product_tag-120000-puffs-vape","10":"product_tag-bang-leader-120k","11":"product_tag-bang-vape","12":"product_tag-dual-flavor-disposable","13":"product_tag-rechargeable-vape","15":"first","16":"instock","17":"shipping-taxable","18":"purchasable","19":"product-type-variable","20":"has-default-attributes"},"jetpack_sharing_enabled":true,"tiered_pricing_type":"fixed","tiered_pricing_fixed_rules":{"30":8.8100000000000004973799150320701301097869873046875,"50":7,"100":6.480000000000000426325641456060111522674560546875,"200":5.9900000000000002131628207280300557613372802734375,"400":5.769999999999999573674358543939888477325439453125},"tiered_pricing_product_settings":{"layout":"default","base_unit_name":{"singular":null,"plural":null},"default_variation":null},"tiered_pricing_minimum_quantity":10,"tiered_pricing_roles_data":[],"tiered_pricing_percentage_rules":[],"tiered_pricing_maximum_quantity":null,"tiered_pricing_quantity_step":"10","_links":{"self":[{"href":"https:\/\/aiviouvapes.com\/de\/wp-json\/wp\/v2\/product\/91142","targetHints":{"allow":["GET"]}}],"collection":[{"href":"https:\/\/aiviouvapes.com\/de\/wp-json\/wp\/v2\/product"}],"about":[{"href":"https:\/\/aiviouvapes.com\/de\/wp-json\/wp\/v2\/types\/product"}],"replies":[{"embeddable":true,"href":"https:\/\/aiviouvapes.com\/de\/wp-json\/wp\/v2\/comments?post=91142"}],"wp:featuredmedia":[{"embeddable":true,"href":"https:\/\/aiviouvapes.com\/de\/wp-json\/wp\/v2\/media\/91143"}],"wp:attachment":[{"href":"https:\/\/aiviouvapes.com\/de\/wp-json\/wp\/v2\/media?parent=91142"}],"wp:term":[{"taxonomy":"product_brand","embeddable":true,"href":"https:\/\/aiviouvapes.com\/de\/wp-json\/wp\/v2\/product_brand?post=91142"},{"taxonomy":"product_cat","embeddable":true,"href":"https:\/\/aiviouvapes.com\/de\/wp-json\/wp\/v2\/product_cat?post=91142"},{"taxonomy":"product_tag","embeddable":true,"href":"https:\/\/aiviouvapes.com\/de\/wp-json\/wp\/v2\/product_tag?post=91142"}],"curies":[{"name":"wp","href":"https:\/\/api.w.org\/{rel}","templated":true}]}}