{"id":91105,"date":"2025-12-08T23:17:17","date_gmt":"2025-12-08T15:17:17","guid":{"rendered":"https:\/\/aiviouvapes.com\/?post_type=product&#038;p=91105"},"modified":"2026-03-17T11:24:22","modified_gmt":"2026-03-17T03:24:22","slug":"bang-leader-85k","status":"publish","type":"product","link":"https:\/\/aiviouvapes.com\/de\/product\/bang-leader-85k\/","title":{"rendered":"Bang Leader 85K | 3-in-1 Dreifach-Geschmack, 85000 Z\u00fcge, 70ml, Bulk Einweg vape"},"content":{"rendered":"<p>Einf\u00fchrung der <strong>Bang Leader 85000 Z\u00fcge<\/strong>, ein bahnbrechendes Einweg-Vape f\u00fcr alle, die mehr wollen. Dies ist nicht nur ein Standard-Vape, sondern ein leistungsstarkes Ger\u00e4t mit hoher Kapazit\u00e4t, das auf Langlebigkeit und Zufriedenheit ausgelegt ist. Mit einer atemberaubenden <strong>70 ml E-Liquid-Beh\u00e4lter<\/strong> und ein robustes <strong>850mAh wiederaufladbare Batterie<\/strong>, Dieses Ger\u00e4t sorgt daf\u00fcr, dass Sie mehr Zeit mit dem Dampfen verbringen und sich weniger Gedanken dar\u00fcber machen m\u00fcssen, dass Ihnen der Vorrat ausgeht. \ud83d\udd0b\u2728<\/p>\n<p>Das herausragende Merkmal ist das innovative <strong>3-in-1-Geschmackssystem<\/strong>. Sind Sie gelangweilt vom immer gleichen Geschmack? \u00c4ndern Sie einfach die Einstellungen, um drei verschiedene Premium-Aromen in einem einzigen Ger\u00e4t zu genie\u00dfen! Entwickelt mit einem <strong>1,0\u03a9 Mesh Coil<\/strong>, Es liefert vom ersten bis zum letzten Zug einen gleichm\u00e4\u00dfigen, weichen und reichhaltigen Dampf. Perfekt f\u00fcr <strong>Besitzer von Vape-Shops<\/strong> Auf der Suche nach einem Verkaufsschlager oder preisbewusste Vielraucher. \ud83c\udfc6\ud83d\udce6<\/p>\n<h3>\ud83c\udf1f Warum sollten Sie sich f\u00fcr den Bang Leader 85000 entscheiden?<\/h3>\n<ul>\n<li><strong>\ud83d\udd04 3-in-1-Geschmackstechnologie:<\/strong> Genie\u00dfen Sie drei verschiedene Geschmacksrichtungen in einem kompakten Ger\u00e4t. Wechseln Sie ganz nach Lust und Laune!<\/li>\n<li><strong>\ud83d\udca7 Riesiges Fassungsverm\u00f6gen von 70 ml:<\/strong> Eine der gr\u00f6\u00dften Kapazit\u00e4ten auf dem Markt, die unglaubliche 85.000 Z\u00fcge unterst\u00fctzt.<\/li>\n<li><strong>\u26a1 Typ C wiederaufladbar:<\/strong> Schnelles Aufladen \u00fcber den Typ-C-Anschluss sorgt daf\u00fcr, dass Ihr 850-mAh-Akku immer einsatzbereit ist.<\/li>\n<li><strong>\u2601\ufe0f Fortschrittliche Mesh-Spule:<\/strong> Die 1,0-\u03a9-Widerstands-Mesh-Spule garantiert eine verbesserte Geschmacksreinheit und eine dichte Dampfentwicklung.<\/li>\n<li><strong>\ud83c\udf9a\ufe0f Flexible Nikotinoptionen:<\/strong> Erh\u00e4ltlich in den Ausf\u00fchrungen 0%, 2%, 3% und 5%, um den Vorlieben jedes Kunden gerecht zu werden.<\/li>\n<\/ul>\n<h3>\ud83d\udcca Bang Leader 85K Technische Daten<\/h3>\n<table>\n<thead>\n<tr>\n<th align=\"left\">Merkmal<\/th>\n<th align=\"left\">Einzelheiten<\/th>\n<\/tr>\n<\/thead>\n<tbody>\n<tr>\n<td><strong>Anzahl der Puffs<\/strong><\/td>\n<td>Bis zu 85.000 Z\u00fcge<\/td>\n<\/tr>\n<tr>\n<td><strong>E-Liquid Kapazit\u00e4t<\/strong><\/td>\n<td>70 ml<\/td>\n<\/tr>\n<tr>\n<td><strong>Geschmackssystem<\/strong><\/td>\n<td>3-in-1-Dreifach-Geschmacksumschalter<\/td>\n<\/tr>\n<tr>\n<td><strong>Batterie<\/strong><\/td>\n<td>850 mAh (wiederaufladbar)<\/td>\n<\/tr>\n<tr>\n<td><strong>Aufladen<\/strong><\/td>\n<td>Typ-C-Anschluss<\/td>\n<\/tr>\n<tr>\n<td><strong>Coil<\/strong><\/td>\n<td>1,0\u03a9 Mesh Coil<\/td>\n<\/tr>\n<tr>\n<td><strong>Nikotinst\u00e4rke<\/strong><\/td>\n<td>0% (0 mg), 2% (20 mg), 3% (30 mg), 5% (50 mg)<\/td>\n<\/tr>\n<\/tbody>\n<\/table>\n<h3>\ud83c\udf6d Bang Leader 85K Geschmackskombinationen (3 Geschmacksrichtungen pro Ger\u00e4t)<\/h3>\n<p>Jedes Bang Leader-Ger\u00e4t ist mit drei k\u00f6stlichen Geschmacksrichtungen ausgestattet. W\u00e4hlen Sie Ihre Lieblingsmischung:<\/p>\n<ul>\n<li>\ud83c\udf4c <strong>Mischung 1:<\/strong> Bananeneis \/ Erdbeer-Wassermelone \/ B\u00e4ren-Gummib\u00e4rchen<\/li>\n<li>\ud83d\udc09 <strong>Mischung 2:<\/strong> Schwarzer Drache Eis \/ Marshmallow \/ Sommertraum<\/li>\n<li>\ud83e\uded0 <strong>Mischung 3:<\/strong> Blaubeereis \/ Blaue Himbeere \/ Duftende Birne<\/li>\n<li>\ud83c\udf4d <strong>Mischung 4:<\/strong> Kirsche-Cranberry \/ Pfirsich-Mango \/ Ananas<\/li>\n<li>\ud83e\udd64 <strong>Mischung 5:<\/strong> Cola Ice \/ Apfel-Pfirsich \/ Rosa Limonade<\/li>\n<li>\ud83e\udd5d <strong>Mix 6:<\/strong> Trauben-Eis \/ Erdbeer-Kiwi \/ Passionsfrucht-Guave<\/li>\n<li>\ud83d\udc9c <strong>Mix 7:<\/strong> Liebe 666 \/ Blaubeere Himbeere \/ Vimto<\/li>\n<li>\ud83c\udf79 <strong>Mix 8:<\/strong> Gemischte Fr\u00fcchte \/ Mojito Pfirsich \/ Heidelbeere Himbeere<\/li>\n<li>\ud83c\udf53 <strong>Mix 9:<\/strong> Ananas-Eis \/ Erdbeer-Red Bull \/ Beerenmischung<\/li>\n<li>\ud83c\udf4e <strong>Mix 10:<\/strong> Roter Apfel-Eis \/ Himbeer-Wassermelone \/ Aloe-Traube<\/li>\n<li>\ud83c\udf66 <strong>Mix 11:<\/strong> Red Bull \/ Blaubeere-Wassermelone \/ Erdbeer-Eiscreme<\/li>\n<li>\ud83c\udf4a <strong>Mix 12:<\/strong> Erdbeer-Eis \/ Zitrone-Orange \/ Wassermelone-Kaugummi<\/li>\n<li>\ud83c\udf4c <strong>Mix 13:<\/strong> Erdbeere Himbeere \/ Schwarze Johannisbeere \/ Erdbeere Banane<\/li>\n<li>\ud83c\udf52 <strong>Mix 14:<\/strong> Erdbeer-Wassermelone \/ Kirsch-Cola \/ Erdbeer-Sahne<\/li>\n<li>\ud83e\udd6d <strong>Mix 15:<\/strong> Wassermelonen-Eis \/ Mango-Pfirsich \/ Orangenlimonade<\/li>\n<\/ul>\n<p><strong>Bang Leader 85000 Z\u00fcge<\/strong> setzt einen neuen Standard f\u00fcr Einweg-Vapes. Es ist perfekt geeignet f\u00fcr <strong>Vielnutzer<\/strong> die Komfort ohne Kompromisse w\u00fcnschen und <strong>Geschmacksj\u00e4ger<\/strong> die Abwechslung lieben. F\u00fcr <strong>Einzel- und Gro\u00dfh\u00e4ndler<\/strong>, Dieses leistungsstarke Ger\u00e4t mit mehreren Geschmacksrichtungen ist ein Muss f\u00fcr jeden Lagerbestand und zieht Kunden an, die auf der Suche nach dem besten Preis-Leistungs-Verh\u00e4ltnis und der neuesten Technologie sind. Erweitern Sie noch heute Ihren Lagerbestand! \ud83d\ude80\ud83d\uded2<\/p>\n<h3>\u2753 H\u00e4ufig gestellte Fragen (FAQ)<\/h3>\n<p><strong>F: Wie wechsle ich die Geschmacksrichtungen beim Bang Leader 85K?<\/strong><br \/>\nA: Das Ger\u00e4t verf\u00fcgt \u00fcber einen einfachen Schaltmechanismus, mit dem Sie zwischen den drei separaten Fl\u00fcssigkeitsbeh\u00e4ltern im Inneren umschalten k\u00f6nnen. \ud83d\udd00<\/p>\n<p><strong>F: Ist der Akku wiederaufladbar?<\/strong><br \/>\nA: Ja! Es wird mit einem 850-mAh-Akku geliefert, der mit einem handels\u00fcblichen Typ-C-Ladekabel einfach aufgeladen werden kann. \ud83d\udd0c<\/p>\n<p><strong>F: Eignet sich dieses Produkt f\u00fcr den Gro\u00dfhandel?<\/strong><br \/>\nA: Auf jeden Fall. Das einzigartige 3-in-1-Verkaufsargument und die hohe Anzahl an Z\u00fcgen machen es zu einem sehr attraktiven Produkt f\u00fcr B2B-K\u00e4ufer und Vape-Shops. \ud83c\udfed<\/p>\n<p><strong>F: Wie lange reichen 85.000 Z\u00fcge?<\/strong><br \/>\nA: Mit 70 ml Fl\u00fcssigkeit h\u00e4lt dieses Ger\u00e4t je nach Ihren Nutzungsgewohnheiten mehrere Wochen, was es \u00e4u\u00dferst kosteng\u00fcnstig macht. \ud83d\uddd3\ufe0f<\/p>","protected":false},"excerpt":{"rendered":"<p>Massive 85.000 Z\u00fcge, 3-in-1-Geschmackswechsel und 70 ml Fassungsverm\u00f6gen! Der Bang Leader 85K ist der ultimative langlebige wiederaufladbare Vape f\u00fcr Gro\u00dfh\u00e4ndler und Geschmacksliebhaber. \ud83c\udf2c\ufe0f\ud83d\udca8<\/p>","protected":false},"featured_media":91116,"comment_status":"open","ping_status":"closed","template":"","meta":[],"product_brand":[239],"product_cat":[336,242,37],"product_tag":[443,444,442,445,433],"class_list":{"0":"post-91105","1":"product","2":"type-product","3":"status-publish","4":"has-post-thumbnail","6":"product_brand-bang","7":"product_cat-100k-puffs-disposable-vape","8":"product_cat-60000-puffs-disposable-vape","9":"product_cat-bang","10":"product_tag-3-in-1-flavor-vape","11":"product_tag-85000-puffs-disposable","12":"product_tag-bang-leader-85000-puffs","13":"product_tag-bang-vape-wholesale","14":"product_tag-rechargeable-vape","16":"first","17":"instock","18":"shipping-taxable","19":"purchasable","20":"product-type-variable","21":"has-default-attributes"},"jetpack_sharing_enabled":true,"tiered_pricing_type":"fixed","tiered_pricing_fixed_rules":{"30":9.07000000000000028421709430404007434844970703125,"50":7.519999999999999573674358543939888477325439453125,"100":7,"200":6.61000000000000031974423109204508364200592041015625,"400":5.8300000000000000710542735760100185871124267578125},"tiered_pricing_product_settings":{"layout":"default","base_unit_name":{"singular":null,"plural":null},"default_variation":null},"tiered_pricing_minimum_quantity":10,"tiered_pricing_roles_data":[],"tiered_pricing_percentage_rules":[],"tiered_pricing_maximum_quantity":null,"tiered_pricing_quantity_step":"10","_links":{"self":[{"href":"https:\/\/aiviouvapes.com\/de\/wp-json\/wp\/v2\/product\/91105","targetHints":{"allow":["GET"]}}],"collection":[{"href":"https:\/\/aiviouvapes.com\/de\/wp-json\/wp\/v2\/product"}],"about":[{"href":"https:\/\/aiviouvapes.com\/de\/wp-json\/wp\/v2\/types\/product"}],"replies":[{"embeddable":true,"href":"https:\/\/aiviouvapes.com\/de\/wp-json\/wp\/v2\/comments?post=91105"}],"wp:featuredmedia":[{"embeddable":true,"href":"https:\/\/aiviouvapes.com\/de\/wp-json\/wp\/v2\/media\/91116"}],"wp:attachment":[{"href":"https:\/\/aiviouvapes.com\/de\/wp-json\/wp\/v2\/media?parent=91105"}],"wp:term":[{"taxonomy":"product_brand","embeddable":true,"href":"https:\/\/aiviouvapes.com\/de\/wp-json\/wp\/v2\/product_brand?post=91105"},{"taxonomy":"product_cat","embeddable":true,"href":"https:\/\/aiviouvapes.com\/de\/wp-json\/wp\/v2\/product_cat?post=91105"},{"taxonomy":"product_tag","embeddable":true,"href":"https:\/\/aiviouvapes.com\/de\/wp-json\/wp\/v2\/product_tag?post=91105"}],"curies":[{"name":"wp","href":"https:\/\/api.w.org\/{rel}","templated":true}]}}