{"id":79362,"date":"2025-11-01T15:44:17","date_gmt":"2025-11-01T07:44:17","guid":{"rendered":"https:\/\/aiviouvapes.com\/?post_type=product&#038;p=79362"},"modified":"2026-04-08T18:15:32","modified_gmt":"2026-04-08T10:15:32","slug":"bang-legend-150k","status":"publish","type":"product","link":"https:\/\/aiviouvapes.com\/de\/product\/bang-legend-150k\/","title":{"rendered":"Bang Legend 150K | 150000 Z\u00fcge, 6 Geschmacksrichtungen in 1, langlebig, Multi-Geschmack, Einweg vape"},"content":{"rendered":"<h2>Bang Legend 150K 6-in-1 smart multi-flavor disposable vape - 150,000 puffs\ud83d\udca8\ud83d\udd25<\/h2>\n<h3>\ud83d\udc8e Warum Bang Legend 150K Puffs w\u00e4hlen?<\/h3>\n<ul>\n<li>\ud83d\udca8 <strong>Massive 150.000 Puffs:<\/strong> Einer der langlebigsten Einwegdampfer auf dem Markt, perfekt f\u00fcr l\u00e4ngere Sessions.<\/li>\n<li>\ud83c\udf9b\ufe0f <strong>6 Geschmacksmodi:<\/strong> W\u00e4hle aus A, B, C oder mische A+B, A+C, B+C f\u00fcr ein individuelles Geschmackserlebnis bei jedem Zug! \ud83d\udd04<\/li>\n<li>\ud83e\uddc3 <strong>Dreifache \u00d6ltanks:<\/strong> Jeder Tank enth\u00e4lt eine einzigartige Mischung, die Ihnen eine un\u00fcbertroffene Vielseitigkeit und Geschmacksvielfalt bietet.<\/li>\n<li>\ud83c\udf08 <strong>Intelligenter LED-Bildschirm:<\/strong> Zeigt Batterie- und Fl\u00fcssigkeitsstand an, so dass Sie jederzeit die volle Kontrolle haben.<\/li>\n<li>\u2699\ufe0f <strong>Mesh Coil Technologie:<\/strong> Erzeugt ein reicheres Aroma, einen weicheren Zug und eine konstante Dampfleistung.<\/li>\n<li>\ud83d\udd0b <strong>850mAh Typ-C wiederaufladbare Batterie:<\/strong> Schnelles Aufladen und lang anhaltende Leistung bei starker Beanspruchung.<\/li>\n<li>\ud83c\udfea <strong>Gro\u00dfhandel bereit:<\/strong> Erh\u00e4ltlich in 10er-Packungen, ideal f\u00fcr Vape-Shops, H\u00e4ndler und B2B-Gro\u00dfabnehmer.<\/li>\n<li>\u2728 <strong>Erstklassiges Design:<\/strong> Schlankes Design, intelligente Funktionalit\u00e4t und starke Leistung machen es zu einem Blickfang in jeder Vitrine.<\/li>\n<\/ul>\n<h3>\u2699\ufe0f Spezifikationen<\/h3>\n<table>\n<tbody>\n<tr>\n<td><strong>Nikotinst\u00e4rke<\/strong><\/td>\n<td>2% \/ 3% \/ 5%<\/td>\n<\/tr>\n<tr>\n<td><strong>Anzahl der Puffs<\/strong><\/td>\n<td>Bis zu 150.000 Z\u00fcge. 66ml gro\u00dfe e-Fl\u00fcssigkeit Kapazit\u00e4t<\/td>\n<\/tr>\n<tr>\n<td><strong>Geschmacksmodi<\/strong><\/td>\n<td>A, B, C, A+B, A+C, B+C<\/td>\n<\/tr>\n<tr>\n<td><strong>\u00d6ltanks<\/strong><\/td>\n<td>3 unabh\u00e4ngige Tanks<\/td>\n<\/tr>\n<tr>\n<td><strong>Spulentyp<\/strong><\/td>\n<td>Mesh Coil<\/td>\n<\/tr>\n<tr>\n<td><strong>Batteriekapazit\u00e4t<\/strong><\/td>\n<td>850mAh Wiederaufladbar<\/td>\n<\/tr>\n<tr>\n<td><strong>Anzeige<\/strong><\/td>\n<td>LED-Smart-Bildschirm<\/td>\n<\/tr>\n<tr>\n<td><strong>Ladeanschluss<\/strong><\/td>\n<td>Typ-C<\/td>\n<\/tr>\n<tr>\n<td><strong>Verpackung<\/strong><\/td>\n<td>10 St\u00fcck pro Packung<\/td>\n<\/tr>\n<\/tbody>\n<\/table>\n<h3>\ud83c\udf53 Verf\u00fcgbare Geschmacksrichtungen<\/h3>\n<p>Mit <strong>12 hochwertige Geschmacksgruppen<\/strong>, Die Bang Legend 150K bietet jeweils 6 kreative Kombinationen und macht jeden Zug zu einem neuen Abenteuer. \ud83d\ude0b<\/p>\n<ul>\n<li>\ud83c\udf51 <strong>Pfirsich-Serie:<\/strong> Pfirsich-Eis \/ Mango-Pfirsich \/ Heidelbeer-Pfirsich \/ Pfirsich-Eis Mango-Pfirsich \/ Pfirsich-Eis Heidelbeer-Pfirsich \/ Mango-Pfirsich Heidelbeer-Pfirsich<\/li>\n<li>\ud83c\udf4d <strong>Ananas-Serie:<\/strong> Ananas-Eis \/ Ananas-Kokosnuss \/ Kiwi-Frucht Ananas-Eis \/ Ananas-Kokosnuss \/ Ananas-Eis Kiwi-Frucht Ananas-Eis \/ Ananas-Kokosnuss Kiwi-Frucht Ananas-Eis<\/li>\n<li>\ud83c\udf47 <strong>Weintrauben-Serie:<\/strong> Traubeneis \/ Traubenkaugummi \/ Himbeertrauben \/ Traubeneis Traubenkaugummi \/ Traubeneis Himbeertrauben \/ Traubenkaugummi Himbeertrauben<\/li>\n<li>\ud83c\udf49 <strong>Wassermelonen-Serie:<\/strong> Wassermelone Eis \/ Wassermelone Beeren \/ Erdbeere Wassermelone \/ Wassermelone Eis Wassermelone Beeren \/ Wassermelone Eis Erdbeere Wassermelone \/ Wassermelone Beeren Erdbeere Wassermelone<\/li>\n<li>\ud83e\uded0 <strong>Blaubeer-Serie:<\/strong> Heidelbeere Eis \/ Heidelbeere Himbeere \/ Heidelbeere Preiselbeere Kirsche \/ Heidelbeere Eis Heidelbeere Himbeere \/ Heidelbeere Eis Heidelbeere Preiselbeere Kirsche \/ Heidelbeere Himbeere Heidelbeere Preiselbeere Kirsche<\/li>\n<li>\ud83c\udf4c <strong>Bananen-Serie:<\/strong> Bananeneis \/ Erdbeer-Banane \/ Zitronens\u00e4ure-Orange \/ Bananeneis Erdbeer-Banane \/ Bananeneis Zitronens\u00e4ure-Orange \/ Erdbeer-Banane Zitronens\u00e4ure-Orange<\/li>\n<li>\ud83c\udf4f <strong>Apple-Serie:<\/strong> Apple Ice \/ Apple Grape \/ Blueberry Grape \/ Apple Ice Apple Grape \/ Apple Ice Blueberry Grape \/ Apple Grape Blueberry Grape<\/li>\n<li>\ud83e\udd6d <strong>Mango-Serie:<\/strong> Mango Ice \/ Pfirsich Mango Wassermelone \/ Gummib\u00e4rchen \/ Mango Ice Pfirsich Mango Wassermelone \/ Mango Ice Gummib\u00e4rchen \/ Pfirsich Mango Wassermelone Gummib\u00e4rchen<\/li>\n<li>\ud83c\udf52 <strong>Cherry-Serie:<\/strong> Kirsch-Eis \/ Gemischte Beeren \/ Rote Cola \/ Kirsch-Eis Gemischte Beeren \/ Kirsch-Eis Rote Cola \/ Gemischte Beeren Rote Cola<\/li>\n<li>\u26a1 <strong>Energie-Serie:<\/strong> Red Bull \/ Wassermelone Kaugummi \/ Love 66 \/ Red Bull Wassermelone Kaugummi \/ Red Bull Love 66 \/ Wassermelone Kaugummi Love 66<\/li>\n<li>\ud83c\udf53 <strong>Serie Erdbeere:<\/strong> Erdbeere Ice \/ Erdbeer-Kiwi \/ Erdbeer-Litschi \/ Erdbeer-Ice Erdbeer-Kiwi \/ Erdbeer-Ice Erdbeer-Litschi \/ Erdbeer-Kiwi Erdbeer-Litschi<\/li>\n<li>\ud83e\udd5d <strong>Passion Series:<\/strong> Fassionate Passionsfrucht \/ Guave-Limette \/ Passionsfrucht-Zitrone \/ Fassionate Passionsfrucht Guave-Limette \/ Fassionate Passionsfrucht Passionsfrucht-Zitrone \/ Guave-Limette Passionsfrucht-Zitrone<\/li>\n<\/ul>\n<h3>\ud83d\udcac FAQ<\/h3>\n<p><strong>Q:<\/strong> Wie viele Z\u00fcge kann ich von einem Bang Legend-Ger\u00e4t erhalten?<br \/>\n<strong>A:<\/strong> Jedes Ger\u00e4t bietet bis zu <strong>150.000 Z\u00fcge<\/strong> - konzipiert f\u00fcr langfristige Zufriedenheit. \ud83d\udd0b<\/p>\n<p><strong>Q:<\/strong> Wie kann ich den Geschmacksmodus \u00e4ndern?<br \/>\n<strong>A:<\/strong> Drehen Sie einfach das Mundst\u00fcck zum Umschalten <strong>A, B, C, A+B, A+C, oder B+C<\/strong> - genie\u00dfen Sie mehrere Mischungen in Sekundenschnelle! \ud83d\udd04<\/p>\n<p><strong>Q:<\/strong> Ist das Ger\u00e4t wiederaufladbar?<br \/>\n<strong>A:<\/strong> Ja! Es enth\u00e4lt eine <strong>850mAh-Akku<\/strong> mit <strong>Typ-C-Schnellladung<\/strong> unterst\u00fctzen. \u26a1<\/p>\n<p><strong>Q:<\/strong> Kann ich den F\u00fcllstand meiner Batterie und meines E-Liquids sehen?<br \/>\n<strong>A:<\/strong> Die <strong>LED-Smart-Display<\/strong> zeigt beide Indikatoren in Echtzeit an. \ud83c\udf08<\/p>\n<p><strong>Q:<\/strong> Ist dies f\u00fcr den Gro\u00df- oder Einzelhandelsverkauf geeignet?<br \/>\n<strong>A:<\/strong> Auf jeden Fall! Die <strong>10 St\u00fcck\/Packung Verpackung<\/strong> ist optimiert f\u00fcr <strong>Gro\u00dfhandelsvertrieb, Einzelhandelsregale und B2B-Gro\u00dfhandel<\/strong>. \ud83c\udfea<\/p>\n<h3>\ud83c\udf0d Perfekt f\u00fcr<\/h3>\n<p>Die <strong>Bang Legende 150K Einweg-Vape<\/strong> ist ideal f\u00fcr <strong>Vielnutzer, Geschmacksliebhaber und Vape-H\u00e4ndler<\/strong> auf der Suche nach einem <strong>hochwertiges Ger\u00e4t mit hoher Kapazit\u00e4t<\/strong>. Mit <strong>6 Geschmacksrichtungen, dreifache \u00d6ltanks und eine intelligente LED-Anzeige<\/strong>, ist es ein wahres Kraftpaket f\u00fcr <strong>Europ\u00e4ische Vape-Shops, Gro\u00dfh\u00e4ndler und Online-H\u00e4ndler<\/strong>. \ud83d\udca8\ud83d\udd25<\/p>","protected":false},"excerpt":{"rendered":"<p>Entdecken Sie die n\u00e4chste Stufe des Verdampfens mit dem <strong>Bang Legende 150K Puffs Einweg Vape<\/strong> - in den Funktionen <strong>6 Geschmacksrichtungen<\/strong>, <strong>66ml gro\u00dfe e-Fl\u00fcssigkeit Kapazit\u00e4t<\/strong>, <strong>Dreifach-\u00d6ltanks<\/strong>und eine <strong>intelligenter LED-Bildschirm<\/strong>. Entwickelt f\u00fcr Gro\u00dfh\u00e4ndler, Geschmacksj\u00e4ger und ernsthafte Vaper, die maximalen Geschmack und Ausdauer wollen! \u26a1<\/p>","protected":false},"featured_media":79372,"comment_status":"open","ping_status":"closed","template":"","meta":[],"product_brand":[239],"product_cat":[37,336,280,137,146,138,141,143],"product_tag":[377,378,376,306,379,380],"class_list":{"0":"post-79362","1":"product","2":"type-product","3":"status-publish","4":"has-post-thumbnail","6":"product_brand-bang","7":"product_cat-bang","8":"product_cat-100k-puffs-disposable-vape","9":"product_cat-cheap-rechargeable-disposable-vapes","10":"product_cat-disposable-vapes-in-germany","11":"product_cat-disposable-vapes-in-hungary","12":"product_cat-disposable-vapes-in-ltaly","13":"product_cat-disposable-vapes-in-poland","14":"product_cat-disposable-vapes-in-spain","15":"product_tag-150000-puffs-vape","16":"product_tag-6-flavor-in-1-vape","17":"product_tag-bang-legend-150k-disposable-vape","18":"product_tag-best-disposable-vapes","19":"product_tag-long-lasting-smart-vape","20":"product_tag-wholesale-rechargeable-vape","22":"first","23":"instock","24":"shipping-taxable","25":"purchasable","26":"product-type-variable","27":"has-default-attributes"},"jetpack_sharing_enabled":true,"tiered_pricing_type":"fixed","tiered_pricing_fixed_rules":{"30":9.3300000000000000710542735760100185871124267578125,"50":7.519999999999999573674358543939888477325439453125,"100":6.87000000000000010658141036401502788066864013671875,"200":6.3499999999999996447286321199499070644378662109375,"400":5.70000000000000017763568394002504646778106689453125},"tiered_pricing_product_settings":{"layout":"default","base_unit_name":{"singular":null,"plural":null},"default_variation":null},"tiered_pricing_minimum_quantity":10,"tiered_pricing_roles_data":[],"tiered_pricing_percentage_rules":[],"tiered_pricing_maximum_quantity":null,"tiered_pricing_quantity_step":"10","_links":{"self":[{"href":"https:\/\/aiviouvapes.com\/de\/wp-json\/wp\/v2\/product\/79362","targetHints":{"allow":["GET"]}}],"collection":[{"href":"https:\/\/aiviouvapes.com\/de\/wp-json\/wp\/v2\/product"}],"about":[{"href":"https:\/\/aiviouvapes.com\/de\/wp-json\/wp\/v2\/types\/product"}],"replies":[{"embeddable":true,"href":"https:\/\/aiviouvapes.com\/de\/wp-json\/wp\/v2\/comments?post=79362"}],"wp:featuredmedia":[{"embeddable":true,"href":"https:\/\/aiviouvapes.com\/de\/wp-json\/wp\/v2\/media\/79372"}],"wp:attachment":[{"href":"https:\/\/aiviouvapes.com\/de\/wp-json\/wp\/v2\/media?parent=79362"}],"wp:term":[{"taxonomy":"product_brand","embeddable":true,"href":"https:\/\/aiviouvapes.com\/de\/wp-json\/wp\/v2\/product_brand?post=79362"},{"taxonomy":"product_cat","embeddable":true,"href":"https:\/\/aiviouvapes.com\/de\/wp-json\/wp\/v2\/product_cat?post=79362"},{"taxonomy":"product_tag","embeddable":true,"href":"https:\/\/aiviouvapes.com\/de\/wp-json\/wp\/v2\/product_tag?post=79362"}],"curies":[{"name":"wp","href":"https:\/\/api.w.org\/{rel}","templated":true}]}}