{"id":7439,"date":"2024-08-19T05:01:14","date_gmt":"2024-08-19T05:01:14","guid":{"rendered":"https:\/\/aiviouvapes.com\/?post_type=product&#038;p=7439"},"modified":"2026-04-17T13:01:35","modified_gmt":"2026-04-17T05:01:35","slug":"aivono-mini-boxx-600-puffs-disposable-wholesale","status":"publish","type":"product","link":"https:\/\/aiviouvapes.com\/de\/product\/aivono-mini-boxx-600-puffs-disposable-wholesale\/","title":{"rendered":"Aivono Mini Boxx 600 Puffs | 0%-5% Nikotin, 2mL, 400mAh, lose Einweg vape"},"content":{"rendered":"<h2>Aivono Mini Boxx 600 Z\u00fcge | 0% 2% 5% Nikotin, 2 ml E-Liquid, 400 mAh Akku, 1,2 \u03a9 Mesh-Spule, Typ C wiederaufladbar, Einweg-Vape im Gro\u00dfhandel kaufen<\/h2>\n<h3>Aivono Mini Boxx 600 Puffs \u00dcbersicht und Funktionen<\/h3>\n<p>Die Aivono Mini Boxx 600 Puffs ist auf Komfort und Zufriedenheit ausgelegt und bietet bis zu 600 Z\u00fcge in einem kompakten, leichten Design. Vorgef\u00fcllt mit 2 ml E-Liquid und angetrieben von einem zuverl\u00e4ssigen eingebauten 400-mAh-Akku bietet sie ein ausgedehntes, angenehmes Dampferlebnis. Dieses Ger\u00e4t ist in den Nikotinst\u00e4rken 0%, 2% und 5% erh\u00e4ltlich und erf\u00fcllt verschiedene Vorlieben. Die 1,2-\u03a9-Netzspule verbessert Geschmack und Dampfproduktion und sorgt daf\u00fcr, dass jeder Zug sanft und gleichm\u00e4\u00dfig ist. Dar\u00fcber hinaus verf\u00fcgt es \u00fcber einen Typ-C-Ladeanschluss zum schnellen Aufladen, wodurch die Ausfallzeiten zwischen den Anwendungen reduziert werden.<\/p>\n<ul>\n<li><strong>Bis zu 600 Z\u00fcge<\/strong>: Sorgt f\u00fcr bleibenden Wert und lange Freude.<\/li>\n<li><strong>2ml E-Liquid-Kapazit\u00e4t<\/strong>: Minimiert den Bedarf an h\u00e4ufigem Nachf\u00fcllen.<\/li>\n<li><strong>400mAh Akku<\/strong>: Bietet zuverl\u00e4ssige Leistung mit Typ-C-Laden f\u00fcr schnelles Einschalten.<\/li>\n<li><strong>Nikotin-Optionen<\/strong>: Erh\u00e4ltlich in 0%, 2% und 5% f\u00fcr ein ma\u00dfgeschneidertes Erlebnis.<\/li>\n<li><strong>1,2\u03a9 Mesh-Spule<\/strong>: Liefert mit jedem Zug ein reichhaltiges, sanftes Aroma.<\/li>\n<\/ul>\n<h3>Aivono Mini Boxx 600 Puffs Aromen auf Lager:<\/h3>\n<p>Erdbeereis, Zitronenminze, Erdbeer-Kiwi-Eis, Aloe-Brombeer-Eis, Wassermelonen-Kaugummi-Eis, Erdbeereis, Energydrink, wei\u00dfe Pfirsich-Grapefruit, Kirsch-Metaleis, Ananas-Kokos-Eis.<\/p>\n<h3>Warum sollten Sie sich f\u00fcr die Aivono Mini Boxx 600 Puffs entscheiden?<\/h3>\n<p>Die Aivono Mini Boxx 600 Puffs bieten eine perfekte Mischung aus Tragbarkeit, vielf\u00e4ltigen Geschmacksrichtungen und zuverl\u00e4ssiger Leistung und sind damit ideal f\u00fcr neue und erfahrene Dampfer. Da sie Einwegartikel sind, sind Nachf\u00fcllungen oder Wartung \u00fcberfl\u00fcssig, und das kompakte Design macht sie praktisch f\u00fcr unterwegs. Dieses Ger\u00e4t ist perfekt f\u00fcr den Gro\u00dfhandel und eine ausgezeichnete Option f\u00fcr Einzelh\u00e4ndler, die einen hochwertigen Einweg-Verdampfer mit einer umfangreichen Geschmacksauswahl anbieten m\u00f6chten. Die Aivono Mini Boxx 600 Puffs versprechen mit jedem Zug ein erstklassiges und zufriedenstellendes Dampferlebnis.<br \/>\n<img data-recalc-dims=\"1\" loading=\"lazy\" decoding=\"async\" class=\"alignnone size-full wp-image-8967\" title=\"Aivono Mini Boxx 600 Puffs 0% 2% 5% Nikotin 2ml wiederaufladbare Bulk kaufen Einweg Vape Gro\u00dfhandel\" src=\"https:\/\/i0.wp.com\/aiviouvapes.com\/wp-content\/uploads\/2024\/08\/MINI-BOXX-600%E7%83%9F%E6%9D%86%E6%95%88%E6%9E%9C%E5%9B%BE-1.jpg?resize=1020%2C904&#038;ssl=1\" alt=\"Aivono Mini Boxx 600 Puffs 0% 2% 5% Nikotin 2ml wiederaufladbare Bulk kaufen Einweg Vape Gro\u00dfhandel\" width=\"1020\" height=\"904\" srcset=\"https:\/\/i0.wp.com\/aiviouvapes.com\/wp-content\/uploads\/2024\/08\/MINI-BOXX-600%E7%83%9F%E6%9D%86%E6%95%88%E6%9E%9C%E5%9B%BE-1.jpg?w=1174&amp;ssl=1 1174w, https:\/\/i0.wp.com\/aiviouvapes.com\/wp-content\/uploads\/2024\/08\/MINI-BOXX-600%E7%83%9F%E6%9D%86%E6%95%88%E6%9E%9C%E5%9B%BE-1.jpg?resize=300%2C266&amp;ssl=1 300w, https:\/\/i0.wp.com\/aiviouvapes.com\/wp-content\/uploads\/2024\/08\/MINI-BOXX-600%E7%83%9F%E6%9D%86%E6%95%88%E6%9E%9C%E5%9B%BE-1.jpg?resize=1024%2C908&amp;ssl=1 1024w, https:\/\/i0.wp.com\/aiviouvapes.com\/wp-content\/uploads\/2024\/08\/MINI-BOXX-600%E7%83%9F%E6%9D%86%E6%95%88%E6%9E%9C%E5%9B%BE-1.jpg?resize=768%2C681&amp;ssl=1 768w, https:\/\/i0.wp.com\/aiviouvapes.com\/wp-content\/uploads\/2024\/08\/MINI-BOXX-600%E7%83%9F%E6%9D%86%E6%95%88%E6%9E%9C%E5%9B%BE-1.jpg?resize=14%2C12&amp;ssl=1 14w, https:\/\/i0.wp.com\/aiviouvapes.com\/wp-content\/uploads\/2024\/08\/MINI-BOXX-600%E7%83%9F%E6%9D%86%E6%95%88%E6%9E%9C%E5%9B%BE-1.jpg?resize=800%2C709&amp;ssl=1 800w\" sizes=\"auto, (max-width: 1020px) 100vw, 1020px\" \/><br \/>\n<h3>Warum AiviouVapes w\u00e4hlen<\/h3>\n<p>Willkommen bei <a href=\"https:\/\/aiviouvapes.com\/de\/\">AiviouVapes<\/a> - Ihre vertrauensw\u00fcrdige Quelle f\u00fcr erstklassige, erschwingliche <a href=\"https:\/\/aiviouvapes.com\/de\/shop\/\">Gro\u00dfhandel Einweg-Vapes<\/a> zu wirklich niedrigen Preisen. Mit mehr als f\u00fcnf Jahren Erfahrung in der Vape-Branche bieten wir eine handverlesene Auswahl an f\u00fchrenden Marken, darunter <a href=\"https:\/\/aiviouvapes.com\/de\/produkt-kategorie\/waspe\/\">WASPE<\/a>, <a href=\"https:\/\/aiviouvapes.com\/de\/produkt-kategorie\/bang\/\">Bang Vape<\/a>, <a href=\"https:\/\/aiviouvapes.com\/de\/produkt-kategorie\/vapme-vapes\/\">Vapme<\/a>und <a href=\"https:\/\/aiviouvapes.com\/de\/produkt-kategorie\/mrvi\/\">MRVI<\/a>.<\/p>\n<p>Von High-Puff-Ger\u00e4ten wie dem <a href=\"https:\/\/aiviouvapes.com\/de\/produkt\/waspe-4-in-1-100000-puffs\/\">WASPE 100K 4-in-1-Geschmack<\/a> zu fetten Favoriten wie dem <a href=\"https:\/\/aiviouvapes.com\/de\/produkt\/bang-king-triple-flavors-85000\/\">Bang 85.000 Dreifach-Puff<\/a>und sogar das spannende <a class=\"woocommerce-LoopProduct-link woocommerce-loop-product__link\" href=\"https:\/\/aiviouvapes.com\/de\/produkt\/mystery-vape-blind-box\/\">Geheimnisvolle Einweg-Vape-Box<\/a>Jedes Produkt wird nach h\u00f6chster Qualit\u00e4t und unschlagbarem Wert ausgew\u00e4hlt. Bei AiviouVapes genie\u00dfen Sie einen gro\u00dfartigen Service, Einsparungen im Gro\u00dfhandel und eine Kollektion, die auf Ihre Bed\u00fcrfnisse zugeschnitten ist.<\/p>\n<div class=\"row row-large row-full-width align-middle\"  id=\"row-2091872972\">\n\n\n\t<div id=\"col-1826261696\" class=\"col medium-3 small-6 large-3\"  >\n\t\t\t\t<div class=\"col-inner text-center\"  >\n\t\t\t\n\t\t\t\n\n\n\t\t<div class=\"icon-box featured-box icon-box-top text-left\"  >\n\t\t\t\t\t<div class=\"icon-box-img\" style=\"width: 90px\">\n\t\t\t\t<div class=\"icon\">\n\t\t\t\t\t<div class=\"icon-inner\" >\n\t\t\t\t\t\t<img loading=\"lazy\" decoding=\"async\" width=\"200\" height=\"200\" src=\"https:\/\/i0.wp.com\/aiviouvapes.com\/wp-content\/uploads\/2024\/08\/vape-1-1.png?fit=200%2C200&amp;ssl=1\" class=\"attachment-medium size-medium\" alt=\"Warum AIVIOUVAPES w\u00e4hlen\" srcset=\"https:\/\/i0.wp.com\/aiviouvapes.com\/wp-content\/uploads\/2024\/08\/vape-1-1.png?w=200&amp;ssl=1 200w, https:\/\/i0.wp.com\/aiviouvapes.com\/wp-content\/uploads\/2024\/08\/vape-1-1.png?resize=150%2C150&amp;ssl=1 150w, https:\/\/i0.wp.com\/aiviouvapes.com\/wp-content\/uploads\/2024\/08\/vape-1-1.png?resize=12%2C12&amp;ssl=1 12w, https:\/\/i0.wp.com\/aiviouvapes.com\/wp-content\/uploads\/2024\/08\/vape-1-1.png?resize=100%2C100&amp;ssl=1 100w\" sizes=\"auto, (max-width: 200px) 100vw, 200px\" title=\"\">\t\t\t\t\t<\/div>\n\t\t\t\t<\/div>\n\t\t\t<\/div>\n\t\t\t\t<div class=\"icon-box-text last-reset\">\n\t\t\t\t\t\t\t\t\t\n\n\t<div id=\"text-1891646416\" class=\"text\">\n\t\t\n\n<h3 style=\"text-align: center;\">Umfangreiches Vape-Sortiment<\/h3>\n<p style=\"text-align: center;\">Entdecken Sie unsere gro\u00dfe Produktpalette f\u00fcr jeden Geschmack.<\/p>\n\t\t\n<style>\n#text-1891646416 {\n  font-size: 0.9rem;\n}\n<\/style>\n\t<\/div>\n\t\n\n\t\t<\/div>\n\t<\/div>\n\t\n\t\n\n\t\t<\/div>\n\t\t\t\t\t<\/div>\n\n\t\n\n\t<div id=\"col-803357799\" class=\"col medium-3 small-6 large-3\"  >\n\t\t\t\t<div class=\"col-inner text-center\"  >\n\t\t\t\n\t\t\t\n\n\n\t\t<div class=\"icon-box featured-box icon-box-top text-left\"  >\n\t\t\t\t\t<div class=\"icon-box-img\" style=\"width: 90px\">\n\t\t\t\t<div class=\"icon\">\n\t\t\t\t\t<div class=\"icon-inner\" >\n\t\t\t\t\t\t<img loading=\"lazy\" decoding=\"async\" width=\"200\" height=\"200\" src=\"https:\/\/i0.wp.com\/aiviouvapes.com\/wp-content\/uploads\/2024\/08\/save-money-1-1-1.png?fit=200%2C200&amp;ssl=1\" class=\"attachment-medium size-medium\" alt=\"Warum AIVIOUVAPES w\u00e4hlen\" srcset=\"https:\/\/i0.wp.com\/aiviouvapes.com\/wp-content\/uploads\/2024\/08\/save-money-1-1-1.png?w=200&amp;ssl=1 200w, https:\/\/i0.wp.com\/aiviouvapes.com\/wp-content\/uploads\/2024\/08\/save-money-1-1-1.png?resize=150%2C150&amp;ssl=1 150w, https:\/\/i0.wp.com\/aiviouvapes.com\/wp-content\/uploads\/2024\/08\/save-money-1-1-1.png?resize=12%2C12&amp;ssl=1 12w, https:\/\/i0.wp.com\/aiviouvapes.com\/wp-content\/uploads\/2024\/08\/save-money-1-1-1.png?resize=100%2C100&amp;ssl=1 100w\" sizes=\"auto, (max-width: 200px) 100vw, 200px\" title=\"\">\t\t\t\t\t<\/div>\n\t\t\t\t<\/div>\n\t\t\t<\/div>\n\t\t\t\t<div class=\"icon-box-text last-reset\">\n\t\t\t\t\t\t\t\t\t\n\n\t<div id=\"text-3517268182\" class=\"text\">\n\t\t\n\n<h3 style=\"text-align: center;\">Unschlagbarer Wert<\/h3>\n<p style=\"text-align: center;\">Freuen Sie sich \u00fcber Produkte h\u00f6chster Qualit\u00e4t zu Preisen, die zu Ihrem Budget passen.<\/p>\n\t\t\n<style>\n#text-3517268182 {\n  font-size: 0.9rem;\n}\n<\/style>\n\t<\/div>\n\t\n\n\t\t<\/div>\n\t<\/div>\n\t\n\t\n\n\t\t<\/div>\n\t\t\t\t\t<\/div>\n\n\t\n\n\t<div id=\"col-795091628\" class=\"col medium-3 small-6 large-3\"  >\n\t\t\t\t<div class=\"col-inner text-center\"  >\n\t\t\t\n\t\t\t\n\n\n\t\t<div class=\"icon-box featured-box icon-box-top text-left\"  >\n\t\t\t\t\t<div class=\"icon-box-img\" style=\"width: 90px\">\n\t\t\t\t<div class=\"icon\">\n\t\t\t\t\t<div class=\"icon-inner\" >\n\t\t\t\t\t\t<img loading=\"lazy\" decoding=\"async\" width=\"200\" height=\"200\" src=\"https:\/\/i0.wp.com\/aiviouvapes.com\/wp-content\/uploads\/2024\/08\/delivery-truck-1-1.png?fit=200%2C200&amp;ssl=1\" class=\"attachment-medium size-medium\" alt=\"Warum AIVIOUVAPES w\u00e4hlen\" srcset=\"https:\/\/i0.wp.com\/aiviouvapes.com\/wp-content\/uploads\/2024\/08\/delivery-truck-1-1.png?w=200&amp;ssl=1 200w, https:\/\/i0.wp.com\/aiviouvapes.com\/wp-content\/uploads\/2024\/08\/delivery-truck-1-1.png?resize=150%2C150&amp;ssl=1 150w, https:\/\/i0.wp.com\/aiviouvapes.com\/wp-content\/uploads\/2024\/08\/delivery-truck-1-1.png?resize=12%2C12&amp;ssl=1 12w, https:\/\/i0.wp.com\/aiviouvapes.com\/wp-content\/uploads\/2024\/08\/delivery-truck-1-1.png?resize=100%2C100&amp;ssl=1 100w\" sizes=\"auto, (max-width: 200px) 100vw, 200px\" title=\"\">\t\t\t\t\t<\/div>\n\t\t\t\t<\/div>\n\t\t\t<\/div>\n\t\t\t\t<div class=\"icon-box-text last-reset\">\n\t\t\t\t\t\t\t\t\t\n\n\t<div id=\"text-4200548704\" class=\"text\">\n\t\t\n\n<h3 style=\"text-align: center;\">Schneller weltweiter Versand<\/h3>\n<p style=\"text-align: center;\">Wir liefern weltweit mit garantierter Zollabfertigung f\u00fcr ein reibungsloses Erlebnis.<\/p>\n\t\t\n<style>\n#text-4200548704 {\n  font-size: 0.9rem;\n}\n<\/style>\n\t<\/div>\n\t\n\n\t\t<\/div>\n\t<\/div>\n\t\n\t\n\n\t\t<\/div>\n\t\t\t\t\t<\/div>\n\n\t\n\n\t<div id=\"col-29857354\" class=\"col medium-3 small-6 large-3\"  >\n\t\t\t\t<div class=\"col-inner text-center\"  >\n\t\t\t\n\t\t\t\n\n\n\t\t<div class=\"icon-box featured-box icon-box-top text-left\"  >\n\t\t\t\t\t<div class=\"icon-box-img\" style=\"width: 90px\">\n\t\t\t\t<div class=\"icon\">\n\t\t\t\t\t<div class=\"icon-inner\" >\n\t\t\t\t\t\t<img loading=\"lazy\" decoding=\"async\" width=\"200\" height=\"200\" src=\"https:\/\/i0.wp.com\/aiviouvapes.com\/wp-content\/uploads\/2024\/08\/support-1-1.png?fit=200%2C200&amp;ssl=1\" class=\"attachment-medium size-medium\" alt=\"Warum AIVIOUVAPES w\u00e4hlen\" srcset=\"https:\/\/i0.wp.com\/aiviouvapes.com\/wp-content\/uploads\/2024\/08\/support-1-1.png?w=200&amp;ssl=1 200w, https:\/\/i0.wp.com\/aiviouvapes.com\/wp-content\/uploads\/2024\/08\/support-1-1.png?resize=150%2C150&amp;ssl=1 150w, https:\/\/i0.wp.com\/aiviouvapes.com\/wp-content\/uploads\/2024\/08\/support-1-1.png?resize=12%2C12&amp;ssl=1 12w, https:\/\/i0.wp.com\/aiviouvapes.com\/wp-content\/uploads\/2024\/08\/support-1-1.png?resize=100%2C100&amp;ssl=1 100w\" sizes=\"auto, (max-width: 200px) 100vw, 200px\" title=\"\">\t\t\t\t\t<\/div>\n\t\t\t\t<\/div>\n\t\t\t<\/div>\n\t\t\t\t<div class=\"icon-box-text last-reset\">\n\t\t\t\t\t\t\t\t\t\n\n\t<div id=\"text-2701813818\" class=\"text\">\n\t\t\n\n<h3 style=\"text-align: center;\">Hilfe rund um die Uhr<\/h3>\n<p style=\"text-align: center;\">Erreichen Sie unser Support-Team jederzeit rund um die Uhr \u00fcber WhatsApp oder E-Mail.<\/p>\n\t\t\n<style>\n#text-2701813818 {\n  font-size: 0.9rem;\n}\n<\/style>\n\t<\/div>\n\t\n\n\t\t<\/div>\n\t<\/div>\n\t\n\t\n\n\t\t<\/div>\n\t\t\t\t\t<\/div>\n\n\t\n\n<\/div>\n<div class=\"row row-full-width align-middle\"  id=\"row-1726310716\">\n\n\n\t<div id=\"col-1873100953\" class=\"col medium-6 small-12 large-6\"  >\n\t\t\t\t<div class=\"col-inner\"  >\n\t\t\t\n\t\t\t\n\n\t<div class=\"img has-hover x md-x lg-x y md-y lg-y\" id=\"image_691085182\">\n\t\t\t\t\t\t\t\t<div class=\"img-inner dark\" >\n\t\t\t<img loading=\"lazy\" decoding=\"async\" width=\"930\" height=\"1024\" src=\"https:\/\/i0.wp.com\/aiviouvapes.com\/wp-content\/uploads\/2024\/08\/%E6%8B%BC%E5%9B%BE.jpg?fit=930%2C1024&amp;ssl=1\" class=\"attachment-large size-large\" alt=\"Warum AIVIOUVAPES w\u00e4hlen\" title=\"\">\t\t\t\t\t\t\n\t\t\t\t\t<\/div>\n\t\t\t\t\t\t\t\t\n<style>\n#image_691085182 {\n  width: 100%;\n}\n<\/style>\n\t<\/div>\n\t\n\n\n\t\t<\/div>\n\t\t\t\t\t<\/div>\n\n\t\n\n\t<div id=\"col-1643849985\" class=\"col medium-6 small-12 large-6\"  >\n\t\t\t\t<div class=\"col-inner\"  >\n\t\t\t\n\t\t\t\n\n<div class=\"container section-title-container\" ><h4 class=\"section-title section-title-normal\"><b aria-hidden=\"true\"><\/b><span class=\"section-title-main\" style=\"font-size:91%;\">Unsere Vorteile<\/span><b aria-hidden=\"true\"><\/b><\/h4><\/div>\n\n<div class=\"accordion\">\n\n\t<div id=\"accordion-2294069658\" class=\"accordion-item\">\n\t\t<a id=\"accordion-2294069658-label\" class=\"accordion-title plain\" href=\"#accordion-item-commitment-to-quality\" aria-expanded=\"false\" aria-controls=\"accordion-2294069658-content\">\n\t\t\t<button class=\"toggle\" aria-label=\"Umschalten\"><i class=\"icon-angle-down\" aria-hidden=\"true\"><\/i><\/button>\n\t\t\t<span>Bekenntnis zur Qualit\u00e4t<\/span>\n\t\t<\/a>\n\t\t<div id=\"accordion-2294069658-content\" class=\"accordion-inner\" aria-labelledby=\"accordion-2294069658-label\">\n\t\t\t\n\n<p>Unter <a href=\"https:\/\/aiviouvapes.com\/de\/\">AiviouVape<\/a>Qualit\u00e4t ist der Antrieb f\u00fcr alles, was wir tun. Unsere Einweg-Vaporizer werden sorgf\u00e4ltig hergestellt und strengen Tests unterzogen, um den h\u00f6chsten Standards zu entsprechen und jedes Mal ein reibungsloses, zuverl\u00e4ssiges Dampferlebnis zu gew\u00e4hrleisten. Mit unserem Versprechen, keine M\u00e4ngel und keine Beschwerden zu haben, k\u00f6nnen Sie darauf vertrauen, dass Sie das Beste bekommen.<\/p>\n\n\t\t<\/div>\n\t<\/div>\n\t\n\t<div id=\"accordion-314409533\" class=\"accordion-item\">\n\t\t<a id=\"accordion-314409533-label\" class=\"accordion-title plain\" href=\"#accordion-item-diverse-range-of-products\" aria-expanded=\"false\" aria-controls=\"accordion-314409533-content\">\n\t\t\t<button class=\"toggle\" aria-label=\"Umschalten\"><i class=\"icon-angle-down\" aria-hidden=\"true\"><\/i><\/button>\n\t\t\t<span>Vielf\u00e4ltige Produktpalette<\/span>\n\t\t<\/a>\n\t\t<div id=\"accordion-314409533-content\" class=\"accordion-inner\" aria-labelledby=\"accordion-314409533-label\">\n\t\t\t\n\n<p>Wir sind stolz darauf, eine gro\u00dfe Auswahl an hochwertigen Einwegdampfern f\u00fcr jeden Geschmack anbieten zu k\u00f6nnen. Von den neuesten Innovationen bis hin zu langj\u00e4hrigen Fan-Favoriten bietet unsere Auswahl bew\u00e4hrte Marken wie Waspe, Vapme, RandM Tornado, Bang Box, ELF Box und Bang King. Egal, ob Sie auf der Suche nach den k\u00fchnen Aromen von Vapme oder dem eleganten Design von RandM Tornado sind, unsere Kollektion hilft Ihnen, das perfekte Ger\u00e4t f\u00fcr Ihren Geschmack und Lebensstil zu finden.<\/p>\n\n\n\t\t<\/div>\n\t<\/div>\n\t\n\t<div id=\"accordion-2253441806\" class=\"accordion-item\">\n\t\t<a id=\"accordion-2253441806-label\" class=\"accordion-title plain\" href=\"#accordion-item-wholesale-and-retail-solutions\" aria-expanded=\"false\" aria-controls=\"accordion-2253441806-content\">\n\t\t\t<button class=\"toggle\" aria-label=\"Umschalten\"><i class=\"icon-angle-down\" aria-hidden=\"true\"><\/i><\/button>\n\t\t\t<span>L\u00f6sungen f\u00fcr Gro\u00dfhandel und Einzelhandel<\/span>\n\t\t<\/a>\n\t\t<div id=\"accordion-2253441806-content\" class=\"accordion-inner\" aria-labelledby=\"accordion-2253441806-label\">\n\t\t\t\n\n<p>AiviouVape erf\u00fcllt die Anforderungen von Einzel- und Gro\u00dfhandelskunden und liefert jedes Mal au\u00dfergew\u00f6hnliche Produkte und Dienstleistungen. Wenn Sie neu bei uns sind, empfehlen wir Ihnen, mit einer kleinen Charge zu beginnen, um unsere Qualit\u00e4t aus erster Hand zu erleben. Mit wettbewerbsf\u00e4higen Preisen und Premium-Standards sind wir die vertrauensw\u00fcrdige Wahl in der Einweg-Vaporizer-Branche.\u00a0<\/p>\n\n\t\t<\/div>\n\t<\/div>\n\t\n\t<div id=\"accordion-1325867495\" class=\"accordion-item\">\n\t\t<a id=\"accordion-1325867495-label\" class=\"accordion-title plain\" href=\"#accordion-item-continuous-improvement\" aria-expanded=\"false\" aria-controls=\"accordion-1325867495-content\">\n\t\t\t<button class=\"toggle\" aria-label=\"Umschalten\"><i class=\"icon-angle-down\" aria-hidden=\"true\"><\/i><\/button>\n\t\t\t<span>Kontinuierliche Verbesserung<\/span>\n\t\t<\/a>\n\t\t<div id=\"accordion-1325867495-content\" class=\"accordion-inner\" aria-labelledby=\"accordion-1325867495-label\">\n\t\t\t\n\n<p>Was AiviouVape auszeichnet, ist unser Engagement f\u00fcr au\u00dfergew\u00f6hnlichen Kundenservice. Egal, ob Sie vor dem Kauf Beratung oder Hilfe bei einer Bestellung ben\u00f6tigen, unser Team ist immer per WhatsApp oder E-Mail erreichbar. Wir sind bestrebt, dauerhafte Beziehungen zu unseren Kunden aufzubauen und Ihre Zufriedenheit auf jedem Schritt des Weges sicherzustellen.<\/p>\n\n\t\t<\/div>\n\t<\/div>\n\t\n\t<div id=\"accordion-3743747802\" class=\"accordion-item\">\n\t\t<a id=\"accordion-3743747802-label\" class=\"accordion-title plain\" href=\"#accordion-item-quality-assurance\" aria-expanded=\"false\" aria-controls=\"accordion-3743747802-content\">\n\t\t\t<button class=\"toggle\" aria-label=\"Umschalten\"><i class=\"icon-angle-down\" aria-hidden=\"true\"><\/i><\/button>\n\t\t\t<span>Qualit\u00e4tssicherung<\/span>\n\t\t<\/a>\n\t\t<div id=\"accordion-3743747802-content\" class=\"accordion-inner\" aria-labelledby=\"accordion-3743747802-label\">\n\t\t\t\n\n<p>In jeder Phase \u2013 Produktentwicklung, Produktion, Marketing und Vertrieb \u2013 bleibt unser Engagement f\u00fcr Qualit\u00e4t ungebrochen. Unsere Einweg-Vaporizer werden strengen Tests unterzogen, um sicherzustellen, dass sie ungiftig und rein sind und einen au\u00dfergew\u00f6hnlichen Geschmack bieten. Dieses Engagement f\u00fcr Spitzenleistungen bildet das R\u00fcckgrat unserer Unternehmenskultur.<\/p>\n\n\t\t<\/div>\n\t<\/div>\n\t\n\t<div id=\"accordion-3547625202\" class=\"accordion-item\">\n\t\t<a id=\"accordion-3547625202-label\" class=\"accordion-title plain\" href=\"#accordion-item-efficient-logistics-and-delivery\" aria-expanded=\"false\" aria-controls=\"accordion-3547625202-content\">\n\t\t\t<button class=\"toggle\" aria-label=\"Umschalten\"><i class=\"icon-angle-down\" aria-hidden=\"true\"><\/i><\/button>\n\t\t\t<span>Effiziente Logistik und Lieferung<\/span>\n\t\t<\/a>\n\t\t<div id=\"accordion-3547625202-content\" class=\"accordion-inner\" aria-labelledby=\"accordion-3547625202-label\">\n\t\t\t\n\n<p>AiviouVape bietet effiziente Logistik und Lieferung, einschlie\u00dflich DDP-Dienste (Delivered Duty Paid), die eine reibungslose Zollabfertigung ohne Geb\u00fchren oder Steuern gew\u00e4hrleisten. Mit schneller Lieferung und au\u00dfergew\u00f6hnlichem Kundensupport bieten wir ein reibungsloses und zuverl\u00e4ssiges Erlebnis und sind damit ein vertrauensw\u00fcrdiger Partner in der Branche.<\/p>\n\n\t\t<\/div>\n\t<\/div>\n\t\n\t<div id=\"accordion-2761920859\" class=\"accordion-item\">\n\t\t<a id=\"accordion-2761920859-label\" class=\"accordion-title plain\" href=\"#accordion-item-odm-and-oem-services\" aria-expanded=\"false\" aria-controls=\"accordion-2761920859-content\">\n\t\t\t<button class=\"toggle\" aria-label=\"Umschalten\"><i class=\"icon-angle-down\" aria-hidden=\"true\"><\/i><\/button>\n\t\t\t<span>ODM- und OEM-Dienstleistungen<\/span>\n\t\t<\/a>\n\t\t<div id=\"accordion-2761920859-content\" class=\"accordion-inner\" aria-labelledby=\"accordion-2761920859-label\">\n\t\t\t\n\n<p>AiviouVapes bietet umfassende ODM- (Original Design Manufacturing) und OEM- (Original Equipment Manufacturing) Dienstleistungen. Mit zwei gro\u00dfen Anlagen helfen wir unseren Kunden, einzigartige Produkte und auff\u00e4llige Logos f\u00fcr die Verpackung zu entwerfen. Wir bieten auch kostenlose Beratung zum Verpackungsdesign und unterst\u00fctzen Kunden, die ihre eigenen Produkte verpacken, damit ihre Marke auf dem Markt gl\u00e4nzt.<\/p>\n\n\t\t<\/div>\n\t<\/div>\n\t\n\n<\/div>\n\n\t\t<\/div>\n\t\t\t\t\t<\/div>\n\n\t\n\n<\/div>","protected":false},"excerpt":{"rendered":"<p>Aivono Mini Boxx 600 Puffs bietet bis zu 600 Z\u00fcge sanften, aromatischen Dampf mit einer E-Liquid-Kapazit\u00e4t von 2 ml und einem wiederaufladbaren 400-mAh-Akku. Erh\u00e4ltlich in verschiedenen Nikotinst\u00e4rken und Geschmacksrichtungen, ist es das perfekte tragbare, unkomplizierte E-Zigaretten-Ger\u00e4t f\u00fcr unterwegs.<\/p>","protected":false},"featured_media":9044,"comment_status":"open","ping_status":"closed","template":"","meta":[],"product_brand":[],"product_cat":[41,118,117,76,134,135,133,136,137,146,138,139,140,141,142,143,144,145,116,573,572],"product_tag":[],"class_list":{"0":"post-7439","1":"product","2":"type-product","3":"status-publish","4":"has-post-thumbnail","6":"product_cat-aivono-vapes","7":"product_cat-800-puffs-disposable-vape","8":"product_cat-different-puffs-of-diposable-vapes","9":"product_cat-disposable-vape-types","10":"product_cat-disposable-vapes-in-austria","11":"product_cat-disposable-vapes-in-belgium","12":"product_cat-disposable-vapes-in-europe","13":"product_cat-disposable-vapes-in-france","14":"product_cat-disposable-vapes-in-germany","15":"product_cat-disposable-vapes-in-hungary","16":"product_cat-disposable-vapes-in-ltaly","17":"product_cat-disposable-vapes-in-netherlands","18":"product_cat-disposable-vapes-in-norway","19":"product_cat-disposable-vapes-in-poland","20":"product_cat-disposable-vapes-in-portugal","21":"product_cat-disposable-vapes-in-spain","22":"product_cat-disposable-vapes-in-sweden","23":"product_cat-disposable-vapes-in-switzerland","24":"product_cat-mini-puffs-vapes","25":"product_cat-new-3","26":"product_cat-new-2","28":"first","29":"instock","30":"shipping-taxable","31":"purchasable","32":"product-type-variable","33":"has-default-attributes"},"jetpack_sharing_enabled":true,"tiered_pricing_type":"fixed","tiered_pricing_fixed_rules":{"2000":3.45999999999999996447286321199499070644378662109375},"tiered_pricing_product_settings":{"layout":"default","base_unit_name":{"singular":null,"plural":null},"default_variation":null},"tiered_pricing_minimum_quantity":1000,"tiered_pricing_roles_data":[],"tiered_pricing_percentage_rules":[],"tiered_pricing_maximum_quantity":null,"tiered_pricing_quantity_step":"10","_links":{"self":[{"href":"https:\/\/aiviouvapes.com\/de\/wp-json\/wp\/v2\/product\/7439","targetHints":{"allow":["GET"]}}],"collection":[{"href":"https:\/\/aiviouvapes.com\/de\/wp-json\/wp\/v2\/product"}],"about":[{"href":"https:\/\/aiviouvapes.com\/de\/wp-json\/wp\/v2\/types\/product"}],"replies":[{"embeddable":true,"href":"https:\/\/aiviouvapes.com\/de\/wp-json\/wp\/v2\/comments?post=7439"}],"wp:featuredmedia":[{"embeddable":true,"href":"https:\/\/aiviouvapes.com\/de\/wp-json\/wp\/v2\/media\/9044"}],"wp:attachment":[{"href":"https:\/\/aiviouvapes.com\/de\/wp-json\/wp\/v2\/media?parent=7439"}],"wp:term":[{"taxonomy":"product_brand","embeddable":true,"href":"https:\/\/aiviouvapes.com\/de\/wp-json\/wp\/v2\/product_brand?post=7439"},{"taxonomy":"product_cat","embeddable":true,"href":"https:\/\/aiviouvapes.com\/de\/wp-json\/wp\/v2\/product_cat?post=7439"},{"taxonomy":"product_tag","embeddable":true,"href":"https:\/\/aiviouvapes.com\/de\/wp-json\/wp\/v2\/product_tag?post=7439"}],"curies":[{"name":"wp","href":"https:\/\/api.w.org\/{rel}","templated":true}]}}