{"id":65805,"date":"2025-09-10T17:21:41","date_gmt":"2025-09-10T09:21:41","guid":{"rendered":"https:\/\/aiviouvapes.com\/?post_type=product&#038;p=65805"},"modified":"2026-03-17T14:05:39","modified_gmt":"2026-03-17T06:05:39","slug":"bang-legend-120k-5-in-1-120000-puffs","status":"publish","type":"product","link":"https:\/\/aiviouvapes.com\/de\/product\/bang-legend-120k-5-in-1-120000-puffs\/","title":{"rendered":"Bang Legend 120K | 120000 Z\u00fcge, 5-in-1, Multi-Geschmack, einstellbar, Bulk Einweg vape"},"content":{"rendered":"<h2>Warum sollte man sich f\u00fcr Bang Legend 120K entscheiden?<\/h2>\n<ul>\n<li>\ud83d\udca8 <strong>Massive Puffanzahl:<\/strong> Bis zu 120.000 Z\u00fcge f\u00fcr lang anhaltende Zufriedenheit.<\/li>\n<li>\ud83c\udfa8 <strong>5-in-1-Aroma-Modi:<\/strong> Wechseln Sie ganz einfach zwischen 5 Geschmacksrichtungen f\u00fcr endlose Geschmacksvielfalt.<\/li>\n<li>\ud83d\udd0b <strong>Wiederaufladbarer 850mAh-Akku:<\/strong> Zuverl\u00e4ssige und konstante Leistung.<\/li>\n<li>\u26a1 <strong>Mesh-Spulen-System:<\/strong> 5*Mesh Coils liefern kr\u00e4ftigen Geschmack und reiche Dampfwolken.<\/li>\n<li>\ud83d\udcfa <strong>Intelligente LED-Anzeige:<\/strong> \u00dcberpr\u00fcfen Sie jederzeit die Akkulaufzeit, die Anzahl der Puffs und den Geschmacksmodus.<\/li>\n<li>\ud83d\udd0c <strong>Typ-C Aufladen:<\/strong> Schnelles und effizientes Aufladen f\u00fcr Nutzer, die viel unterwegs sind.<\/li>\n<li>\ud83d\udce6 <strong>Gro\u00dfhandelstaugliche Verpackung:<\/strong> 10 St\u00fcck\/Packung, ideal f\u00fcr Vape-Shops und Vertreiber.<\/li>\n<li>\ud83c\udf0d <strong>Breites Geschmacksspektrum:<\/strong> 12 Multigeschmackssets (mehr als 60 einzigartige Geschmacksbezeichnungen), um verschiedene Kunden zufrieden zu stellen.<\/li>\n<\/ul>\n<h3>Spezifikationen<\/h3>\n<table>\n<tbody>\n<tr>\n<td><strong>Nikotinst\u00e4rke<\/strong><\/td>\n<td>2% \/ 3% \/ 5%<\/td>\n<\/tr>\n<tr>\n<td><strong>Anzahl der Puffs<\/strong><\/td>\n<td>Bis zu 120.000<\/td>\n<\/tr>\n<tr>\n<td><strong>Geschmacksmodi<\/strong><\/td>\n<td>5 einstellbare Geschmacksrichtungen<\/td>\n<\/tr>\n<tr>\n<td><strong>\u00d6ltank<\/strong><\/td>\n<td>5 Tanks<\/td>\n<\/tr>\n<tr>\n<td><strong>Fl\u00fcssigkeitskapazit\u00e4t<\/strong><\/td>\n<td>50ml<\/td>\n<\/tr>\n<tr>\n<td><strong>Batterie<\/strong><\/td>\n<td>850mAh wiederaufladbar<\/td>\n<\/tr>\n<tr>\n<td><strong>Coil<\/strong><\/td>\n<td>5*Maschenspule<\/td>\n<\/tr>\n<tr>\n<td><strong>LED-Bildschirm<\/strong><\/td>\n<td>Ja (Batterie, Puffanzahl, Geschmacksmodus)<\/td>\n<\/tr>\n<tr>\n<td><strong>Ladeanschluss<\/strong><\/td>\n<td>Typ-C<\/td>\n<\/tr>\n<tr>\n<td><strong>Verpackung<\/strong><\/td>\n<td>10 St\u00fcck\/Packung<\/td>\n<\/tr>\n<tr>\n<td><strong>Geschm\u00e4cker<\/strong><\/td>\n<td>12 Multigeschmackssets (siehe vollst\u00e4ndige Liste unten)<\/td>\n<\/tr>\n<\/tbody>\n<\/table>\n<h3>Geschm\u00e4cker<\/h3>\n<p>\ud83c\udf53 Unten sind alle 12 Multi-Flavor-Sets in Bang Legend 120K enthalten. Jedes Set enth\u00e4lt 5 Geschmacksrichtungen (5 Tanks \/ 5 Modi), so dass die Kunden on the fly wechseln k\u00f6nnen.<\/p>\n<ol>\n<li><strong>Satz 1:<\/strong> Energy Drink &amp; Heidelbeere Kirsche &amp; Apfel Traube &amp; Wassermelone Drachenfrucht &amp; Mamba<\/li>\n<li><strong>Satz 2:<\/strong> Energy Drink &amp; Pfirsich-Eis &amp; Mango-Eis &amp; Cranberry-Traube &amp; Schwarze Johannisbeere<\/li>\n<li><strong>Satz 3:<\/strong> Heidelbeere Himbeere &amp; Pfirsich Mango Wassermelone &amp; Kirsche Cola &amp; Traube Brombeere Eis &amp; Mango Pfirsich Aprikose<\/li>\n<li><strong>Satz 4:<\/strong> Heidelbeere-Himbeere &amp; Black Dragon Ice &amp; Rainbow Candy &amp; Fuji Ice &amp; Wassermelone-Sauerpfirsich<\/li>\n<li><strong>Satz 5:<\/strong> Blaubeereis &amp; Kiwi Passionsfrucht Guave &amp; Dreifach Melone &amp; Pfirsich Ananas &amp; Passionate Kiss<\/li>\n<li><strong>Satz 6:<\/strong> Blaubeereis &amp; Wassermelone Kaugummi &amp; Saurer Apfel Himbeere &amp; Lotusfrucht Mango Melone &amp; Passionsfrucht Kiwi Limette<\/li>\n<li><strong>Satz 7:<\/strong> Wassermeloneneis &amp; Gemischte Beeren &amp; Apfel-Birne &amp; Heidelbeer-Minze &amp; Summer Time<\/li>\n<li><strong>Satz 8:<\/strong> Wassermelone Ice &amp; Erdbeere Mango &amp; Kalifornische Kirsche &amp; Heidelbeere Pfirsich Ice &amp; Berry Cool<\/li>\n<li><strong>Satz 9:<\/strong> Erdbeer-Wassermelone &amp; Trauben-Eis &amp; Roter Mojito &amp; Bananen-Eis &amp; Zitrone-Limette<\/li>\n<li><strong>Satz 10:<\/strong> Erdbeere Wassermelone &amp; Cantaloupe Apfel &amp; Cola Eis &amp; Mango Pfirsich &amp; Liebe 66<\/li>\n<li><strong>Satz 11:<\/strong> Erdbeere Kiwi &amp; Erdbeere Banane &amp; Litschi Eis &amp; Wassermelone Beere &amp; Passionsfrucht Mango<\/li>\n<li><strong>Satz 12:<\/strong> Erdbeer-Kiwi &amp; Heidelbeer-Wassermelone &amp; Bear Fudge &amp; Heidelbeer-Kaugummi &amp; Saure Mango-Ananas<\/li>\n<\/ol>\n<h3>FAQ<\/h3>\n<p><strong>F: Wie lange h\u00e4lt die Bang Legend 120K?<\/strong><br \/>\nA: Mit bis zu 120.000 Z\u00fcgen und einem wiederaufladbaren 850-mAh-Akku kann er je nach Nutzung und Moduswechsel mehrere Wochen bis Monate halten. Die LED-Anzeige hilft bei der \u00dcberwachung der verbleibenden Lebensdauer.<\/p>\n<p><strong>F: Wie funktionieren die 5 Geschmacksrichtungen?<\/strong><br \/>\nA: Das Ger\u00e4t verf\u00fcgt \u00fcber 5 separate Tanks\/Modi. Verwenden Sie den Modusschalter (wie in der Bedienungsanleitung beschrieben), um sofort zwischen den geladenen Aromen umzuschalten.<\/p>\n<p><strong>F: Ist dieses Ger\u00e4t wiederaufladbar?<\/strong><br \/>\nA: Ja - es verwendet einen Typ-C-Ladeanschluss f\u00fcr schnelles, zuverl\u00e4ssiges Laden.<\/p>\n<p><strong>F: Ist die Nikotinst\u00e4rke anpassbar?<\/strong><br \/>\nA: Bestellungen sind in den Nikotinst\u00e4rken 2%, 3% oder 5% erh\u00e4ltlich. W\u00e4hlen Sie je nach Markt\/regionalen Pr\u00e4ferenzen und gesetzlichen Beschr\u00e4nkungen.<\/p>\n<p><strong>F: Kann ich im Gro\u00dfhandel kaufen?<\/strong><br \/>\nA: Ja. Die Verpackung besteht aus 10 St\u00fcck\/Packung und ist somit ideal f\u00fcr den Einzelhandel oder den Gro\u00dfhandel, um Vape-Shops und Online-Shops zu beliefern.<\/p>\n<p><strong>F: F\u00fcr wen ist dieses Produkt am besten geeignet?<\/strong><br \/>\nA: Heavy-User, Geschmacksj\u00e4ger, Vape-Shop-Besitzer und H\u00e4ndler, die einen gro\u00dfhandelstauglichen Einwegdampfer mit hoher Kapazit\u00e4t und gro\u00dfer Geschmacksvielfalt ben\u00f6tigen.<\/p>\n<p>&nbsp;<\/p>\n<p><strong>Bang Legende 120K<\/strong> wurde f\u00fcr M\u00e4rkte mit gro\u00dfer Nachfrage entwickelt - die gro\u00dfe Anzahl an Puffs, f\u00fcnf einstellbare Geschmacksmodi und ein umfangreicher Geschmackskatalog machen ihn zu einer Top-Auswahl f\u00fcr intensive Nutzer und Geschmackssuchende. Vape-Shops und Gro\u00dfh\u00e4ndler werden die 10er-Packung f\u00fcr den Einzelhandel und die hohe Attraktivit\u00e4t der Regale zu sch\u00e4tzen wissen. Legen Sie einen Vorrat an und bieten Sie Ihren Kunden einen langlebigen, vielseitigen Einwegdampfer, der sie immer wieder zur\u00fcckkommen l\u00e4sst. \ud83d\ude80<\/p>","protected":false},"excerpt":{"rendered":"<p>\ud83d\udd25Bang Legend 120K Einweg-Dampfger\u00e4t bringt Ihnen <strong>120.000 Z\u00fcge<\/strong>, <strong>5 einstellbare Geschmacksrichtungen<\/strong>und eine <strong>leistungsstarke wiederaufladbare Batterie<\/strong> - perfekt f\u00fcr Geschmacksj\u00e4ger, Vielverbraucher und Gro\u00dfabnehmer.<\/p>","protected":false},"featured_media":65813,"comment_status":"open","ping_status":"closed","template":"","meta":[],"product_brand":[239],"product_cat":[37,336,280,137,146,138,141,143],"product_tag":[306,303,305,304,302],"class_list":{"0":"post-65805","1":"product","2":"type-product","3":"status-publish","4":"has-post-thumbnail","6":"product_brand-bang","7":"product_cat-bang","8":"product_cat-100k-puffs-disposable-vape","9":"product_cat-cheap-rechargeable-disposable-vapes","10":"product_cat-disposable-vapes-in-germany","11":"product_cat-disposable-vapes-in-hungary","12":"product_cat-disposable-vapes-in-ltaly","13":"product_cat-disposable-vapes-in-poland","14":"product_cat-disposable-vapes-in-spain","15":"product_tag-best-disposable-vapes","16":"product_tag-screen-vape","17":"product_tag-vape-suppliers","18":"product_tag-wholesale-vapes","19":"product_tag-wholesale-vapor","21":"first","22":"instock","23":"shipping-taxable","24":"purchasable","25":"product-type-variable","26":"has-default-attributes"},"jetpack_sharing_enabled":true,"tiered_pricing_type":"fixed","tiered_pricing_fixed_rules":{"30":11.300000000000000710542735760100185871124267578125,"50":8.269999999999999573674358543939888477325439453125,"100":8.019999999999999573674358543939888477325439453125,"200":7.410000000000000142108547152020037174224853515625,"400":7.04000000000000003552713678800500929355621337890625},"tiered_pricing_product_settings":{"layout":"default","base_unit_name":{"singular":null,"plural":null},"default_variation":null},"tiered_pricing_minimum_quantity":10,"tiered_pricing_roles_data":[],"tiered_pricing_percentage_rules":[],"tiered_pricing_maximum_quantity":null,"tiered_pricing_quantity_step":"10","_links":{"self":[{"href":"https:\/\/aiviouvapes.com\/de\/wp-json\/wp\/v2\/product\/65805","targetHints":{"allow":["GET"]}}],"collection":[{"href":"https:\/\/aiviouvapes.com\/de\/wp-json\/wp\/v2\/product"}],"about":[{"href":"https:\/\/aiviouvapes.com\/de\/wp-json\/wp\/v2\/types\/product"}],"replies":[{"embeddable":true,"href":"https:\/\/aiviouvapes.com\/de\/wp-json\/wp\/v2\/comments?post=65805"}],"wp:featuredmedia":[{"embeddable":true,"href":"https:\/\/aiviouvapes.com\/de\/wp-json\/wp\/v2\/media\/65813"}],"wp:attachment":[{"href":"https:\/\/aiviouvapes.com\/de\/wp-json\/wp\/v2\/media?parent=65805"}],"wp:term":[{"taxonomy":"product_brand","embeddable":true,"href":"https:\/\/aiviouvapes.com\/de\/wp-json\/wp\/v2\/product_brand?post=65805"},{"taxonomy":"product_cat","embeddable":true,"href":"https:\/\/aiviouvapes.com\/de\/wp-json\/wp\/v2\/product_cat?post=65805"},{"taxonomy":"product_tag","embeddable":true,"href":"https:\/\/aiviouvapes.com\/de\/wp-json\/wp\/v2\/product_tag?post=65805"}],"curies":[{"name":"wp","href":"https:\/\/api.w.org\/{rel}","templated":true}]}}