{"id":5353,"date":"2024-08-19T03:51:49","date_gmt":"2024-08-18T19:51:49","guid":{"rendered":"https:\/\/aiviouvapes.com\/?post_type=product&#038;p=5353"},"modified":"2025-07-24T09:10:22","modified_gmt":"2025-07-24T01:10:22","slug":"aivono-winner-6000-puffs-disposable-wholesale","status":"publish","type":"product","link":"https:\/\/aiviouvapes.com\/de\/product\/aivono-winner-6000-puffs-disposable-wholesale\/","title":{"rendered":"AIVONO Winner 6000 Puffs | 0%-5% Nikotin, 26mL, Dual-Mesh, LCD-Display, Bulk vape"},"content":{"rendered":"<h2>AIVONO Winner 6000 Z\u00fcge | 0% 2% 3% 5% Nikotin, 26 ml E-Liquid, Dual Mesh Coils, LCD-Display, Typ C wiederaufladbar, Gro\u00dfkauf von Einweg-Vaporizern im Gro\u00dfhandel<\/h2>\n<h3>AIVONO WINNER 6000 Puffs \u00dcbersicht und Funktionen<\/h3>\n<p>Der AIVONO WINNER 6000 Puffs ist f\u00fcr langanhaltenden Genuss konzipiert und bietet bis zu 6000 Z\u00fcge mit einem gro\u00dfz\u00fcgigen Fassungsverm\u00f6gen von 15 ml E-Liquid, sodass kein h\u00e4ufiges Nachf\u00fcllen erforderlich ist. Angetrieben von einem 600 mAh-Akku unterst\u00fctzt dieses Ger\u00e4t l\u00e4ngere Vaping-Sitzungen, und der Ladeanschluss Typ C sorgt f\u00fcr schnelles, effizientes Aufladen. Erh\u00e4ltlich in den Nikotinst\u00e4rken 0%, 2% und 5%, ist es f\u00fcr verschiedene Vorlieben geeignet. Die 1,2 \u03a9 Mesh-Spule verbessert Geschmack und Dampfkonsistenz und macht jeden Zug sanft und angenehm.<\/p>\n<ul>\n<li><strong>Bis zu 6000 Z\u00fcge<\/strong>: Bietet umfassende Nutzung, maximiert Wert und Komfort.<\/li>\n<li><strong>15ml E-Liquid-Kapazit\u00e4t<\/strong>: Reduziert die Nachf\u00fcllh\u00e4ufigkeit f\u00fcr ununterbrochenen Genuss.<\/li>\n<li><strong>600mAh Akku<\/strong>: Garantiert zuverl\u00e4ssige Leistung mit schnellem Typ-C-Aufladen.<\/li>\n<li><strong>Nikotin-Optionen<\/strong>: Erh\u00e4ltlich in 0%, 2% und 5% f\u00fcr ein ma\u00dfgeschneidertes Erlebnis.<\/li>\n<li><strong>1,2\u03a9 Mesh-Spule<\/strong>: Bietet reichen, sanften Geschmack und gleichm\u00e4\u00dfige Dampfproduktion.<\/li>\n<\/ul>\n<h3>AIVONO WINNER 6000 Puffs Aromen auf Lager:<\/h3>\n<p>Wassermeloneneis, k\u00fchle Minze, Bananeneis, Blaubeere auf Eis, Pfirsicheis, Traubeneis, Grapefruit-Orange, Mango-Guave, Erdbeere-Passionsfrucht, Orangenlimonade.<\/p>\n<h3>Warum sollten Sie sich f\u00fcr den AIVONO WINNER 6000 Puffs entscheiden?<\/h3>\n<p>Der AIVONO WINNER 6000 Puffs kombiniert eine hohe Zugkapazit\u00e4t, eine vielf\u00e4ltige Auswahl an Geschmacksrichtungen und fortschrittliche Mesh-Coil-Technologie und ist damit die erste Wahl f\u00fcr alle, die Qualit\u00e4t und Komfort suchen. Sein leichtes, tragbares Design und der wiederaufladbare Akku machen ihn ideal f\u00fcr den Einsatz unterwegs, w\u00e4hrend das Einwegformat bedeutet, dass kein Nachf\u00fcllen oder keine Wartung erforderlich ist. Dieses Ger\u00e4t ist perfekt f\u00fcr den Gro\u00dfhandel und eine ausgezeichnete Option f\u00fcr Einzelh\u00e4ndler, die einen hochwertigen Einweg-Vaporizer anbieten m\u00f6chten. Der AIVONO WINNER 6000 Puffs bietet mit jedem Zug ein erstklassiges, zufriedenstellendes Dampferlebnis.<img data-recalc-dims=\"1\" loading=\"lazy\" decoding=\"async\" class=\"alignnone wp-image-8224 size-full\" title=\"AIVONO WINNER 6000 Puffs 0% 2% 5% Nikotin wiederaufladbare Bulk kaufen Einweg Vape Gro\u00dfhandel\" src=\"https:\/\/i0.wp.com\/aiviouvapes.com\/wp-content\/uploads\/2024\/08\/%E9%9B%86%E5%90%88%E5%9B%BE3.jpg?resize=1020%2C599&#038;ssl=1\" alt=\"AIVONO WINNER 6000 Puffs 0% 2% 5% Nikotin wiederaufladbare Bulk kaufen Einweg Vape Gro\u00dfhandel\" width=\"1020\" height=\"599\" srcset=\"https:\/\/i0.wp.com\/aiviouvapes.com\/wp-content\/uploads\/2024\/08\/%E9%9B%86%E5%90%88%E5%9B%BE3.jpg?w=1920&amp;ssl=1 1920w, https:\/\/i0.wp.com\/aiviouvapes.com\/wp-content\/uploads\/2024\/08\/%E9%9B%86%E5%90%88%E5%9B%BE3.jpg?resize=300%2C176&amp;ssl=1 300w, https:\/\/i0.wp.com\/aiviouvapes.com\/wp-content\/uploads\/2024\/08\/%E9%9B%86%E5%90%88%E5%9B%BE3.jpg?resize=1024%2C602&amp;ssl=1 1024w, https:\/\/i0.wp.com\/aiviouvapes.com\/wp-content\/uploads\/2024\/08\/%E9%9B%86%E5%90%88%E5%9B%BE3.jpg?resize=768%2C451&amp;ssl=1 768w, https:\/\/i0.wp.com\/aiviouvapes.com\/wp-content\/uploads\/2024\/08\/%E9%9B%86%E5%90%88%E5%9B%BE3.jpg?resize=1536%2C902&amp;ssl=1 1536w, https:\/\/i0.wp.com\/aiviouvapes.com\/wp-content\/uploads\/2024\/08\/%E9%9B%86%E5%90%88%E5%9B%BE3.jpg?resize=18%2C12&amp;ssl=1 18w, https:\/\/i0.wp.com\/aiviouvapes.com\/wp-content\/uploads\/2024\/08\/%E9%9B%86%E5%90%88%E5%9B%BE3.jpg?resize=800%2C470&amp;ssl=1 800w\" sizes=\"auto, (max-width: 1020px) 100vw, 1020px\" \/><\/p>","protected":false},"excerpt":{"rendered":"<p>AIVONO WINNER 6000 Puffs bietet bis zu 6000 Z\u00fcge mit einer E-Liquid-Kapazit\u00e4t von 15 ml, einer glatten 1,2-\u03a9-Netzspule und einem wiederaufladbaren 600-mAh-Akku. Erh\u00e4ltlich in den Nikotinst\u00e4rken 0%, 2% und 5%, bietet es gleichbleibenden Geschmack und Zufriedenheit in einem tragbaren, wartungsfreien Design.<\/p>","protected":false},"featured_media":5354,"comment_status":"open","ping_status":"closed","template":"","meta":[],"product_brand":[],"product_cat":[41,119,117,76,134,135,133,136,137,146,138,139,140,141,142,143,144,145,116,132],"product_tag":[],"class_list":{"0":"post-5353","1":"product","2":"type-product","3":"status-publish","4":"has-post-thumbnail","6":"product_cat-aivono-vapes","7":"product_cat-5000-puffs-disposable-vape","8":"product_cat-different-puffs-of-diposable-vapes","9":"product_cat-disposable-vape-types","10":"product_cat-disposable-vapes-in-austria","11":"product_cat-disposable-vapes-in-belgium","12":"product_cat-disposable-vapes-in-europe","13":"product_cat-disposable-vapes-in-france","14":"product_cat-disposable-vapes-in-germany","15":"product_cat-disposable-vapes-in-hungary","16":"product_cat-disposable-vapes-in-ltaly","17":"product_cat-disposable-vapes-in-netherlands","18":"product_cat-disposable-vapes-in-norway","19":"product_cat-disposable-vapes-in-poland","20":"product_cat-disposable-vapes-in-portugal","21":"product_cat-disposable-vapes-in-spain","22":"product_cat-disposable-vapes-in-sweden","23":"product_cat-disposable-vapes-in-switzerland","24":"product_cat-mini-puffs-vapes","25":"product_cat-rechargeable-vapes","27":"first","28":"instock","29":"shipping-taxable","30":"purchasable","31":"product-type-variable","32":"has-default-attributes"},"jetpack_sharing_enabled":true,"tiered_pricing_type":"fixed","tiered_pricing_fixed_rules":{"2000":5.12999999999999989341858963598497211933135986328125},"tiered_pricing_product_settings":{"layout":"default","base_unit_name":{"singular":null,"plural":null},"default_variation":null},"tiered_pricing_minimum_quantity":1000,"tiered_pricing_roles_data":[],"tiered_pricing_percentage_rules":[],"tiered_pricing_maximum_quantity":null,"tiered_pricing_quantity_step":"10","_links":{"self":[{"href":"https:\/\/aiviouvapes.com\/de\/wp-json\/wp\/v2\/product\/5353","targetHints":{"allow":["GET"]}}],"collection":[{"href":"https:\/\/aiviouvapes.com\/de\/wp-json\/wp\/v2\/product"}],"about":[{"href":"https:\/\/aiviouvapes.com\/de\/wp-json\/wp\/v2\/types\/product"}],"replies":[{"embeddable":true,"href":"https:\/\/aiviouvapes.com\/de\/wp-json\/wp\/v2\/comments?post=5353"}],"wp:featuredmedia":[{"embeddable":true,"href":"https:\/\/aiviouvapes.com\/de\/wp-json\/wp\/v2\/media\/5354"}],"wp:attachment":[{"href":"https:\/\/aiviouvapes.com\/de\/wp-json\/wp\/v2\/media?parent=5353"}],"wp:term":[{"taxonomy":"product_brand","embeddable":true,"href":"https:\/\/aiviouvapes.com\/de\/wp-json\/wp\/v2\/product_brand?post=5353"},{"taxonomy":"product_cat","embeddable":true,"href":"https:\/\/aiviouvapes.com\/de\/wp-json\/wp\/v2\/product_cat?post=5353"},{"taxonomy":"product_tag","embeddable":true,"href":"https:\/\/aiviouvapes.com\/de\/wp-json\/wp\/v2\/product_tag?post=5353"}],"curies":[{"name":"wp","href":"https:\/\/api.w.org\/{rel}","templated":true}]}}