{"id":52966,"date":"2025-08-12T10:02:17","date_gmt":"2025-08-12T02:02:17","guid":{"rendered":"https:\/\/aiviouvapes.com\/?post_type=product&#038;p=52966"},"modified":"2026-04-17T10:32:57","modified_gmt":"2026-04-17T02:32:57","slug":"bang-king-twins-50000","status":"publish","type":"product","link":"https:\/\/aiviouvapes.com\/de\/product\/bang-king-twins-50000\/","title":{"rendered":"Bang King Twins 50000 Puffs | doppelter Geschmack 56ml lang anhaltende Einweg-Vape"},"content":{"rendered":"<h2>Warum sollten Sie sich f\u00fcr Bang King Twins 50000 entscheiden?<\/h2>\n<ul>\n<li>\ud83d\udd25 Riesige Kapazit\u00e4t von 50.000 Puffs f\u00fcr langanhaltendes Vergn\u00fcgen<\/li>\n<li>\ud83c\udf79 Dual-Aroma-Kammern f\u00fcr ein einzigartiges Vaping-Erlebnis<\/li>\n<li>\ud83d\udca8 56mL e-liquid Kapazit\u00e4t f\u00fcr l\u00e4ngeren Gebrauch<\/li>\n<li>\u26a1 LED-Digitalanzeige zur \u00dcberwachung von Akku und E-Liquid<\/li>\n<li>\ud83d\udd0b Typ-C-Schnellladung f\u00fcr minimale Ausfallzeiten<\/li>\n<li>\ud83c\udf0e Ideal f\u00fcr Einzelhandelskunden und Gro\u00dfh\u00e4ndler<\/li>\n<\/ul>\n<p>Wenn Sie ein intensiver Dampfer, Geschmacksfanatiker oder ein Vape-Shop-Besitzer sind, der auf der Suche nach hochwertigen Massenprodukten ist, ist der Bang King Twins 50000 die ultimative Wahl. Mit seiner enormen Kapazit\u00e4t, der au\u00dfergew\u00f6hnlichen Geschmacksabgabe und dem praktischen Design ist er der perfekte Einwegdampfer f\u00fcr den pers\u00f6nlichen Gebrauch oder den Vertrieb in gro\u00dfem Ma\u00dfstab.<\/p>\n<h3>Bang King Twins 50000 Spezifikationen<\/h3>\n<table>\n<tbody>\n<tr>\n<td>Puff-Kapazit\u00e4t<\/td>\n<td>Bis zu 50.000 Z\u00fcge<\/td>\n<\/tr>\n<tr>\n<td>E-Liquid-Kapazit\u00e4t<\/td>\n<td>56mL (28mL + 28mL)<\/td>\n<\/tr>\n<tr>\n<td>Batterie<\/td>\n<td>650mAh, Typ-C wiederaufladbar<\/td>\n<\/tr>\n<tr>\n<td>Spulentyp<\/td>\n<td>1,0\u03a9 Mesh Coil<\/td>\n<\/tr>\n<tr>\n<td>Nikotin-Optionen<\/td>\n<td>2%, 3%, 5%<\/td>\n<\/tr>\n<tr>\n<td>Anzeige<\/td>\n<td>LED-Digitalbildschirm<\/td>\n<\/tr>\n<tr>\n<td>Gestaltung<\/td>\n<td>Schlankes, tragbares Geh\u00e4use mit zwei Kammern<\/td>\n<\/tr>\n<\/tbody>\n<\/table>\n<h3>Bang King Twins 50000 \u00dcberblick und Merkmale<\/h3>\n<p>Mit dem Bang King Twins 50000 bringen Sie Ihr Dampferlebnis auf die n\u00e4chste Stufe! Entwickelt f\u00fcr ernsthafte Wolkenj\u00e4ger und Geschmacksenthusiasten, bietet dieses Kraftpaket eine unglaubliche <strong>bis zu 50.000 Z\u00fcge<\/strong> von seinem massiven <strong>56mL e-Fl\u00fcssigkeit Kapazit\u00e4t<\/strong> - aufgeteilt in zwei getrennte Kammern f\u00fcr <strong>Doppelter Geschmacksgenuss<\/strong>. Die fortgeschrittene <strong>Netzspule<\/strong> liefert intensiven Geschmack und sanften Zug, w\u00e4hrend die <strong>LED-Digitalanzeige<\/strong> h\u00e4lt Sie \u00fcber den Batterie- und Fl\u00fcssigkeitsstand auf dem Laufenden. Egal, ob Sie ein Einzelhandelskunde oder ein Gro\u00dfabnehmer sind, dieses Ger\u00e4t ist f\u00fcr Leistung, Stil und Zufriedenheit gebaut.<\/p>\n<h3>Geschmacks-Kombinationen<\/h3>\n<table>\n<tbody>\n<tr>\n<th>Geschmacksrichtung A<\/th>\n<th>Geschmacksrichtung B<\/th>\n<\/tr>\n<tr>\n<td>Liebe 66<\/td>\n<td>Zitrone Maracuja<\/td>\n<\/tr>\n<tr>\n<td>Pfirsich-Guave-Erdbeere<\/td>\n<td>Sakura-Traube<\/td>\n<\/tr>\n<tr>\n<td>Erdbeere-Banane<\/td>\n<td>Heisenberg<\/td>\n<\/tr>\n<tr>\n<td>Blaues Razzeis<\/td>\n<td>Blauer Razzia Kirsche<\/td>\n<\/tr>\n<tr>\n<td>Erdbeere Wassermelone<\/td>\n<td>Erdbeer-Eiscreme<\/td>\n<\/tr>\n<tr>\n<td>Wassermelone Eis<\/td>\n<td>Wassermelone Hubba Bubba<\/td>\n<\/tr>\n<tr>\n<td>Doppelte Limette<\/td>\n<td>Eis Aloe Vera<\/td>\n<\/tr>\n<tr>\n<td>Mix Beere<\/td>\n<td>Erdbeer-Kiwi<\/td>\n<\/tr>\n<tr>\n<td>Super Cool Lychee<\/td>\n<td>Rosa Mann<\/td>\n<\/tr>\n<tr>\n<td>Saft Pfirsich Eis<\/td>\n<td>Erdbeer-Mango<\/td>\n<\/tr>\n<tr>\n<td>Cola Zitrone<\/td>\n<td>Erdbeer-Kegelspiel<\/td>\n<\/tr>\n<tr>\n<td>Pfirsich Mango Wassermelone<\/td>\n<td>Blauer Razzia Kirsche<\/td>\n<\/tr>\n<\/tbody>\n<\/table>\n<h3>Bang King Twins 50000 Geschmacksrichtungen auf Lager:<\/h3>\n<p>Love 66 &amp; Lemon Passion Fruit, Peach Guava Strawberry &amp; Sakura Grape, Strawberry Banana &amp; Heisenberg, Blue Razz Ice &amp; Blue Razz Cherry, Strawberry Watermelon &amp; Strawberry Ice Cream, Watermelon Ice &amp; Watermelon Hubba Bubba, Double Lime &amp; Ice Aloe Vera, Mix Berry &amp; Strawberry Kiwi, Super Cool Lychee &amp; Pink Man, Juice Peach Ice &amp; Strawberry Mango, Cola Lemon &amp; Strawberry Skittles, Peach Mango Watermelon &amp; Blue Razz Cherry.<a style=\"font-size: 14.4px;\" href=\"https:\/\/aiviouvapes.com\/wp-content\/uploads\/2025\/08\/Bang-King-Twins-50000-flavor-chart.avif\"><br \/>\n<img decoding=\"async\" class=\"alignnone size-full wp-image-52973\" src=\"https:\/\/aiviouvapes.com\/wp-content\/uploads\/2025\/08\/Bang-King-Twins-50000-flavor-chart.avif\" alt=\",\" title=\"\"><\/a><\/p>","protected":false},"excerpt":{"rendered":"<p>Bang King Twins 50000 liefert bis zu 50.000 Z\u00fcge mit einem Dual-Flavor-Doppelgeschmack lang anhaltenden Design, massive 56mL e-Fl\u00fcssigkeit, und LED-Anzeige. Perfekt f\u00fcr Geschmacksliebhaber, starke Benutzer und Gro\u00dfhandel Vape Verteilung.<\/p>","protected":false},"featured_media":52984,"comment_status":"open","ping_status":"closed","template":"","meta":[],"product_brand":[239],"product_cat":[37,280,137,146,138,141,143],"product_tag":[306,308,303,305,304,302],"class_list":{"0":"post-52966","1":"product","2":"type-product","3":"status-publish","4":"has-post-thumbnail","6":"product_brand-bang","7":"product_cat-bang","8":"product_cat-cheap-rechargeable-disposable-vapes","9":"product_cat-disposable-vapes-in-germany","10":"product_cat-disposable-vapes-in-hungary","11":"product_cat-disposable-vapes-in-ltaly","12":"product_cat-disposable-vapes-in-poland","13":"product_cat-disposable-vapes-in-spain","14":"product_tag-best-disposable-vapes","15":"product_tag-disposable-vape-in-europe","16":"product_tag-screen-vape","17":"product_tag-vape-suppliers","18":"product_tag-wholesale-vapes","19":"product_tag-wholesale-vapor","21":"first","22":"instock","23":"shipping-taxable","24":"purchasable","25":"product-type-variable","26":"has-default-attributes"},"jetpack_sharing_enabled":true,"tiered_pricing_type":"fixed","tiered_pricing_fixed_rules":{"30":7.6500000000000003552713678800500929355621337890625,"50":6.3499999999999996447286321199499070644378662109375,"100":5.57000000000000028421709430404007434844970703125,"200":5.19000000000000039079850466805510222911834716796875,"400":4.5999999999999996447286321199499070644378662109375},"tiered_pricing_product_settings":{"layout":"default","base_unit_name":{"singular":null,"plural":null},"default_variation":null},"tiered_pricing_minimum_quantity":10,"tiered_pricing_roles_data":[],"tiered_pricing_percentage_rules":[],"tiered_pricing_maximum_quantity":null,"tiered_pricing_quantity_step":"10","_links":{"self":[{"href":"https:\/\/aiviouvapes.com\/de\/wp-json\/wp\/v2\/product\/52966","targetHints":{"allow":["GET"]}}],"collection":[{"href":"https:\/\/aiviouvapes.com\/de\/wp-json\/wp\/v2\/product"}],"about":[{"href":"https:\/\/aiviouvapes.com\/de\/wp-json\/wp\/v2\/types\/product"}],"replies":[{"embeddable":true,"href":"https:\/\/aiviouvapes.com\/de\/wp-json\/wp\/v2\/comments?post=52966"}],"wp:featuredmedia":[{"embeddable":true,"href":"https:\/\/aiviouvapes.com\/de\/wp-json\/wp\/v2\/media\/52984"}],"wp:attachment":[{"href":"https:\/\/aiviouvapes.com\/de\/wp-json\/wp\/v2\/media?parent=52966"}],"wp:term":[{"taxonomy":"product_brand","embeddable":true,"href":"https:\/\/aiviouvapes.com\/de\/wp-json\/wp\/v2\/product_brand?post=52966"},{"taxonomy":"product_cat","embeddable":true,"href":"https:\/\/aiviouvapes.com\/de\/wp-json\/wp\/v2\/product_cat?post=52966"},{"taxonomy":"product_tag","embeddable":true,"href":"https:\/\/aiviouvapes.com\/de\/wp-json\/wp\/v2\/product_tag?post=52966"}],"curies":[{"name":"wp","href":"https:\/\/api.w.org\/{rel}","templated":true}]}}