{"id":5272,"date":"2024-08-19T03:33:10","date_gmt":"2024-08-18T19:33:10","guid":{"rendered":"https:\/\/aiviouvapes.com\/?post_type=product&#038;p=5272"},"modified":"2026-04-17T13:01:43","modified_gmt":"2026-04-17T05:01:43","slug":"aivono-aim-puff-star-6500-puffs-disposable-wholesale","status":"publish","type":"product","link":"https:\/\/aiviouvapes.com\/de\/product\/aivono-aim-puff-star-6500-puffs-disposable-wholesale\/","title":{"rendered":"AIVONO Aim Puff Star 6500 Puffs | 0%-5% Nikotin, 13mL, lose Einweg-Vape"},"content":{"rendered":"<h2>AIVONO Aim Puff Star 6500 Z\u00fcge | 0% 2% 5% Nikotin, 13 ml E-Liquid, 1,2 \u03a9 Mesh-Spule, Typ C wiederaufladbar, Einweg-Vaporizer in gro\u00dfen Mengen im Gro\u00dfhandel kaufen<\/h2>\n<h3>AIVONO AIM PUFF STAR 6500 Puffs \u00dcbersicht und Funktionen<\/h3>\n<p>Der AIVONO AIM PUFF STAR 6500 Puffs ist f\u00fcr langanhaltenden Genuss konzipiert und bietet bis zu 6500 Z\u00fcge mit einem 13-ml-E-Liquid-Beh\u00e4lter, sodass kein h\u00e4ufiges Nachf\u00fcllen erforderlich ist. Angetrieben von einem 400-mAh-Akku unterst\u00fctzt dieses Ger\u00e4t l\u00e4ngere Vaping-Sitzungen, w\u00e4hrend der Ladeanschluss Typ C f\u00fcr schnelles und effizientes Aufladen sorgt. Erh\u00e4ltlich in den Nikotinst\u00e4rken 0%, 2% und 5%, ist es f\u00fcr verschiedene Vorlieben geeignet. Die 1,2-\u03a9-Netzspule verbessert Geschmack und Dampfkonsistenz und sorgt mit jedem Zug f\u00fcr ein sanftes und angenehmes Dampferlebnis.<\/p>\n<ul>\n<li><strong>Bis zu 6500 Z\u00fcge<\/strong>: Erm\u00f6glicht eine dauerhafte Nutzung und maximiert Komfort und Zufriedenheit.<\/li>\n<li><strong>13ml E-Liquid-Kapazit\u00e4t<\/strong>: Reduziert den Nachf\u00fcllbedarf, ideal f\u00fcr ununterbrochenen Genuss.<\/li>\n<li><strong>400mAh Akku<\/strong>: Garantiert zuverl\u00e4ssige Leistung mit schnellem Typ-C-Aufladen.<\/li>\n<li><strong>Nikotin-Optionen<\/strong>: Erh\u00e4ltlich in 0%, 2% und 5% f\u00fcr ein ma\u00dfgeschneidertes Erlebnis.<\/li>\n<li><strong>1,2\u03a9 Mesh-Spule<\/strong>: Bietet reichen, sanften Geschmack und gleichm\u00e4\u00dfige Dampfproduktion.<\/li>\n<\/ul>\n<h3>AIVONO AIM PUFF STAR 6500 Puffs Aromen auf Lager:<\/h3>\n<p>Gemischte Beeren, Menthol-Bonbons, Erdbeer-Kiwi, gemischte Mango, Wassermelone, Erdbeereis, Energydrink, Blaue Himbeeren, Kokosmelone, Pfirsichsaft.<\/p>\n<h3>Warum sollten Sie sich f\u00fcr den AIVONO AIM PUFF STAR 6500 Puffs entscheiden?<\/h3>\n<p>Der AIVONO AIM PUFF STAR 6500 Puffs kombiniert hohe Puffkapazit\u00e4t, verschiedene Geschmacksrichtungen und fortschrittliche Mesh-Coil-Technologie und ist damit ideal f\u00fcr Dampfer, die Qualit\u00e4t und Komfort suchen. Sein kompaktes, tragbares Design und der wiederaufladbare Akku sind perfekt f\u00fcr den Einsatz unterwegs, w\u00e4hrend das Einwegformat die Wartung \u00fcberfl\u00fcssig macht. Dieses Ger\u00e4t ist ideal f\u00fcr den Gro\u00dfhandel und eine ausgezeichnete Option f\u00fcr Einzelh\u00e4ndler, die einen hochwertigen Einweg-Vape anbieten m\u00f6chten. Egal, ob Sie ein erfahrener Dampfer oder ein Neuling sind, der AIVONO AIM PUFF STAR 6500 Puffs verspricht mit jedem Zug ein zufriedenstellendes und geschmackvolles Erlebnis.<\/p>\n<p><img data-recalc-dims=\"1\" loading=\"lazy\" decoding=\"async\" class=\"alignnone wp-image-8222 size-full\" title=\"AIVONO AIM PUFF STAR 6500 Puffs 0% 2% 5% Nikotin Wiederaufladbar Bulk Kaufen Einweg Vape Gro\u00dfhandel\" src=\"https:\/\/i0.wp.com\/aiviouvapes.com\/wp-content\/uploads\/2024\/08\/1-21.jpg?resize=1020%2C816&#038;ssl=1\" alt=\"AIVONO AIM PUFF STAR 6500 Puffs 0% 2% 5% Nikotin Wiederaufladbar Bulk Kaufen Einweg Vape Gro\u00dfhandel\" width=\"1020\" height=\"816\" srcset=\"https:\/\/i0.wp.com\/aiviouvapes.com\/wp-content\/uploads\/2024\/08\/1-21.jpg?w=1876&amp;ssl=1 1876w, https:\/\/i0.wp.com\/aiviouvapes.com\/wp-content\/uploads\/2024\/08\/1-21.jpg?resize=300%2C240&amp;ssl=1 300w, https:\/\/i0.wp.com\/aiviouvapes.com\/wp-content\/uploads\/2024\/08\/1-21.jpg?resize=1024%2C819&amp;ssl=1 1024w, https:\/\/i0.wp.com\/aiviouvapes.com\/wp-content\/uploads\/2024\/08\/1-21.jpg?resize=768%2C614&amp;ssl=1 768w, https:\/\/i0.wp.com\/aiviouvapes.com\/wp-content\/uploads\/2024\/08\/1-21.jpg?resize=1536%2C1228&amp;ssl=1 1536w, https:\/\/i0.wp.com\/aiviouvapes.com\/wp-content\/uploads\/2024\/08\/1-21.jpg?resize=15%2C12&amp;ssl=1 15w, https:\/\/i0.wp.com\/aiviouvapes.com\/wp-content\/uploads\/2024\/08\/1-21.jpg?resize=800%2C640&amp;ssl=1 800w\" sizes=\"auto, (max-width: 1020px) 100vw, 1020px\" \/><\/p>","protected":false},"excerpt":{"rendered":"<p>\u2764\ufe0f\ud83d\udca8AIVONO AIM PUFF STAR 6500 Puffs bietet bis zu 6500 Z\u00fcge, eine 13ml E-Liquid-Kapazit\u00e4t und einen 400mAh-Akku f\u00fcr langes, stressfreies Dampfen. Erh\u00e4ltlich in mehreren Nikotinst\u00e4rken, es verf\u00fcgt \u00fcber eine 1,2\u03a9 Mesh-Spule f\u00fcr glatte, geschmackvolle Dampf. Perfekt f\u00fcr den pers\u00f6nlichen Gebrauch und den Gro\u00dfhandel.<\/p>","protected":false},"featured_media":5290,"comment_status":"open","ping_status":"closed","template":"","meta":[],"product_brand":[],"product_cat":[41,119,120,90,117,76,134,135,133,136,137,146,138,139,140,141,142,143,144,145,573,572,132],"product_tag":[],"class_list":{"0":"post-5272","1":"product","2":"type-product","3":"status-publish","4":"has-post-thumbnail","6":"product_cat-aivono-vapes","7":"product_cat-5000-puffs-disposable-vape","8":"product_cat-8000-puffs-disposable-vape","9":"product_cat-big-puffs-vapes","10":"product_cat-different-puffs-of-diposable-vapes","11":"product_cat-disposable-vape-types","12":"product_cat-disposable-vapes-in-austria","13":"product_cat-disposable-vapes-in-belgium","14":"product_cat-disposable-vapes-in-europe","15":"product_cat-disposable-vapes-in-france","16":"product_cat-disposable-vapes-in-germany","17":"product_cat-disposable-vapes-in-hungary","18":"product_cat-disposable-vapes-in-ltaly","19":"product_cat-disposable-vapes-in-netherlands","20":"product_cat-disposable-vapes-in-norway","21":"product_cat-disposable-vapes-in-poland","22":"product_cat-disposable-vapes-in-portugal","23":"product_cat-disposable-vapes-in-spain","24":"product_cat-disposable-vapes-in-sweden","25":"product_cat-disposable-vapes-in-switzerland","26":"product_cat-new-3","27":"product_cat-new-2","28":"product_cat-rechargeable-vapes","30":"first","31":"instock","32":"shipping-taxable","33":"purchasable","34":"product-type-variable","35":"has-default-attributes"},"jetpack_sharing_enabled":true,"tiered_pricing_type":"fixed","tiered_pricing_fixed_rules":{"2000":5.589999999999999857891452847979962825775146484375},"tiered_pricing_product_settings":{"layout":"default","base_unit_name":{"singular":null,"plural":null},"default_variation":null},"tiered_pricing_minimum_quantity":1000,"tiered_pricing_roles_data":[],"tiered_pricing_percentage_rules":[],"tiered_pricing_maximum_quantity":null,"tiered_pricing_quantity_step":"10","_links":{"self":[{"href":"https:\/\/aiviouvapes.com\/de\/wp-json\/wp\/v2\/product\/5272","targetHints":{"allow":["GET"]}}],"collection":[{"href":"https:\/\/aiviouvapes.com\/de\/wp-json\/wp\/v2\/product"}],"about":[{"href":"https:\/\/aiviouvapes.com\/de\/wp-json\/wp\/v2\/types\/product"}],"replies":[{"embeddable":true,"href":"https:\/\/aiviouvapes.com\/de\/wp-json\/wp\/v2\/comments?post=5272"}],"wp:featuredmedia":[{"embeddable":true,"href":"https:\/\/aiviouvapes.com\/de\/wp-json\/wp\/v2\/media\/5290"}],"wp:attachment":[{"href":"https:\/\/aiviouvapes.com\/de\/wp-json\/wp\/v2\/media?parent=5272"}],"wp:term":[{"taxonomy":"product_brand","embeddable":true,"href":"https:\/\/aiviouvapes.com\/de\/wp-json\/wp\/v2\/product_brand?post=5272"},{"taxonomy":"product_cat","embeddable":true,"href":"https:\/\/aiviouvapes.com\/de\/wp-json\/wp\/v2\/product_cat?post=5272"},{"taxonomy":"product_tag","embeddable":true,"href":"https:\/\/aiviouvapes.com\/de\/wp-json\/wp\/v2\/product_tag?post=5272"}],"curies":[{"name":"wp","href":"https:\/\/api.w.org\/{rel}","templated":true}]}}