{"id":4580,"date":"2024-08-17T13:31:53","date_gmt":"2024-08-17T13:31:53","guid":{"rendered":"https:\/\/aiviouvapes.com\/?post_type=product&#038;p=4580"},"modified":"2026-03-24T11:27:12","modified_gmt":"2026-03-24T03:27:12","slug":"bang-bc-box-15000-puffs-disposable-wholesale","status":"publish","type":"product","link":"https:\/\/aiviouvapes.com\/de\/product\/bang-bc-box-15000-puffs-disposable-wholesale\/","title":{"rendered":"Bang BC Box 15000 Puffs | 0%-5% Nikotin, 25mL, Bulk Einweg vape"},"content":{"rendered":"<h2>Bang BC Box 15000 Z\u00fcge | 0% 2% 3% 5% Nikotin, 25 ml E-Liquid, Mesh-Coil-Technologie, Typ C wiederaufladbar, Gro\u00dfkauf von Einweg-Vaporizern im Gro\u00dfhandel<\/h2>\n<h3>Bang BC Box 15000 Puffs \u00dcbersicht und Funktionen<\/h3>\n<p>Die Bang BC Box 15000 ist f\u00fcr ein l\u00e4ngeres Dampfvergn\u00fcgen konzipiert und verf\u00fcgt \u00fcber einen gro\u00dfz\u00fcgigen 25-ml-E-Liquid-Beh\u00e4lter, der bis zu 15.000 Z\u00fcge liefert. Angetrieben von einem robusten 650-mAh-Akku und ausgestattet mit einem Ladeanschluss Typ C bietet dieses Ger\u00e4t effizientes Energiemanagement und minimale Ausfallzeiten. Seine fortschrittliche Mesh-Coil-Technologie verbessert die Geschmacksabgabe und sorgt f\u00fcr eine gleichm\u00e4\u00dfige, konsistente Dampferzeugung. Mit den Nikotinoptionen 0%, 2%, 3% und 5% erf\u00fcllt die BC Box eine Vielzahl von Dampfpr\u00e4ferenzen und bietet ein personalisiertes und angenehmes Erlebnis.<\/p>\n<ul>\n<li><strong>Bis zu 15.000 Puffs<\/strong>: Bietet umfangreichen Nutzen f\u00fcr langanhaltende Freude.<\/li>\n<li><strong>25ml E-Liquid-Kapazit\u00e4t<\/strong>: Minimiert den Bedarf an h\u00e4ufigem Nachf\u00fcllen und erm\u00f6glicht unterbrechungsfreie Sitzungen.<\/li>\n<li><strong>650mAh Akku<\/strong>: Gew\u00e4hrleistet eine l\u00e4ngere Nutzung durch schnelles, bequemes Aufladen \u00fcber Typ C.<\/li>\n<li><strong>Nikotin-Optionen<\/strong>: Erh\u00e4ltlich in 0%, 2%, 3% und 5%, um unterschiedlichen Vorlieben gerecht zu werden.<\/li>\n<li><strong>Mesh-Spulen-Technologie<\/strong>: Liefert sanften, reichhaltigen Dampf mit verbessertem Geschmack.<\/li>\n<\/ul>\n<h3>Bang BC Box 15000 Puffs Aromen auf Lager:<\/h3>\n<p>Blaubeer-Himbeere, Erdbeer-Banane, Himbeer-saurer Apfel, Traubengelee, Blaubeer-Erdbeere, Erdbeer-Kiwi, Mango auf Eis, Kirsch-Cola, Erdbeer-Wassermelone, Wassermeloneneis, Erdbeer-Traube, gemischte Beeren.<\/p>\n<h3>Warum sollten Sie sich f\u00fcr die Bang BC Box 15000 Puffs entscheiden?<\/h3>\n<p>Die Bang BC Box 15000 kombiniert Langlebigkeit mit Geschmackskonsistenz und bietet eine beeindruckende Kapazit\u00e4t von 15.000 Z\u00fcgen und fortschrittliche Mesh-Coil-Technologie. Ihr kompaktes Design und der zuverl\u00e4ssige 650-mAh-Akku machen sie ideal f\u00fcr das Dampfen unterwegs. Der Ladeanschluss Typ C reduziert Ausfallzeiten und sorgt daf\u00fcr, dass Sie l\u00e4ngere Sitzungen ohne Unterbrechung genie\u00dfen k\u00f6nnen. Die Bang BC Box 15000 ist im Gro\u00dfhandel erh\u00e4ltlich und eine ausgezeichnete Wahl f\u00fcr Einzelh\u00e4ndler, die einen hochwertigen Einweg-Vaporizer anbieten m\u00f6chten. Egal, ob Sie Gelegenheitsnutzer oder Dampf-Enthusiast sind, dieses Ger\u00e4t verspricht ein reichhaltiges, zufriedenstellendes Dampferlebnis.<\/p>\n<p><a href=\"https:\/\/i0.wp.com\/aiviouvapes.com\/wp-content\/uploads\/2024\/08\/15000%E5%8F%A3.599.jpg?ssl=1\"><img data-recalc-dims=\"1\" loading=\"lazy\" decoding=\"async\" class=\"alignnone size-full wp-image-8111\" title=\"Bang BC Box 15000 Puffs 2% 5% Nikotin wiederaufladbare Bulk kaufen Einweg Vape Gro\u00dfhandel\" src=\"https:\/\/i0.wp.com\/aiviouvapes.com\/wp-content\/uploads\/2024\/08\/15000%E5%8F%A3.599.jpg?resize=1020%2C574&#038;ssl=1\" alt=\"Bang BC Box 15000 Puffs 2% 5% Nikotin wiederaufladbare Bulk kaufen Einweg Vape Gro\u00dfhandel\" width=\"1020\" height=\"574\" srcset=\"https:\/\/i0.wp.com\/aiviouvapes.com\/wp-content\/uploads\/2024\/08\/15000%E5%8F%A3.599.jpg?w=1920&amp;ssl=1 1920w, https:\/\/i0.wp.com\/aiviouvapes.com\/wp-content\/uploads\/2024\/08\/15000%E5%8F%A3.599.jpg?resize=300%2C169&amp;ssl=1 300w, https:\/\/i0.wp.com\/aiviouvapes.com\/wp-content\/uploads\/2024\/08\/15000%E5%8F%A3.599.jpg?resize=1024%2C576&amp;ssl=1 1024w, https:\/\/i0.wp.com\/aiviouvapes.com\/wp-content\/uploads\/2024\/08\/15000%E5%8F%A3.599.jpg?resize=768%2C432&amp;ssl=1 768w, https:\/\/i0.wp.com\/aiviouvapes.com\/wp-content\/uploads\/2024\/08\/15000%E5%8F%A3.599.jpg?resize=1536%2C864&amp;ssl=1 1536w, https:\/\/i0.wp.com\/aiviouvapes.com\/wp-content\/uploads\/2024\/08\/15000%E5%8F%A3.599.jpg?resize=18%2C10&amp;ssl=1 18w, https:\/\/i0.wp.com\/aiviouvapes.com\/wp-content\/uploads\/2024\/08\/15000%E5%8F%A3.599.jpg?resize=800%2C450&amp;ssl=1 800w\" sizes=\"auto, (max-width: 1020px) 100vw, 1020px\" \/><\/a> <a href=\"https:\/\/i0.wp.com\/aiviouvapes.com\/wp-content\/uploads\/2024\/08\/15000%E5%8F%A3%E5%B8%A6%E5%B1%8F%E5%B9%95%E6%95%88%E6%9E%9C-01.jpg?ssl=1\"><img data-recalc-dims=\"1\" loading=\"lazy\" decoding=\"async\" class=\"alignnone size-full wp-image-8112\" title=\"Bang BC Box 15000 Puffs 2% 5% Nikotin wiederaufladbare Bulk kaufen Einweg Vape Gro\u00dfhandel\" src=\"https:\/\/i0.wp.com\/aiviouvapes.com\/wp-content\/uploads\/2024\/08\/15000%E5%8F%A3%E5%B8%A6%E5%B1%8F%E5%B9%95%E6%95%88%E6%9E%9C-01.jpg?resize=1020%2C660&#038;ssl=1\" alt=\"Bang BC Box 15000 Puffs 2% 5% Nikotin wiederaufladbare Bulk kaufen Einweg Vape Gro\u00dfhandel\" width=\"1020\" height=\"660\" srcset=\"https:\/\/i0.wp.com\/aiviouvapes.com\/wp-content\/uploads\/2024\/08\/15000%E5%8F%A3%E5%B8%A6%E5%B1%8F%E5%B9%95%E6%95%88%E6%9E%9C-01.jpg?w=1920&amp;ssl=1 1920w, https:\/\/i0.wp.com\/aiviouvapes.com\/wp-content\/uploads\/2024\/08\/15000%E5%8F%A3%E5%B8%A6%E5%B1%8F%E5%B9%95%E6%95%88%E6%9E%9C-01.jpg?resize=300%2C194&amp;ssl=1 300w, https:\/\/i0.wp.com\/aiviouvapes.com\/wp-content\/uploads\/2024\/08\/15000%E5%8F%A3%E5%B8%A6%E5%B1%8F%E5%B9%95%E6%95%88%E6%9E%9C-01.jpg?resize=1024%2C662&amp;ssl=1 1024w, https:\/\/i0.wp.com\/aiviouvapes.com\/wp-content\/uploads\/2024\/08\/15000%E5%8F%A3%E5%B8%A6%E5%B1%8F%E5%B9%95%E6%95%88%E6%9E%9C-01.jpg?resize=768%2C497&amp;ssl=1 768w, https:\/\/i0.wp.com\/aiviouvapes.com\/wp-content\/uploads\/2024\/08\/15000%E5%8F%A3%E5%B8%A6%E5%B1%8F%E5%B9%95%E6%95%88%E6%9E%9C-01.jpg?resize=1536%2C994&amp;ssl=1 1536w, https:\/\/i0.wp.com\/aiviouvapes.com\/wp-content\/uploads\/2024\/08\/15000%E5%8F%A3%E5%B8%A6%E5%B1%8F%E5%B9%95%E6%95%88%E6%9E%9C-01.jpg?resize=18%2C12&amp;ssl=1 18w, https:\/\/i0.wp.com\/aiviouvapes.com\/wp-content\/uploads\/2024\/08\/15000%E5%8F%A3%E5%B8%A6%E5%B1%8F%E5%B9%95%E6%95%88%E6%9E%9C-01.jpg?resize=800%2C518&amp;ssl=1 800w\" sizes=\"auto, (max-width: 1020px) 100vw, 1020px\" \/><\/a><\/p>\n<h3>Warum AiviouVapes w\u00e4hlen<\/h3>\n<p>Willkommen bei <a href=\"https:\/\/aiviouvapes.com\/de\/\">AiviouVapes<\/a> - Ihre vertrauensw\u00fcrdige Quelle f\u00fcr erstklassige, erschwingliche <a href=\"https:\/\/aiviouvapes.com\/de\/shop\/\">Gro\u00dfhandel Einweg-Vapes<\/a> zu wirklich niedrigen Preisen. Mit mehr als f\u00fcnf Jahren Erfahrung in der Vape-Branche bieten wir eine handverlesene Auswahl an f\u00fchrenden Marken, darunter <a href=\"https:\/\/aiviouvapes.com\/de\/produkt-kategorie\/waspe\/\">WASPE<\/a>, <a href=\"https:\/\/aiviouvapes.com\/de\/produkt-kategorie\/bang\/\">Bang Vape<\/a>, <a href=\"https:\/\/aiviouvapes.com\/de\/produkt-kategorie\/vapme-vapes\/\">Vapme<\/a>und <a href=\"https:\/\/aiviouvapes.com\/de\/produkt-kategorie\/mrvi\/\">MRVI<\/a>.<\/p>\n<p>Von High-Puff-Ger\u00e4ten wie dem <a href=\"https:\/\/aiviouvapes.com\/de\/produkt\/waspe-4-in-1-100000-puffs\/\">WASPE 100K 4-in-1-Geschmack<\/a> zu fetten Favoriten wie dem <a href=\"https:\/\/aiviouvapes.com\/de\/produkt\/bang-king-triple-flavors-85000\/\">Bang 85.000 Dreifach-Puff<\/a>und sogar das spannende <a class=\"woocommerce-LoopProduct-link woocommerce-loop-product__link\" href=\"https:\/\/aiviouvapes.com\/de\/produkt\/mystery-vape-blind-box\/\">Geheimnisvolle Einweg-Vape-Box<\/a>Jedes Produkt wird nach h\u00f6chster Qualit\u00e4t und unschlagbarem Wert ausgew\u00e4hlt. Bei AiviouVapes genie\u00dfen Sie einen gro\u00dfartigen Service, Einsparungen im Gro\u00dfhandel und eine Kollektion, die auf Ihre Bed\u00fcrfnisse zugeschnitten ist.<\/p>\n<div class=\"row row-large row-full-width align-middle\"  id=\"row-723571486\">\n\n\n\t<div id=\"col-474138629\" class=\"col medium-3 small-6 large-3\"  >\n\t\t\t\t<div class=\"col-inner text-center\"  >\n\t\t\t\n\t\t\t\n\n\n\t\t<div class=\"icon-box featured-box icon-box-top text-left\"  >\n\t\t\t\t\t<div class=\"icon-box-img\" style=\"width: 90px\">\n\t\t\t\t<div class=\"icon\">\n\t\t\t\t\t<div class=\"icon-inner\" >\n\t\t\t\t\t\t<img loading=\"lazy\" decoding=\"async\" width=\"200\" height=\"200\" src=\"https:\/\/i0.wp.com\/aiviouvapes.com\/wp-content\/uploads\/2024\/08\/vape-1-1.png?fit=200%2C200&amp;ssl=1\" class=\"attachment-medium size-medium\" alt=\"Warum AIVIOUVAPES w\u00e4hlen\" srcset=\"https:\/\/i0.wp.com\/aiviouvapes.com\/wp-content\/uploads\/2024\/08\/vape-1-1.png?w=200&amp;ssl=1 200w, https:\/\/i0.wp.com\/aiviouvapes.com\/wp-content\/uploads\/2024\/08\/vape-1-1.png?resize=150%2C150&amp;ssl=1 150w, https:\/\/i0.wp.com\/aiviouvapes.com\/wp-content\/uploads\/2024\/08\/vape-1-1.png?resize=12%2C12&amp;ssl=1 12w, https:\/\/i0.wp.com\/aiviouvapes.com\/wp-content\/uploads\/2024\/08\/vape-1-1.png?resize=100%2C100&amp;ssl=1 100w\" sizes=\"auto, (max-width: 200px) 100vw, 200px\" title=\"\">\t\t\t\t\t<\/div>\n\t\t\t\t<\/div>\n\t\t\t<\/div>\n\t\t\t\t<div class=\"icon-box-text last-reset\">\n\t\t\t\t\t\t\t\t\t\n\n\t<div id=\"text-431579245\" class=\"text\">\n\t\t\n\n<h3 style=\"text-align: center;\">Umfangreiches Vape-Sortiment<\/h3>\n<p style=\"text-align: center;\">Entdecken Sie unsere gro\u00dfe Produktpalette f\u00fcr jeden Geschmack.<\/p>\n\t\t\n<style>\n#text-431579245 {\n  font-size: 0.9rem;\n}\n<\/style>\n\t<\/div>\n\t\n\n\t\t<\/div>\n\t<\/div>\n\t\n\t\n\n\t\t<\/div>\n\t\t\t\t\t<\/div>\n\n\t\n\n\t<div id=\"col-1054018370\" class=\"col medium-3 small-6 large-3\"  >\n\t\t\t\t<div class=\"col-inner text-center\"  >\n\t\t\t\n\t\t\t\n\n\n\t\t<div class=\"icon-box featured-box icon-box-top text-left\"  >\n\t\t\t\t\t<div class=\"icon-box-img\" style=\"width: 90px\">\n\t\t\t\t<div class=\"icon\">\n\t\t\t\t\t<div class=\"icon-inner\" >\n\t\t\t\t\t\t<img loading=\"lazy\" decoding=\"async\" width=\"200\" height=\"200\" src=\"https:\/\/i0.wp.com\/aiviouvapes.com\/wp-content\/uploads\/2024\/08\/save-money-1-1-1.png?fit=200%2C200&amp;ssl=1\" class=\"attachment-medium size-medium\" alt=\"Warum AIVIOUVAPES w\u00e4hlen\" srcset=\"https:\/\/i0.wp.com\/aiviouvapes.com\/wp-content\/uploads\/2024\/08\/save-money-1-1-1.png?w=200&amp;ssl=1 200w, https:\/\/i0.wp.com\/aiviouvapes.com\/wp-content\/uploads\/2024\/08\/save-money-1-1-1.png?resize=150%2C150&amp;ssl=1 150w, https:\/\/i0.wp.com\/aiviouvapes.com\/wp-content\/uploads\/2024\/08\/save-money-1-1-1.png?resize=12%2C12&amp;ssl=1 12w, https:\/\/i0.wp.com\/aiviouvapes.com\/wp-content\/uploads\/2024\/08\/save-money-1-1-1.png?resize=100%2C100&amp;ssl=1 100w\" sizes=\"auto, (max-width: 200px) 100vw, 200px\" title=\"\">\t\t\t\t\t<\/div>\n\t\t\t\t<\/div>\n\t\t\t<\/div>\n\t\t\t\t<div class=\"icon-box-text last-reset\">\n\t\t\t\t\t\t\t\t\t\n\n\t<div id=\"text-2460652592\" class=\"text\">\n\t\t\n\n<h3 style=\"text-align: center;\">Unschlagbarer Wert<\/h3>\n<p style=\"text-align: center;\">Freuen Sie sich \u00fcber Produkte h\u00f6chster Qualit\u00e4t zu Preisen, die zu Ihrem Budget passen.<\/p>\n\t\t\n<style>\n#text-2460652592 {\n  font-size: 0.9rem;\n}\n<\/style>\n\t<\/div>\n\t\n\n\t\t<\/div>\n\t<\/div>\n\t\n\t\n\n\t\t<\/div>\n\t\t\t\t\t<\/div>\n\n\t\n\n\t<div id=\"col-463418360\" class=\"col medium-3 small-6 large-3\"  >\n\t\t\t\t<div class=\"col-inner text-center\"  >\n\t\t\t\n\t\t\t\n\n\n\t\t<div class=\"icon-box featured-box icon-box-top text-left\"  >\n\t\t\t\t\t<div class=\"icon-box-img\" style=\"width: 90px\">\n\t\t\t\t<div class=\"icon\">\n\t\t\t\t\t<div class=\"icon-inner\" >\n\t\t\t\t\t\t<img loading=\"lazy\" decoding=\"async\" width=\"200\" height=\"200\" src=\"https:\/\/i0.wp.com\/aiviouvapes.com\/wp-content\/uploads\/2024\/08\/delivery-truck-1-1.png?fit=200%2C200&amp;ssl=1\" class=\"attachment-medium size-medium\" alt=\"Warum AIVIOUVAPES w\u00e4hlen\" srcset=\"https:\/\/i0.wp.com\/aiviouvapes.com\/wp-content\/uploads\/2024\/08\/delivery-truck-1-1.png?w=200&amp;ssl=1 200w, https:\/\/i0.wp.com\/aiviouvapes.com\/wp-content\/uploads\/2024\/08\/delivery-truck-1-1.png?resize=150%2C150&amp;ssl=1 150w, https:\/\/i0.wp.com\/aiviouvapes.com\/wp-content\/uploads\/2024\/08\/delivery-truck-1-1.png?resize=12%2C12&amp;ssl=1 12w, https:\/\/i0.wp.com\/aiviouvapes.com\/wp-content\/uploads\/2024\/08\/delivery-truck-1-1.png?resize=100%2C100&amp;ssl=1 100w\" sizes=\"auto, (max-width: 200px) 100vw, 200px\" title=\"\">\t\t\t\t\t<\/div>\n\t\t\t\t<\/div>\n\t\t\t<\/div>\n\t\t\t\t<div class=\"icon-box-text last-reset\">\n\t\t\t\t\t\t\t\t\t\n\n\t<div id=\"text-3003810212\" class=\"text\">\n\t\t\n\n<h3 style=\"text-align: center;\">Schneller weltweiter Versand<\/h3>\n<p style=\"text-align: center;\">Wir liefern weltweit mit garantierter Zollabfertigung f\u00fcr ein reibungsloses Erlebnis.<\/p>\n\t\t\n<style>\n#text-3003810212 {\n  font-size: 0.9rem;\n}\n<\/style>\n\t<\/div>\n\t\n\n\t\t<\/div>\n\t<\/div>\n\t\n\t\n\n\t\t<\/div>\n\t\t\t\t\t<\/div>\n\n\t\n\n\t<div id=\"col-1524203726\" class=\"col medium-3 small-6 large-3\"  >\n\t\t\t\t<div class=\"col-inner text-center\"  >\n\t\t\t\n\t\t\t\n\n\n\t\t<div class=\"icon-box featured-box icon-box-top text-left\"  >\n\t\t\t\t\t<div class=\"icon-box-img\" style=\"width: 90px\">\n\t\t\t\t<div class=\"icon\">\n\t\t\t\t\t<div class=\"icon-inner\" >\n\t\t\t\t\t\t<img loading=\"lazy\" decoding=\"async\" width=\"200\" height=\"200\" src=\"https:\/\/i0.wp.com\/aiviouvapes.com\/wp-content\/uploads\/2024\/08\/support-1-1.png?fit=200%2C200&amp;ssl=1\" class=\"attachment-medium size-medium\" alt=\"Warum AIVIOUVAPES w\u00e4hlen\" srcset=\"https:\/\/i0.wp.com\/aiviouvapes.com\/wp-content\/uploads\/2024\/08\/support-1-1.png?w=200&amp;ssl=1 200w, https:\/\/i0.wp.com\/aiviouvapes.com\/wp-content\/uploads\/2024\/08\/support-1-1.png?resize=150%2C150&amp;ssl=1 150w, https:\/\/i0.wp.com\/aiviouvapes.com\/wp-content\/uploads\/2024\/08\/support-1-1.png?resize=12%2C12&amp;ssl=1 12w, https:\/\/i0.wp.com\/aiviouvapes.com\/wp-content\/uploads\/2024\/08\/support-1-1.png?resize=100%2C100&amp;ssl=1 100w\" sizes=\"auto, (max-width: 200px) 100vw, 200px\" title=\"\">\t\t\t\t\t<\/div>\n\t\t\t\t<\/div>\n\t\t\t<\/div>\n\t\t\t\t<div class=\"icon-box-text last-reset\">\n\t\t\t\t\t\t\t\t\t\n\n\t<div id=\"text-3938930651\" class=\"text\">\n\t\t\n\n<h3 style=\"text-align: center;\">Hilfe rund um die Uhr<\/h3>\n<p style=\"text-align: center;\">Erreichen Sie unser Support-Team jederzeit rund um die Uhr \u00fcber WhatsApp oder E-Mail.<\/p>\n\t\t\n<style>\n#text-3938930651 {\n  font-size: 0.9rem;\n}\n<\/style>\n\t<\/div>\n\t\n\n\t\t<\/div>\n\t<\/div>\n\t\n\t\n\n\t\t<\/div>\n\t\t\t\t\t<\/div>\n\n\t\n\n<\/div>\n<div class=\"row row-full-width align-middle\"  id=\"row-1427595837\">\n\n\n\t<div id=\"col-1768448138\" class=\"col medium-6 small-12 large-6\"  >\n\t\t\t\t<div class=\"col-inner\"  >\n\t\t\t\n\t\t\t\n\n\t<div class=\"img has-hover x md-x lg-x y md-y lg-y\" id=\"image_863463342\">\n\t\t\t\t\t\t\t\t<div class=\"img-inner dark\" >\n\t\t\t<img loading=\"lazy\" decoding=\"async\" width=\"930\" height=\"1024\" src=\"https:\/\/i0.wp.com\/aiviouvapes.com\/wp-content\/uploads\/2024\/08\/%E6%8B%BC%E5%9B%BE.jpg?fit=930%2C1024&amp;ssl=1\" class=\"attachment-large size-large\" alt=\"Warum AIVIOUVAPES w\u00e4hlen\" title=\"\">\t\t\t\t\t\t\n\t\t\t\t\t<\/div>\n\t\t\t\t\t\t\t\t\n<style>\n#image_863463342 {\n  width: 100%;\n}\n<\/style>\n\t<\/div>\n\t\n\n\n\t\t<\/div>\n\t\t\t\t\t<\/div>\n\n\t\n\n\t<div id=\"col-767928758\" class=\"col medium-6 small-12 large-6\"  >\n\t\t\t\t<div class=\"col-inner\"  >\n\t\t\t\n\t\t\t\n\n<div class=\"container section-title-container\" ><h4 class=\"section-title section-title-normal\"><b aria-hidden=\"true\"><\/b><span class=\"section-title-main\" style=\"font-size:91%;\">Unsere Vorteile<\/span><b aria-hidden=\"true\"><\/b><\/h4><\/div>\n\n<div class=\"accordion\">\n\n\t<div id=\"accordion-3002475016\" class=\"accordion-item\">\n\t\t<a id=\"accordion-3002475016-label\" class=\"accordion-title plain\" href=\"#accordion-item-commitment-to-quality\" aria-expanded=\"false\" aria-controls=\"accordion-3002475016-content\">\n\t\t\t<button class=\"toggle\" aria-label=\"Umschalten\"><i class=\"icon-angle-down\" aria-hidden=\"true\"><\/i><\/button>\n\t\t\t<span>Bekenntnis zur Qualit\u00e4t<\/span>\n\t\t<\/a>\n\t\t<div id=\"accordion-3002475016-content\" class=\"accordion-inner\" aria-labelledby=\"accordion-3002475016-label\">\n\t\t\t\n\n<p>Unter <a href=\"https:\/\/aiviouvapes.com\/de\/\">AiviouVape<\/a>Qualit\u00e4t ist der Antrieb f\u00fcr alles, was wir tun. Unsere Einweg-Vaporizer werden sorgf\u00e4ltig hergestellt und strengen Tests unterzogen, um den h\u00f6chsten Standards zu entsprechen und jedes Mal ein reibungsloses, zuverl\u00e4ssiges Dampferlebnis zu gew\u00e4hrleisten. Mit unserem Versprechen, keine M\u00e4ngel und keine Beschwerden zu haben, k\u00f6nnen Sie darauf vertrauen, dass Sie das Beste bekommen.<\/p>\n\n\t\t<\/div>\n\t<\/div>\n\t\n\t<div id=\"accordion-4255170520\" class=\"accordion-item\">\n\t\t<a id=\"accordion-4255170520-label\" class=\"accordion-title plain\" href=\"#accordion-item-diverse-range-of-products\" aria-expanded=\"false\" aria-controls=\"accordion-4255170520-content\">\n\t\t\t<button class=\"toggle\" aria-label=\"Umschalten\"><i class=\"icon-angle-down\" aria-hidden=\"true\"><\/i><\/button>\n\t\t\t<span>Vielf\u00e4ltige Produktpalette<\/span>\n\t\t<\/a>\n\t\t<div id=\"accordion-4255170520-content\" class=\"accordion-inner\" aria-labelledby=\"accordion-4255170520-label\">\n\t\t\t\n\n<p>Wir sind stolz darauf, eine gro\u00dfe Auswahl an hochwertigen Einwegdampfern f\u00fcr jeden Geschmack anbieten zu k\u00f6nnen. Von den neuesten Innovationen bis hin zu langj\u00e4hrigen Fan-Favoriten bietet unsere Auswahl bew\u00e4hrte Marken wie Waspe, Vapme, RandM Tornado, Bang Box, ELF Box und Bang King. Egal, ob Sie auf der Suche nach den k\u00fchnen Aromen von Vapme oder dem eleganten Design von RandM Tornado sind, unsere Kollektion hilft Ihnen, das perfekte Ger\u00e4t f\u00fcr Ihren Geschmack und Lebensstil zu finden.<\/p>\n\n\n\t\t<\/div>\n\t<\/div>\n\t\n\t<div id=\"accordion-3024784401\" class=\"accordion-item\">\n\t\t<a id=\"accordion-3024784401-label\" class=\"accordion-title plain\" href=\"#accordion-item-wholesale-and-retail-solutions\" aria-expanded=\"false\" aria-controls=\"accordion-3024784401-content\">\n\t\t\t<button class=\"toggle\" aria-label=\"Umschalten\"><i class=\"icon-angle-down\" aria-hidden=\"true\"><\/i><\/button>\n\t\t\t<span>L\u00f6sungen f\u00fcr Gro\u00dfhandel und Einzelhandel<\/span>\n\t\t<\/a>\n\t\t<div id=\"accordion-3024784401-content\" class=\"accordion-inner\" aria-labelledby=\"accordion-3024784401-label\">\n\t\t\t\n\n<p>AiviouVape erf\u00fcllt die Anforderungen von Einzel- und Gro\u00dfhandelskunden und liefert jedes Mal au\u00dfergew\u00f6hnliche Produkte und Dienstleistungen. Wenn Sie neu bei uns sind, empfehlen wir Ihnen, mit einer kleinen Charge zu beginnen, um unsere Qualit\u00e4t aus erster Hand zu erleben. Mit wettbewerbsf\u00e4higen Preisen und Premium-Standards sind wir die vertrauensw\u00fcrdige Wahl in der Einweg-Vaporizer-Branche.\u00a0<\/p>\n\n\t\t<\/div>\n\t<\/div>\n\t\n\t<div id=\"accordion-2472140213\" class=\"accordion-item\">\n\t\t<a id=\"accordion-2472140213-label\" class=\"accordion-title plain\" href=\"#accordion-item-continuous-improvement\" aria-expanded=\"false\" aria-controls=\"accordion-2472140213-content\">\n\t\t\t<button class=\"toggle\" aria-label=\"Umschalten\"><i class=\"icon-angle-down\" aria-hidden=\"true\"><\/i><\/button>\n\t\t\t<span>Kontinuierliche Verbesserung<\/span>\n\t\t<\/a>\n\t\t<div id=\"accordion-2472140213-content\" class=\"accordion-inner\" aria-labelledby=\"accordion-2472140213-label\">\n\t\t\t\n\n<p>Was AiviouVape auszeichnet, ist unser Engagement f\u00fcr au\u00dfergew\u00f6hnlichen Kundenservice. Egal, ob Sie vor dem Kauf Beratung oder Hilfe bei einer Bestellung ben\u00f6tigen, unser Team ist immer per WhatsApp oder E-Mail erreichbar. Wir sind bestrebt, dauerhafte Beziehungen zu unseren Kunden aufzubauen und Ihre Zufriedenheit auf jedem Schritt des Weges sicherzustellen.<\/p>\n\n\t\t<\/div>\n\t<\/div>\n\t\n\t<div id=\"accordion-277716460\" class=\"accordion-item\">\n\t\t<a id=\"accordion-277716460-label\" class=\"accordion-title plain\" href=\"#accordion-item-quality-assurance\" aria-expanded=\"false\" aria-controls=\"accordion-277716460-content\">\n\t\t\t<button class=\"toggle\" aria-label=\"Umschalten\"><i class=\"icon-angle-down\" aria-hidden=\"true\"><\/i><\/button>\n\t\t\t<span>Qualit\u00e4tssicherung<\/span>\n\t\t<\/a>\n\t\t<div id=\"accordion-277716460-content\" class=\"accordion-inner\" aria-labelledby=\"accordion-277716460-label\">\n\t\t\t\n\n<p>In jeder Phase \u2013 Produktentwicklung, Produktion, Marketing und Vertrieb \u2013 bleibt unser Engagement f\u00fcr Qualit\u00e4t ungebrochen. Unsere Einweg-Vaporizer werden strengen Tests unterzogen, um sicherzustellen, dass sie ungiftig und rein sind und einen au\u00dfergew\u00f6hnlichen Geschmack bieten. Dieses Engagement f\u00fcr Spitzenleistungen bildet das R\u00fcckgrat unserer Unternehmenskultur.<\/p>\n\n\t\t<\/div>\n\t<\/div>\n\t\n\t<div id=\"accordion-2710196771\" class=\"accordion-item\">\n\t\t<a id=\"accordion-2710196771-label\" class=\"accordion-title plain\" href=\"#accordion-item-efficient-logistics-and-delivery\" aria-expanded=\"false\" aria-controls=\"accordion-2710196771-content\">\n\t\t\t<button class=\"toggle\" aria-label=\"Umschalten\"><i class=\"icon-angle-down\" aria-hidden=\"true\"><\/i><\/button>\n\t\t\t<span>Effiziente Logistik und Lieferung<\/span>\n\t\t<\/a>\n\t\t<div id=\"accordion-2710196771-content\" class=\"accordion-inner\" aria-labelledby=\"accordion-2710196771-label\">\n\t\t\t\n\n<p>AiviouVape bietet effiziente Logistik und Lieferung, einschlie\u00dflich DDP-Dienste (Delivered Duty Paid), die eine reibungslose Zollabfertigung ohne Geb\u00fchren oder Steuern gew\u00e4hrleisten. Mit schneller Lieferung und au\u00dfergew\u00f6hnlichem Kundensupport bieten wir ein reibungsloses und zuverl\u00e4ssiges Erlebnis und sind damit ein vertrauensw\u00fcrdiger Partner in der Branche.<\/p>\n\n\t\t<\/div>\n\t<\/div>\n\t\n\t<div id=\"accordion-14345214\" class=\"accordion-item\">\n\t\t<a id=\"accordion-14345214-label\" class=\"accordion-title plain\" href=\"#accordion-item-odm-and-oem-services\" aria-expanded=\"false\" aria-controls=\"accordion-14345214-content\">\n\t\t\t<button class=\"toggle\" aria-label=\"Umschalten\"><i class=\"icon-angle-down\" aria-hidden=\"true\"><\/i><\/button>\n\t\t\t<span>ODM- und OEM-Dienstleistungen<\/span>\n\t\t<\/a>\n\t\t<div id=\"accordion-14345214-content\" class=\"accordion-inner\" aria-labelledby=\"accordion-14345214-label\">\n\t\t\t\n\n<p>AiviouVapes bietet umfassende ODM- (Original Design Manufacturing) und OEM- (Original Equipment Manufacturing) Dienstleistungen. Mit zwei gro\u00dfen Anlagen helfen wir unseren Kunden, einzigartige Produkte und auff\u00e4llige Logos f\u00fcr die Verpackung zu entwerfen. Wir bieten auch kostenlose Beratung zum Verpackungsdesign und unterst\u00fctzen Kunden, die ihre eigenen Produkte verpacken, damit ihre Marke auf dem Markt gl\u00e4nzt.<\/p>\n\n\t\t<\/div>\n\t<\/div>\n\t\n\n<\/div>\n\n\t\t<\/div>\n\t\t\t\t\t<\/div>\n\n\t\n\n<\/div>","protected":false},"excerpt":{"rendered":"<p>Bang BC Box 15000 Puffs Disposable Vape bietet bis zu 15.000 Z\u00fcge mit einem 25-ml-E-Liquid-Beh\u00e4lter, einem wiederaufladbaren 650-mAh-Akku und einer fortschrittlichen Mesh-Spule f\u00fcr sanften, reichhaltigen Dampf. Erh\u00e4ltlich in mehreren Nikotinst\u00e4rken und Geschmacksrichtungen, ist es perfekt f\u00fcr ein langanhaltendes, angenehmes Dampferlebnis.<\/p>","protected":false},"featured_media":4581,"comment_status":"open","ping_status":"closed","template":"","meta":[],"product_brand":[239],"product_cat":[37,126,90,117,81,76,134,135,133,136,137,146,138,139,140,141,142,143,144,145,132,82],"product_tag":[],"class_list":{"0":"post-4580","1":"product","2":"type-product","3":"status-publish","4":"has-post-thumbnail","6":"product_brand-bang","7":"product_cat-bang","8":"product_cat-15000-puffs-disposable-vape","9":"product_cat-big-puffs-vapes","10":"product_cat-different-puffs-of-diposable-vapes","11":"product_cat-digital-box-vapes","12":"product_cat-disposable-vape-types","13":"product_cat-disposable-vapes-in-austria","14":"product_cat-disposable-vapes-in-belgium","15":"product_cat-disposable-vapes-in-europe","16":"product_cat-disposable-vapes-in-france","17":"product_cat-disposable-vapes-in-germany","18":"product_cat-disposable-vapes-in-hungary","19":"product_cat-disposable-vapes-in-ltaly","20":"product_cat-disposable-vapes-in-netherlands","21":"product_cat-disposable-vapes-in-norway","22":"product_cat-disposable-vapes-in-poland","23":"product_cat-disposable-vapes-in-portugal","24":"product_cat-disposable-vapes-in-spain","25":"product_cat-disposable-vapes-in-sweden","26":"product_cat-disposable-vapes-in-switzerland","27":"product_cat-rechargeable-vapes","28":"product_cat-smart-screen-vapes","30":"first","31":"instock","32":"shipping-taxable","33":"purchasable","34":"product-type-variable","35":"has-default-attributes"},"jetpack_sharing_enabled":true,"tiered_pricing_type":"fixed","tiered_pricing_fixed_rules":{"2000":4.13999999999999968025576890795491635799407958984375},"tiered_pricing_product_settings":{"layout":"default","base_unit_name":{"singular":null,"plural":null},"default_variation":null},"tiered_pricing_minimum_quantity":1000,"tiered_pricing_roles_data":[],"tiered_pricing_percentage_rules":[],"tiered_pricing_maximum_quantity":null,"tiered_pricing_quantity_step":"10","_links":{"self":[{"href":"https:\/\/aiviouvapes.com\/de\/wp-json\/wp\/v2\/product\/4580","targetHints":{"allow":["GET"]}}],"collection":[{"href":"https:\/\/aiviouvapes.com\/de\/wp-json\/wp\/v2\/product"}],"about":[{"href":"https:\/\/aiviouvapes.com\/de\/wp-json\/wp\/v2\/types\/product"}],"replies":[{"embeddable":true,"href":"https:\/\/aiviouvapes.com\/de\/wp-json\/wp\/v2\/comments?post=4580"}],"wp:featuredmedia":[{"embeddable":true,"href":"https:\/\/aiviouvapes.com\/de\/wp-json\/wp\/v2\/media\/4581"}],"wp:attachment":[{"href":"https:\/\/aiviouvapes.com\/de\/wp-json\/wp\/v2\/media?parent=4580"}],"wp:term":[{"taxonomy":"product_brand","embeddable":true,"href":"https:\/\/aiviouvapes.com\/de\/wp-json\/wp\/v2\/product_brand?post=4580"},{"taxonomy":"product_cat","embeddable":true,"href":"https:\/\/aiviouvapes.com\/de\/wp-json\/wp\/v2\/product_cat?post=4580"},{"taxonomy":"product_tag","embeddable":true,"href":"https:\/\/aiviouvapes.com\/de\/wp-json\/wp\/v2\/product_tag?post=4580"}],"curies":[{"name":"wp","href":"https:\/\/api.w.org\/{rel}","templated":true}]}}