{"id":4423,"date":"2024-08-17T08:37:02","date_gmt":"2024-08-17T08:37:02","guid":{"rendered":"https:\/\/aiviouvapes.com\/?post_type=product&#038;p=4423"},"modified":"2025-08-06T14:53:59","modified_gmt":"2025-08-06T06:53:59","slug":"bang-smart-screen-crown-bar-18000-puffs-0-2-3-5-low-nicotine-bulk-buy-rechargeable-disposable-wholesale","status":"publish","type":"product","link":"https:\/\/aiviouvapes.com\/de\/product\/bang-smart-screen-crown-bar-18000-puffs-0-2-3-5-low-nicotine-bulk-buy-rechargeable-disposable-wholesale\/","title":{"rendered":"Bang Smart Screen Crown Bar 18000 Puffs | 0%-5% Nikotin, Bulk Vape Pen"},"content":{"rendered":"<h2>Bang Smart Screen Crown Bar 18000 Z\u00fcge | 0% 2% 3% 5% Nikotinarmer wiederaufladbarer Einweg-Vape-Pen in gro\u00dfen Mengen kaufen<\/h2>\n<h3>Bang Smart Screen Crown Bar 18000 Puffs \u00dcbersicht und Eigenschaften<\/h3>\n<p>Der Bang Smart Screen Crown Bar 18000 Puffs ist f\u00fcr lang anhaltenden Genuss konzipiert. Er verf\u00fcgt \u00fcber eine massive Kapazit\u00e4t von 24ml E-Liquid und liefert bis zu 18.000 Z\u00fcge pro Ger\u00e4t. Mit einem langlebigen 650mAh-Akku bietet dieser Verdampfer dauerhafte Leistung, w\u00e4hrend der Typ-C-Ladeanschluss ein schnelles, effizientes Aufladen gew\u00e4hrleistet. Die 0,6-\u03a9-Mesh-Spule des Ger\u00e4ts garantiert eine sanfte, geschmackvolle Dampfproduktion bei jedem Zug und verbessert so Ihr Erlebnis. Erh\u00e4ltlich in den Nikotinst\u00e4rken 0%, 2%, 3% und 5%, erm\u00f6glicht dieses Ger\u00e4t ein ma\u00dfgeschneidertes Dampferlebnis.<\/p>\n<ul>\n<li><strong>Bis zu 18.000 Puffs<\/strong>: Konzipiert f\u00fcr eine lange Nutzungsdauer, um den Genuss zu maximieren.<\/li>\n<li><strong>24ml E-Fl\u00fcssigkeit Kapazit\u00e4t<\/strong>: Reduziert den Bedarf an h\u00e4ufigem Nachf\u00fcllen, ideal f\u00fcr lange Sitzungen.<\/li>\n<li><strong>650mAh Akku<\/strong>: Bietet dauerhafte Leistung mit schnellem Typ-C-Laden.<\/li>\n<li><strong>Nikotin-Optionen<\/strong>: Erh\u00e4ltlich in den Gr\u00f6\u00dfen 0%, 2%, 3% und 5%, um verschiedenen Vorlieben gerecht zu werden.<\/li>\n<li><strong>0.6\u03a9 Masche Spule<\/strong>: Liefert weichen, reichen Dampf und lebendigen Geschmack in jedem Zug.<\/li>\n<\/ul>\n<h3>Bang Smart Screen Crown Bar 18000 Puffs Geschmacksrichtungen auf Lager:<\/h3>\n<p>Wassermelonen-Eis, Erdbeer-Wassermelone, Heidelbeer-Himbeer, Heidelbeer-Eis, Erdbeer-Kiwi, Pfirsich-Eis, gemischte Fr\u00fcchte, Kirsch-Cola, Schwarzer Drache-Eis, Doppel\u00e4pfel, Heidelbeer-Zitrone, Trauben-Eis.<\/p>\n<h3>Warum sollten Sie sich f\u00fcr den Bang Smart Screen Crown Bar 18000 Puffs entscheiden?<\/h3>\n<p>Der Bang Smart Screen Crown Bar 18000 kombiniert eine hohe Puffzahl mit einem benutzerfreundlichen Smart-Display, das m\u00fchelose Wartung und \u00dcberwachung erm\u00f6glicht. Sein schlankes, ergonomisches Design macht ihn tragbar und bequem f\u00fcr das Dampfen unterwegs. Die Mesh-Coil-Technologie verbessert den Geschmack und die Konsistenz des Dampfes und sorgt so f\u00fcr ein befriedigendes Erlebnis. Dieses Premium-Ger\u00e4t ist ideal f\u00fcr den Gro\u00dfhandel und bietet Einzelh\u00e4ndlern ein au\u00dfergew\u00f6hnliches Preis-Leistungs-Verh\u00e4ltnis, das es ihnen erm\u00f6glicht, einen zuverl\u00e4ssigen, leistungsstarken Einwegdampfer anzubieten. Egal, ob Sie ein erfahrener Vaper sind oder gerade erst anfangen, der Bang Smart Screen Crown Bar 18000 Puffs verspricht eine unvergessliche und angenehme Dampfreise.<\/p>\n<p><a href=\"https:\/\/i0.wp.com\/aiviouvapes.com\/wp-content\/uploads\/2024\/08\/18-3.jpg?ssl=1\"><img data-recalc-dims=\"1\" loading=\"lazy\" decoding=\"async\" class=\"alignnone size-full wp-image-8110\" title=\"Bang Smart Screen Crown Bar 18000 Puffs 0% 2% 3% 5% Low Nicotine Bulk Buy Wiederaufladbare Einweg Vapes Pen Gro\u00dfhandel\" src=\"https:\/\/i0.wp.com\/aiviouvapes.com\/wp-content\/uploads\/2024\/08\/18-3.jpg?resize=1020%2C1554&#038;ssl=1\" alt=\"Bang Smart Screen Crown Bar 18000 Puffs 0% 2% 3% 5% Low Nicotine Bulk Buy Wiederaufladbare Einweg Vapes Pen Gro\u00dfhandel\" width=\"1020\" height=\"1554\" srcset=\"https:\/\/i0.wp.com\/aiviouvapes.com\/wp-content\/uploads\/2024\/08\/18-3.jpg?w=1260&amp;ssl=1 1260w, https:\/\/i0.wp.com\/aiviouvapes.com\/wp-content\/uploads\/2024\/08\/18-3.jpg?resize=197%2C300&amp;ssl=1 197w, https:\/\/i0.wp.com\/aiviouvapes.com\/wp-content\/uploads\/2024\/08\/18-3.jpg?resize=672%2C1024&amp;ssl=1 672w, https:\/\/i0.wp.com\/aiviouvapes.com\/wp-content\/uploads\/2024\/08\/18-3.jpg?resize=768%2C1170&amp;ssl=1 768w, https:\/\/i0.wp.com\/aiviouvapes.com\/wp-content\/uploads\/2024\/08\/18-3.jpg?resize=1008%2C1536&amp;ssl=1 1008w, https:\/\/i0.wp.com\/aiviouvapes.com\/wp-content\/uploads\/2024\/08\/18-3.jpg?resize=8%2C12&amp;ssl=1 8w, https:\/\/i0.wp.com\/aiviouvapes.com\/wp-content\/uploads\/2024\/08\/18-3.jpg?resize=800%2C1219&amp;ssl=1 800w\" sizes=\"auto, (max-width: 1020px) 100vw, 1020px\" \/><\/a><\/p>\n<h3>Warum AiviouVapes w\u00e4hlen<\/h3>\n<p>Willkommen bei <a href=\"https:\/\/aiviouvapes.com\/de\/\">AiviouVapes<\/a> - Ihre vertrauensw\u00fcrdige Quelle f\u00fcr erstklassige, erschwingliche <a href=\"https:\/\/aiviouvapes.com\/de\/shop\/\">Gro\u00dfhandel Einweg-Vapes<\/a> zu wirklich niedrigen Preisen. Mit mehr als f\u00fcnf Jahren Erfahrung in der Vape-Branche bieten wir eine handverlesene Auswahl an f\u00fchrenden Marken, darunter <a href=\"https:\/\/aiviouvapes.com\/de\/produkt-kategorie\/waspe\/\">WASPE<\/a>, <a href=\"https:\/\/aiviouvapes.com\/de\/produkt-kategorie\/bang\/\">Bang Vape<\/a>, <a href=\"https:\/\/aiviouvapes.com\/de\/produkt-kategorie\/vapme-vapes\/\">Vapme<\/a>und <a href=\"https:\/\/aiviouvapes.com\/de\/produkt-kategorie\/mrvi\/\">MRVI<\/a>.<\/p>\n<p>Von High-Puff-Ger\u00e4ten wie dem <a href=\"https:\/\/aiviouvapes.com\/de\/produkt\/waspe-4-in-1-100000-puffs\/\">WASPE 100K 4-in-1-Geschmack<\/a> zu fetten Favoriten wie dem <a href=\"https:\/\/aiviouvapes.com\/de\/produkt\/bang-king-triple-flavors-85000\/\">Bang 85.000 Dreifach-Puff<\/a>und sogar das spannende <a class=\"woocommerce-LoopProduct-link woocommerce-loop-product__link\" href=\"https:\/\/aiviouvapes.com\/de\/produkt\/mystery-vape-blind-box\/\">Geheimnisvolle Einweg-Vape-Box<\/a>Jedes Produkt wird nach h\u00f6chster Qualit\u00e4t und unschlagbarem Wert ausgew\u00e4hlt. Bei AiviouVapes genie\u00dfen Sie einen gro\u00dfartigen Service, Einsparungen im Gro\u00dfhandel und eine Kollektion, die auf Ihre Bed\u00fcrfnisse zugeschnitten ist.<\/p>\n<div class=\"row row-large row-full-width align-middle\"  id=\"row-1598619197\">\n\n\n\t<div id=\"col-1828426105\" class=\"col medium-3 small-6 large-3\"  >\n\t\t\t\t<div class=\"col-inner text-center\"  >\n\t\t\t\n\t\t\t\n\n\n\t\t<div class=\"icon-box featured-box icon-box-top text-left\"  >\n\t\t\t\t\t<div class=\"icon-box-img\" style=\"width: 90px\">\n\t\t\t\t<div class=\"icon\">\n\t\t\t\t\t<div class=\"icon-inner\" >\n\t\t\t\t\t\t<img loading=\"lazy\" decoding=\"async\" width=\"200\" height=\"200\" src=\"https:\/\/i0.wp.com\/aiviouvapes.com\/wp-content\/uploads\/2024\/08\/vape-1-1.png?fit=200%2C200&amp;ssl=1\" class=\"attachment-medium size-medium\" alt=\"Warum AIVIOUVAPES w\u00e4hlen\" srcset=\"https:\/\/i0.wp.com\/aiviouvapes.com\/wp-content\/uploads\/2024\/08\/vape-1-1.png?w=200&amp;ssl=1 200w, https:\/\/i0.wp.com\/aiviouvapes.com\/wp-content\/uploads\/2024\/08\/vape-1-1.png?resize=150%2C150&amp;ssl=1 150w, https:\/\/i0.wp.com\/aiviouvapes.com\/wp-content\/uploads\/2024\/08\/vape-1-1.png?resize=12%2C12&amp;ssl=1 12w, https:\/\/i0.wp.com\/aiviouvapes.com\/wp-content\/uploads\/2024\/08\/vape-1-1.png?resize=100%2C100&amp;ssl=1 100w\" sizes=\"auto, (max-width: 200px) 100vw, 200px\" title=\"\">\t\t\t\t\t<\/div>\n\t\t\t\t<\/div>\n\t\t\t<\/div>\n\t\t\t\t<div class=\"icon-box-text last-reset\">\n\t\t\t\t\t\t\t\t\t\n\n\t<div id=\"text-1969279923\" class=\"text\">\n\t\t\n\n<h3 style=\"text-align: center;\">Umfangreiches Vape-Sortiment<\/h3>\n<p style=\"text-align: center;\">Entdecken Sie unsere gro\u00dfe Produktpalette f\u00fcr jeden Geschmack.<\/p>\n\t\t\n<style>\n#text-1969279923 {\n  font-size: 0.9rem;\n}\n<\/style>\n\t<\/div>\n\t\n\n\t\t<\/div>\n\t<\/div>\n\t\n\t\n\n\t\t<\/div>\n\t\t\t\t\t<\/div>\n\n\t\n\n\t<div id=\"col-699139440\" class=\"col medium-3 small-6 large-3\"  >\n\t\t\t\t<div class=\"col-inner text-center\"  >\n\t\t\t\n\t\t\t\n\n\n\t\t<div class=\"icon-box featured-box icon-box-top text-left\"  >\n\t\t\t\t\t<div class=\"icon-box-img\" style=\"width: 90px\">\n\t\t\t\t<div class=\"icon\">\n\t\t\t\t\t<div class=\"icon-inner\" >\n\t\t\t\t\t\t<img loading=\"lazy\" decoding=\"async\" width=\"200\" height=\"200\" src=\"https:\/\/i0.wp.com\/aiviouvapes.com\/wp-content\/uploads\/2024\/08\/save-money-1-1-1.png?fit=200%2C200&amp;ssl=1\" class=\"attachment-medium size-medium\" alt=\"Warum AIVIOUVAPES w\u00e4hlen\" srcset=\"https:\/\/i0.wp.com\/aiviouvapes.com\/wp-content\/uploads\/2024\/08\/save-money-1-1-1.png?w=200&amp;ssl=1 200w, https:\/\/i0.wp.com\/aiviouvapes.com\/wp-content\/uploads\/2024\/08\/save-money-1-1-1.png?resize=150%2C150&amp;ssl=1 150w, https:\/\/i0.wp.com\/aiviouvapes.com\/wp-content\/uploads\/2024\/08\/save-money-1-1-1.png?resize=12%2C12&amp;ssl=1 12w, https:\/\/i0.wp.com\/aiviouvapes.com\/wp-content\/uploads\/2024\/08\/save-money-1-1-1.png?resize=100%2C100&amp;ssl=1 100w\" sizes=\"auto, (max-width: 200px) 100vw, 200px\" title=\"\">\t\t\t\t\t<\/div>\n\t\t\t\t<\/div>\n\t\t\t<\/div>\n\t\t\t\t<div class=\"icon-box-text last-reset\">\n\t\t\t\t\t\t\t\t\t\n\n\t<div id=\"text-947844996\" class=\"text\">\n\t\t\n\n<h3 style=\"text-align: center;\">Unschlagbarer Wert<\/h3>\n<p style=\"text-align: center;\">Freuen Sie sich \u00fcber Produkte h\u00f6chster Qualit\u00e4t zu Preisen, die zu Ihrem Budget passen.<\/p>\n\t\t\n<style>\n#text-947844996 {\n  font-size: 0.9rem;\n}\n<\/style>\n\t<\/div>\n\t\n\n\t\t<\/div>\n\t<\/div>\n\t\n\t\n\n\t\t<\/div>\n\t\t\t\t\t<\/div>\n\n\t\n\n\t<div id=\"col-511185959\" class=\"col medium-3 small-6 large-3\"  >\n\t\t\t\t<div class=\"col-inner text-center\"  >\n\t\t\t\n\t\t\t\n\n\n\t\t<div class=\"icon-box featured-box icon-box-top text-left\"  >\n\t\t\t\t\t<div class=\"icon-box-img\" style=\"width: 90px\">\n\t\t\t\t<div class=\"icon\">\n\t\t\t\t\t<div class=\"icon-inner\" >\n\t\t\t\t\t\t<img loading=\"lazy\" decoding=\"async\" width=\"200\" height=\"200\" src=\"https:\/\/i0.wp.com\/aiviouvapes.com\/wp-content\/uploads\/2024\/08\/delivery-truck-1-1.png?fit=200%2C200&amp;ssl=1\" class=\"attachment-medium size-medium\" alt=\"Warum AIVIOUVAPES w\u00e4hlen\" srcset=\"https:\/\/i0.wp.com\/aiviouvapes.com\/wp-content\/uploads\/2024\/08\/delivery-truck-1-1.png?w=200&amp;ssl=1 200w, https:\/\/i0.wp.com\/aiviouvapes.com\/wp-content\/uploads\/2024\/08\/delivery-truck-1-1.png?resize=150%2C150&amp;ssl=1 150w, https:\/\/i0.wp.com\/aiviouvapes.com\/wp-content\/uploads\/2024\/08\/delivery-truck-1-1.png?resize=12%2C12&amp;ssl=1 12w, https:\/\/i0.wp.com\/aiviouvapes.com\/wp-content\/uploads\/2024\/08\/delivery-truck-1-1.png?resize=100%2C100&amp;ssl=1 100w\" sizes=\"auto, (max-width: 200px) 100vw, 200px\" title=\"\">\t\t\t\t\t<\/div>\n\t\t\t\t<\/div>\n\t\t\t<\/div>\n\t\t\t\t<div class=\"icon-box-text last-reset\">\n\t\t\t\t\t\t\t\t\t\n\n\t<div id=\"text-905090175\" class=\"text\">\n\t\t\n\n<h3 style=\"text-align: center;\">Schneller weltweiter Versand<\/h3>\n<p style=\"text-align: center;\">Wir liefern weltweit mit garantierter Zollabfertigung f\u00fcr ein reibungsloses Erlebnis.<\/p>\n\t\t\n<style>\n#text-905090175 {\n  font-size: 0.9rem;\n}\n<\/style>\n\t<\/div>\n\t\n\n\t\t<\/div>\n\t<\/div>\n\t\n\t\n\n\t\t<\/div>\n\t\t\t\t\t<\/div>\n\n\t\n\n\t<div id=\"col-1531474543\" class=\"col medium-3 small-6 large-3\"  >\n\t\t\t\t<div class=\"col-inner text-center\"  >\n\t\t\t\n\t\t\t\n\n\n\t\t<div class=\"icon-box featured-box icon-box-top text-left\"  >\n\t\t\t\t\t<div class=\"icon-box-img\" style=\"width: 90px\">\n\t\t\t\t<div class=\"icon\">\n\t\t\t\t\t<div class=\"icon-inner\" >\n\t\t\t\t\t\t<img loading=\"lazy\" decoding=\"async\" width=\"200\" height=\"200\" src=\"https:\/\/i0.wp.com\/aiviouvapes.com\/wp-content\/uploads\/2024\/08\/support-1-1.png?fit=200%2C200&amp;ssl=1\" class=\"attachment-medium size-medium\" alt=\"Warum AIVIOUVAPES w\u00e4hlen\" srcset=\"https:\/\/i0.wp.com\/aiviouvapes.com\/wp-content\/uploads\/2024\/08\/support-1-1.png?w=200&amp;ssl=1 200w, https:\/\/i0.wp.com\/aiviouvapes.com\/wp-content\/uploads\/2024\/08\/support-1-1.png?resize=150%2C150&amp;ssl=1 150w, https:\/\/i0.wp.com\/aiviouvapes.com\/wp-content\/uploads\/2024\/08\/support-1-1.png?resize=12%2C12&amp;ssl=1 12w, https:\/\/i0.wp.com\/aiviouvapes.com\/wp-content\/uploads\/2024\/08\/support-1-1.png?resize=100%2C100&amp;ssl=1 100w\" sizes=\"auto, (max-width: 200px) 100vw, 200px\" title=\"\">\t\t\t\t\t<\/div>\n\t\t\t\t<\/div>\n\t\t\t<\/div>\n\t\t\t\t<div class=\"icon-box-text last-reset\">\n\t\t\t\t\t\t\t\t\t\n\n\t<div id=\"text-4290402845\" class=\"text\">\n\t\t\n\n<h3 style=\"text-align: center;\">Hilfe rund um die Uhr<\/h3>\n<p style=\"text-align: center;\">Erreichen Sie unser Support-Team jederzeit rund um die Uhr \u00fcber WhatsApp oder E-Mail.<\/p>\n\t\t\n<style>\n#text-4290402845 {\n  font-size: 0.9rem;\n}\n<\/style>\n\t<\/div>\n\t\n\n\t\t<\/div>\n\t<\/div>\n\t\n\t\n\n\t\t<\/div>\n\t\t\t\t\t<\/div>\n\n\t\n\n<\/div>\n<div class=\"row row-full-width align-middle\"  id=\"row-2095529355\">\n\n\n\t<div id=\"col-331065462\" class=\"col medium-6 small-12 large-6\"  >\n\t\t\t\t<div class=\"col-inner\"  >\n\t\t\t\n\t\t\t\n\n\t<div class=\"img has-hover x md-x lg-x y md-y lg-y\" id=\"image_534758277\">\n\t\t\t\t\t\t\t\t<div class=\"img-inner dark\" >\n\t\t\t<img loading=\"lazy\" decoding=\"async\" width=\"930\" height=\"1024\" src=\"https:\/\/i0.wp.com\/aiviouvapes.com\/wp-content\/uploads\/2024\/08\/%E6%8B%BC%E5%9B%BE.jpg?fit=930%2C1024&amp;ssl=1\" class=\"attachment-large size-large\" alt=\"Warum AIVIOUVAPES w\u00e4hlen\" title=\"\">\t\t\t\t\t\t\n\t\t\t\t\t<\/div>\n\t\t\t\t\t\t\t\t\n<style>\n#image_534758277 {\n  width: 100%;\n}\n<\/style>\n\t<\/div>\n\t\n\n\n\t\t<\/div>\n\t\t\t\t\t<\/div>\n\n\t\n\n\t<div id=\"col-1096703825\" class=\"col medium-6 small-12 large-6\"  >\n\t\t\t\t<div class=\"col-inner\"  >\n\t\t\t\n\t\t\t\n\n<div class=\"container section-title-container\" ><h4 class=\"section-title section-title-normal\"><b aria-hidden=\"true\"><\/b><span class=\"section-title-main\" style=\"font-size:91%;\">Unsere Vorteile<\/span><b aria-hidden=\"true\"><\/b><\/h4><\/div>\n\n<div class=\"accordion\">\n\n\t<div id=\"accordion-2419810915\" class=\"accordion-item\">\n\t\t<a id=\"accordion-2419810915-label\" class=\"accordion-title plain\" href=\"#accordion-item-commitment-to-quality\" aria-expanded=\"false\" aria-controls=\"accordion-2419810915-content\">\n\t\t\t<button class=\"toggle\" aria-label=\"Umschalten\"><i class=\"icon-angle-down\" aria-hidden=\"true\"><\/i><\/button>\n\t\t\t<span>Bekenntnis zur Qualit\u00e4t<\/span>\n\t\t<\/a>\n\t\t<div id=\"accordion-2419810915-content\" class=\"accordion-inner\" aria-labelledby=\"accordion-2419810915-label\">\n\t\t\t\n\n<p>Unter <a href=\"https:\/\/aiviouvapes.com\/de\/\">AiviouVape<\/a>Qualit\u00e4t ist der Antrieb f\u00fcr alles, was wir tun. Unsere Einweg-Vaporizer werden sorgf\u00e4ltig hergestellt und strengen Tests unterzogen, um den h\u00f6chsten Standards zu entsprechen und jedes Mal ein reibungsloses, zuverl\u00e4ssiges Dampferlebnis zu gew\u00e4hrleisten. Mit unserem Versprechen, keine M\u00e4ngel und keine Beschwerden zu haben, k\u00f6nnen Sie darauf vertrauen, dass Sie das Beste bekommen.<\/p>\n\n\t\t<\/div>\n\t<\/div>\n\t\n\t<div id=\"accordion-2223078253\" class=\"accordion-item\">\n\t\t<a id=\"accordion-2223078253-label\" class=\"accordion-title plain\" href=\"#accordion-item-diverse-range-of-products\" aria-expanded=\"false\" aria-controls=\"accordion-2223078253-content\">\n\t\t\t<button class=\"toggle\" aria-label=\"Umschalten\"><i class=\"icon-angle-down\" aria-hidden=\"true\"><\/i><\/button>\n\t\t\t<span>Vielf\u00e4ltige Produktpalette<\/span>\n\t\t<\/a>\n\t\t<div id=\"accordion-2223078253-content\" class=\"accordion-inner\" aria-labelledby=\"accordion-2223078253-label\">\n\t\t\t\n\n<p>Wir sind stolz darauf, eine gro\u00dfe Auswahl an hochwertigen Einwegdampfern f\u00fcr jeden Geschmack anbieten zu k\u00f6nnen. Von den neuesten Innovationen bis hin zu langj\u00e4hrigen Fan-Favoriten bietet unsere Auswahl bew\u00e4hrte Marken wie Waspe, Vapme, RandM Tornado, Bang Box, ELF Box und Bang King. Egal, ob Sie auf der Suche nach den k\u00fchnen Aromen von Vapme oder dem eleganten Design von RandM Tornado sind, unsere Kollektion hilft Ihnen, das perfekte Ger\u00e4t f\u00fcr Ihren Geschmack und Lebensstil zu finden.<\/p>\n\n\n\t\t<\/div>\n\t<\/div>\n\t\n\t<div id=\"accordion-3588136587\" class=\"accordion-item\">\n\t\t<a id=\"accordion-3588136587-label\" class=\"accordion-title plain\" href=\"#accordion-item-wholesale-and-retail-solutions\" aria-expanded=\"false\" aria-controls=\"accordion-3588136587-content\">\n\t\t\t<button class=\"toggle\" aria-label=\"Umschalten\"><i class=\"icon-angle-down\" aria-hidden=\"true\"><\/i><\/button>\n\t\t\t<span>L\u00f6sungen f\u00fcr Gro\u00dfhandel und Einzelhandel<\/span>\n\t\t<\/a>\n\t\t<div id=\"accordion-3588136587-content\" class=\"accordion-inner\" aria-labelledby=\"accordion-3588136587-label\">\n\t\t\t\n\n<p>AiviouVape erf\u00fcllt die Anforderungen von Einzel- und Gro\u00dfhandelskunden und liefert jedes Mal au\u00dfergew\u00f6hnliche Produkte und Dienstleistungen. Wenn Sie neu bei uns sind, empfehlen wir Ihnen, mit einer kleinen Charge zu beginnen, um unsere Qualit\u00e4t aus erster Hand zu erleben. Mit wettbewerbsf\u00e4higen Preisen und Premium-Standards sind wir die vertrauensw\u00fcrdige Wahl in der Einweg-Vaporizer-Branche.\u00a0<\/p>\n\n\t\t<\/div>\n\t<\/div>\n\t\n\t<div id=\"accordion-4086187672\" class=\"accordion-item\">\n\t\t<a id=\"accordion-4086187672-label\" class=\"accordion-title plain\" href=\"#accordion-item-continuous-improvement\" aria-expanded=\"false\" aria-controls=\"accordion-4086187672-content\">\n\t\t\t<button class=\"toggle\" aria-label=\"Umschalten\"><i class=\"icon-angle-down\" aria-hidden=\"true\"><\/i><\/button>\n\t\t\t<span>Kontinuierliche Verbesserung<\/span>\n\t\t<\/a>\n\t\t<div id=\"accordion-4086187672-content\" class=\"accordion-inner\" aria-labelledby=\"accordion-4086187672-label\">\n\t\t\t\n\n<p>Was AiviouVape auszeichnet, ist unser Engagement f\u00fcr au\u00dfergew\u00f6hnlichen Kundenservice. Egal, ob Sie vor dem Kauf Beratung oder Hilfe bei einer Bestellung ben\u00f6tigen, unser Team ist immer per WhatsApp oder E-Mail erreichbar. Wir sind bestrebt, dauerhafte Beziehungen zu unseren Kunden aufzubauen und Ihre Zufriedenheit auf jedem Schritt des Weges sicherzustellen.<\/p>\n\n\t\t<\/div>\n\t<\/div>\n\t\n\t<div id=\"accordion-1108558693\" class=\"accordion-item\">\n\t\t<a id=\"accordion-1108558693-label\" class=\"accordion-title plain\" href=\"#accordion-item-quality-assurance\" aria-expanded=\"false\" aria-controls=\"accordion-1108558693-content\">\n\t\t\t<button class=\"toggle\" aria-label=\"Umschalten\"><i class=\"icon-angle-down\" aria-hidden=\"true\"><\/i><\/button>\n\t\t\t<span>Qualit\u00e4tssicherung<\/span>\n\t\t<\/a>\n\t\t<div id=\"accordion-1108558693-content\" class=\"accordion-inner\" aria-labelledby=\"accordion-1108558693-label\">\n\t\t\t\n\n<p>In jeder Phase \u2013 Produktentwicklung, Produktion, Marketing und Vertrieb \u2013 bleibt unser Engagement f\u00fcr Qualit\u00e4t ungebrochen. Unsere Einweg-Vaporizer werden strengen Tests unterzogen, um sicherzustellen, dass sie ungiftig und rein sind und einen au\u00dfergew\u00f6hnlichen Geschmack bieten. Dieses Engagement f\u00fcr Spitzenleistungen bildet das R\u00fcckgrat unserer Unternehmenskultur.<\/p>\n\n\t\t<\/div>\n\t<\/div>\n\t\n\t<div id=\"accordion-497448761\" class=\"accordion-item\">\n\t\t<a id=\"accordion-497448761-label\" class=\"accordion-title plain\" href=\"#accordion-item-efficient-logistics-and-delivery\" aria-expanded=\"false\" aria-controls=\"accordion-497448761-content\">\n\t\t\t<button class=\"toggle\" aria-label=\"Umschalten\"><i class=\"icon-angle-down\" aria-hidden=\"true\"><\/i><\/button>\n\t\t\t<span>Effiziente Logistik und Lieferung<\/span>\n\t\t<\/a>\n\t\t<div id=\"accordion-497448761-content\" class=\"accordion-inner\" aria-labelledby=\"accordion-497448761-label\">\n\t\t\t\n\n<p>AiviouVape bietet effiziente Logistik und Lieferung, einschlie\u00dflich DDP-Dienste (Delivered Duty Paid), die eine reibungslose Zollabfertigung ohne Geb\u00fchren oder Steuern gew\u00e4hrleisten. Mit schneller Lieferung und au\u00dfergew\u00f6hnlichem Kundensupport bieten wir ein reibungsloses und zuverl\u00e4ssiges Erlebnis und sind damit ein vertrauensw\u00fcrdiger Partner in der Branche.<\/p>\n\n\t\t<\/div>\n\t<\/div>\n\t\n\t<div id=\"accordion-1308148033\" class=\"accordion-item\">\n\t\t<a id=\"accordion-1308148033-label\" class=\"accordion-title plain\" href=\"#accordion-item-odm-and-oem-services\" aria-expanded=\"false\" aria-controls=\"accordion-1308148033-content\">\n\t\t\t<button class=\"toggle\" aria-label=\"Umschalten\"><i class=\"icon-angle-down\" aria-hidden=\"true\"><\/i><\/button>\n\t\t\t<span>ODM- und OEM-Dienstleistungen<\/span>\n\t\t<\/a>\n\t\t<div id=\"accordion-1308148033-content\" class=\"accordion-inner\" aria-labelledby=\"accordion-1308148033-label\">\n\t\t\t\n\n<p>AiviouVapes bietet umfassende ODM- (Original Design Manufacturing) und OEM- (Original Equipment Manufacturing) Dienstleistungen. Mit zwei gro\u00dfen Anlagen helfen wir unseren Kunden, einzigartige Produkte und auff\u00e4llige Logos f\u00fcr die Verpackung zu entwerfen. Wir bieten auch kostenlose Beratung zum Verpackungsdesign und unterst\u00fctzen Kunden, die ihre eigenen Produkte verpacken, damit ihre Marke auf dem Markt gl\u00e4nzt.<\/p>\n\n\t\t<\/div>\n\t<\/div>\n\t\n\n<\/div>\n\n\t\t<\/div>\n\t\t\t\t\t<\/div>\n\n\t\n\n<\/div>","protected":false},"excerpt":{"rendered":"<p>Bang Smart Screen Crown Bar 18K liefert bis zu 18.000 Z\u00fcge mit einer 24mL e-Liquid-Kapazit\u00e4t und 650mAh wiederaufladbare Batterie. Ausgestattet mit einer 0,6-\u03a9-Mesh-Spule, einem intelligenten Display und einer schnellen Typ-C-Ladestation sorgt er f\u00fcr sanftes, geschmackvolles und lang anhaltendes Dampfen.<\/p>","protected":false},"featured_media":4476,"comment_status":"open","ping_status":"closed","template":"","meta":[],"product_brand":[239],"product_cat":[37,128,90,117,76,134,135,133,136,137,146,138,139,140,141,142,143,144,145,132,77,82],"product_tag":[],"class_list":{"0":"post-4423","1":"product","2":"type-product","3":"status-publish","4":"has-post-thumbnail","6":"product_brand-bang","7":"product_cat-bang","8":"product_cat-18000-puffs-disposable-vape","9":"product_cat-big-puffs-vapes","10":"product_cat-different-puffs-of-diposable-vapes","11":"product_cat-disposable-vape-types","12":"product_cat-disposable-vapes-in-austria","13":"product_cat-disposable-vapes-in-belgium","14":"product_cat-disposable-vapes-in-europe","15":"product_cat-disposable-vapes-in-france","16":"product_cat-disposable-vapes-in-germany","17":"product_cat-disposable-vapes-in-hungary","18":"product_cat-disposable-vapes-in-ltaly","19":"product_cat-disposable-vapes-in-netherlands","20":"product_cat-disposable-vapes-in-norway","21":"product_cat-disposable-vapes-in-poland","22":"product_cat-disposable-vapes-in-portugal","23":"product_cat-disposable-vapes-in-spain","24":"product_cat-disposable-vapes-in-sweden","25":"product_cat-disposable-vapes-in-switzerland","26":"product_cat-rechargeable-vapes","27":"product_cat-shisha-hookah-vapes","28":"product_cat-smart-screen-vapes","30":"first","31":"instock","32":"shipping-taxable","33":"purchasable","34":"product-type-variable","35":"has-default-attributes"},"jetpack_sharing_enabled":true,"tiered_pricing_type":"fixed","tiered_pricing_fixed_rules":{"2000":3.890000000000000124344978758017532527446746826171875},"tiered_pricing_product_settings":{"layout":"default","base_unit_name":{"singular":null,"plural":null},"default_variation":null},"tiered_pricing_minimum_quantity":1000,"tiered_pricing_roles_data":[],"tiered_pricing_percentage_rules":[],"tiered_pricing_maximum_quantity":null,"tiered_pricing_quantity_step":"10","_links":{"self":[{"href":"https:\/\/aiviouvapes.com\/de\/wp-json\/wp\/v2\/product\/4423","targetHints":{"allow":["GET"]}}],"collection":[{"href":"https:\/\/aiviouvapes.com\/de\/wp-json\/wp\/v2\/product"}],"about":[{"href":"https:\/\/aiviouvapes.com\/de\/wp-json\/wp\/v2\/types\/product"}],"replies":[{"embeddable":true,"href":"https:\/\/aiviouvapes.com\/de\/wp-json\/wp\/v2\/comments?post=4423"}],"wp:featuredmedia":[{"embeddable":true,"href":"https:\/\/aiviouvapes.com\/de\/wp-json\/wp\/v2\/media\/4476"}],"wp:attachment":[{"href":"https:\/\/aiviouvapes.com\/de\/wp-json\/wp\/v2\/media?parent=4423"}],"wp:term":[{"taxonomy":"product_brand","embeddable":true,"href":"https:\/\/aiviouvapes.com\/de\/wp-json\/wp\/v2\/product_brand?post=4423"},{"taxonomy":"product_cat","embeddable":true,"href":"https:\/\/aiviouvapes.com\/de\/wp-json\/wp\/v2\/product_cat?post=4423"},{"taxonomy":"product_tag","embeddable":true,"href":"https:\/\/aiviouvapes.com\/de\/wp-json\/wp\/v2\/product_tag?post=4423"}],"curies":[{"name":"wp","href":"https:\/\/api.w.org\/{rel}","templated":true}]}}