{"id":42012,"date":"2025-07-04T10:11:35","date_gmt":"2025-07-04T02:11:35","guid":{"rendered":"https:\/\/aiviouvapes.com\/?post_type=product&#038;p=42012"},"modified":"2026-03-24T11:26:58","modified_gmt":"2026-03-24T03:26:58","slug":"mr-goodie-50k","status":"publish","type":"product","link":"https:\/\/aiviouvapes.com\/de\/product\/mr-goodie-50k\/","title":{"rendered":"Mr.Goodie 50K | 50000 Puffs einstellbar Eis Party Spiegel Display Einweg vape"},"content":{"rendered":"<h3>\ud83d\ude80 Warum Mr.Goodie 50K w\u00e4hlen? \ud83c\udfaf<\/h3>\n<ul>\n<li>\ud83d\udca8 Massive 50.000 Z\u00fcge f\u00fcr lang anhaltenden Gebrauch<\/li>\n<li>\u2728 Elegantes Vollspiegel-Display f\u00fcr moderne Attraktivit\u00e4t<\/li>\n<li>\u2744\ufe0f 3-stufige Eisanpassung f\u00fcr jeden Zug<\/li>\n<li>\u26a1 Typ-C-Schnellladung, um mit Strom versorgt zu werden<\/li>\n<li>\ud83c\udf89 Party Vibez Mode f\u00fcr ein einzigartiges, lustiges Erlebnis<\/li>\n<li>\ud83d\udee2\ufe0f Der 40-ml-Tank mit hoher Kapazit\u00e4t h\u00e4lt Sie auf Trab<\/li>\n<li>\ud83d\udd25 Dual-Mesh-Spulen f\u00fcr gleichbleibend reichen Geschmack<\/li>\n<li>\ud83e\uddca Nikotinst\u00e4rkeoptionen von 2% und 5% f\u00fcr jede Vorliebe<\/li>\n<li>\ud83d\udce6 Perfekt f\u00fcr Gro\u00dfeink\u00e4ufe und Gro\u00dfhandelsvertrieb<\/li>\n<\/ul>\n<p>\ud83e\udd29 Wenn Du ein intensiver Verdampfer, ein Geschmacksliebhaber oder ein Vape-Shop bist, der seine Kunden beeindrucken will, ist der Mr.Goodie 50K Dein ultimatives Ger\u00e4t. Mit seinem auff\u00e4lligen Spiegeldisplay, der enormen Puffzahl und dem einstellbaren Eissystem definiert er neu, was ein Einwegdampfer sein kann. Decken Sie sich noch heute ein und lassen Sie Ihre Kunden einen Wegwerfdampfer erleben, der sich alles andere als wegwerfbar anf\u00fchlt.<\/p>\n<h2>\ud83c\udf89Mr.Goodie 50K: Das partytaugliche, ultralange Vape!\ud83d\ude80<\/h2>\n<p>\ud83d\udd25 Bist du bereit, dein Vaping-Erlebnis auf die n\u00e4chste Stufe zu heben? Wir stellen vor: die <strong>Mr.Goodie 50K<\/strong>ist ein funktionsreicher Einwegdampfer, der f\u00fcr ernsthafte Geschmacksj\u00e4ger und B2B-Gro\u00dfabnehmer entwickelt wurde. Mit einer gewaltigen Kapazit\u00e4t von 50.000 Z\u00fcgen, einem atemberaubenden Full Abyss Mirror Display und einer innovativen 3-stufigen Eis-Einstellbarkeit ist dies der Vape, der den ganzen Tag und die ganze Nacht f\u00fcr gute Stimmung sorgt. Egal, ob Du Deinen Vape-Shop auff\u00fcllst oder nach einem aufsehenerregenden Vape f\u00fcr Partys suchst, der Mr.Goodie 50K \u00fcberzeugt durch Stil, Leistung und unvergleichlichen Komfort.<\/p>\n<h3>Spezifikationen<\/h3>\n<table>\n<tbody>\n<tr>\n<td>Puff-Kapazit\u00e4t<\/td>\n<td>Bis zu 50.000 Z\u00fcge<\/td>\n<\/tr>\n<tr>\n<td>E-Liquid-Kapazit\u00e4t<\/td>\n<td>40mL<\/td>\n<\/tr>\n<tr>\n<td>Batterie<\/td>\n<td>900mAh, Typ-C wiederaufladbar<\/td>\n<\/tr>\n<tr>\n<td>Spulentyp<\/td>\n<td>Doppelte Mesh-Spulen<\/td>\n<\/tr>\n<tr>\n<td>Nikotin-Optionen<\/td>\n<td>2%, 5%<\/td>\n<\/tr>\n<tr>\n<td>Anzeige<\/td>\n<td>Vollst\u00e4ndige Abyss-Spiegel-Anzeige<\/td>\n<\/tr>\n<tr>\n<td>Gestaltung<\/td>\n<td>Party Vibez Modus<\/td>\n<\/tr>\n<tr>\n<td>Eiskontrolle<\/td>\n<td>3-stufig einstellbar<\/td>\n<\/tr>\n<\/tbody>\n<\/table>\n<h3>Verf\u00fcgbare Geschmacksrichtungen<\/h3>\n<ul>\n<li>Erdbeer-Milchshake<\/li>\n<li>Blauer Razzia<\/li>\n<li>Wassermelone Eis<\/li>\n<li>Apfel-Zimt<\/li>\n<li>Gr\u00fcnes Zitroneneis<\/li>\n<li>Mango-Ananas-Eis<\/li>\n<li>Saftiges Pfirsicheis<\/li>\n<li>Vanille-Passionsfrucht<\/li>\n<li>Blutorangeneis<\/li>\n<li>Liebe 66<\/li>\n<\/ul>\n<p><img data-recalc-dims=\"1\" loading=\"lazy\" decoding=\"async\" class=\"alignleft\" src=\"https:\/\/i0.wp.com\/static.24hvape.com\/wp-content\/uploads\/2025\/05\/30071414\/24h-vape-mr.goodie-50000-50k-puffs-flavor-list.jpg.webp?resize=1000%2C1000&#038;ssl=1\" alt=\",\" width=\"1000\" height=\"1000\" title=\"\"><\/p>","protected":false},"excerpt":{"rendered":"<p>Mr.Goodie 50K Einweg-Vape: 50.000 Z\u00fcge, Spiegel-Display, einstellbares Eis und kr\u00e4ftige Geschmacksrichtungen - perfekt f\u00fcr Gro\u00dfhandel und Vape-Shops!<\/p>","protected":false},"featured_media":42013,"comment_status":"open","ping_status":"closed","template":"","meta":[],"product_brand":[258],"product_cat":[137,146,138,141,143,257],"product_tag":[],"class_list":{"0":"post-42012","1":"product","2":"type-product","3":"status-publish","4":"has-post-thumbnail","6":"product_brand-mr-goodie","7":"product_cat-disposable-vapes-in-germany","8":"product_cat-disposable-vapes-in-hungary","9":"product_cat-disposable-vapes-in-ltaly","10":"product_cat-disposable-vapes-in-poland","11":"product_cat-disposable-vapes-in-spain","12":"product_cat-mr-goodie","14":"first","15":"instock","16":"shipping-taxable","17":"purchasable","18":"product-type-variable","19":"has-default-attributes"},"jetpack_sharing_enabled":true,"tiered_pricing_type":"fixed","tiered_pricing_fixed_rules":[],"tiered_pricing_product_settings":{"layout":"default","base_unit_name":{"singular":null,"plural":null},"default_variation":null},"tiered_pricing_minimum_quantity":1000,"tiered_pricing_roles_data":[],"tiered_pricing_percentage_rules":[],"tiered_pricing_maximum_quantity":null,"tiered_pricing_quantity_step":"10","_links":{"self":[{"href":"https:\/\/aiviouvapes.com\/de\/wp-json\/wp\/v2\/product\/42012","targetHints":{"allow":["GET"]}}],"collection":[{"href":"https:\/\/aiviouvapes.com\/de\/wp-json\/wp\/v2\/product"}],"about":[{"href":"https:\/\/aiviouvapes.com\/de\/wp-json\/wp\/v2\/types\/product"}],"replies":[{"embeddable":true,"href":"https:\/\/aiviouvapes.com\/de\/wp-json\/wp\/v2\/comments?post=42012"}],"wp:featuredmedia":[{"embeddable":true,"href":"https:\/\/aiviouvapes.com\/de\/wp-json\/wp\/v2\/media\/42013"}],"wp:attachment":[{"href":"https:\/\/aiviouvapes.com\/de\/wp-json\/wp\/v2\/media?parent=42012"}],"wp:term":[{"taxonomy":"product_brand","embeddable":true,"href":"https:\/\/aiviouvapes.com\/de\/wp-json\/wp\/v2\/product_brand?post=42012"},{"taxonomy":"product_cat","embeddable":true,"href":"https:\/\/aiviouvapes.com\/de\/wp-json\/wp\/v2\/product_cat?post=42012"},{"taxonomy":"product_tag","embeddable":true,"href":"https:\/\/aiviouvapes.com\/de\/wp-json\/wp\/v2\/product_tag?post=42012"}],"curies":[{"name":"wp","href":"https:\/\/api.w.org\/{rel}","templated":true}]}}