{"id":41846,"date":"2025-07-04T09:51:19","date_gmt":"2025-07-04T01:51:19","guid":{"rendered":"https:\/\/aiviouvapes.com\/?post_type=product&#038;p=41846"},"modified":"2026-03-24T11:26:56","modified_gmt":"2026-03-24T03:26:56","slug":"bang-blaze-60k-shisha","status":"publish","type":"product","link":"https:\/\/aiviouvapes.com\/de\/product\/bang-blaze-60k-shisha\/","title":{"rendered":"Bang Blaze 60K Shisha 60000 Puffs | lang anhaltende Bulk Einweg vape"},"content":{"rendered":"<h3>Warum Bang Blaze 60K Shisha w\u00e4hlen?<\/h3>\n<ul>\n<li>\ud83d\ude80 Massive 60.000 Puff-Kapazit\u00e4t f\u00fcr l\u00e4ngeren Gebrauch<\/li>\n<li>\ud83c\udf53 Frische Aromen f\u00fcr endlose Geschmackskombinationen<\/li>\n<li>\u26a1 Wiederaufladbarer 1000mAh Akku mit Typ-C Schnellladung<\/li>\n<li>\ud83d\udd0d Intelligenter LED-Bildschirm zur einfachen \u00dcberwachung von Akku und Saftstand<\/li>\n<li>\ud83d\udc8e Kristallklares Geh\u00e4use f\u00fcr ein elegantes, hochwertiges Aussehen<\/li>\n<li>\ud83c\udf2c\ufe0f Sanfte, befriedigende DTL (Direct-To-Lung) Treffer mit einer 0,6\u03a9 Mesh-Spule<\/li>\n<li>\ud83d\udce6 Gro\u00dfhandelsfreundliche Verpackung f\u00fcr einfachen Vertrieb<\/li>\n<\/ul>\n<p>Die <strong>Bang Blaze 60K Shisha<\/strong> wurde f\u00fcr Heavy-User, Geschmacksj\u00e4ger und Vape-Gesch\u00e4ftsleute entwickelt, die ein leistungsstarkes, vielseitiges Einwegger\u00e4t ben\u00f6tigen, das sie nie entt\u00e4uscht. Egal, ob Du Dich f\u00fcr Dein Gesch\u00e4ft eindeckst oder ein massenkompatibles Ger\u00e4t mit unglaublichen Funktionen suchst, dieses von der Shisha inspirierte Meisterwerk liefert jedes Mal gleichbleibende Leistung und unschlagbare Geschmackserlebnisse.<\/p>\n<h2>\ud83d\udd25 Wir stellen die Bang Blaze 60K Shisha vor! \ud83d\udd25<\/h2>\n<p>\ud83d\udca8 Bist du bereit, deinen Shisha-Stil auf die n\u00e4chste Stufe zu heben? Treffen Sie die <strong>Bang Blaze 60K Shisha<\/strong> - ein hochmoderner Einwegdampfer mit epischen 60.000 Z\u00fcgen und einem leistungsstarken 1000-mAh-Akku. Egal, ob Sie ein Geschmackssucher oder ein intensiver Vaper sind, dieses kristallklare Kraftpaket mit LED-Anzeige garantiert jedes Mal fetten Geschmack und weiche Wolken. Perfekt f\u00fcr Wiederverk\u00e4ufer, Gro\u00dfh\u00e4ndler und alle, die das beste Shisha-inspirierte Dampferlebnis auf dem Markt genie\u00dfen wollen!<\/p>\n<h3>Spezifikationen<\/h3>\n<table>\n<tbody>\n<tr>\n<th>Puff-Kapazit\u00e4t<\/th>\n<td>Bis zu 60.000 Puffs<\/td>\n<\/tr>\n<tr>\n<th>E-Liquid-Kapazit\u00e4t<\/th>\n<td>40mL<\/td>\n<\/tr>\n<tr>\n<th>Batterie<\/th>\n<td>1000mAh, Typ-C wiederaufladbar<\/td>\n<\/tr>\n<tr>\n<th>Spulentyp<\/th>\n<td>0.6\u03a9 Masche Spule<\/td>\n<\/tr>\n<tr>\n<th>Nikotin-Optionen<\/th>\n<td>0%, 2%, 3%, 5%<\/td>\n<\/tr>\n<tr>\n<th>Anzeige<\/th>\n<td>LED-Smart-Bildschirm<\/td>\n<\/tr>\n<tr>\n<th>Gestaltung<\/th>\n<td>Kristallklarer K\u00f6rper<\/td>\n<\/tr>\n<tr>\n<th>Verpackung<\/th>\n<td>8St\u00fcck\/Packung<\/td>\n<\/tr>\n<\/tbody>\n<\/table>\n<h3>Geschmacksliste<\/h3>\n<p>K\u00fchle Minze<br \/>\nDoppelter Apfel<br \/>\nErdbeer-Kiwi<br \/>\nWassermelone Erdbeere Melone<br \/>\nGemischte Beeren<br \/>\nBrown Ale<br \/>\nKirsche-Minze<br \/>\nPfirsich Mango Wassermelone<br \/>\nBlauer Razzia<br \/>\nPassionsfrucht<\/p>","protected":false},"excerpt":{"rendered":"<p>Der Bang Blaze 60K Shisha Einwegdampfer liefert bis zu 60.000 Z\u00fcge mit zwei Geschmacksrichtungen, einem leistungsstarken 1000mAh Akku und einer 0,6\u03a9 Mesh-Spule - perfekt f\u00fcr Heavy Vaper, Vape Shops und Gro\u00dfh\u00e4ndler.<\/p>","protected":false},"featured_media":41847,"comment_status":"open","ping_status":"closed","template":"","meta":[],"product_brand":[239],"product_cat":[37,320,137,146,138,141,143],"product_tag":[],"class_list":{"0":"post-41846","1":"product","2":"type-product","3":"status-publish","4":"has-post-thumbnail","6":"product_brand-bang","7":"product_cat-bang","8":"product_cat-best-disposable-vapes","9":"product_cat-disposable-vapes-in-germany","10":"product_cat-disposable-vapes-in-hungary","11":"product_cat-disposable-vapes-in-ltaly","12":"product_cat-disposable-vapes-in-poland","13":"product_cat-disposable-vapes-in-spain","15":"first","16":"instock","17":"shipping-taxable","18":"purchasable","19":"product-type-variable","20":"has-default-attributes"},"jetpack_sharing_enabled":true,"tiered_pricing_type":"fixed","tiered_pricing_fixed_rules":{"30":9.3300000000000000710542735760100185871124267578125,"50":7.519999999999999573674358543939888477325439453125,"100":6.87000000000000010658141036401502788066864013671875,"200":6.61000000000000031974423109204508364200592041015625,"400":6.089999999999999857891452847979962825775146484375},"tiered_pricing_product_settings":{"layout":"default","base_unit_name":{"singular":null,"plural":null},"default_variation":null},"tiered_pricing_minimum_quantity":10,"tiered_pricing_roles_data":[],"tiered_pricing_percentage_rules":[],"tiered_pricing_maximum_quantity":null,"tiered_pricing_quantity_step":"10","_links":{"self":[{"href":"https:\/\/aiviouvapes.com\/de\/wp-json\/wp\/v2\/product\/41846","targetHints":{"allow":["GET"]}}],"collection":[{"href":"https:\/\/aiviouvapes.com\/de\/wp-json\/wp\/v2\/product"}],"about":[{"href":"https:\/\/aiviouvapes.com\/de\/wp-json\/wp\/v2\/types\/product"}],"replies":[{"embeddable":true,"href":"https:\/\/aiviouvapes.com\/de\/wp-json\/wp\/v2\/comments?post=41846"}],"wp:featuredmedia":[{"embeddable":true,"href":"https:\/\/aiviouvapes.com\/de\/wp-json\/wp\/v2\/media\/41847"}],"wp:attachment":[{"href":"https:\/\/aiviouvapes.com\/de\/wp-json\/wp\/v2\/media?parent=41846"}],"wp:term":[{"taxonomy":"product_brand","embeddable":true,"href":"https:\/\/aiviouvapes.com\/de\/wp-json\/wp\/v2\/product_brand?post=41846"},{"taxonomy":"product_cat","embeddable":true,"href":"https:\/\/aiviouvapes.com\/de\/wp-json\/wp\/v2\/product_cat?post=41846"},{"taxonomy":"product_tag","embeddable":true,"href":"https:\/\/aiviouvapes.com\/de\/wp-json\/wp\/v2\/product_tag?post=41846"}],"curies":[{"name":"wp","href":"https:\/\/api.w.org\/{rel}","templated":true}]}}