{"id":41615,"date":"2025-07-02T00:17:15","date_gmt":"2025-07-01T16:17:15","guid":{"rendered":"https:\/\/aiviouvapes.com\/?post_type=product&#038;p=41615"},"modified":"2026-04-15T09:06:42","modified_gmt":"2026-04-15T01:06:42","slug":"bang-king-triple-flavors-85000","status":"publish","type":"product","link":"https:\/\/aiviouvapes.com\/de\/product\/bang-king-triple-flavors-85000\/","title":{"rendered":"Bang King 85K 3-in-1 85000 Puffs | Dreifach-Geschmack Bulk Einweg vape"},"content":{"rendered":"<h2>\ud83c\udf89 <strong>Warum Bang King 85K kaufen?<\/strong><\/h2>\n<p>Wenn Sie sich nach lang anhaltendem, kraftvollem Dampfen mit ultimativer Geschmacksflexibilit\u00e4t sehnen, ist der Bang King 85K Ihr neuer bester Freund. Genie\u00dfen Sie <strong>85.000 Z\u00fcge<\/strong>, eine riesige <strong>63mL<\/strong> Gesamtkapazit\u00e4t f\u00fcr E-Liquid und die Freiheit, zwischen drei einstellbaren Geschmacksrichtungen zu wechseln. Egal, ob Sie fruchtige, eisige oder von Soda inspirierte Mischungen lieben, dieser dreifache Mesh-Coil-Dampfer liefert bei jedem Zug weiche, gleichm\u00e4\u00dfige Wolken. Perfekt f\u00fcr Gro\u00dfabnehmer, Einzelh\u00e4ndler oder Vieldampfer auf der Suche nach zuverl\u00e4ssigen, befriedigenden Sessions.<\/p>\n<h3>\ud83d\udd0d <strong>Spezifikationen<\/strong><\/h3>\n<ul>\n<li><strong>Nikotinst\u00e4rke:<\/strong> 0% \/ 2% \/ 3% \/ 5%<\/li>\n<li><strong>Anzahl der Puffs:<\/strong> 85.000 Z\u00fcge<\/li>\n<li><strong>Geschm\u00e4cker sind einstellbar:<\/strong> 3 Geschmacksrichtungen einstellbar<\/li>\n<li><strong>E-Liquid-Kapazit\u00e4t:<\/strong> 21mL \u00d7 3 (insgesamt 63mL)<\/li>\n<li><strong>Batteriekapazit\u00e4t:<\/strong> 600mAh wiederaufladbar<\/li>\n<li><strong>Spulentyp:<\/strong> Dreifach-Mesh-Spule (1,0\u03a9)<\/li>\n<li><strong>Anzeige:<\/strong> LED-Bildschirm<\/li>\n<li><strong>Aufladen:<\/strong> Typ-C<\/li>\n<li><strong>Verpackung:<\/strong> 10 St\u00fcck pro Packung<\/li>\n<li><strong>Geschmacksoptionen:<\/strong> 16 Dreifach-Geschmackskombinationen<\/li>\n<\/ul>\n<h3>\ud83c\udf08 <strong>Geschmacksoptionen<\/strong><\/h3>\n<p>Entdecken Sie diese k\u00f6stlichen Kombinationen, die jeden Geschmack treffen:<\/p>\n<ul>\n<li>Wassermeloneneis &amp; Red Bull &amp; Erdbeer-Kiwi<\/li>\n<li>Erdbeer-Vanille-Cola &amp; Black Dragon Ice &amp; Pfirsich Ice<\/li>\n<li>Heidelbeereis &amp; Zitrone-Limette &amp; Erdbeere-Wassermelone<\/li>\n<li>Kiwi Passionsfrucht Guave &amp; Lush Ice &amp; Straw Mango<\/li>\n<li>Erdbeer-Banane &amp; Rosa Limonade &amp; Himbeer-Wassermelone<\/li>\n<li>Blue Razz Ice &amp; Erdbeer-Wassermelone &amp; Wassermeloneneis<\/li>\n<li>Pfirsich Mango &amp; Blauer Razz Kirsche &amp; K\u00fchle Minze<\/li>\n<li>Beerenlimonade &amp; Erdbeere Red Bull &amp; Erdbeerpomp<\/li>\n<li>Tropische Fr\u00fcchte &amp; Zitrone Pfirsich &amp; Erdbeere Wassermelone<\/li>\n<li>Double Apple &amp; Ananas Ice &amp; Fruity Fusion<\/li>\n<li>Ananas-Kokosnuss &amp; Blue Razz &amp; Erdbeer-Banane<\/li>\n<li>Cola Ice &amp; Cherry Cola &amp; Mr Blue<\/li>\n<li>Erdbeer-Wassermelone &amp; Dreifach-Melone &amp; Erdbeereis<\/li>\n<li>Erdbeerdonut &amp; Love 66 &amp; Bananeneis<\/li>\n<li>Gemischte Beeren &amp; Mango Pfirsich &amp; Traubeneis<\/li>\n<li>Eistee Zitroneneis &amp; Lychee-Eis &amp; Mango auf Eis<\/li>\n<\/ul>","protected":false},"excerpt":{"rendered":"<p>Mach Dich bereit f\u00fcr die dreifache Geschmacksleistung! Der neue Bang King 85K bietet 85.000 Z\u00fcge, 3 einstellbare Geschmacksrichtungen und eine riesige Kapazit\u00e4t in einem fetten, wiederaufladbaren Einwegdampfer.<\/p>","protected":false},"featured_media":41617,"comment_status":"open","ping_status":"closed","template":"","meta":[],"product_brand":[239],"product_cat":[37,336,242,320,90],"product_tag":[384,382,381,383,385],"class_list":{"0":"post-41615","1":"product","2":"type-product","3":"status-publish","4":"has-post-thumbnail","6":"product_brand-bang","7":"product_cat-bang","8":"product_cat-100k-puffs-disposable-vape","9":"product_cat-60000-puffs-disposable-vape","10":"product_cat-best-disposable-vapes","11":"product_cat-big-puffs-vapes","12":"product_tag-3-in-1-adjustable-flavor-vape","13":"product_tag-85000-puffs-triple-flavor-vape","14":"product_tag-bang-king-85k-disposable-vape","15":"product_tag-bulk-rechargeable-vape-device","16":"product_tag-long-lasting-mesh-coil-vape","18":"first","19":"instock","20":"shipping-taxable","21":"purchasable","22":"product-type-variable","23":"has-default-attributes"},"jetpack_sharing_enabled":true,"tiered_pricing_type":"fixed","tiered_pricing_fixed_rules":{"2000":5.37000000000000010658141036401502788066864013671875},"tiered_pricing_product_settings":{"layout":"default","base_unit_name":{"singular":null,"plural":null},"default_variation":null},"tiered_pricing_minimum_quantity":1000,"tiered_pricing_roles_data":[],"tiered_pricing_percentage_rules":[],"tiered_pricing_maximum_quantity":null,"tiered_pricing_quantity_step":"10","_links":{"self":[{"href":"https:\/\/aiviouvapes.com\/de\/wp-json\/wp\/v2\/product\/41615","targetHints":{"allow":["GET"]}}],"collection":[{"href":"https:\/\/aiviouvapes.com\/de\/wp-json\/wp\/v2\/product"}],"about":[{"href":"https:\/\/aiviouvapes.com\/de\/wp-json\/wp\/v2\/types\/product"}],"replies":[{"embeddable":true,"href":"https:\/\/aiviouvapes.com\/de\/wp-json\/wp\/v2\/comments?post=41615"}],"wp:featuredmedia":[{"embeddable":true,"href":"https:\/\/aiviouvapes.com\/de\/wp-json\/wp\/v2\/media\/41617"}],"wp:attachment":[{"href":"https:\/\/aiviouvapes.com\/de\/wp-json\/wp\/v2\/media?parent=41615"}],"wp:term":[{"taxonomy":"product_brand","embeddable":true,"href":"https:\/\/aiviouvapes.com\/de\/wp-json\/wp\/v2\/product_brand?post=41615"},{"taxonomy":"product_cat","embeddable":true,"href":"https:\/\/aiviouvapes.com\/de\/wp-json\/wp\/v2\/product_cat?post=41615"},{"taxonomy":"product_tag","embeddable":true,"href":"https:\/\/aiviouvapes.com\/de\/wp-json\/wp\/v2\/product_tag?post=41615"}],"curies":[{"name":"wp","href":"https:\/\/api.w.org\/{rel}","templated":true}]}}