{"id":40311,"date":"2025-06-26T10:24:16","date_gmt":"2025-06-26T02:24:16","guid":{"rendered":"https:\/\/aiviouvapes.com\/?post_type=product&#038;p=40311"},"modified":"2026-04-17T13:00:48","modified_gmt":"2026-04-17T05:00:48","slug":"vozol-gear-shisha-25000","status":"publish","type":"product","link":"https:\/\/aiviouvapes.com\/de\/product\/vozol-gear-shisha-25000\/","title":{"rendered":"Vozol GEAR SHISHA 25000 | 25k Dual-Modus 25000 Puffs, intelligente Bildschirm Bulk Einweg vape"},"content":{"rendered":"<p><img data-recalc-dims=\"1\" loading=\"lazy\" decoding=\"async\" class=\"alignnone\" src=\"https:\/\/i0.wp.com\/sleekvape.com\/cdn-cgi\/image\/width%3D1015%2Cheight%3D599%2Cfit%3Dcrop%2Cquality%3D90%2Cgravity%3Dauto%2Csharpen%3D1%2Cmetadata%3Dnone%2Cformat%3Dauto%2Conerror%3Dredirect\/wp-content\/uploads\/2025\/04\/vozol-%E6%98%AF%E5%95%A5.png?resize=1020%2C602&#038;ssl=1\" alt=\"Werbebild mit dem VozoL Pod System, das Merkmale wie den weltweit ersten audio-interaktiven DTL-Einwegdampfer, einen robusten 1000-mAh-Akku, einen intelligenten Chip von Si.L.C Tech, eine doppelte Mesh-Spule, einen einstellbaren Luftstrom, einen Farbbildschirm sowie einen Eco- und Power-Modus f\u00fcr 25000 bzw. 18000 Z\u00fcge hervorhebt.\" width=\"1020\" height=\"602\" title=\"\"><\/p>\n<h2>\ud83d\ude80 Vozol GEAR SHISHA 25000 - intelligent, leistungsf\u00e4hig und voller Geschmack<\/h2>\n<p>\ud83d\udd25 Einf\u00fchrung in die <strong>Vozol GETRIEBE SHISHA 25000<\/strong> - der ultimative Einwegdampfer, entwickelt f\u00fcr ernsthafte Dampfer und clevere Einzelh\u00e4ndler. Mit <strong>Dualmodi<\/strong> (ECO &amp; Power), eine lebendige <strong>2,1-Zoll-Farbbildschirm<\/strong>und ein sprachgesteuerter Smart Chip sorgen daf\u00fcr, dass dieser Verdampfer nicht nur Leistung bringt, sondern auch Ihre Sprache spricht. Egal, ob Sie nach Wolken jagen oder den Geschmack genie\u00dfen wollen, dieses Kraftpaket liefert jedes Mal. \ud83d\udca8<\/p>\n<h3>Spezifikationen<\/h3>\n<table>\n<tbody>\n<tr>\n<th>Produktname<\/th>\n<td>Vozol GETRIEBE SHISHA 25000<\/td>\n<\/tr>\n<tr>\n<th>Puff-Kapazit\u00e4t<\/th>\n<td>25.000 (ECO-Modus) \/ 18.000 (Power-Modus)<\/td>\n<\/tr>\n<tr>\n<th>E-Liquid-Kapazit\u00e4t<\/th>\n<td>25mL<\/td>\n<\/tr>\n<tr>\n<th>Batterie<\/th>\n<td>1000mAh (wiederaufladbar, Typ-C)<\/td>\n<\/tr>\n<tr>\n<th>Spulentyp<\/th>\n<td>Doppelte Mesh-Spule<\/td>\n<\/tr>\n<tr>\n<th>Nikotin-Optionen<\/th>\n<td>5%<\/td>\n<\/tr>\n<tr>\n<th>Anzeige<\/th>\n<td>2,1-Zoll-Smart-Farbbildschirm<\/td>\n<\/tr>\n<tr>\n<th>Gestaltung<\/th>\n<td>Auslaufsicher, Audio-interaktiv, einstellbarer Luftstrom<\/td>\n<\/tr>\n<\/tbody>\n<\/table>\n<h3>Geschmacks-Kombinationen<\/h3>\n<table>\n<tbody>\n<tr>\n<th>Kammer A<\/th>\n<th>Kammer B<\/th>\n<\/tr>\n<tr>\n<td>Zwei \u00c4pfel<\/td>\n<td>Wassermelone Eis<\/td>\n<\/tr>\n<tr>\n<td>Mango Freeze<\/td>\n<td>Mango Pfirsich<\/td>\n<\/tr>\n<tr>\n<td>Blaubeereis<\/td>\n<td>Parf\u00fcm Zitrone<\/td>\n<\/tr>\n<tr>\n<td>Blaues Razzeis<\/td>\n<td>Traubeneis<\/td>\n<\/tr>\n<tr>\n<td>Erdbeer-Kiwi<\/td>\n<td>Heidelbeere Wassermelone<\/td>\n<\/tr>\n<tr>\n<td>Kirsche Cola<\/td>\n<td>Blauer Mojito<\/td>\n<\/tr>\n<tr>\n<td>Love 777<\/td>\n<td>Moskauer Abende<\/td>\n<\/tr>\n<tr>\n<td>Maiden Killer<\/td>\n<td>Kirsche Eis<\/td>\n<\/tr>\n<tr>\n<td>Pfirsich-Eis<\/td>\n<td>S\u00fc\u00dfe Passionsfrucht<\/td>\n<\/tr>\n<tr>\n<td>Gefrorene Erdbeer-Kiwi<\/td>\n<td>Passionsfrucht-Litschi-Orange<\/td>\n<\/tr>\n<tr>\n<td colspan=\"2\">Drachenfrucht-Banane-Kirsche<\/td>\n<\/tr>\n<\/tbody>\n<\/table>\n<h3>Warum sollten Sie sich f\u00fcr Vozol GEAR SHISHA 25000 entscheiden?<\/h3>\n<ul>\n<li>\ud83d\udd25 Bis zu 25.000 Z\u00fcge im ECO-Modus f\u00fcr l\u00e4ngeren Gebrauch<\/li>\n<li>\ud83d\udca8 Power-Modus mit intensivem Dampf f\u00fcr Wolkenj\u00e4ger<\/li>\n<li>\ud83c\udfaf Dual-Mesh-Spule sorgt f\u00fcr eine reichhaltige, gleichm\u00e4\u00dfige Geschmacksabgabe<\/li>\n<li>1000mAh-Akku mit Typ-C-Schnellladung<\/li>\n<li>\ud83d\udcfa 2.1\u2033 intelligenter Bildschirm zeigt Puffzahl, Modus und Batterie<\/li>\n<li>\ud83c\udfa7 Audio-interaktiver Chip bietet Sprachfeedback in Echtzeit<\/li>\n<li>\ud83c\udf2c\ufe0f Einstellbarer Luftstrom und str\u00f6mungsdynamischer Luftweg f\u00fcr gleichm\u00e4\u00dfigen Zug<\/li>\n<li>\ud83d\udeab Auslaufsichere Struktur f\u00fcr sauberes, unauff\u00e4lliges Dampfen<\/li>\n<li>\ud83c\udfa8 \u00dcber 21 verschiedene Geschmacksrichtungen f\u00fcr jeden Geschmack<\/li>\n<\/ul>\n<p>Egal, ob Sie ein engagierter Geschmacksliebhaber, ein Gro\u00dfabnehmer oder ein Vape-Shop sind, der au\u00dfergew\u00f6hnliche Produkte ben\u00f6tigt, die <strong>Vozol GETRIEBE SHISHA 25000<\/strong> bietet Stil, Technik und Leistung in einem kompakten Kraftpaket. Gebaut f\u00fcr Benutzer mit hohem Volumen und entwickelt, um in Gro\u00df- und Einzelhandelsumgebungen gleicherma\u00dfen zu beeindrucken. \ud83d\udd04\ud83d\udcbc<\/p>","protected":false},"excerpt":{"rendered":"<p>Shoppen Sie den Vozol GEAR SHISHA 25000 - ein leistungsstarker Einwegdampfer mit 25.000 Puffs, Dual-Mesh-Coils, Smart Screen und 21 Geschmacksoptionen. Perfekt f\u00fcr Heavy User und Gro\u00dfabnehmer.<\/p>","protected":false},"featured_media":39968,"comment_status":"open","ping_status":"closed","template":"","meta":[],"product_brand":[250],"product_cat":[249],"product_tag":[],"class_list":{"0":"post-40311","1":"product","2":"type-product","3":"status-publish","4":"has-post-thumbnail","6":"product_brand-vozol","7":"product_cat-vozol","9":"first","10":"instock","11":"shipping-taxable","12":"purchasable","13":"product-type-variable","14":"has-default-attributes"},"jetpack_sharing_enabled":true,"tiered_pricing_type":"fixed","tiered_pricing_fixed_rules":{"2000":6.71999999999999975131004248396493494510650634765625},"tiered_pricing_product_settings":{"layout":"default","base_unit_name":{"singular":null,"plural":null},"default_variation":null},"tiered_pricing_minimum_quantity":1000,"tiered_pricing_roles_data":[],"tiered_pricing_percentage_rules":[],"tiered_pricing_maximum_quantity":null,"tiered_pricing_quantity_step":"100","_links":{"self":[{"href":"https:\/\/aiviouvapes.com\/de\/wp-json\/wp\/v2\/product\/40311","targetHints":{"allow":["GET"]}}],"collection":[{"href":"https:\/\/aiviouvapes.com\/de\/wp-json\/wp\/v2\/product"}],"about":[{"href":"https:\/\/aiviouvapes.com\/de\/wp-json\/wp\/v2\/types\/product"}],"replies":[{"embeddable":true,"href":"https:\/\/aiviouvapes.com\/de\/wp-json\/wp\/v2\/comments?post=40311"}],"wp:featuredmedia":[{"embeddable":true,"href":"https:\/\/aiviouvapes.com\/de\/wp-json\/wp\/v2\/media\/39968"}],"wp:attachment":[{"href":"https:\/\/aiviouvapes.com\/de\/wp-json\/wp\/v2\/media?parent=40311"}],"wp:term":[{"taxonomy":"product_brand","embeddable":true,"href":"https:\/\/aiviouvapes.com\/de\/wp-json\/wp\/v2\/product_brand?post=40311"},{"taxonomy":"product_cat","embeddable":true,"href":"https:\/\/aiviouvapes.com\/de\/wp-json\/wp\/v2\/product_cat?post=40311"},{"taxonomy":"product_tag","embeddable":true,"href":"https:\/\/aiviouvapes.com\/de\/wp-json\/wp\/v2\/product_tag?post=40311"}],"curies":[{"name":"wp","href":"https:\/\/api.w.org\/{rel}","templated":true}]}}