{"id":39912,"date":"2025-06-24T16:09:54","date_gmt":"2025-06-24T08:09:54","guid":{"rendered":"https:\/\/aiviouvapes.com\/?post_type=product&#038;p=39912"},"modified":"2026-03-24T11:26:14","modified_gmt":"2026-03-24T03:26:14","slug":"uwin-crystal-twins-40k","status":"publish","type":"product","link":"https:\/\/aiviouvapes.com\/de\/product\/uwin-crystal-twins-40k\/","title":{"rendered":"Uwin Crystal Twins 40K | dualen Geschmack 40000 Puffs, Mesh-Spule Masse Einweg vape"},"content":{"rendered":"<p><img data-recalc-dims=\"1\" loading=\"lazy\" decoding=\"async\" class=\"aligncenter wp-image-40419 size-full\" src=\"https:\/\/i0.wp.com\/aiviouvapes.com\/wp-content\/uploads\/2025\/06\/%E6%B5%B7%E6%8A%A5%E6%A8%AA%E5%B9%85.jpg?resize=1020%2C510&#038;ssl=1\" alt=\",\" width=\"1020\" height=\"510\" title=\"\" srcset=\"https:\/\/i0.wp.com\/aiviouvapes.com\/wp-content\/uploads\/2025\/06\/%E6%B5%B7%E6%8A%A5%E6%A8%AA%E5%B9%85.jpg?w=1920&amp;ssl=1 1920w, https:\/\/i0.wp.com\/aiviouvapes.com\/wp-content\/uploads\/2025\/06\/%E6%B5%B7%E6%8A%A5%E6%A8%AA%E5%B9%85.jpg?resize=300%2C150&amp;ssl=1 300w, https:\/\/i0.wp.com\/aiviouvapes.com\/wp-content\/uploads\/2025\/06\/%E6%B5%B7%E6%8A%A5%E6%A8%AA%E5%B9%85.jpg?resize=1024%2C512&amp;ssl=1 1024w, https:\/\/i0.wp.com\/aiviouvapes.com\/wp-content\/uploads\/2025\/06\/%E6%B5%B7%E6%8A%A5%E6%A8%AA%E5%B9%85.jpg?resize=768%2C384&amp;ssl=1 768w, https:\/\/i0.wp.com\/aiviouvapes.com\/wp-content\/uploads\/2025\/06\/%E6%B5%B7%E6%8A%A5%E6%A8%AA%E5%B9%85.jpg?resize=1536%2C768&amp;ssl=1 1536w, https:\/\/i0.wp.com\/aiviouvapes.com\/wp-content\/uploads\/2025\/06\/%E6%B5%B7%E6%8A%A5%E6%A8%AA%E5%B9%85.jpg?resize=18%2C9&amp;ssl=1 18w, https:\/\/i0.wp.com\/aiviouvapes.com\/wp-content\/uploads\/2025\/06\/%E6%B5%B7%E6%8A%A5%E6%A8%AA%E5%B9%85.jpg?resize=1320%2C660&amp;ssl=1 1320w, https:\/\/i0.wp.com\/aiviouvapes.com\/wp-content\/uploads\/2025\/06\/%E6%B5%B7%E6%8A%A5%E6%A8%AA%E5%B9%85.jpg?resize=800%2C400&amp;ssl=1 800w\" sizes=\"auto, (max-width: 1020px) 100vw, 1020px\" \/><\/p>\n<h2>\ud83d\udd25 Uwin Crystal Twins 40k - Dual Flavor, Massive Puffs<\/h2>\n<p>Die <strong>Uwin Kristallzwillinge 40k<\/strong> bringt mit seinem eleganten, kristallklaren Design, dem Dual-Flavor-System und der fortschrittlichen Technologie das Einweg-Dampfen auf die n\u00e4chste Stufe. Egal, ob Sie ein Wolkenj\u00e4ger oder ein Geschmacksliebhaber sind, dieser Verdampfer liefert bis zu <strong>40.000 Z\u00fcge<\/strong>, ein <strong>Smart-Display<\/strong>und anpassbar <strong>Nikotinst\u00e4rke<\/strong> von <strong>0% bis 5%<\/strong>und ist somit f\u00fcr jeden Benutzer geeignet.<\/p>\n<p>Keine Kompromisse n\u00f6tig.<strong>zwei erstaunliche Geschmacksrichtungen in einem Ger\u00e4t<\/strong>, gepaart mit einer <strong>Netzspule f\u00fcr satte, weiche Schl\u00e4ge<\/strong> jedes Mal.<\/p>\n<h3>\ud83d\udd27 <strong>Spezifikationen<\/strong><\/h3>\n<table>\n<thead>\n<tr>\n<th>Merkmal<\/th>\n<th>Einzelheiten<\/th>\n<\/tr>\n<\/thead>\n<tbody>\n<tr>\n<td><strong>Puff-Kapazit\u00e4t<\/strong><\/td>\n<td>Bis zu 40.000 Z\u00fcge<\/td>\n<\/tr>\n<tr>\n<td><strong>E-Liquid-Kapazit\u00e4t<\/strong><\/td>\n<td>32mL<\/td>\n<\/tr>\n<tr>\n<td><strong>Nikotinst\u00e4rke<\/strong><\/td>\n<td>0%, 2%, 3%, 5%<\/td>\n<\/tr>\n<tr>\n<td><strong>Batterie<\/strong><\/td>\n<td>850mAh, Typ-C wiederaufladbar<\/td>\n<\/tr>\n<tr>\n<td><strong>Spulentyp<\/strong><\/td>\n<td>Erweiterte 0.6\u03a9 Masche Spule<\/td>\n<\/tr>\n<tr>\n<td><strong>Anzeige<\/strong><\/td>\n<td>Smart Screen (Batterie &amp; E-Fl\u00fcssigkeit)<\/td>\n<\/tr>\n<tr>\n<td><strong>Gestaltung<\/strong><\/td>\n<td>Schlankes kristallklares Geh\u00e4use<\/td>\n<\/tr>\n<\/tbody>\n<\/table>\n<h3>\ud83c\udf08 <strong>Geschmackskombinationen - Zweikammer-Sorte<\/strong><\/h3>\n<table>\n<thead>\n<tr>\n<th>Kammer A<\/th>\n<th>Kammer B<\/th>\n<\/tr>\n<\/thead>\n<tbody>\n<tr>\n<td>Heidelbeere auf Eis<\/td>\n<td>Sommer-Pfirsich-Eis<\/td>\n<\/tr>\n<tr>\n<td>Kiwi Passionsfrucht Guave<\/td>\n<td>Heidelbeere-Himbeere<\/td>\n<\/tr>\n<tr>\n<td>Erdbeer-Kiwi<\/td>\n<td>Traubeneis<\/td>\n<\/tr>\n<tr>\n<td>Kiwi Passionsfrucht Guave<\/td>\n<td>Zwei \u00c4pfel<\/td>\n<\/tr>\n<tr>\n<td>Erdbeere Wassermelone<\/td>\n<td>Zitrone-Limette<\/td>\n<\/tr>\n<tr>\n<td>Heidelbeere-Himbeere<\/td>\n<td>Kirsche Eis<\/td>\n<\/tr>\n<tr>\n<td>Erdbeere-Himbeere-Kirsche<\/td>\n<td>Herr Blau<\/td>\n<\/tr>\n<tr>\n<td>Pfirsich Mango Ananas<\/td>\n<td>Red Bull<\/td>\n<\/tr>\n<tr>\n<td>Wassermelone Eis<\/td>\n<td>Gemischte Beeren<\/td>\n<\/tr>\n<tr>\n<td>Erdbeere-Banane<\/td>\n<td>Liebe 66<\/td>\n<\/tr>\n<tr>\n<td>Drachenfrucht-Banane-Kirsche<\/td>\n<td>Rosa Limonade<\/td>\n<\/tr>\n<tr>\n<td>Pfirsich-Mango<\/td>\n<td>Kirsche Cola<\/td>\n<\/tr>\n<tr>\n<td>Erdbeereis<\/td>\n<td>Mango auf Eis<\/td>\n<\/tr>\n<tr>\n<td>Blaues Razzeis<\/td>\n<td>Drachenfruchteis<\/td>\n<\/tr>\n<tr>\n<td>Erdbeer-Red Bull<\/td>\n<td>Kirsche Eis<\/td>\n<\/tr>\n<\/tbody>\n<\/table>\n<h3>\ud83d\udca1 Warum Uwin Crystal Twins 40k w\u00e4hlen?<\/h3>\n<ul>\n<li><strong>Pods mit zwei Geschmacksrichtungen<\/strong> k\u00f6nnen Sie m\u00fchelos die Geschmacksrichtungen wechseln.<\/li>\n<li><strong>Null-Nick-Option<\/strong> f\u00fcr den nikotinfreien Genuss zur Verf\u00fcgung.<\/li>\n<li><strong>Typ-C-Schnellladung<\/strong> bedeutet weniger Ausfallzeit, mehr Vaping.<\/li>\n<li><strong>Mesh Coil Technologie<\/strong> liefert sauberen, konsistenten Geschmack und Dampf.<\/li>\n<li><strong>Intelligentes Display<\/strong> h\u00e4lt Sie auf dem Laufenden - kein R\u00e4tselraten mehr.<\/li>\n<li><strong>Kristallklares Design<\/strong> verleiht Ihrem Vape einen hochwertigen, modernen Look.<\/li>\n<\/ul>\n<p>Die Uwin Crystal Twins 40k sind perfekt f\u00fcr Vielraucher, Geschmacksentdecker und Vape-Shop-Besitzer. Sie sind Ihr neues All-in-One-Einweg-Kraftpaket - ideal f\u00fcr Gro\u00dfbestellungen und den Gro\u00dfhandel.<\/p>","protected":false},"excerpt":{"rendered":"<p data-start=\"212\" data-end=\"391\">Uwin Crystal Twins 40000 puffs vape bietet zwei Geschmacksrichtungen, 0-5% Nikotin Optionen, 32mL e-Fl\u00fcssigkeit, 850mAh Akku, Mesh-Spule, und Smart-Display in einem schlanken Kristall-Design.<\/p>","protected":false},"featured_media":39913,"comment_status":"open","ping_status":"closed","template":"","meta":[],"product_brand":[247],"product_cat":[224],"product_tag":[],"class_list":{"0":"post-39912","1":"product","2":"type-product","3":"status-publish","4":"has-post-thumbnail","6":"product_brand-uwin","7":"product_cat-uwin","9":"first","10":"instock","11":"shipping-taxable","12":"purchasable","13":"product-type-variable","14":"has-default-attributes"},"jetpack_sharing_enabled":true,"tiered_pricing_type":"fixed","tiered_pricing_fixed_rules":{"30":7.96999999999999975131004248396493494510650634765625,"50":6.519999999999999573674358543939888477325439453125,"100":6.2599999999999997868371792719699442386627197265625,"200":5.87000000000000010658141036401502788066864013671875,"400":5.29000000000000003552713678800500929355621337890625},"tiered_pricing_product_settings":{"layout":"default","base_unit_name":{"singular":null,"plural":null},"default_variation":null},"tiered_pricing_minimum_quantity":10,"tiered_pricing_roles_data":[],"tiered_pricing_percentage_rules":[],"tiered_pricing_maximum_quantity":null,"tiered_pricing_quantity_step":"10","_links":{"self":[{"href":"https:\/\/aiviouvapes.com\/de\/wp-json\/wp\/v2\/product\/39912","targetHints":{"allow":["GET"]}}],"collection":[{"href":"https:\/\/aiviouvapes.com\/de\/wp-json\/wp\/v2\/product"}],"about":[{"href":"https:\/\/aiviouvapes.com\/de\/wp-json\/wp\/v2\/types\/product"}],"replies":[{"embeddable":true,"href":"https:\/\/aiviouvapes.com\/de\/wp-json\/wp\/v2\/comments?post=39912"}],"wp:featuredmedia":[{"embeddable":true,"href":"https:\/\/aiviouvapes.com\/de\/wp-json\/wp\/v2\/media\/39913"}],"wp:attachment":[{"href":"https:\/\/aiviouvapes.com\/de\/wp-json\/wp\/v2\/media?parent=39912"}],"wp:term":[{"taxonomy":"product_brand","embeddable":true,"href":"https:\/\/aiviouvapes.com\/de\/wp-json\/wp\/v2\/product_brand?post=39912"},{"taxonomy":"product_cat","embeddable":true,"href":"https:\/\/aiviouvapes.com\/de\/wp-json\/wp\/v2\/product_cat?post=39912"},{"taxonomy":"product_tag","embeddable":true,"href":"https:\/\/aiviouvapes.com\/de\/wp-json\/wp\/v2\/product_tag?post=39912"}],"curies":[{"name":"wp","href":"https:\/\/api.w.org\/{rel}","templated":true}]}}