{"id":39519,"date":"2025-07-02T10:01:48","date_gmt":"2025-07-02T02:01:48","guid":{"rendered":"https:\/\/aiviouvapes.com\/?post_type=product&#038;p=39519"},"modified":"2026-03-24T11:26:30","modified_gmt":"2026-03-24T03:26:30","slug":"mrvi-twins-32k","status":"publish","type":"product","link":"https:\/\/aiviouvapes.com\/de\/product\/mrvi-twins-32k\/","title":{"rendered":"MRVI Twins 32K 2-in-1 32000 Puffs | doppelten Geschmack Bulk Einweg vape"},"content":{"rendered":"<p><!-- Short SEO Description --><\/p>\n<h3>Warum sollten Sie sich f\u00fcr MRVI Twins 32000 entscheiden?<\/h3>\n<ul>\n<li>\u2705 Doppelte Geschmackskammern f\u00fcr unendliche Vielfalt<\/li>\n<li>\u2705 Massive 32.000 Atemz\u00fcge f\u00fcr lang anhaltenden Gebrauch<\/li>\n<li>\u2705 40mL e-liquid Kapazit\u00e4t, um Nachf\u00fcllungen zu minimieren<\/li>\n<li>\u2705 Typ-C-Schnellladung f\u00fcr einfaches Aufladen<\/li>\n<li>\u2705 Kristallklares Design mit intelligentem Bildschirm f\u00fcr Stil und Komfort<\/li>\n<li>\u2705 Dual-Mesh-Spule liefert ultra-glatte, konsistente Hits<\/li>\n<li>\u2705 Ideal f\u00fcr den pers\u00f6nlichen Gebrauch, den Vape-Shop oder den Gro\u00dfhandel<\/li>\n<\/ul>\n<p>Die <strong>MRVI Zwillinge 32000<\/strong> ist ma\u00dfgeschneidert f\u00fcr Heavy User, Geschmacksj\u00e4ger und Vape-H\u00e4ndler, die das Beste verlangen. Egal, ob Du einen Laden belieferst oder Deine eigenen Gel\u00fcste befriedigst, dieses Kraftpaket mit zwei Geschmacksrichtungen bietet unschlagbaren Geschmack, Wolkenproduktion und Wert in einem schlanken, kristallklaren Ger\u00e4t. \ud83d\udd25<\/p>\n<p><!-- Long-Form Product Description --><\/p>\n<h2>\ud83d\ude80 Treffen Sie die MRVI Twins 32000: Doppelt so viel Geschmack, doppelt so viel Spa\u00df! \ud83c\udf1f<\/h2>\n<p>Wenn Sie bereit sind, Ihr Vaping-Spiel aufzuladen, ist die <strong>MRVI Zwillinge 32000<\/strong> ist Ihr neuer bester Freund. Genie\u00dfen Sie eine massive <strong>32.000 Z\u00fcge<\/strong> und <strong>40mL<\/strong> von geschmackvollen e-Fl\u00fcssigkeit mit einem glatten Dual-Mesh-Spule f\u00fcr perfekte Hits jedes Mal. Mit einem eleganten, kristallklaren Design, einfachem Typ-C-Laden und einem intuitiven, intelligenten Bildschirm ist dieses Ger\u00e4t perfekt f\u00fcr Geschmacksliebhaber und Vielnutzer gleicherma\u00dfen. Mit den doppelten Geschmackskammern in jedem Ger\u00e4t werden Sie sich nie wieder langweilen! \ud83d\ude0d<\/p>\n<h3>Spezifikationen<\/h3>\n<table>\n<tbody>\n<tr>\n<th>Merkmal<\/th>\n<th>Einzelheiten<\/th>\n<\/tr>\n<tr>\n<td>Puff-Kapazit\u00e4t<\/td>\n<td>32.000 Z\u00fcge<\/td>\n<\/tr>\n<tr>\n<td>E-Liquid-Kapazit\u00e4t<\/td>\n<td>40mL<\/td>\n<\/tr>\n<tr>\n<td>Batterie<\/td>\n<td>650mAh, Typ-C wiederaufladbar<\/td>\n<\/tr>\n<tr>\n<td>Spulentyp<\/td>\n<td>Dual-Mesh-Spule<\/td>\n<\/tr>\n<tr>\n<td>Nikotinst\u00e4rke<\/td>\n<td>2% \/ 5%<\/td>\n<\/tr>\n<tr>\n<td>Anzeige<\/td>\n<td>Intelligenter Bildschirm<\/td>\n<\/tr>\n<tr>\n<td>Gestaltung<\/td>\n<td>Kristallklarer K\u00f6rper<\/td>\n<\/tr>\n<\/tbody>\n<\/table>\n<h3>Geschmacks-Kombinationen<\/h3>\n<table>\n<tbody>\n<tr>\n<th>Kammer A<\/th>\n<th>Kammer B<\/th>\n<\/tr>\n<tr>\n<td>Bananeneis<\/td>\n<td>Erdbeer-Kiwi<\/td>\n<\/tr>\n<tr>\n<td>Mango-Slushie<\/td>\n<td>Eis am Stiel<\/td>\n<\/tr>\n<tr>\n<td>Pfirsich-Eis<\/td>\n<td>Red Bull<\/td>\n<\/tr>\n<tr>\n<td>Blaubeereis<\/td>\n<td>Rotes Apfel-Eis<\/td>\n<\/tr>\n<tr>\n<td>\u00dcppiges Eis<\/td>\n<td>Gemischte Beere<\/td>\n<\/tr>\n<tr>\n<td>Erdbeereis<\/td>\n<td>Regenbogentropfen<\/td>\n<\/tr>\n<tr>\n<td>Kirsche mit Kohlens\u00e4ure<\/td>\n<td>Blaues Razzeis<\/td>\n<\/tr>\n<tr>\n<td>Erdbeere Wassermelone<\/td>\n<td>Cranberry Traube<\/td>\n<\/tr>\n<tr>\n<td>Dreifache Melone<\/td>\n<td>Eis am Stiel<\/td>\n<\/tr>\n<tr>\n<td>Ananaseis<\/td>\n<td>Traubeneis<\/td>\n<\/tr>\n<\/tbody>\n<\/table>\n<p><img data-recalc-dims=\"1\" decoding=\"async\" src=\"https:\/\/i0.wp.com\/www.mrvivape-store.com\/wp-content\/uploads\/2025\/03\/%E6%B5%B7%E6%8A%A5_M-1-scaled.jpg?w=1020&#038;ssl=1\" alt=\"MRVI TWINS 32000 Puffs Zweifache \u00d6lstandsanzeige &amp;zwei Geschmacksrichtungen--10PCS\/BOX\" title=\"\"><\/p>","protected":false},"excerpt":{"rendered":"<p>Shoppen Sie den MRVI Twins 32000 Einwegdampfer mit 32.000 Z\u00fcgen, doppelter Mesh-Spule, doppelten Aromen und Typ-C-Ladung - der ultimative Favorit f\u00fcr Gro\u00dfh\u00e4ndler und Geschmacksj\u00e4ger.<\/p>","protected":false},"featured_media":39520,"comment_status":"open","ping_status":"closed","template":"","meta":[],"product_brand":[229],"product_cat":[33],"product_tag":[],"class_list":{"0":"post-39519","1":"product","2":"type-product","3":"status-publish","4":"has-post-thumbnail","6":"product_brand-mrvi","7":"product_cat-mrvi","9":"first","10":"instock","11":"shipping-taxable","12":"purchasable","13":"product-type-variable","14":"has-default-attributes"},"jetpack_sharing_enabled":true,"tiered_pricing_type":"fixed","tiered_pricing_fixed_rules":{"100":6.54999999999999982236431605997495353221893310546875,"200":6.160000000000000142108547152020037174224853515625,"400":5.70000000000000017763568394002504646778106689453125},"tiered_pricing_product_settings":{"layout":"default","base_unit_name":{"singular":null,"plural":null},"default_variation":null},"tiered_pricing_minimum_quantity":50,"tiered_pricing_roles_data":[],"tiered_pricing_percentage_rules":[],"tiered_pricing_maximum_quantity":null,"tiered_pricing_quantity_step":"10","_links":{"self":[{"href":"https:\/\/aiviouvapes.com\/de\/wp-json\/wp\/v2\/product\/39519","targetHints":{"allow":["GET"]}}],"collection":[{"href":"https:\/\/aiviouvapes.com\/de\/wp-json\/wp\/v2\/product"}],"about":[{"href":"https:\/\/aiviouvapes.com\/de\/wp-json\/wp\/v2\/types\/product"}],"replies":[{"embeddable":true,"href":"https:\/\/aiviouvapes.com\/de\/wp-json\/wp\/v2\/comments?post=39519"}],"wp:featuredmedia":[{"embeddable":true,"href":"https:\/\/aiviouvapes.com\/de\/wp-json\/wp\/v2\/media\/39520"}],"wp:attachment":[{"href":"https:\/\/aiviouvapes.com\/de\/wp-json\/wp\/v2\/media?parent=39519"}],"wp:term":[{"taxonomy":"product_brand","embeddable":true,"href":"https:\/\/aiviouvapes.com\/de\/wp-json\/wp\/v2\/product_brand?post=39519"},{"taxonomy":"product_cat","embeddable":true,"href":"https:\/\/aiviouvapes.com\/de\/wp-json\/wp\/v2\/product_cat?post=39519"},{"taxonomy":"product_tag","embeddable":true,"href":"https:\/\/aiviouvapes.com\/de\/wp-json\/wp\/v2\/product_tag?post=39519"}],"curies":[{"name":"wp","href":"https:\/\/api.w.org\/{rel}","templated":true}]}}