{"id":39345,"date":"2025-06-26T10:15:51","date_gmt":"2025-06-26T02:15:51","guid":{"rendered":"https:\/\/aiviouvapes.com\/?post_type=product&#038;p=39345"},"modified":"2026-03-24T11:26:20","modified_gmt":"2026-03-24T03:26:20","slug":"fihp-60k-triple-3-in-1","status":"publish","type":"product","link":"https:\/\/aiviouvapes.com\/de\/product\/fihp-60k-triple-3-in-1\/","title":{"rendered":"FIHP 60K Triple 3-in-1 | 60000 Puffs Dreifach-Geschmack Einweg-Vape Gro\u00dfhandel"},"content":{"rendered":"<p><img data-recalc-dims=\"1\" loading=\"lazy\" decoding=\"async\" class=\"wp-image-40631 size-full\" src=\"https:\/\/i0.wp.com\/aiviouvapes.com\/wp-content\/uploads\/2025\/06\/%E5%A8%B4%E9%94%8B%E5%A7%A4%E9%8D%A5%E7%B6%BAA-6.jpg?resize=1020%2C1445&#038;ssl=1\" alt=\",\" width=\"1020\" height=\"1445\" data-wp-editing=\"1\" title=\"\" srcset=\"https:\/\/i0.wp.com\/aiviouvapes.com\/wp-content\/uploads\/2025\/06\/%E5%A8%B4%E9%94%8B%E5%A7%A4%E9%8D%A5%E7%B6%BAA-6.jpg?w=1200&amp;ssl=1 1200w, https:\/\/i0.wp.com\/aiviouvapes.com\/wp-content\/uploads\/2025\/06\/%E5%A8%B4%E9%94%8B%E5%A7%A4%E9%8D%A5%E7%B6%BAA-6.jpg?resize=212%2C300&amp;ssl=1 212w, https:\/\/i0.wp.com\/aiviouvapes.com\/wp-content\/uploads\/2025\/06\/%E5%A8%B4%E9%94%8B%E5%A7%A4%E9%8D%A5%E7%B6%BAA-6.jpg?resize=723%2C1024&amp;ssl=1 723w, https:\/\/i0.wp.com\/aiviouvapes.com\/wp-content\/uploads\/2025\/06\/%E5%A8%B4%E9%94%8B%E5%A7%A4%E9%8D%A5%E7%B6%BAA-6.jpg?resize=768%2C1088&amp;ssl=1 768w, https:\/\/i0.wp.com\/aiviouvapes.com\/wp-content\/uploads\/2025\/06\/%E5%A8%B4%E9%94%8B%E5%A7%A4%E9%8D%A5%E7%B6%BAA-6.jpg?resize=1084%2C1536&amp;ssl=1 1084w, https:\/\/i0.wp.com\/aiviouvapes.com\/wp-content\/uploads\/2025\/06\/%E5%A8%B4%E9%94%8B%E5%A7%A4%E9%8D%A5%E7%B6%BAA-6.jpg?resize=8%2C12&amp;ssl=1 8w, https:\/\/i0.wp.com\/aiviouvapes.com\/wp-content\/uploads\/2025\/06\/%E5%A8%B4%E9%94%8B%E5%A7%A4%E9%8D%A5%E7%B6%BAA-6.jpg?resize=800%2C1133&amp;ssl=1 800w\" sizes=\"auto, (max-width: 1020px) 100vw, 1020px\" \/><\/p>\n<p>&nbsp;<\/p>\n<h2>\ud83d\ude80 FIHP 60000 Triple 3-in-1 - Dreifacher Geschmack, dreifache Leistung \ud83d\udca8<\/h2>\n<p>Bringen Sie Ihre Einweg-Vape-Erfahrung auf neue H\u00f6hen mit dem <strong>FIHP 60000 Dreifach 3-in-1<\/strong>. Dieses Kraftpaket liefert eine wahnsinnige <strong>60.000 Z\u00fcge<\/strong> unterst\u00fctzt durch eine leistungsstarke <strong>54mL e-Fl\u00fcssigkeitstank<\/strong> und <strong>Doppelte Mesh-Spulen<\/strong> f\u00fcr unschlagbaren Geschmack und Wolkenbildung. Mit <strong>drei rotierende Geschmacksrichtungen<\/strong> in einem schlanken Ger\u00e4t, einem <strong>LED-Smart-Display<\/strong>und schnell <strong>Typ-C-Aufladung<\/strong>ist es die ultimative Wahl f\u00fcr Geschmacksj\u00e4ger, Vielnutzer und ernsthafte Wiederverk\u00e4ufer. \ud83d\udd25<\/p>\n<h3>\ud83d\udccb Spezifikationen<\/h3>\n<table>\n<tbody>\n<tr>\n<td><strong>Puff-Kapazit\u00e4t<\/strong><\/td>\n<td>60.000 Z\u00fcge<\/td>\n<\/tr>\n<tr>\n<td><strong>E-Liquid-Kapazit\u00e4t<\/strong><\/td>\n<td>54mL (Dreifach-Geschmacksrichtungen)<\/td>\n<\/tr>\n<tr>\n<td><strong>Batterie<\/strong><\/td>\n<td>850mAh, wiederaufladbar (Typ-C)<\/td>\n<\/tr>\n<tr>\n<td><strong>Spulentyp<\/strong><\/td>\n<td>Dual Mesh Spule (0.9\u03a9)<\/td>\n<\/tr>\n<tr>\n<td><strong>Nikotinst\u00e4rke<\/strong><\/td>\n<td>2% \/ 5%<\/td>\n<\/tr>\n<tr>\n<td><strong>Anzeige<\/strong><\/td>\n<td>LED-Smart-Bildschirm<\/td>\n<\/tr>\n<tr>\n<td><strong>Gestaltung<\/strong><\/td>\n<td>Kompakt, k\u00fchn, ergonomisch<\/td>\n<\/tr>\n<tr>\n<td><strong>Gr\u00f6\u00dfe des Produkts<\/strong><\/td>\n<td>42\u00d742\u00d7110mm<\/td>\n<\/tr>\n<tr>\n<td><strong>Karton-Infos<\/strong><\/td>\n<td>160 St\u00fcck \/ 470\u00d7390\u00d7260mm<\/td>\n<\/tr>\n<\/tbody>\n<\/table>\n<h3>\ud83c\udf53 Geschmackskombinationen<\/h3>\n<table>\n<tbody>\n<tr>\n<th>Kammer A<\/th>\n<th>Kammer B<\/th>\n<th>Kammer C<\/th>\n<\/tr>\n<tr>\n<td>Wassermelone Eis<\/td>\n<td>Red Bull<\/td>\n<td>Erdbeer-Kiwi<\/td>\n<\/tr>\n<tr>\n<td>Zitrone-Limette<\/td>\n<td>Erdbeere Wassermelone<\/td>\n<td>Blaubeereis<\/td>\n<\/tr>\n<tr>\n<td>Erdbeere-Banane<\/td>\n<td>Doppelter Apfel<\/td>\n<td>Himbeere Wassermelone<\/td>\n<\/tr>\n<tr>\n<td>Erdbeer-Kiwi<\/td>\n<td>Saure Mango-Ananas<\/td>\n<td>Red Bull<\/td>\n<\/tr>\n<tr>\n<td>Tropische Fr\u00fcchte<\/td>\n<td>Erdbeere Wassermelone<\/td>\n<td>Zitrone Pfirsich<\/td>\n<\/tr>\n<tr>\n<td>Ananas-Kokosnuss<\/td>\n<td>Blauer Razzia<\/td>\n<td>Erdbeere-Banane<\/td>\n<\/tr>\n<tr>\n<td>Erdbeere-Himbeere<\/td>\n<td>Dreifache Melone<\/td>\n<td>Saure Mango-Ananas<\/td>\n<\/tr>\n<tr>\n<td>Gemischte Beeren<\/td>\n<td>Himbeere Wassermelone<\/td>\n<td>Mango Pfirsich<\/td>\n<\/tr>\n<tr>\n<td>Heidelbeere-Himbeere<\/td>\n<td>Erdbeer-Vanille-Cola<\/td>\n<td>Zitrone-Limette<\/td>\n<\/tr>\n<tr>\n<td>Wassermelone Eis<\/td>\n<td>Pfirsich Beere<\/td>\n<td>Dreifache Melone<\/td>\n<\/tr>\n<\/tbody>\n<\/table>\n<h3>\u2705 Warum FIHP 60000 Triple?<\/h3>\n<ul>\n<li>\u26a1 <strong>Dreifach-Kammer-Design<\/strong> - Genie\u00dfen Sie drei rotierende Geschmacksrichtungen in einem Ger\u00e4t.<\/li>\n<li>\ud83d\udd25 <strong>Massive Puff-Anzahl<\/strong> - Bis zu 60.000 Z\u00fcge f\u00fcr lang anhaltende Zufriedenheit.<\/li>\n<li>\ud83c\udf00 <strong>Dual Mesh Spulen<\/strong> - Glatter, reichhaltiger Dampf mit intensiver Geschmacksabgabe.<\/li>\n<li>\ud83d\udd0b <strong>Wiederaufladbar \u00fcber Typ-C<\/strong> - Schnelles Aufladen, keine Ausfallzeiten.<\/li>\n<li>\ud83d\udcfa <strong>LED Smart Display<\/strong> - Bleiben Sie mit der Akku- und Puff\u00fcberwachung auf dem Laufenden.<\/li>\n<li>\ud83d\udcbc <strong>Perfekt f\u00fcr den Wiederverkauf<\/strong> - Kartonfreundliches Format mit 160 St\u00fcck pro Karton.<\/li>\n<li>\ud83d\udce6 <strong>Gro\u00dfhandel Bereit<\/strong> - Konzipiert f\u00fcr den B2B-Vertrieb in gro\u00dfen St\u00fcckzahlen.<\/li>\n<\/ul>\n<p>Wenn Sie viel dampfen, Aromen lieben oder ein Vape-Gesch\u00e4ft betreiben, ist die <strong>FIHP 60000 Dreifach 3-in-1<\/strong> ist ein Must-Have. Mit seiner enormen Anzahl an Puffs, seiner Geschmacksflexibilit\u00e4t und seinem intelligenten Design ist er auf jeder Ebene ein Volltreffer. Decken Sie sich jetzt ein und bringen Sie dreifache Zufriedenheit in Ihre Regale oder zu Ihren Kunden.<\/p>","protected":false},"excerpt":{"rendered":"<p>FIHP 60000 triple vape - 60.000 Z\u00fcge, dreifache Geschmacksrotation, Dual-Mesh-Coils und k\u00fchne Leistung. Gebaut f\u00fcr Profis und perfekt f\u00fcr den Gro\u00dfhandel!<\/p>","protected":false},"featured_media":39346,"comment_status":"open","ping_status":"closed","template":"","meta":[],"product_brand":[236],"product_cat":[18,242,90,117,81,76,134,135,133,136,137,146,138,139,140,141,142,143,144,145,82],"product_tag":[],"class_list":{"0":"post-39345","1":"product","2":"type-product","3":"status-publish","4":"has-post-thumbnail","6":"product_brand-fihp","7":"product_cat-fihp","8":"product_cat-60000-puffs-disposable-vape","9":"product_cat-big-puffs-vapes","10":"product_cat-different-puffs-of-diposable-vapes","11":"product_cat-digital-box-vapes","12":"product_cat-disposable-vape-types","13":"product_cat-disposable-vapes-in-austria","14":"product_cat-disposable-vapes-in-belgium","15":"product_cat-disposable-vapes-in-europe","16":"product_cat-disposable-vapes-in-france","17":"product_cat-disposable-vapes-in-germany","18":"product_cat-disposable-vapes-in-hungary","19":"product_cat-disposable-vapes-in-ltaly","20":"product_cat-disposable-vapes-in-netherlands","21":"product_cat-disposable-vapes-in-norway","22":"product_cat-disposable-vapes-in-poland","23":"product_cat-disposable-vapes-in-portugal","24":"product_cat-disposable-vapes-in-spain","25":"product_cat-disposable-vapes-in-sweden","26":"product_cat-disposable-vapes-in-switzerland","27":"product_cat-smart-screen-vapes","29":"first","30":"instock","31":"shipping-taxable","32":"purchasable","33":"product-type-variable","34":"has-default-attributes"},"jetpack_sharing_enabled":true,"tiered_pricing_type":"fixed","tiered_pricing_fixed_rules":{"30":9.3300000000000000710542735760100185871124267578125,"50":7.519999999999999573674358543939888477325439453125,"100":6.87000000000000010658141036401502788066864013671875,"200":6.6699999999999999289457264239899814128875732421875,"400":6.03000000000000024868995751603506505489349365234375},"tiered_pricing_product_settings":{"layout":"default","base_unit_name":{"singular":null,"plural":null},"default_variation":null},"tiered_pricing_minimum_quantity":10,"tiered_pricing_roles_data":[],"tiered_pricing_percentage_rules":[],"tiered_pricing_maximum_quantity":null,"tiered_pricing_quantity_step":"10","_links":{"self":[{"href":"https:\/\/aiviouvapes.com\/de\/wp-json\/wp\/v2\/product\/39345","targetHints":{"allow":["GET"]}}],"collection":[{"href":"https:\/\/aiviouvapes.com\/de\/wp-json\/wp\/v2\/product"}],"about":[{"href":"https:\/\/aiviouvapes.com\/de\/wp-json\/wp\/v2\/types\/product"}],"replies":[{"embeddable":true,"href":"https:\/\/aiviouvapes.com\/de\/wp-json\/wp\/v2\/comments?post=39345"}],"wp:featuredmedia":[{"embeddable":true,"href":"https:\/\/aiviouvapes.com\/de\/wp-json\/wp\/v2\/media\/39346"}],"wp:attachment":[{"href":"https:\/\/aiviouvapes.com\/de\/wp-json\/wp\/v2\/media?parent=39345"}],"wp:term":[{"taxonomy":"product_brand","embeddable":true,"href":"https:\/\/aiviouvapes.com\/de\/wp-json\/wp\/v2\/product_brand?post=39345"},{"taxonomy":"product_cat","embeddable":true,"href":"https:\/\/aiviouvapes.com\/de\/wp-json\/wp\/v2\/product_cat?post=39345"},{"taxonomy":"product_tag","embeddable":true,"href":"https:\/\/aiviouvapes.com\/de\/wp-json\/wp\/v2\/product_tag?post=39345"}],"curies":[{"name":"wp","href":"https:\/\/api.w.org\/{rel}","templated":true}]}}