{"id":37402,"date":"2025-06-12T22:56:20","date_gmt":"2025-06-12T14:56:20","guid":{"rendered":"https:\/\/aiviouvapes.com\/?post_type=product&#038;p=37402"},"modified":"2026-04-17T13:00:52","modified_gmt":"2026-04-17T05:00:52","slug":"fumot-randm-tornado-30000","status":"publish","type":"product","link":"https:\/\/aiviouvapes.com\/de\/product\/fumot-randm-tornado-30000\/","title":{"rendered":"Fumot RandM Tornado 30000 Puffs | Musik-reaktive Lichter, Mesh-Spule, wiederaufladbare Masse Einweg vape"},"content":{"rendered":"<p><!-- SEO Meta Description --><\/p>\n<p><!-- Product Title --><\/p>\n<h2>Fumot RandM Tornado 30000 Puffs Einweg Vape<\/h2>\n<p><!-- Key Features --><\/p>\n<h2>\ud83d\udd11 Hauptmerkmale von Fumot RandM Tornado 30000 Puffs<\/h2>\n<ul>\n<li><strong>Massive Puffkapazit\u00e4t:<\/strong> Bis zu 30.000 Z\u00fcge f\u00fcr eine lange, sorgenfreie Nutzung.<\/li>\n<li><strong>Nikotinoptionen:<\/strong> Erh\u00e4ltlich in 2% und 5% Nikotin f\u00fcr alle Vorlieben.<\/li>\n<li><strong>30mL E-Fl\u00fcssigkeit Kapazit\u00e4t:<\/strong> Sorgt f\u00fcr lang anhaltenden Geschmack bei jedem Zug.<\/li>\n<li><strong>Erweiterte Mesh-Spule (1.0\u03a9):<\/strong> Sanfter Dampf und kr\u00e4ftiger Geschmack bei jedem Inhalieren.<\/li>\n<li><strong>Wiederaufladbare Batterie (600mAh):<\/strong> Umweltfreundliche und zuverl\u00e4ssige Energiequelle.<\/li>\n<li><strong>Typ-C-Schnellaufladung:<\/strong> Schnelles und effizientes Aufladen f\u00fcr ununterbrochene Sitzungen.<\/li>\n<li><strong>Auf Musik reagierende Lichter:<\/strong> Die LED-Lichter reagieren auf den Ton und sorgen f\u00fcr eine dynamische Atmosph\u00e4re.<\/li>\n<\/ul>\n<p><!-- Why Choose Section --><\/p>\n<h2>\ud83c\udf1f Warum Fumot RandM Tornado 30000 Puffs w\u00e4hlen?<\/h2>\n<p>Die <strong>Fumot RandM Tornado 30000 Puffs<\/strong> ist nicht einfach nur ein weiterer Einwegdampfer - es ist ein stilvolles, technisch fortschrittliches Erlebnis. Egal, ob Sie auf der Suche nach Leistung, \u00c4sthetik oder Geschmacksvielfalt sind, dieses Ger\u00e4t bietet alles. Die musikgesteuerte LED-Beleuchtung und die hohe Anzahl an Z\u00fcgen machen ihn zu einem Top-Ger\u00e4t f\u00fcr moderne Dampfer, das sich perfekt f\u00fcr geselliges Beisammensein oder Solo-Genuss eignet.<\/p>\n<p><!-- Flavor List --><\/p>\n<h2>\ud83c\udf53 Geschmacksvielfalt - 30 Geschmacksrichtungen f\u00fcr jeden Gaumen<\/h2>\n<ul>\n<li>Bananeneis<\/li>\n<li>Schwarzes Eis<\/li>\n<li>Blaues Razzeis<\/li>\n<li>Heidelbeere auf Eis<\/li>\n<li>Heidelbeere-Himbeere<\/li>\n<li>Blaubeere-Sauer-Himbeere<\/li>\n<li>Kirsche Eis<\/li>\n<li>Kirsche Cola<\/li>\n<li>Cola-Eis<\/li>\n<li>K\u00fchle Minze<\/li>\n<li>Doppelter Apfel<\/li>\n<li>Dr. Blau<\/li>\n<li>Traubeneis<\/li>\n<li>Eis am Stiel<\/li>\n<li>Kiwi Passionsfrucht Guave<\/li>\n<li>Liebe 66<\/li>\n<li>\u00dcppiges Eis<\/li>\n<li>Gemischte Beeren<\/li>\n<li>Pfirsich Beere<\/li>\n<li>Pfirsich-Eis<\/li>\n<li>Pfirsich, Mango und Ananas<\/li>\n<li>Ananaseis<\/li>\n<li>Rosa Limonade<\/li>\n<li>Kegeln<\/li>\n<li>Erdbeere-Banane<\/li>\n<li>Erdbeere Traube<\/li>\n<li>Erdbeereis<\/li>\n<li>Erdbeere Wassermelone<\/li>\n<li>Dreifache Mango<\/li>\n<li>Vimto<\/li>\n<\/ul>\n<p>Ganz gleich, ob Sie sich nach fruchtigen, eisigen oder bonbonartigen Geschmacksprofilen sehnen, es gibt genau den richtigen Geschmack f\u00fcr Sie.<\/p>","protected":false},"excerpt":{"rendered":"<p>Erleben Sie lebendiges Dampfen mit dem Fumot RandM Tornado 30000 Puffs - massive Puffs, 30 Geschmacksrichtungen, wiederaufladbare Energie und musiksynchronisierte Lichter f\u00fcr eine lustige und geschmackvolle Reise.<\/p>","protected":false},"featured_media":37403,"comment_status":"open","ping_status":"closed","template":"","meta":[],"product_brand":[231],"product_cat":[35,131],"product_tag":[],"class_list":{"0":"post-37402","1":"product","2":"type-product","3":"status-publish","4":"has-post-thumbnail","6":"product_brand-randm","7":"product_cat-randm","8":"product_cat-30000-puffs-disposable-vape","10":"first","11":"instock","12":"featured","13":"shipping-taxable","14":"purchasable","15":"product-type-variable","16":"has-default-attributes"},"jetpack_sharing_enabled":true,"tiered_pricing_type":"fixed","tiered_pricing_fixed_rules":{"2000":5.9900000000000002131628207280300557613372802734375},"tiered_pricing_product_settings":{"layout":"default","base_unit_name":{"singular":null,"plural":null},"default_variation":null},"tiered_pricing_minimum_quantity":1000,"tiered_pricing_roles_data":[],"tiered_pricing_percentage_rules":[],"tiered_pricing_maximum_quantity":null,"tiered_pricing_quantity_step":"10","_links":{"self":[{"href":"https:\/\/aiviouvapes.com\/de\/wp-json\/wp\/v2\/product\/37402","targetHints":{"allow":["GET"]}}],"collection":[{"href":"https:\/\/aiviouvapes.com\/de\/wp-json\/wp\/v2\/product"}],"about":[{"href":"https:\/\/aiviouvapes.com\/de\/wp-json\/wp\/v2\/types\/product"}],"replies":[{"embeddable":true,"href":"https:\/\/aiviouvapes.com\/de\/wp-json\/wp\/v2\/comments?post=37402"}],"wp:featuredmedia":[{"embeddable":true,"href":"https:\/\/aiviouvapes.com\/de\/wp-json\/wp\/v2\/media\/37403"}],"wp:attachment":[{"href":"https:\/\/aiviouvapes.com\/de\/wp-json\/wp\/v2\/media?parent=37402"}],"wp:term":[{"taxonomy":"product_brand","embeddable":true,"href":"https:\/\/aiviouvapes.com\/de\/wp-json\/wp\/v2\/product_brand?post=37402"},{"taxonomy":"product_cat","embeddable":true,"href":"https:\/\/aiviouvapes.com\/de\/wp-json\/wp\/v2\/product_cat?post=37402"},{"taxonomy":"product_tag","embeddable":true,"href":"https:\/\/aiviouvapes.com\/de\/wp-json\/wp\/v2\/product_tag?post=37402"}],"curies":[{"name":"wp","href":"https:\/\/api.w.org\/{rel}","templated":true}]}}