{"id":37374,"date":"2025-06-12T22:50:24","date_gmt":"2025-06-12T14:50:24","guid":{"rendered":"https:\/\/aiviouvapes.com\/?post_type=product&#038;p=37374"},"modified":"2026-03-17T10:36:08","modified_gmt":"2026-03-17T02:36:08","slug":"bang-blaze-40k","status":"publish","type":"product","link":"https:\/\/aiviouvapes.com\/de\/product\/bang-blaze-40k\/","title":{"rendered":"Bang Blaze 40K 40000 Puffs | dual flavor, 40mL, 32 Aromen, wiederaufladbare Bulk Einweg vape"},"content":{"rendered":"<p><!-- SEO Meta Description (First 30 Words) --><\/p>\n<p><!-- Product Title --><\/p>\n<h2>Bang Blaze 40K Disposable Vape - Dual Flavor, 40.000 Z\u00fcge, 32 Geschmacksoptionen<\/h2>\n<p><!-- Key Features Section --><\/p>\n<h2>\ud83d\udd11 Die wichtigsten Eigenschaften von Bang Blaze 40K Disposable Vape<\/h2>\n<ul>\n<li><strong>Massive Puffkapazit\u00e4t:<\/strong> Bis zu 40.000 Z\u00fcge - perfekt f\u00fcr wochenlanges, ununterbrochenes Dampfen.<\/li>\n<li><strong>Schalter f\u00fcr zwei Geschmacksrichtungen:<\/strong> Mit der Slide-to-Switch-Funktion k\u00f6nnen Sie im Handumdrehen zwischen zwei Geschmacksrichtungen wechseln.<\/li>\n<li><strong>Gro\u00dfz\u00fcgige E-Liquid-Kapazit\u00e4t:<\/strong> Vorgef\u00fcllt mit 40 ml hochwertigem E-Liquid f\u00fcr dauerhaften Genuss.<\/li>\n<li><strong>Mehrere Nikotinst\u00e4rken:<\/strong> W\u00e4hlen Sie zwischen 0%, 2%, 3% oder 5% Nikotin, je nach Ihren Vorlieben.<\/li>\n<li><strong>Wiederaufladbare Batterie:<\/strong> Ein zuverl\u00e4ssiger 650-mAh-Akku sorgt f\u00fcr lange Sessions.<\/li>\n<li><strong>Dual Mesh Spule (1.2\u03a9):<\/strong> Erzeugt jedes Mal weichen Dampf und reichhaltigen, gleichm\u00e4\u00dfigen Geschmack.<\/li>\n<li><strong>Schnelles USB-C-Laden:<\/strong> Der Typ-C-Anschluss sorgt f\u00fcr schnelles und effizientes Aufladen.<\/li>\n<\/ul>\n<p><!-- Why Choose Section --><\/p>\n<h2>\ud83d\udca1 Warum die Bang Blaze 40K Vape w\u00e4hlen?<\/h2>\n<ul>\n<li><strong>\u2705 Unerreichte Langlebigkeit:<\/strong> 40.000 Z\u00fcge Lebensdauer und 40mL Tank bedeuten weniger Ersatz, mehr Zufriedenheit.<\/li>\n<li><strong>\u2705 Zweifacher Geschmackskomfort:<\/strong> Entscheiden Sie sich nicht f\u00fcr eine Variante, sondern wechseln Sie die Geschmacksrichtung im Handumdrehen mit dem Schiebemechanismus.<\/li>\n<li><strong>\u2705 Ma\u00dfgeschneidertes Nikotinerlebnis:<\/strong> Von null bis stark - w\u00e4hlen Sie Ihre St\u00e4rke aus 0%, 2%, 3% oder 5%.<\/li>\n<li><strong>\u2705 Seidige Dampfqualit\u00e4t:<\/strong> Dual-Mesh-Spule sorgt f\u00fcr glatte, geschmackvolle Z\u00fcge jedes Mal.<\/li>\n<li><strong>\u2705 Kompakt und wiederaufladbar:<\/strong> \u00dcberallhin mitnehmen - schnelles Typ-C-Laden und ein taschenfreundliches Design.<\/li>\n<\/ul>\n<p>Egal, ob Sie ein Geschmacksj\u00e4ger, ein Wolkenj\u00e4ger oder ein Gro\u00dfabnehmer sind, der Bang Blaze 40K Disposable Vape bietet erstklassige Leistung, unschlagbaren Komfort und eine wahrhaft geschmackvolle Dampfreise.<\/p>\n<p><!-- Flavor List Section --><\/p>\n<h2>\ud83c\udf53 Geschmacksliste - Entdecken Sie 32 einzigartige Doppelgeschmackskombinationen<\/h2>\n<ul>\n<li data-start=\"71\" data-end=\"108\">\n<p data-start=\"74\" data-end=\"108\">Wassermelone\/Erdbeere Wassermelone<\/p>\n<\/li>\n<li data-start=\"109\" data-end=\"147\">\n<p data-start=\"112\" data-end=\"147\">Blaubeereis\/Blaubeere-Himbeere<\/p>\n<\/li>\n<li data-start=\"148\" data-end=\"179\">\n<p data-start=\"151\" data-end=\"179\">Mango-Eis\/Erdbeer-Mango<\/p>\n<\/li>\n<li data-start=\"180\" data-end=\"216\">\n<p data-start=\"183\" data-end=\"216\">Wassermelone\/Wassermelone Bubblegum<\/p>\n<\/li>\n<li data-start=\"217\" data-end=\"253\">\n<p data-start=\"220\" data-end=\"253\">Ananaseis\/Ananas-Kokosnuss<\/p>\n<\/li>\n<li data-start=\"254\" data-end=\"283\">\n<p data-start=\"257\" data-end=\"283\">Gemischte Fr\u00fcchte\/Dreifachbeere<\/p>\n<\/li>\n<li data-start=\"284\" data-end=\"310\">\n<p data-start=\"287\" data-end=\"310\">Pfirsich Eis\/Mango Pfirsich<\/p>\n<\/li>\n<li data-start=\"311\" data-end=\"334\">\n<p data-start=\"314\" data-end=\"334\">Kirsche\/Kirsch-Koks<\/p>\n<\/li>\n<li data-start=\"335\" data-end=\"361\">\n<p data-start=\"338\" data-end=\"361\">Weintraube\/Blaubeere Weintraube<\/p>\n<\/li>\n<li data-start=\"362\" data-end=\"387\">\n<p data-start=\"366\" data-end=\"387\">Minze\/Blaubeere-Minze<\/p>\n<\/li>\n<li data-start=\"388\" data-end=\"419\">\n<p data-start=\"392\" data-end=\"419\">Schwarzer Drache Eis\/Roter Stier<\/p>\n<\/li>\n<li data-start=\"420\" data-end=\"456\">\n<p data-start=\"424\" data-end=\"456\">Erdbeere Eis\/Erdbeere Kiwi<\/p>\n<\/li>\n<li data-start=\"457\" data-end=\"496\">\n<p data-start=\"461\" data-end=\"496\">Tropische Fr\u00fcchte\/Dreierlei Wassermelone<\/p>\n<\/li>\n<li data-start=\"497\" data-end=\"534\">\n<p data-start=\"501\" data-end=\"534\">Saure Mango-Ananas-Zitrone-Limette<\/p>\n<\/li>\n<li data-start=\"535\" data-end=\"562\">\n<p data-start=\"539\" data-end=\"562\">Sommerzeit\/Apfeleis<\/p>\n<\/li>\n<li data-start=\"563\" data-end=\"598\">\n<p data-start=\"567\" data-end=\"598\">Rainbow Candy\/Arctic Freezing<\/p>\n<\/li>\n<li data-start=\"599\" data-end=\"635\">\n<p data-start=\"603\" data-end=\"635\">Himbeere Wassermelone\/Jieshuang<\/p>\n<\/li>\n<li data-start=\"636\" data-end=\"673\">\n<p data-start=\"640\" data-end=\"673\">Lemon Romance\/Kalifornische Kirsche<\/p>\n<\/li>\n<li data-start=\"674\" data-end=\"713\">\n<p data-start=\"678\" data-end=\"713\">Mango-Pfirsich-Aprikose\/Wei\u00dfes Gummib\u00e4rchen<\/p>\n<\/li>\n<li data-start=\"714\" data-end=\"753\">\n<p data-start=\"718\" data-end=\"753\">Marys Traum\/Aloe-Mango-Melonen-Eis<\/p>\n<\/li>\n<li data-start=\"754\" data-end=\"804\">\n<p data-start=\"758\" data-end=\"804\">Heidelbeere Cranberry Kirsche\/Wassermelone Kirsche<\/p>\n<\/li>\n<li data-start=\"805\" data-end=\"848\">\n<p data-start=\"809\" data-end=\"848\">Ananas-Mango-Ananas-Kokosnuss-Eis<\/p>\n<\/li>\n<li data-start=\"849\" data-end=\"891\">\n<p data-start=\"853\" data-end=\"891\">Himbeere Wassermelone\/Aloe Vera Traube<\/p>\n<\/li>\n<li data-start=\"892\" data-end=\"926\">\n<p data-start=\"896\" data-end=\"926\">Lychee-Eis\/Erdbeer-Lychee<\/p>\n<\/li>\n<li data-start=\"927\" data-end=\"972\">\n<p data-start=\"931\" data-end=\"972\">Erdbeereis\/Erdbeer-Vanille<\/p>\n<\/li>\n<li data-start=\"973\" data-end=\"1013\">\n<p data-start=\"977\" data-end=\"1013\">Gummib\u00e4rchen\/Himbeere Schwarz Glitter<\/p>\n<\/li>\n<li data-start=\"1014\" data-end=\"1054\">\n<p data-start=\"1018\" data-end=\"1054\">Beeren Cool\/Wassermelone Sauer Pfirsich<\/p>\n<\/li>\n<\/ul>","protected":false},"excerpt":{"rendered":"<p>Bang Blaze 40K Einwegdampfer bietet 40.000 Z\u00fcge, zwei Geschmacksrichtungen, 40mL E-Liquid, 32 Geschmacksoptionen und bis zu 5% Nikotin. Ein wiederaufladbarer, leistungsstarker Einwegdampfer f\u00fcr Geschmacksliebhaber.<\/p>","protected":false},"featured_media":37387,"comment_status":"open","ping_status":"closed","template":"","meta":[],"product_brand":[239],"product_cat":[37,219,137,146,138,141,143],"product_tag":[],"class_list":{"0":"post-37374","1":"product","2":"type-product","3":"status-publish","4":"has-post-thumbnail","6":"product_brand-bang","7":"product_cat-bang","8":"product_cat-40000-puffs-disposable-vape","9":"product_cat-disposable-vapes-in-germany","10":"product_cat-disposable-vapes-in-hungary","11":"product_cat-disposable-vapes-in-ltaly","12":"product_cat-disposable-vapes-in-poland","13":"product_cat-disposable-vapes-in-spain","15":"first","16":"instock","17":"shipping-taxable","18":"purchasable","19":"product-type-variable","20":"has-default-attributes"},"jetpack_sharing_enabled":true,"tiered_pricing_type":"fixed","tiered_pricing_fixed_rules":{"30":7.78000000000000024868995751603506505489349365234375,"50":6.61000000000000031974423109204508364200592041015625,"100":5.70000000000000017763568394002504646778106689453125,"200":5.30999999999999960920149533194489777088165283203125,"400":4.730000000000000426325641456060111522674560546875},"tiered_pricing_product_settings":{"layout":"default","base_unit_name":{"singular":null,"plural":null},"default_variation":null},"tiered_pricing_minimum_quantity":10,"tiered_pricing_roles_data":[],"tiered_pricing_percentage_rules":[],"tiered_pricing_maximum_quantity":null,"tiered_pricing_quantity_step":"10","_links":{"self":[{"href":"https:\/\/aiviouvapes.com\/de\/wp-json\/wp\/v2\/product\/37374","targetHints":{"allow":["GET"]}}],"collection":[{"href":"https:\/\/aiviouvapes.com\/de\/wp-json\/wp\/v2\/product"}],"about":[{"href":"https:\/\/aiviouvapes.com\/de\/wp-json\/wp\/v2\/types\/product"}],"replies":[{"embeddable":true,"href":"https:\/\/aiviouvapes.com\/de\/wp-json\/wp\/v2\/comments?post=37374"}],"wp:featuredmedia":[{"embeddable":true,"href":"https:\/\/aiviouvapes.com\/de\/wp-json\/wp\/v2\/media\/37387"}],"wp:attachment":[{"href":"https:\/\/aiviouvapes.com\/de\/wp-json\/wp\/v2\/media?parent=37374"}],"wp:term":[{"taxonomy":"product_brand","embeddable":true,"href":"https:\/\/aiviouvapes.com\/de\/wp-json\/wp\/v2\/product_brand?post=37374"},{"taxonomy":"product_cat","embeddable":true,"href":"https:\/\/aiviouvapes.com\/de\/wp-json\/wp\/v2\/product_cat?post=37374"},{"taxonomy":"product_tag","embeddable":true,"href":"https:\/\/aiviouvapes.com\/de\/wp-json\/wp\/v2\/product_tag?post=37374"}],"curies":[{"name":"wp","href":"https:\/\/api.w.org\/{rel}","templated":true}]}}