{"id":37337,"date":"2025-06-12T23:06:52","date_gmt":"2025-06-12T15:06:52","guid":{"rendered":"https:\/\/aiviouvapes.com\/?post_type=product&#038;p=37337"},"modified":"2026-03-07T11:31:06","modified_gmt":"2026-03-07T03:31:06","slug":"vopk-triple-60k","status":"publish","type":"product","link":"https:\/\/aiviouvapes.com\/de\/product\/vopk-triple-60k\/","title":{"rendered":"Vopk Triple 60K 60000 Puffs | 3-in-1-Geschmack, 54mL, LED-Bildschirm, dreifach Mesh, Bulk Einweg vape"},"content":{"rendered":"<p><!-- SEO Meta Description --><\/p>\n<p><!-- Product Description --><\/p>\n<h2>\ud83d\udd25 Vopk Triple 60000 Puffs Disposable Vape - Ultimatives Dreifach-Geschmackserlebnis<\/h2>\n<p>Die <strong>Vopk Dreifach 60K<\/strong> ist ein Einweg-Vape der n\u00e4chsten Generation, vollgepackt mit <strong>60.000 Z\u00fcge<\/strong>, ein <strong>54mL e-Fl\u00fcssigkeitstank<\/strong>und <strong>dreifache 0,9-\u03a9-Maschenspulen<\/strong>. Mit seinem <strong>3-in-1-Geschmacksrotation<\/strong> System liefert dieses Ger\u00e4t eine ununterbrochene Vielfalt, weiche Wolken und einen kr\u00e4ftigen Geschmack. Ausgestattet mit einem <strong>intelligenter LED-Bildschirm<\/strong>, <strong>wiederaufladbarer 650mAh-Akku<\/strong>und <strong>Typ-C-Schnellladung<\/strong>Er ist der perfekte All-in-One f\u00fcr ernsthafte Vaper.<\/p>\n<p><!-- Key Features --><\/p>\n<h3>\ud83d\udd11 Hauptmerkmale von Vopk Triple 60K Vape<\/h3>\n<ul>\n<li><strong>60.000 Puffs Kapazit\u00e4t<\/strong> - Genie\u00dfen Sie eine lange Nutzungsdauer, ohne dass Sie sie st\u00e4ndig ersetzen m\u00fcssen.<\/li>\n<li><strong>2% \/ 5% Nikotin-Optionen<\/strong> - Flexible St\u00e4rken f\u00fcr leichte oder intensive Befriedigung.<\/li>\n<li><strong>Triple 0.9\u03a9 Mesh Spulen<\/strong> - Erh\u00f6hte Dampfdichte, schnelleres Aufheizen und st\u00e4rkerer Geschmack.<\/li>\n<li><strong>54mL E-Liquid Kapazit\u00e4t<\/strong> - Ultra-hohe Lautst\u00e4rke f\u00fcr l\u00e4ngere Vaping-Sessions.<\/li>\n<li><strong>650mAh wiederaufladbare Batterie<\/strong> - Klein, aber fein, h\u00e4lt Sie den ganzen Tag auf Trab.<\/li>\n<li><strong>Typ-C-Schnellaufladung<\/strong> - Die Schnellladung minimiert die Ausfallzeiten zwischen den Eins\u00e4tzen.<\/li>\n<li><strong>Intelligente LED-Anzeige<\/strong> - Echtzeit-\u00dcberwachung des Batterie- und Fl\u00fcssigkeitsstands.<\/li>\n<li><strong>3-in-1-Geschmacksschalter<\/strong> - Drehen Sie zwischen drei Geschmacksrichtungen in einem Ger\u00e4t - kein Umstecken erforderlich.<\/li>\n<li><strong>Breite Geschmacksauswahl<\/strong> - W\u00e4hlen Sie aus 10 vorgemischten Dreifach-Geschmacksprofilen.<\/li>\n<\/ul>\n<p><!-- Why Choose --><\/p>\n<h3>\ud83d\udca1 Warum die Vopk Triple 60000 Puffs w\u00e4hlen?<\/h3>\n<ul>\n<li><strong>Nikotinflexibilit\u00e4t:<\/strong> W\u00e4hlen Sie zwischen <em>2%<\/em> und <em>5%<\/em> um Ihren W\u00fcnschen zu entsprechen.<\/li>\n<li><strong>Geschmackliche Innovation:<\/strong> Das 3-in-1-System sorgt daf\u00fcr, dass es nie langweilig wird - Sie k\u00f6nnen sofort rotieren.<\/li>\n<li><strong>Qualit\u00e4t des Dampfes:<\/strong> Dreifach-Mesh-Coils bieten gleichbleibend dichte und geschmackvolle Wolken.<\/li>\n<li><strong>Massive E-Liquid-Kapazit\u00e4t:<\/strong> Mit 54 ml an Bord sind Sie f\u00fcr die Langstrecke ger\u00fcstet.<\/li>\n<li><strong>Bequemes Aufladen:<\/strong> Typ-C erm\u00f6glicht einen schnellen und zuverl\u00e4ssigen Stromanschluss.<\/li>\n<li><strong>Intelligente LED-Anzeige:<\/strong> Sofortige \u00dcberpr\u00fcfung von Batterie- und Saftstand.<\/li>\n<li><strong>Geschmacksvielfalt:<\/strong> Zehn einzigartige Dreifach-Geschmackskombinationen, perfekt ausgewogen f\u00fcr jeden Gaumen.<\/li>\n<\/ul>\n<p><!-- Flavor List --><\/p>\n<h3>\ud83c\udf6d Verf\u00fcgbare Dreifach-Geschmackskombinationen<\/h3>\n<ul>\n<li>Wassermeloneneis &amp; Dreifach-Meloneneis &amp; Erdbeereis<\/li>\n<li>Erdbeere Banane &amp; Himbeere Wassermelone &amp; Ananas Kokosnuss<\/li>\n<li>Pfirsich Beere &amp; Blue Razz Ice &amp; Wassermelone Pfirsich Mango<\/li>\n<li>Sour Mango Pineapple &amp; Red Bull Strawberry &amp; Black Currant Ice<\/li>\n<li>Kiwi Passionsfrucht &amp; Erdbeere Kirsche &amp; Liebe 66<\/li>\n<li>Double Apple Ice &amp; Tropical Fruit &amp; Erdbeer-Wassermelone Bubblegum<\/li>\n<li>Traubeneis &amp; Erdbeer-Kiwi &amp; Wassermelone Red Bull<\/li>\n<li>Erdbeere Wassermelone &amp; Heidelbeere Himbeere &amp; Zitrone-Limette<\/li>\n<li>Banane-Ananas &amp; Red Bull Ice &amp; Erdbeer-Mango<\/li>\n<li>Gummib\u00e4rchen &amp; Erdbeere Vanille Cola &amp; Heidelbeere Zuckerwatte<\/li>\n<\/ul>","protected":false},"excerpt":{"rendered":"<div class=\"woocommerce-product-details__short-description\">\n<p>Vopk Triple 60000 puffs disposable vape bietet 3-in-1-Flavour Rotation, 54mL e-liquid, triple mesh coils, LED-Display, und bis zu 60.000 puffs in einem wiederaufladbaren, leistungsstarken Einweg-Ger\u00e4t.<\/p>\n<\/div>","protected":false},"featured_media":40849,"comment_status":"open","ping_status":"closed","template":"","meta":[],"product_brand":[245],"product_cat":[39,242,90,78,81,76],"product_tag":[],"class_list":{"0":"post-37337","1":"product","2":"type-product","3":"status-publish","4":"has-post-thumbnail","6":"product_brand-vopk","7":"product_cat-vopk","8":"product_cat-60000-puffs-disposable-vape","9":"product_cat-big-puffs-vapes","10":"product_cat-crystal-vapes","11":"product_cat-digital-box-vapes","12":"product_cat-disposable-vape-types","14":"first","15":"instock","16":"featured","17":"shipping-taxable","18":"purchasable","19":"product-type-variable","20":"has-default-attributes"},"jetpack_sharing_enabled":true,"tiered_pricing_type":"fixed","tiered_pricing_fixed_rules":[],"tiered_pricing_product_settings":{"layout":"default","base_unit_name":{"singular":null,"plural":null},"default_variation":null},"tiered_pricing_minimum_quantity":1000,"tiered_pricing_roles_data":[],"tiered_pricing_percentage_rules":[],"tiered_pricing_maximum_quantity":null,"tiered_pricing_quantity_step":"10","_links":{"self":[{"href":"https:\/\/aiviouvapes.com\/de\/wp-json\/wp\/v2\/product\/37337","targetHints":{"allow":["GET"]}}],"collection":[{"href":"https:\/\/aiviouvapes.com\/de\/wp-json\/wp\/v2\/product"}],"about":[{"href":"https:\/\/aiviouvapes.com\/de\/wp-json\/wp\/v2\/types\/product"}],"replies":[{"embeddable":true,"href":"https:\/\/aiviouvapes.com\/de\/wp-json\/wp\/v2\/comments?post=37337"}],"wp:featuredmedia":[{"embeddable":true,"href":"https:\/\/aiviouvapes.com\/de\/wp-json\/wp\/v2\/media\/40849"}],"wp:attachment":[{"href":"https:\/\/aiviouvapes.com\/de\/wp-json\/wp\/v2\/media?parent=37337"}],"wp:term":[{"taxonomy":"product_brand","embeddable":true,"href":"https:\/\/aiviouvapes.com\/de\/wp-json\/wp\/v2\/product_brand?post=37337"},{"taxonomy":"product_cat","embeddable":true,"href":"https:\/\/aiviouvapes.com\/de\/wp-json\/wp\/v2\/product_cat?post=37337"},{"taxonomy":"product_tag","embeddable":true,"href":"https:\/\/aiviouvapes.com\/de\/wp-json\/wp\/v2\/product_tag?post=37337"}],"curies":[{"name":"wp","href":"https:\/\/api.w.org\/{rel}","templated":true}]}}