{"id":37177,"date":"2025-06-16T11:29:01","date_gmt":"2025-06-16T03:29:01","guid":{"rendered":"https:\/\/aiviouvapes.com\/?post_type=product&#038;p=37177"},"modified":"2026-04-17T13:00:52","modified_gmt":"2026-04-17T05:00:52","slug":"vapsolo-triple-30000-puffs","status":"publish","type":"product","link":"https:\/\/aiviouvapes.com\/de\/product\/vapsolo-triple-30000-puffs\/","title":{"rendered":"Vapsolo Triple 30000 Puffs | 3-in-1-Geschmack, 36mL e-Fl\u00fcssigkeit, LCD-Bildschirm, lose Einweg vape"},"content":{"rendered":"<h2>\ud83d\udd11 Hauptmerkmale von VapSolo Triple 30000 Puffs Einweg-Vape<\/h2>\n<ul>\n<li><strong>Bis zu 30.000 Puffs:<\/strong> Langlebige Leistung f\u00fcr lange Nutzung ohne h\u00e4ufiges Auswechseln.<\/li>\n<li><strong>Dreifach-Aroma-System:<\/strong> Genie\u00dfen Sie drei verschiedene Geschmacksrichtungen in einem Ger\u00e4t - perfekt f\u00fcr alle, die sich nach Abwechslung sehnen.<\/li>\n<li><strong>Massive 45mL E-Liquid Kapazit\u00e4t:<\/strong> 15 ml pro Geschmacksrichtung sorgen f\u00fcr gleichbleibende Verdampfungssitzungen, ohne dass die Luft ausgeht.<\/li>\n<li><strong>1.0\u03a9 Dreifach-Mesh-Spule:<\/strong> Hervorragende Dampf- und Aromaproduktion mit jedem Zug.<\/li>\n<li><strong>Wiederaufladbarer 650mAh-Akku:<\/strong> Zuverl\u00e4ssige Stromversorgung mit Typ-C-Schnellladung f\u00fcr mehr Komfort.<\/li>\n<li><strong>Intelligente LCD-Anzeige:<\/strong> Echtzeit-\u00dcberwachung der Anzahl der Z\u00fcge, der Batterielebensdauer und des aktiven Geschmacks.<\/li>\n<li><strong>Stabile Spannung bei 3,6 V:<\/strong> Sorgt f\u00fcr eine gleichbleibende Vaping-Leistung von Anfang bis Ende.<\/li>\n<li><strong>Kompaktes und leichtes Design:<\/strong> Taschenfreundlich und leicht zu transportieren f\u00fcr den Einsatz unterwegs.<\/li>\n<li><strong>Nikotinoptionen:<\/strong> Erh\u00e4ltlich in 2% und 5%, um sowohl leichte als auch erfahrene Dampfer zu bedienen.<\/li>\n<\/ul>\n<h2>\ud83d\udd25 Warum VapSolo Triple 30K Disposable Vape w\u00e4hlen?<\/h2>\n<p>Der VapSolo Triple 30000 ist der ultimative Einwegdampfer f\u00fcr Benutzer, die Vielfalt, Komfort und Leistung verlangen. Mit seiner Dreifach-Geschmacksfunktionalit\u00e4t, dem gro\u00dfen E-Liquid-Tank und dem wiederaufladbaren Akku ist dieses Ger\u00e4t gebaut, um zu \u00fcberzeugen. Egal, ob Sie ein Liebhaber von Aromen oder ein Gelegenheitsdampfer sind, der VapSolo Triple bietet ein sanftes, reichhaltiges und ununterbrochenes Dampferlebnis - und eine digitale Anzeige, die alles unter Kontrolle h\u00e4lt. Sein schlankes Design und die gro\u00dfe Anzahl an Puffs machen ihn zu einem zuverl\u00e4ssigen t\u00e4glichen Begleiter f\u00fcr jeden Vaper.<\/p>\n<h2>\ud83c\udf53 Verf\u00fcgbare Geschmackskombinationen<\/h2>\n<ul>\n<li>1. Wassermelone Eis &amp; Erdbeere Kiwi &amp; Zitrone Minze<\/li>\n<li>2. Blaues Razz-Eis &amp; Mango-Pfirsich &amp; Trauben-Eis<\/li>\n<li>3. Cola-Eis &amp; Kirsche Granatapfel &amp; Saurer Apfel<\/li>\n<li>4. Erdbeere Banane &amp; Himbeere Wassermelone &amp; Ananas Kokosnuss<\/li>\n<li>5. Tropischer Punsch &amp; Erdbeereis &amp; Gr\u00fcner Apfel<\/li>\n<li>6. Blaubeer-Minze &amp; Liebe 66 &amp; Doppelter Apfel<\/li>\n<li>7. Kiwi Passionsfrucht Guave &amp; Erdbeere Kirsche &amp; Lush Ice<\/li>\n<li>8. Schwarzes Johannisbeereis &amp; Litschi Wassermelone &amp; gemischte Fr\u00fcchte<\/li>\n<li>9. Red Bull &amp; Erdbeere Traube &amp; Heidelbeere Himbeere<\/li>\n<li>10. Energy Drink &amp; Pfirsich-Eis &amp; K\u00fchle Minze<\/li>\n<\/ul>\n<p><img data-recalc-dims=\"1\" loading=\"lazy\" decoding=\"async\" class=\"alignnone size-full wp-image-46143\" src=\"https:\/\/i0.wp.com\/aiviouvapes.com\/wp-content\/uploads\/2025\/06\/VapSolo-30000-Puffs.jpg?resize=1000%2C1000&#038;ssl=1\" alt=\",\" width=\"1000\" height=\"1000\" title=\"\" srcset=\"https:\/\/i0.wp.com\/aiviouvapes.com\/wp-content\/uploads\/2025\/06\/VapSolo-30000-Puffs.jpg?w=1000&amp;ssl=1 1000w, https:\/\/i0.wp.com\/aiviouvapes.com\/wp-content\/uploads\/2025\/06\/VapSolo-30000-Puffs.jpg?resize=300%2C300&amp;ssl=1 300w, https:\/\/i0.wp.com\/aiviouvapes.com\/wp-content\/uploads\/2025\/06\/VapSolo-30000-Puffs.jpg?resize=150%2C150&amp;ssl=1 150w, https:\/\/i0.wp.com\/aiviouvapes.com\/wp-content\/uploads\/2025\/06\/VapSolo-30000-Puffs.jpg?resize=768%2C768&amp;ssl=1 768w, https:\/\/i0.wp.com\/aiviouvapes.com\/wp-content\/uploads\/2025\/06\/VapSolo-30000-Puffs.jpg?resize=12%2C12&amp;ssl=1 12w, https:\/\/i0.wp.com\/aiviouvapes.com\/wp-content\/uploads\/2025\/06\/VapSolo-30000-Puffs.jpg?resize=400%2C400&amp;ssl=1 400w, https:\/\/i0.wp.com\/aiviouvapes.com\/wp-content\/uploads\/2025\/06\/VapSolo-30000-Puffs.jpg?resize=800%2C800&amp;ssl=1 800w, https:\/\/i0.wp.com\/aiviouvapes.com\/wp-content\/uploads\/2025\/06\/VapSolo-30000-Puffs.jpg?resize=100%2C100&amp;ssl=1 100w\" sizes=\"auto, (max-width: 1000px) 100vw, 1000px\" \/> <img data-recalc-dims=\"1\" loading=\"lazy\" decoding=\"async\" class=\"alignnone size-full wp-image-46144\" src=\"https:\/\/i0.wp.com\/aiviouvapes.com\/wp-content\/uploads\/2025\/06\/VapSolo-30000-Puffs-2.jpg?resize=1000%2C1000&#038;ssl=1\" alt=\",\" width=\"1000\" height=\"1000\" title=\"\" srcset=\"https:\/\/i0.wp.com\/aiviouvapes.com\/wp-content\/uploads\/2025\/06\/VapSolo-30000-Puffs-2.jpg?w=1000&amp;ssl=1 1000w, https:\/\/i0.wp.com\/aiviouvapes.com\/wp-content\/uploads\/2025\/06\/VapSolo-30000-Puffs-2.jpg?resize=300%2C300&amp;ssl=1 300w, https:\/\/i0.wp.com\/aiviouvapes.com\/wp-content\/uploads\/2025\/06\/VapSolo-30000-Puffs-2.jpg?resize=150%2C150&amp;ssl=1 150w, https:\/\/i0.wp.com\/aiviouvapes.com\/wp-content\/uploads\/2025\/06\/VapSolo-30000-Puffs-2.jpg?resize=768%2C768&amp;ssl=1 768w, https:\/\/i0.wp.com\/aiviouvapes.com\/wp-content\/uploads\/2025\/06\/VapSolo-30000-Puffs-2.jpg?resize=12%2C12&amp;ssl=1 12w, https:\/\/i0.wp.com\/aiviouvapes.com\/wp-content\/uploads\/2025\/06\/VapSolo-30000-Puffs-2.jpg?resize=400%2C400&amp;ssl=1 400w, https:\/\/i0.wp.com\/aiviouvapes.com\/wp-content\/uploads\/2025\/06\/VapSolo-30000-Puffs-2.jpg?resize=800%2C800&amp;ssl=1 800w, https:\/\/i0.wp.com\/aiviouvapes.com\/wp-content\/uploads\/2025\/06\/VapSolo-30000-Puffs-2.jpg?resize=100%2C100&amp;ssl=1 100w\" sizes=\"auto, (max-width: 1000px) 100vw, 1000px\" \/> <img data-recalc-dims=\"1\" loading=\"lazy\" decoding=\"async\" class=\"alignnone size-full wp-image-46145\" src=\"https:\/\/i0.wp.com\/aiviouvapes.com\/wp-content\/uploads\/2025\/06\/VapSolo-30000-Puffs-3.jpg?resize=1000%2C1000&#038;ssl=1\" alt=\",\" width=\"1000\" height=\"1000\" title=\"\" srcset=\"https:\/\/i0.wp.com\/aiviouvapes.com\/wp-content\/uploads\/2025\/06\/VapSolo-30000-Puffs-3.jpg?w=1000&amp;ssl=1 1000w, https:\/\/i0.wp.com\/aiviouvapes.com\/wp-content\/uploads\/2025\/06\/VapSolo-30000-Puffs-3.jpg?resize=300%2C300&amp;ssl=1 300w, https:\/\/i0.wp.com\/aiviouvapes.com\/wp-content\/uploads\/2025\/06\/VapSolo-30000-Puffs-3.jpg?resize=150%2C150&amp;ssl=1 150w, https:\/\/i0.wp.com\/aiviouvapes.com\/wp-content\/uploads\/2025\/06\/VapSolo-30000-Puffs-3.jpg?resize=768%2C768&amp;ssl=1 768w, https:\/\/i0.wp.com\/aiviouvapes.com\/wp-content\/uploads\/2025\/06\/VapSolo-30000-Puffs-3.jpg?resize=12%2C12&amp;ssl=1 12w, https:\/\/i0.wp.com\/aiviouvapes.com\/wp-content\/uploads\/2025\/06\/VapSolo-30000-Puffs-3.jpg?resize=400%2C400&amp;ssl=1 400w, https:\/\/i0.wp.com\/aiviouvapes.com\/wp-content\/uploads\/2025\/06\/VapSolo-30000-Puffs-3.jpg?resize=800%2C800&amp;ssl=1 800w, https:\/\/i0.wp.com\/aiviouvapes.com\/wp-content\/uploads\/2025\/06\/VapSolo-30000-Puffs-3.jpg?resize=100%2C100&amp;ssl=1 100w\" sizes=\"auto, (max-width: 1000px) 100vw, 1000px\" \/><\/p>","protected":false},"excerpt":{"rendered":"<p>Erleben Sie den dreifachen Geschmack und bis zu 30.000 Z\u00fcge mit dem VapSolo Triple 30K Einwegdampfer - ein leistungsstarker, geschmackvoller und funktionsreicher Dampfer, der f\u00fcr lang anhaltende Zufriedenheit entwickelt wurde.<\/p>\n<a href=\"https:\/\/aiviouvapes.com\/de\/why-waspe-100k-4-in-1-outshines-vapsolo-triple-30k\/\" target=\"_blank\" class=\"button secondary is-secondary is-medium hide-this-btn1\" rel=\"noopener\" >\n\t\t<span>\ud83d\udc51 Entdecken Sie, warum clevere Vaper WASPE 100K gegen\u00fcber VapSolo w\u00e4hlen \u2705<\/span>\n\t<\/a>","protected":false},"featured_media":37178,"comment_status":"open","ping_status":"closed","template":"","meta":[],"product_brand":[228],"product_cat":[48,131,573,572],"product_tag":[],"class_list":{"0":"post-37177","1":"product","2":"type-product","3":"status-publish","4":"has-post-thumbnail","6":"product_brand-vapsolo","7":"product_cat-vapsolo","8":"product_cat-30000-puffs-disposable-vape","9":"product_cat-new-3","10":"product_cat-new-2","12":"first","13":"instock","14":"shipping-taxable","15":"purchasable","16":"product-type-variable","17":"has-default-attributes"},"jetpack_sharing_enabled":true,"tiered_pricing_type":"fixed","tiered_pricing_fixed_rules":{"2000":7.6500000000000003552713678800500929355621337890625},"tiered_pricing_product_settings":{"layout":"default","base_unit_name":{"singular":null,"plural":null},"default_variation":null},"tiered_pricing_minimum_quantity":1000,"tiered_pricing_roles_data":[],"tiered_pricing_percentage_rules":[],"tiered_pricing_maximum_quantity":null,"tiered_pricing_quantity_step":"10","_links":{"self":[{"href":"https:\/\/aiviouvapes.com\/de\/wp-json\/wp\/v2\/product\/37177","targetHints":{"allow":["GET"]}}],"collection":[{"href":"https:\/\/aiviouvapes.com\/de\/wp-json\/wp\/v2\/product"}],"about":[{"href":"https:\/\/aiviouvapes.com\/de\/wp-json\/wp\/v2\/types\/product"}],"replies":[{"embeddable":true,"href":"https:\/\/aiviouvapes.com\/de\/wp-json\/wp\/v2\/comments?post=37177"}],"wp:featuredmedia":[{"embeddable":true,"href":"https:\/\/aiviouvapes.com\/de\/wp-json\/wp\/v2\/media\/37178"}],"wp:attachment":[{"href":"https:\/\/aiviouvapes.com\/de\/wp-json\/wp\/v2\/media?parent=37177"}],"wp:term":[{"taxonomy":"product_brand","embeddable":true,"href":"https:\/\/aiviouvapes.com\/de\/wp-json\/wp\/v2\/product_brand?post=37177"},{"taxonomy":"product_cat","embeddable":true,"href":"https:\/\/aiviouvapes.com\/de\/wp-json\/wp\/v2\/product_cat?post=37177"},{"taxonomy":"product_tag","embeddable":true,"href":"https:\/\/aiviouvapes.com\/de\/wp-json\/wp\/v2\/product_tag?post=37177"}],"curies":[{"name":"wp","href":"https:\/\/api.w.org\/{rel}","templated":true}]}}