{"id":334,"date":"2024-08-13T23:01:17","date_gmt":"2024-08-13T23:01:17","guid":{"rendered":"https:\/\/aiviouvapes.com\/?post_type=product&#038;p=334"},"modified":"2026-04-17T13:02:33","modified_gmt":"2026-04-17T05:02:33","slug":"fihp-12000-puffs","status":"publish","type":"product","link":"https:\/\/aiviouvapes.com\/de\/product\/fihp-12000-puffs\/","title":{"rendered":"FIHP 12000 Puffs | 2%-5% Nikotin, 20mL, LED-Anzeige, lose Einweg-Vape"},"content":{"rendered":"<figure class=\"wp-block-videopress-video wp-block-jetpack-videopress jetpack-videopress-player\"><div class=\"jetpack-videopress-player__wrapper\"><iframe title=\"VideoPress-Video-Player\" aria-label=\"VideoPress-Video-Player\" src=\"https:\/\/videopress.com\/embed\/zHipWV8D?at=0&#038;loop=true&#038;controls=1&#038;preloadContent=metadata\" width=\"720\"height=\"405\" frameborder=\"0\" allowfullscreen allow=\"clipboard-write\"><\/iframe><\/div><\/figure>\n<h2>FIHP 12000 Z\u00fcge | 2% 5% Nikotin, 20 ml E-Liquid, Mesh-Spule, LED-Anzeige, Typ C wiederaufladbar, Gro\u00dfkauf von Einweg-Vaporizern im Gro\u00dfhandel<\/h2>\n<h3>FIHP 12000 Puff \u00dcbersicht<\/h3>\n<ul>\n<li><strong>Hohe Puffkapazit\u00e4t<\/strong>: Liefert bis zu 12.000 Z\u00fcge f\u00fcr lang anhaltenden Genuss und Wert.<\/li>\n<li><strong>Reichlich E-Liquid Reservoir<\/strong>Das Fassungsverm\u00f6gen von 20 ml reduziert die Notwendigkeit des h\u00e4ufigen Nachf\u00fcllens und maximiert den Komfort.<\/li>\n<li><strong>Zuverl\u00e4ssige Batterie<\/strong>650-mAh-Akku mit Typ-C-Anschluss f\u00fcr schnelles und effizientes Aufladen.<\/li>\n<li><strong>Nikotin-Optionen<\/strong>: Erh\u00e4ltlich in den Konzentrationen 2% und 5%, um unterschiedlichen Pr\u00e4ferenzen gerecht zu werden.<\/li>\n<li><strong>Erweiterte Mesh-Spule<\/strong>: Sorgt f\u00fcr gleichm\u00e4\u00dfigen, sanften Dampf bei jedem Zug.<\/li>\n<li><strong>LED-Anzeige<\/strong>: Elegantes LED-Display zur Echtzeit-\u00dcberwachung der Akkulaufzeit und der Anzahl der Puffs.<\/li>\n<\/ul>\n<h3>FIHP 12000 Puff Hauptmerkmale<\/h3>\n<ul>\n<li><strong>Au\u00dfergew\u00f6hnliche Langlebigkeit<\/strong>: 12.000 Z\u00fcge pro Ger\u00e4t, sehr preiswert und langlebig.<\/li>\n<li><strong>Kompakt und tragbar<\/strong>: Leichtes Design und Typ-C-Ladung f\u00fcr den Einsatz unterwegs.<\/li>\n<li><strong>Benutzerfreundlich<\/strong>: Wiederaufladbar, Einweg-Design mit LED-Anzeige zur einfachen Verfolgung.<\/li>\n<\/ul>\n<h3>FIHP 12000 Puff-Geschmacksauswahl<\/h3>\n<p>Lush Ice, Traubeneis, Kirsche, Blaubeere-Himbeere, Erdbeere-Kiwi, gemischte Beeren, Erdbeere-Wassermelone, Wassermelonen-Kaugummi, Pfirsich-Mango-Ananas, Kiwi-Passionsfrucht-Guave<\/p>\n<h3>Warum FIHP 12000 Puffs w\u00e4hlen?<\/h3>\n<p>Der FIHP 12000 Puffs Disposable Vape vereint fortschrittliche Technologie, Geschmacksvielfalt und Benutzerfreundlichkeit in einem erstklassigen Ger\u00e4t. Mit seiner lang anhaltenden Puffzahl, dem wiederaufladbaren Akku und der LED-Anzeige ist dieser Vape sowohl f\u00fcr Enthusiasten als auch f\u00fcr Einzelh\u00e4ndler geeignet, die Qualit\u00e4t und Stil suchen. Der FIHP 12000 Puffs ist f\u00fcr den Gro\u00dfhandel erh\u00e4ltlich und ist die erste Wahl f\u00fcr alle, die ein au\u00dfergew\u00f6hnliches Dampferlebnis suchen. Erh\u00f6hen Sie Ihr Angebot mit diesem Vape mit hoher Kapazit\u00e4t und genie\u00dfen Sie eine Welt der Aromen in jedem Zug.<\/p>\n<p><a href=\"https:\/\/i0.wp.com\/aiviouvapes.com\/wp-content\/uploads\/2024\/08\/%E5%8F%A3%E5%91%B3-2.jpg?ssl=1\"><img data-recalc-dims=\"1\" loading=\"lazy\" decoding=\"async\" class=\"alignnone size-full wp-image-6728\" title=\"FIHP 12000 Puffs Einweg Vape 2% 5% Nikotin Wiederaufladbar Mesh Coil LED Display Bulk Kaufen Gro\u00dfhandel\" src=\"https:\/\/i0.wp.com\/aiviouvapes.com\/wp-content\/uploads\/2024\/08\/%E5%8F%A3%E5%91%B3-2.jpg?resize=800%2C800&#038;ssl=1\" alt=\"FIHP 12000 Puffs Einweg Vape 2% 5% Nikotin Wiederaufladbar Mesh Coil LED Display Bulk Kaufen Gro\u00dfhandel\" width=\"800\" height=\"800\" srcset=\"https:\/\/i0.wp.com\/aiviouvapes.com\/wp-content\/uploads\/2024\/08\/%E5%8F%A3%E5%91%B3-2.jpg?w=800&amp;ssl=1 800w, https:\/\/i0.wp.com\/aiviouvapes.com\/wp-content\/uploads\/2024\/08\/%E5%8F%A3%E5%91%B3-2.jpg?resize=300%2C300&amp;ssl=1 300w, https:\/\/i0.wp.com\/aiviouvapes.com\/wp-content\/uploads\/2024\/08\/%E5%8F%A3%E5%91%B3-2.jpg?resize=150%2C150&amp;ssl=1 150w, https:\/\/i0.wp.com\/aiviouvapes.com\/wp-content\/uploads\/2024\/08\/%E5%8F%A3%E5%91%B3-2.jpg?resize=768%2C768&amp;ssl=1 768w, https:\/\/i0.wp.com\/aiviouvapes.com\/wp-content\/uploads\/2024\/08\/%E5%8F%A3%E5%91%B3-2.jpg?resize=12%2C12&amp;ssl=1 12w, https:\/\/i0.wp.com\/aiviouvapes.com\/wp-content\/uploads\/2024\/08\/%E5%8F%A3%E5%91%B3-2.jpg?resize=100%2C100&amp;ssl=1 100w\" sizes=\"auto, (max-width: 800px) 100vw, 800px\" \/><\/a> <a href=\"https:\/\/i0.wp.com\/aiviouvapes.com\/wp-content\/uploads\/2024\/08\/%E5%AE%9E%E6%8B%8D3-6.jpg?ssl=1\"><img data-recalc-dims=\"1\" loading=\"lazy\" decoding=\"async\" class=\"alignnone size-full wp-image-6729\" title=\"FIHP 12000 Puffs Einweg Vape 2% 5% Nikotin Wiederaufladbar Mesh Coil LED Display Bulk Kaufen Gro\u00dfhandel\" src=\"https:\/\/i0.wp.com\/aiviouvapes.com\/wp-content\/uploads\/2024\/08\/%E5%AE%9E%E6%8B%8D3-6.jpg?resize=800%2C800&#038;ssl=1\" alt=\"FIHP 12000 Puffs Einweg Vape 2% 5% Nikotin Wiederaufladbar Mesh Coil LED Display Bulk Kaufen Gro\u00dfhandel\" width=\"800\" height=\"800\" srcset=\"https:\/\/i0.wp.com\/aiviouvapes.com\/wp-content\/uploads\/2024\/08\/%E5%AE%9E%E6%8B%8D3-6.jpg?w=800&amp;ssl=1 800w, https:\/\/i0.wp.com\/aiviouvapes.com\/wp-content\/uploads\/2024\/08\/%E5%AE%9E%E6%8B%8D3-6.jpg?resize=300%2C300&amp;ssl=1 300w, https:\/\/i0.wp.com\/aiviouvapes.com\/wp-content\/uploads\/2024\/08\/%E5%AE%9E%E6%8B%8D3-6.jpg?resize=150%2C150&amp;ssl=1 150w, https:\/\/i0.wp.com\/aiviouvapes.com\/wp-content\/uploads\/2024\/08\/%E5%AE%9E%E6%8B%8D3-6.jpg?resize=768%2C768&amp;ssl=1 768w, https:\/\/i0.wp.com\/aiviouvapes.com\/wp-content\/uploads\/2024\/08\/%E5%AE%9E%E6%8B%8D3-6.jpg?resize=12%2C12&amp;ssl=1 12w, https:\/\/i0.wp.com\/aiviouvapes.com\/wp-content\/uploads\/2024\/08\/%E5%AE%9E%E6%8B%8D3-6.jpg?resize=100%2C100&amp;ssl=1 100w\" sizes=\"auto, (max-width: 800px) 100vw, 800px\" \/><\/a><br \/>\n<h3>Warum AiviouVapes w\u00e4hlen<\/h3>\n<p>Willkommen bei <a href=\"https:\/\/aiviouvapes.com\/de\/\">AiviouVapes<\/a> - Ihre vertrauensw\u00fcrdige Quelle f\u00fcr erstklassige, erschwingliche <a href=\"https:\/\/aiviouvapes.com\/de\/shop\/\">Gro\u00dfhandel Einweg-Vapes<\/a> zu wirklich niedrigen Preisen. Mit mehr als f\u00fcnf Jahren Erfahrung in der Vape-Branche bieten wir eine handverlesene Auswahl an f\u00fchrenden Marken, darunter <a href=\"https:\/\/aiviouvapes.com\/de\/produkt-kategorie\/waspe\/\">WASPE<\/a>, <a href=\"https:\/\/aiviouvapes.com\/de\/produkt-kategorie\/bang\/\">Bang Vape<\/a>, <a href=\"https:\/\/aiviouvapes.com\/de\/produkt-kategorie\/vapme-vapes\/\">Vapme<\/a>und <a href=\"https:\/\/aiviouvapes.com\/de\/produkt-kategorie\/mrvi\/\">MRVI<\/a>.<\/p>\n<p>Von High-Puff-Ger\u00e4ten wie dem <a href=\"https:\/\/aiviouvapes.com\/de\/produkt\/waspe-4-in-1-100000-puffs\/\">WASPE 100K 4-in-1-Geschmack<\/a> zu fetten Favoriten wie dem <a href=\"https:\/\/aiviouvapes.com\/de\/produkt\/bang-king-triple-flavors-85000\/\">Bang 85.000 Dreifach-Puff<\/a>und sogar das spannende <a class=\"woocommerce-LoopProduct-link woocommerce-loop-product__link\" href=\"https:\/\/aiviouvapes.com\/de\/produkt\/mystery-vape-blind-box\/\">Geheimnisvolle Einweg-Vape-Box<\/a>Jedes Produkt wird nach h\u00f6chster Qualit\u00e4t und unschlagbarem Wert ausgew\u00e4hlt. Bei AiviouVapes genie\u00dfen Sie einen gro\u00dfartigen Service, Einsparungen im Gro\u00dfhandel und eine Kollektion, die auf Ihre Bed\u00fcrfnisse zugeschnitten ist.<\/p>\n<div class=\"row row-large row-full-width align-middle\"  id=\"row-1352708869\">\n\n\n\t<div id=\"col-2086624994\" class=\"col medium-3 small-6 large-3\"  >\n\t\t\t\t<div class=\"col-inner text-center\"  >\n\t\t\t\n\t\t\t\n\n\n\t\t<div class=\"icon-box featured-box icon-box-top text-left\"  >\n\t\t\t\t\t<div class=\"icon-box-img\" style=\"width: 90px\">\n\t\t\t\t<div class=\"icon\">\n\t\t\t\t\t<div class=\"icon-inner\" >\n\t\t\t\t\t\t<img loading=\"lazy\" decoding=\"async\" width=\"200\" height=\"200\" src=\"https:\/\/i0.wp.com\/aiviouvapes.com\/wp-content\/uploads\/2024\/08\/vape-1-1.png?fit=200%2C200&amp;ssl=1\" class=\"attachment-medium size-medium\" alt=\"Warum AIVIOUVAPES w\u00e4hlen\" srcset=\"https:\/\/i0.wp.com\/aiviouvapes.com\/wp-content\/uploads\/2024\/08\/vape-1-1.png?w=200&amp;ssl=1 200w, https:\/\/i0.wp.com\/aiviouvapes.com\/wp-content\/uploads\/2024\/08\/vape-1-1.png?resize=150%2C150&amp;ssl=1 150w, https:\/\/i0.wp.com\/aiviouvapes.com\/wp-content\/uploads\/2024\/08\/vape-1-1.png?resize=12%2C12&amp;ssl=1 12w, https:\/\/i0.wp.com\/aiviouvapes.com\/wp-content\/uploads\/2024\/08\/vape-1-1.png?resize=100%2C100&amp;ssl=1 100w\" sizes=\"auto, (max-width: 200px) 100vw, 200px\" title=\"\">\t\t\t\t\t<\/div>\n\t\t\t\t<\/div>\n\t\t\t<\/div>\n\t\t\t\t<div class=\"icon-box-text last-reset\">\n\t\t\t\t\t\t\t\t\t\n\n\t<div id=\"text-4031647857\" class=\"text\">\n\t\t\n\n<h3 style=\"text-align: center;\">Umfangreiches Vape-Sortiment<\/h3>\n<p style=\"text-align: center;\">Entdecken Sie unsere gro\u00dfe Produktpalette f\u00fcr jeden Geschmack.<\/p>\n\t\t\n<style>\n#text-4031647857 {\n  font-size: 0.9rem;\n}\n<\/style>\n\t<\/div>\n\t\n\n\t\t<\/div>\n\t<\/div>\n\t\n\t\n\n\t\t<\/div>\n\t\t\t\t\t<\/div>\n\n\t\n\n\t<div id=\"col-1750747352\" class=\"col medium-3 small-6 large-3\"  >\n\t\t\t\t<div class=\"col-inner text-center\"  >\n\t\t\t\n\t\t\t\n\n\n\t\t<div class=\"icon-box featured-box icon-box-top text-left\"  >\n\t\t\t\t\t<div class=\"icon-box-img\" style=\"width: 90px\">\n\t\t\t\t<div class=\"icon\">\n\t\t\t\t\t<div class=\"icon-inner\" >\n\t\t\t\t\t\t<img loading=\"lazy\" decoding=\"async\" width=\"200\" height=\"200\" src=\"https:\/\/i0.wp.com\/aiviouvapes.com\/wp-content\/uploads\/2024\/08\/save-money-1-1-1.png?fit=200%2C200&amp;ssl=1\" class=\"attachment-medium size-medium\" alt=\"Warum AIVIOUVAPES w\u00e4hlen\" srcset=\"https:\/\/i0.wp.com\/aiviouvapes.com\/wp-content\/uploads\/2024\/08\/save-money-1-1-1.png?w=200&amp;ssl=1 200w, https:\/\/i0.wp.com\/aiviouvapes.com\/wp-content\/uploads\/2024\/08\/save-money-1-1-1.png?resize=150%2C150&amp;ssl=1 150w, https:\/\/i0.wp.com\/aiviouvapes.com\/wp-content\/uploads\/2024\/08\/save-money-1-1-1.png?resize=12%2C12&amp;ssl=1 12w, https:\/\/i0.wp.com\/aiviouvapes.com\/wp-content\/uploads\/2024\/08\/save-money-1-1-1.png?resize=100%2C100&amp;ssl=1 100w\" sizes=\"auto, (max-width: 200px) 100vw, 200px\" title=\"\">\t\t\t\t\t<\/div>\n\t\t\t\t<\/div>\n\t\t\t<\/div>\n\t\t\t\t<div class=\"icon-box-text last-reset\">\n\t\t\t\t\t\t\t\t\t\n\n\t<div id=\"text-957143644\" class=\"text\">\n\t\t\n\n<h3 style=\"text-align: center;\">Unschlagbarer Wert<\/h3>\n<p style=\"text-align: center;\">Freuen Sie sich \u00fcber Produkte h\u00f6chster Qualit\u00e4t zu Preisen, die zu Ihrem Budget passen.<\/p>\n\t\t\n<style>\n#text-957143644 {\n  font-size: 0.9rem;\n}\n<\/style>\n\t<\/div>\n\t\n\n\t\t<\/div>\n\t<\/div>\n\t\n\t\n\n\t\t<\/div>\n\t\t\t\t\t<\/div>\n\n\t\n\n\t<div id=\"col-671990431\" class=\"col medium-3 small-6 large-3\"  >\n\t\t\t\t<div class=\"col-inner text-center\"  >\n\t\t\t\n\t\t\t\n\n\n\t\t<div class=\"icon-box featured-box icon-box-top text-left\"  >\n\t\t\t\t\t<div class=\"icon-box-img\" style=\"width: 90px\">\n\t\t\t\t<div class=\"icon\">\n\t\t\t\t\t<div class=\"icon-inner\" >\n\t\t\t\t\t\t<img loading=\"lazy\" decoding=\"async\" width=\"200\" height=\"200\" src=\"https:\/\/i0.wp.com\/aiviouvapes.com\/wp-content\/uploads\/2024\/08\/delivery-truck-1-1.png?fit=200%2C200&amp;ssl=1\" class=\"attachment-medium size-medium\" alt=\"Warum AIVIOUVAPES w\u00e4hlen\" srcset=\"https:\/\/i0.wp.com\/aiviouvapes.com\/wp-content\/uploads\/2024\/08\/delivery-truck-1-1.png?w=200&amp;ssl=1 200w, https:\/\/i0.wp.com\/aiviouvapes.com\/wp-content\/uploads\/2024\/08\/delivery-truck-1-1.png?resize=150%2C150&amp;ssl=1 150w, https:\/\/i0.wp.com\/aiviouvapes.com\/wp-content\/uploads\/2024\/08\/delivery-truck-1-1.png?resize=12%2C12&amp;ssl=1 12w, https:\/\/i0.wp.com\/aiviouvapes.com\/wp-content\/uploads\/2024\/08\/delivery-truck-1-1.png?resize=100%2C100&amp;ssl=1 100w\" sizes=\"auto, (max-width: 200px) 100vw, 200px\" title=\"\">\t\t\t\t\t<\/div>\n\t\t\t\t<\/div>\n\t\t\t<\/div>\n\t\t\t\t<div class=\"icon-box-text last-reset\">\n\t\t\t\t\t\t\t\t\t\n\n\t<div id=\"text-3687231662\" class=\"text\">\n\t\t\n\n<h3 style=\"text-align: center;\">Schneller weltweiter Versand<\/h3>\n<p style=\"text-align: center;\">Wir liefern weltweit mit garantierter Zollabfertigung f\u00fcr ein reibungsloses Erlebnis.<\/p>\n\t\t\n<style>\n#text-3687231662 {\n  font-size: 0.9rem;\n}\n<\/style>\n\t<\/div>\n\t\n\n\t\t<\/div>\n\t<\/div>\n\t\n\t\n\n\t\t<\/div>\n\t\t\t\t\t<\/div>\n\n\t\n\n\t<div id=\"col-1826378145\" class=\"col medium-3 small-6 large-3\"  >\n\t\t\t\t<div class=\"col-inner text-center\"  >\n\t\t\t\n\t\t\t\n\n\n\t\t<div class=\"icon-box featured-box icon-box-top text-left\"  >\n\t\t\t\t\t<div class=\"icon-box-img\" style=\"width: 90px\">\n\t\t\t\t<div class=\"icon\">\n\t\t\t\t\t<div class=\"icon-inner\" >\n\t\t\t\t\t\t<img loading=\"lazy\" decoding=\"async\" width=\"200\" height=\"200\" src=\"https:\/\/i0.wp.com\/aiviouvapes.com\/wp-content\/uploads\/2024\/08\/support-1-1.png?fit=200%2C200&amp;ssl=1\" class=\"attachment-medium size-medium\" alt=\"Warum AIVIOUVAPES w\u00e4hlen\" srcset=\"https:\/\/i0.wp.com\/aiviouvapes.com\/wp-content\/uploads\/2024\/08\/support-1-1.png?w=200&amp;ssl=1 200w, https:\/\/i0.wp.com\/aiviouvapes.com\/wp-content\/uploads\/2024\/08\/support-1-1.png?resize=150%2C150&amp;ssl=1 150w, https:\/\/i0.wp.com\/aiviouvapes.com\/wp-content\/uploads\/2024\/08\/support-1-1.png?resize=12%2C12&amp;ssl=1 12w, https:\/\/i0.wp.com\/aiviouvapes.com\/wp-content\/uploads\/2024\/08\/support-1-1.png?resize=100%2C100&amp;ssl=1 100w\" sizes=\"auto, (max-width: 200px) 100vw, 200px\" title=\"\">\t\t\t\t\t<\/div>\n\t\t\t\t<\/div>\n\t\t\t<\/div>\n\t\t\t\t<div class=\"icon-box-text last-reset\">\n\t\t\t\t\t\t\t\t\t\n\n\t<div id=\"text-616037789\" class=\"text\">\n\t\t\n\n<h3 style=\"text-align: center;\">Hilfe rund um die Uhr<\/h3>\n<p style=\"text-align: center;\">Erreichen Sie unser Support-Team jederzeit rund um die Uhr \u00fcber WhatsApp oder E-Mail.<\/p>\n\t\t\n<style>\n#text-616037789 {\n  font-size: 0.9rem;\n}\n<\/style>\n\t<\/div>\n\t\n\n\t\t<\/div>\n\t<\/div>\n\t\n\t\n\n\t\t<\/div>\n\t\t\t\t\t<\/div>\n\n\t\n\n<\/div>\n<div class=\"row row-full-width align-middle\"  id=\"row-662211789\">\n\n\n\t<div id=\"col-99984620\" class=\"col medium-6 small-12 large-6\"  >\n\t\t\t\t<div class=\"col-inner\"  >\n\t\t\t\n\t\t\t\n\n\t<div class=\"img has-hover x md-x lg-x y md-y lg-y\" id=\"image_346249529\">\n\t\t\t\t\t\t\t\t<div class=\"img-inner dark\" >\n\t\t\t<img loading=\"lazy\" decoding=\"async\" width=\"930\" height=\"1024\" src=\"https:\/\/i0.wp.com\/aiviouvapes.com\/wp-content\/uploads\/2024\/08\/%E6%8B%BC%E5%9B%BE.jpg?fit=930%2C1024&amp;ssl=1\" class=\"attachment-large size-large\" alt=\"Warum AIVIOUVAPES w\u00e4hlen\" title=\"\">\t\t\t\t\t\t\n\t\t\t\t\t<\/div>\n\t\t\t\t\t\t\t\t\n<style>\n#image_346249529 {\n  width: 100%;\n}\n<\/style>\n\t<\/div>\n\t\n\n\n\t\t<\/div>\n\t\t\t\t\t<\/div>\n\n\t\n\n\t<div id=\"col-2015918544\" class=\"col medium-6 small-12 large-6\"  >\n\t\t\t\t<div class=\"col-inner\"  >\n\t\t\t\n\t\t\t\n\n<div class=\"container section-title-container\" ><h4 class=\"section-title section-title-normal\"><b aria-hidden=\"true\"><\/b><span class=\"section-title-main\" style=\"font-size:91%;\">Unsere Vorteile<\/span><b aria-hidden=\"true\"><\/b><\/h4><\/div>\n\n<div class=\"accordion\">\n\n\t<div id=\"accordion-1990445987\" class=\"accordion-item\">\n\t\t<a id=\"accordion-1990445987-label\" class=\"accordion-title plain\" href=\"#accordion-item-commitment-to-quality\" aria-expanded=\"false\" aria-controls=\"accordion-1990445987-content\">\n\t\t\t<button class=\"toggle\" aria-label=\"Umschalten\"><i class=\"icon-angle-down\" aria-hidden=\"true\"><\/i><\/button>\n\t\t\t<span>Bekenntnis zur Qualit\u00e4t<\/span>\n\t\t<\/a>\n\t\t<div id=\"accordion-1990445987-content\" class=\"accordion-inner\" aria-labelledby=\"accordion-1990445987-label\">\n\t\t\t\n\n<p>Unter <a href=\"https:\/\/aiviouvapes.com\/de\/\">AiviouVape<\/a>Qualit\u00e4t ist der Antrieb f\u00fcr alles, was wir tun. Unsere Einweg-Vaporizer werden sorgf\u00e4ltig hergestellt und strengen Tests unterzogen, um den h\u00f6chsten Standards zu entsprechen und jedes Mal ein reibungsloses, zuverl\u00e4ssiges Dampferlebnis zu gew\u00e4hrleisten. Mit unserem Versprechen, keine M\u00e4ngel und keine Beschwerden zu haben, k\u00f6nnen Sie darauf vertrauen, dass Sie das Beste bekommen.<\/p>\n\n\t\t<\/div>\n\t<\/div>\n\t\n\t<div id=\"accordion-344481906\" class=\"accordion-item\">\n\t\t<a id=\"accordion-344481906-label\" class=\"accordion-title plain\" href=\"#accordion-item-diverse-range-of-products\" aria-expanded=\"false\" aria-controls=\"accordion-344481906-content\">\n\t\t\t<button class=\"toggle\" aria-label=\"Umschalten\"><i class=\"icon-angle-down\" aria-hidden=\"true\"><\/i><\/button>\n\t\t\t<span>Vielf\u00e4ltige Produktpalette<\/span>\n\t\t<\/a>\n\t\t<div id=\"accordion-344481906-content\" class=\"accordion-inner\" aria-labelledby=\"accordion-344481906-label\">\n\t\t\t\n\n<p>Wir sind stolz darauf, eine gro\u00dfe Auswahl an hochwertigen Einwegdampfern f\u00fcr jeden Geschmack anbieten zu k\u00f6nnen. Von den neuesten Innovationen bis hin zu langj\u00e4hrigen Fan-Favoriten bietet unsere Auswahl bew\u00e4hrte Marken wie Waspe, Vapme, RandM Tornado, Bang Box, ELF Box und Bang King. Egal, ob Sie auf der Suche nach den k\u00fchnen Aromen von Vapme oder dem eleganten Design von RandM Tornado sind, unsere Kollektion hilft Ihnen, das perfekte Ger\u00e4t f\u00fcr Ihren Geschmack und Lebensstil zu finden.<\/p>\n\n\n\t\t<\/div>\n\t<\/div>\n\t\n\t<div id=\"accordion-2224719614\" class=\"accordion-item\">\n\t\t<a id=\"accordion-2224719614-label\" class=\"accordion-title plain\" href=\"#accordion-item-wholesale-and-retail-solutions\" aria-expanded=\"false\" aria-controls=\"accordion-2224719614-content\">\n\t\t\t<button class=\"toggle\" aria-label=\"Umschalten\"><i class=\"icon-angle-down\" aria-hidden=\"true\"><\/i><\/button>\n\t\t\t<span>L\u00f6sungen f\u00fcr Gro\u00dfhandel und Einzelhandel<\/span>\n\t\t<\/a>\n\t\t<div id=\"accordion-2224719614-content\" class=\"accordion-inner\" aria-labelledby=\"accordion-2224719614-label\">\n\t\t\t\n\n<p>AiviouVape erf\u00fcllt die Anforderungen von Einzel- und Gro\u00dfhandelskunden und liefert jedes Mal au\u00dfergew\u00f6hnliche Produkte und Dienstleistungen. Wenn Sie neu bei uns sind, empfehlen wir Ihnen, mit einer kleinen Charge zu beginnen, um unsere Qualit\u00e4t aus erster Hand zu erleben. Mit wettbewerbsf\u00e4higen Preisen und Premium-Standards sind wir die vertrauensw\u00fcrdige Wahl in der Einweg-Vaporizer-Branche.\u00a0<\/p>\n\n\t\t<\/div>\n\t<\/div>\n\t\n\t<div id=\"accordion-2588755051\" class=\"accordion-item\">\n\t\t<a id=\"accordion-2588755051-label\" class=\"accordion-title plain\" href=\"#accordion-item-continuous-improvement\" aria-expanded=\"false\" aria-controls=\"accordion-2588755051-content\">\n\t\t\t<button class=\"toggle\" aria-label=\"Umschalten\"><i class=\"icon-angle-down\" aria-hidden=\"true\"><\/i><\/button>\n\t\t\t<span>Kontinuierliche Verbesserung<\/span>\n\t\t<\/a>\n\t\t<div id=\"accordion-2588755051-content\" class=\"accordion-inner\" aria-labelledby=\"accordion-2588755051-label\">\n\t\t\t\n\n<p>Was AiviouVape auszeichnet, ist unser Engagement f\u00fcr au\u00dfergew\u00f6hnlichen Kundenservice. Egal, ob Sie vor dem Kauf Beratung oder Hilfe bei einer Bestellung ben\u00f6tigen, unser Team ist immer per WhatsApp oder E-Mail erreichbar. Wir sind bestrebt, dauerhafte Beziehungen zu unseren Kunden aufzubauen und Ihre Zufriedenheit auf jedem Schritt des Weges sicherzustellen.<\/p>\n\n\t\t<\/div>\n\t<\/div>\n\t\n\t<div id=\"accordion-2330880998\" class=\"accordion-item\">\n\t\t<a id=\"accordion-2330880998-label\" class=\"accordion-title plain\" href=\"#accordion-item-quality-assurance\" aria-expanded=\"false\" aria-controls=\"accordion-2330880998-content\">\n\t\t\t<button class=\"toggle\" aria-label=\"Umschalten\"><i class=\"icon-angle-down\" aria-hidden=\"true\"><\/i><\/button>\n\t\t\t<span>Qualit\u00e4tssicherung<\/span>\n\t\t<\/a>\n\t\t<div id=\"accordion-2330880998-content\" class=\"accordion-inner\" aria-labelledby=\"accordion-2330880998-label\">\n\t\t\t\n\n<p>In jeder Phase \u2013 Produktentwicklung, Produktion, Marketing und Vertrieb \u2013 bleibt unser Engagement f\u00fcr Qualit\u00e4t ungebrochen. Unsere Einweg-Vaporizer werden strengen Tests unterzogen, um sicherzustellen, dass sie ungiftig und rein sind und einen au\u00dfergew\u00f6hnlichen Geschmack bieten. Dieses Engagement f\u00fcr Spitzenleistungen bildet das R\u00fcckgrat unserer Unternehmenskultur.<\/p>\n\n\t\t<\/div>\n\t<\/div>\n\t\n\t<div id=\"accordion-3830543562\" class=\"accordion-item\">\n\t\t<a id=\"accordion-3830543562-label\" class=\"accordion-title plain\" href=\"#accordion-item-efficient-logistics-and-delivery\" aria-expanded=\"false\" aria-controls=\"accordion-3830543562-content\">\n\t\t\t<button class=\"toggle\" aria-label=\"Umschalten\"><i class=\"icon-angle-down\" aria-hidden=\"true\"><\/i><\/button>\n\t\t\t<span>Effiziente Logistik und Lieferung<\/span>\n\t\t<\/a>\n\t\t<div id=\"accordion-3830543562-content\" class=\"accordion-inner\" aria-labelledby=\"accordion-3830543562-label\">\n\t\t\t\n\n<p>AiviouVape bietet effiziente Logistik und Lieferung, einschlie\u00dflich DDP-Dienste (Delivered Duty Paid), die eine reibungslose Zollabfertigung ohne Geb\u00fchren oder Steuern gew\u00e4hrleisten. Mit schneller Lieferung und au\u00dfergew\u00f6hnlichem Kundensupport bieten wir ein reibungsloses und zuverl\u00e4ssiges Erlebnis und sind damit ein vertrauensw\u00fcrdiger Partner in der Branche.<\/p>\n\n\t\t<\/div>\n\t<\/div>\n\t\n\t<div id=\"accordion-1025351709\" class=\"accordion-item\">\n\t\t<a id=\"accordion-1025351709-label\" class=\"accordion-title plain\" href=\"#accordion-item-odm-and-oem-services\" aria-expanded=\"false\" aria-controls=\"accordion-1025351709-content\">\n\t\t\t<button class=\"toggle\" aria-label=\"Umschalten\"><i class=\"icon-angle-down\" aria-hidden=\"true\"><\/i><\/button>\n\t\t\t<span>ODM- und OEM-Dienstleistungen<\/span>\n\t\t<\/a>\n\t\t<div id=\"accordion-1025351709-content\" class=\"accordion-inner\" aria-labelledby=\"accordion-1025351709-label\">\n\t\t\t\n\n<p>AiviouVapes bietet umfassende ODM- (Original Design Manufacturing) und OEM- (Original Equipment Manufacturing) Dienstleistungen. Mit zwei gro\u00dfen Anlagen helfen wir unseren Kunden, einzigartige Produkte und auff\u00e4llige Logos f\u00fcr die Verpackung zu entwerfen. Wir bieten auch kostenlose Beratung zum Verpackungsdesign und unterst\u00fctzen Kunden, die ihre eigenen Produkte verpacken, damit ihre Marke auf dem Markt gl\u00e4nzt.<\/p>\n\n\t\t<\/div>\n\t<\/div>\n\t\n\n<\/div>\n\n\t\t<\/div>\n\t\t\t\t\t<\/div>\n\n\t\n\n<\/div>","protected":false},"excerpt":{"rendered":"<p>FIHP 12000 Puffs Disposable Vape bietet bis zu 12.000 Z\u00fcge mit einer E-Liquid-Kapazit\u00e4t von 20 ml, einem wiederaufladbaren 650-mAh-Akku und einer LED-Anzeige zur Nachverfolgung. W\u00e4hlen Sie aus 10 einzigartigen Geschmacksrichtungen und genie\u00dfen Sie sanften, gleichm\u00e4\u00dfigen Dampf mit bequemer Typ-C-Aufladung \u2013 ideal f\u00fcr langanhaltenden Genuss.<\/p>","protected":false},"featured_media":335,"comment_status":"open","ping_status":"closed","template":"","meta":[],"product_brand":[236],"product_cat":[124,90,117,81,76,134,135,133,136,137,146,138,139,140,141,142,143,144,145,18,132,82],"product_tag":[],"class_list":{"0":"post-334","1":"product","2":"type-product","3":"status-publish","4":"has-post-thumbnail","6":"product_brand-fihp","7":"product_cat-12000-puffs-disposable-vape","8":"product_cat-big-puffs-vapes","9":"product_cat-different-puffs-of-diposable-vapes","10":"product_cat-digital-box-vapes","11":"product_cat-disposable-vape-types","12":"product_cat-disposable-vapes-in-austria","13":"product_cat-disposable-vapes-in-belgium","14":"product_cat-disposable-vapes-in-europe","15":"product_cat-disposable-vapes-in-france","16":"product_cat-disposable-vapes-in-germany","17":"product_cat-disposable-vapes-in-hungary","18":"product_cat-disposable-vapes-in-ltaly","19":"product_cat-disposable-vapes-in-netherlands","20":"product_cat-disposable-vapes-in-norway","21":"product_cat-disposable-vapes-in-poland","22":"product_cat-disposable-vapes-in-portugal","23":"product_cat-disposable-vapes-in-spain","24":"product_cat-disposable-vapes-in-sweden","25":"product_cat-disposable-vapes-in-switzerland","26":"product_cat-fihp","27":"product_cat-rechargeable-vapes","28":"product_cat-smart-screen-vapes","30":"first","31":"instock","32":"shipping-taxable","33":"purchasable","34":"product-type-variable","35":"has-default-attributes"},"jetpack_sharing_enabled":true,"tiered_pricing_type":"fixed","tiered_pricing_fixed_rules":[],"tiered_pricing_product_settings":{"layout":"default","base_unit_name":{"singular":null,"plural":null},"default_variation":null},"tiered_pricing_minimum_quantity":1000,"tiered_pricing_roles_data":[],"tiered_pricing_percentage_rules":[],"tiered_pricing_maximum_quantity":null,"tiered_pricing_quantity_step":"10","_links":{"self":[{"href":"https:\/\/aiviouvapes.com\/de\/wp-json\/wp\/v2\/product\/334","targetHints":{"allow":["GET"]}}],"collection":[{"href":"https:\/\/aiviouvapes.com\/de\/wp-json\/wp\/v2\/product"}],"about":[{"href":"https:\/\/aiviouvapes.com\/de\/wp-json\/wp\/v2\/types\/product"}],"replies":[{"embeddable":true,"href":"https:\/\/aiviouvapes.com\/de\/wp-json\/wp\/v2\/comments?post=334"}],"wp:featuredmedia":[{"embeddable":true,"href":"https:\/\/aiviouvapes.com\/de\/wp-json\/wp\/v2\/media\/335"}],"wp:attachment":[{"href":"https:\/\/aiviouvapes.com\/de\/wp-json\/wp\/v2\/media?parent=334"}],"wp:term":[{"taxonomy":"product_brand","embeddable":true,"href":"https:\/\/aiviouvapes.com\/de\/wp-json\/wp\/v2\/product_brand?post=334"},{"taxonomy":"product_cat","embeddable":true,"href":"https:\/\/aiviouvapes.com\/de\/wp-json\/wp\/v2\/product_cat?post=334"},{"taxonomy":"product_tag","embeddable":true,"href":"https:\/\/aiviouvapes.com\/de\/wp-json\/wp\/v2\/product_tag?post=334"}],"curies":[{"name":"wp","href":"https:\/\/api.w.org\/{rel}","templated":true}]}}