{"id":33282,"date":"2025-04-24T17:00:12","date_gmt":"2025-04-24T09:00:12","guid":{"rendered":"https:\/\/aiviouvapes.com\/?post_type=product&#038;p=33282"},"modified":"2026-03-17T23:58:55","modified_gmt":"2026-03-17T15:58:55","slug":"mrvi-df-40k-puff","status":"publish","type":"product","link":"https:\/\/aiviouvapes.com\/de\/product\/mrvi-df-40k-puff\/","title":{"rendered":"MRVI DF 40000 Puffs | Doppel-Geschmack, 40ml e-Fl\u00fcssigkeit Einweg vape Gro\u00dfhandel"},"content":{"rendered":"<p><strong>MRVI DF 40000 Doppeltes Aroma Einweg Vape<\/strong> - Doppelt so viel Geschmack, doppelt so viel Spa\u00df.<\/p>\n<p>Lernen Sie die <strong>MRVI DF 40000<\/strong>der Einwegdampfer, der Ihnen den doppelten Geschmack und den doppelten Genuss bringt. Mit bis zu <strong>40.000 Z\u00fcge<\/strong>, eine massive <strong>40mL e-Fl\u00fcssigkeitstank<\/strong>und hochmoderne <strong>Doppelmaschenspule<\/strong> Technologie ist dieses Ger\u00e4t f\u00fcr sanften, reichhaltigen Dampf ausgelegt, der l\u00e4nger anh\u00e4lt, als Sie je f\u00fcr m\u00f6glich gehalten h\u00e4tten. Ob Sie ein Gelegenheitsdampfer oder ein Gro\u00dfabnehmer sind, der MRVI DF 40000 bietet alles, was Sie brauchen, in einem schlanken, taschenfreundlichen Ger\u00e4t.<\/p>\n<p>Ausgestattet mit einem <strong>850mAh wiederaufladbare Batterie<\/strong> und <strong>Typ-C-Laden<\/strong> zum schnellen Nachf\u00fcllen ist dieses Ger\u00e4t ebenso leistungsstark wie praktisch. W\u00e4hlen Sie zwischen <strong>5% oder 2% Nikotinst\u00e4rke<\/strong> um Ihr Erlebnis individuell zu gestalten. Au\u00dferdem, mit <strong>10 einzigartige Zweifach-Geschmackskombinationen<\/strong>gibt es immer etwas Neues zu probieren.<\/p>\n<p>Der MRVI DF 40000 eignet sich perfekt f\u00fcr den Eigengebrauch oder die Bevorratung f\u00fcr den Wiederverkauf und ist der ideale Vape f\u00fcr Qualit\u00e4t und Quantit\u00e4t.<\/p>\n<h3><strong>MRVI DF 40000 Merkmale:<\/strong><\/h3>\n<ul>\n<li><strong>Massive Puffanzahl:<\/strong> Bis zu 40.000 Z\u00fcge pro Ger\u00e4t<\/li>\n<li><strong>Gro\u00dfe E-Fl\u00fcssigkeitskapazit\u00e4t:<\/strong> 40mL erstklassige e-Fl\u00fcssigkeit<\/li>\n<li><strong>Leistungsstarke Batterie:<\/strong> 850mAh wiederaufladbare Batterie<\/li>\n<li><strong>Schnelles Aufladen:<\/strong> Typ-C-Anschluss (vollst\u00e4ndige Aufladung in 2 Stunden)<\/li>\n<li><strong>Dual-Mesh-Spule:<\/strong> Sanfter, reichhaltiger Dampf mit jedem Zug<\/li>\n<li><strong>Nikotinoptionen:<\/strong> 5% oder 2% tabakfreies Nikotin<\/li>\n<li><strong>Geschmacksvielfalt:<\/strong> 10 aufregende Kombinationen mit zwei Geschmacksrichtungen<\/li>\n<li><strong>Einfache Aktivierung:<\/strong> Zum Aktivieren einatmen - keine Tasten erforderlich<\/li>\n<li><strong>Kompaktes Design:<\/strong> Taschenfreundlich und ergonomisch (92*41*19mm)<\/li>\n<li><strong>Gro\u00dfhandelsfreundlich:<\/strong> 10PCS pro Displaykarton<\/li>\n<\/ul>","protected":false},"excerpt":{"rendered":"<p class=\"\" data-start=\"97\" data-end=\"366\">Der MRVI DF 40000 Einwegdampfer bietet bis zu 40.000 Z\u00fcge, Dual-Mesh-Coils, 40mL E-Liquid und 10 dynamische Geschmackskombinationen. Perfekt f\u00fcr langanhaltendes, problemloses Dampfen, ideal f\u00fcr den pers\u00f6nlichen Gebrauch oder Gro\u00dfhandel.<\/p>","protected":false},"featured_media":33307,"comment_status":"open","ping_status":"closed","template":"","meta":[],"product_brand":[229],"product_cat":[33,219,80,79],"product_tag":[],"class_list":{"0":"post-33282","1":"product","2":"type-product","3":"status-publish","4":"has-post-thumbnail","6":"product_brand-mrvi","7":"product_cat-mrvi","8":"product_cat-40000-puffs-disposable-vape","9":"product_cat-dual-flavor-vapes","10":"product_cat-dual-mesh-vapes","12":"first","13":"instock","14":"shipping-taxable","15":"purchasable","16":"product-type-variable","17":"has-default-attributes"},"jetpack_sharing_enabled":true,"tiered_pricing_type":"fixed","tiered_pricing_fixed_rules":{"100":7.05999999999999960920149533194489777088165283203125,"200":6.4199999999999999289457264239899814128875732421875,"400":6.089999999999999857891452847979962825775146484375},"tiered_pricing_product_settings":{"layout":"default","base_unit_name":{"singular":null,"plural":null},"default_variation":null},"tiered_pricing_minimum_quantity":50,"tiered_pricing_roles_data":[],"tiered_pricing_percentage_rules":[],"tiered_pricing_maximum_quantity":null,"tiered_pricing_quantity_step":"10","_links":{"self":[{"href":"https:\/\/aiviouvapes.com\/de\/wp-json\/wp\/v2\/product\/33282","targetHints":{"allow":["GET"]}}],"collection":[{"href":"https:\/\/aiviouvapes.com\/de\/wp-json\/wp\/v2\/product"}],"about":[{"href":"https:\/\/aiviouvapes.com\/de\/wp-json\/wp\/v2\/types\/product"}],"replies":[{"embeddable":true,"href":"https:\/\/aiviouvapes.com\/de\/wp-json\/wp\/v2\/comments?post=33282"}],"wp:featuredmedia":[{"embeddable":true,"href":"https:\/\/aiviouvapes.com\/de\/wp-json\/wp\/v2\/media\/33307"}],"wp:attachment":[{"href":"https:\/\/aiviouvapes.com\/de\/wp-json\/wp\/v2\/media?parent=33282"}],"wp:term":[{"taxonomy":"product_brand","embeddable":true,"href":"https:\/\/aiviouvapes.com\/de\/wp-json\/wp\/v2\/product_brand?post=33282"},{"taxonomy":"product_cat","embeddable":true,"href":"https:\/\/aiviouvapes.com\/de\/wp-json\/wp\/v2\/product_cat?post=33282"},{"taxonomy":"product_tag","embeddable":true,"href":"https:\/\/aiviouvapes.com\/de\/wp-json\/wp\/v2\/product_tag?post=33282"}],"curies":[{"name":"wp","href":"https:\/\/api.w.org\/{rel}","templated":true}]}}