{"id":30767,"date":"2025-03-21T12:56:55","date_gmt":"2025-03-21T04:56:55","guid":{"rendered":"https:\/\/aiviouvapes.com\/?post_type=product&#038;p=30767"},"modified":"2026-04-02T18:23:44","modified_gmt":"2026-04-02T10:23:44","slug":"waspe-60k-3-in-1-60000-puffs","status":"publish","type":"product","link":"https:\/\/aiviouvapes.com\/de\/product\/waspe-60k-3-in-1-60000-puffs\/","title":{"rendered":"WASPE 60K | 3-in-1 60000 Puffs, dreifacher Geschmack, Bulk Einweg Vape"},"content":{"rendered":"<p><img data-recalc-dims=\"1\" loading=\"lazy\" decoding=\"async\" class=\"alignnone wp-image-33901\" src=\"https:\/\/i0.wp.com\/aiviouvapes.com\/wp-content\/uploads\/2025\/03\/%E5%BE%AE%E4%BF%A1%E5%9B%BE%E7%89%87_20250502143652-e1746694635211.jpg?resize=1000%2C591&#038;ssl=1\" alt=\",\" width=\"1000\" height=\"591\" title=\"\" srcset=\"https:\/\/i0.wp.com\/aiviouvapes.com\/wp-content\/uploads\/2025\/03\/%E5%BE%AE%E4%BF%A1%E5%9B%BE%E7%89%87_20250502143652-e1746694635211.jpg?w=1280&amp;ssl=1 1280w, https:\/\/i0.wp.com\/aiviouvapes.com\/wp-content\/uploads\/2025\/03\/%E5%BE%AE%E4%BF%A1%E5%9B%BE%E7%89%87_20250502143652-e1746694635211.jpg?resize=300%2C177&amp;ssl=1 300w, https:\/\/i0.wp.com\/aiviouvapes.com\/wp-content\/uploads\/2025\/03\/%E5%BE%AE%E4%BF%A1%E5%9B%BE%E7%89%87_20250502143652-e1746694635211.jpg?resize=1024%2C606&amp;ssl=1 1024w, https:\/\/i0.wp.com\/aiviouvapes.com\/wp-content\/uploads\/2025\/03\/%E5%BE%AE%E4%BF%A1%E5%9B%BE%E7%89%87_20250502143652-e1746694635211.jpg?resize=768%2C454&amp;ssl=1 768w, https:\/\/i0.wp.com\/aiviouvapes.com\/wp-content\/uploads\/2025\/03\/%E5%BE%AE%E4%BF%A1%E5%9B%BE%E7%89%87_20250502143652-e1746694635211.jpg?resize=18%2C12&amp;ssl=1 18w, https:\/\/i0.wp.com\/aiviouvapes.com\/wp-content\/uploads\/2025\/03\/%E5%BE%AE%E4%BF%A1%E5%9B%BE%E7%89%87_20250502143652-e1746694635211.jpg?resize=800%2C473&amp;ssl=1 800w\" sizes=\"auto, (max-width: 1000px) 100vw, 1000px\" \/> <img data-recalc-dims=\"1\" loading=\"lazy\" decoding=\"async\" class=\"alignnone wp-image-33902\" src=\"https:\/\/i0.wp.com\/aiviouvapes.com\/wp-content\/uploads\/2025\/03\/%E5%BE%AE%E4%BF%A1%E5%9B%BE%E7%89%87_20250502143744.jpg?resize=1000%2C750&#038;ssl=1\" alt=\",\" width=\"1000\" height=\"750\" title=\"\" srcset=\"https:\/\/i0.wp.com\/aiviouvapes.com\/wp-content\/uploads\/2025\/03\/%E5%BE%AE%E4%BF%A1%E5%9B%BE%E7%89%87_20250502143744.jpg?w=1707&amp;ssl=1 1707w, https:\/\/i0.wp.com\/aiviouvapes.com\/wp-content\/uploads\/2025\/03\/%E5%BE%AE%E4%BF%A1%E5%9B%BE%E7%89%87_20250502143744.jpg?resize=300%2C225&amp;ssl=1 300w, https:\/\/i0.wp.com\/aiviouvapes.com\/wp-content\/uploads\/2025\/03\/%E5%BE%AE%E4%BF%A1%E5%9B%BE%E7%89%87_20250502143744.jpg?resize=1024%2C768&amp;ssl=1 1024w, https:\/\/i0.wp.com\/aiviouvapes.com\/wp-content\/uploads\/2025\/03\/%E5%BE%AE%E4%BF%A1%E5%9B%BE%E7%89%87_20250502143744.jpg?resize=768%2C576&amp;ssl=1 768w, https:\/\/i0.wp.com\/aiviouvapes.com\/wp-content\/uploads\/2025\/03\/%E5%BE%AE%E4%BF%A1%E5%9B%BE%E7%89%87_20250502143744.jpg?resize=1536%2C1152&amp;ssl=1 1536w, https:\/\/i0.wp.com\/aiviouvapes.com\/wp-content\/uploads\/2025\/03\/%E5%BE%AE%E4%BF%A1%E5%9B%BE%E7%89%87_20250502143744.jpg?resize=16%2C12&amp;ssl=1 16w, https:\/\/i0.wp.com\/aiviouvapes.com\/wp-content\/uploads\/2025\/03\/%E5%BE%AE%E4%BF%A1%E5%9B%BE%E7%89%87_20250502143744.jpg?resize=1320%2C990&amp;ssl=1 1320w, https:\/\/i0.wp.com\/aiviouvapes.com\/wp-content\/uploads\/2025\/03\/%E5%BE%AE%E4%BF%A1%E5%9B%BE%E7%89%87_20250502143744.jpg?resize=800%2C600&amp;ssl=1 800w\" sizes=\"auto, (max-width: 1000px) 100vw, 1000px\" \/><\/p>\n<p><iframe title=\"VideoPress Video-Spieler\" aria-label='VideoPress Video-Spieler' width='1020' height='574' src='https:\/\/videopress.com\/embed\/ejPBp6IM?hd=0&amp;cover=1' frameborder='0' allowfullscreen allow='clipboard-write'><\/iframe><script src='https:\/\/v0.wordpress.com\/js\/next\/videopress-iframe.js?m=1770107250'><\/script><\/p>\n<h2>\ud83c\udf53 WASPE 60K Dreifach-Geschmackskombinationen<\/h2>\n<p>Jedes WASPE AIVIOU 60000 bietet <strong>3 einzigartige Geschmacksrichtungen in 1 Ger\u00e4t<\/strong>Sie k\u00f6nnen also wechseln, ohne einen neuen Vape zu ben\u00f6tigen.<\/p>\n<table class=\"w-fit min-w-(--thread-content-width)\">\n<thead>\n<tr>\n<th>Combo Nr.<\/th>\n<th>Geschmacks-Trio<\/th>\n<\/tr>\n<\/thead>\n<tbody>\n<tr>\n<td>1<\/td>\n<td><strong>Wassermelone Eis<\/strong>, <strong>Erdbeer-Kiwi<\/strong>, <strong>Zitrone-Limette<\/strong><\/td>\n<\/tr>\n<tr>\n<td>2<\/td>\n<td><strong>Erdbeere Wassermelone<\/strong>, <strong>Erdbeer-Himbeer-Bonbon<\/strong>, <strong>Traubeneis<\/strong><\/td>\n<\/tr>\n<tr>\n<td>3<\/td>\n<td><strong>Blaubeereis<\/strong>, <strong>Schwarzer Drache Eis<\/strong>, <strong>Sprudel-Kirsch-Eis<\/strong><\/td>\n<\/tr>\n<tr>\n<td>4<\/td>\n<td><strong>Erdbeere-Himbeere-Kirsche<\/strong>, <strong>Love 666<\/strong>, <strong>Kirsche Kandis Eis<\/strong><\/td>\n<\/tr>\n<tr>\n<td>5<\/td>\n<td><strong>Pfirsich-Eis<\/strong>, <strong>Ananas Mango Pfirsich<\/strong>, <strong>Cranberry-Zitrone<\/strong><\/td>\n<\/tr>\n<tr>\n<td>6<\/td>\n<td><strong>Red Bull Eis<\/strong>, <strong>Erdbeer-Mango<\/strong>, <strong>Erdbeere Wassermelone Kaugummi<\/strong><\/td>\n<\/tr>\n<tr>\n<td>7<\/td>\n<td><strong>Gemischte Beeren<\/strong>, <strong>Gummib\u00e4rchen<\/strong>, <strong>Gemischtes Obst<\/strong><\/td>\n<\/tr>\n<tr>\n<td>8<\/td>\n<td><strong>Dreifaches Meloneneis<\/strong>, <strong>Regenbogen-Bonbon<\/strong>, <strong>Blaubeer-Bonbon<\/strong><\/td>\n<\/tr>\n<tr>\n<td>9<\/td>\n<td><strong>Traubeneis<\/strong>, <strong>Erdbeer-Bonbon<\/strong>, <strong>Erdbeere-Himbeere-Kirsche<\/strong><\/td>\n<\/tr>\n<tr>\n<td>10<\/td>\n<td><strong>Erdbeere-Banane<\/strong>, <strong>Ananas-Kokosnuss-Eis<\/strong>, <strong>Mango-Eis<\/strong><\/td>\n<\/tr>\n<tr>\n<td>11<\/td>\n<td><strong>Kirsch-Cola-Eis<\/strong>, <strong>Erdbeer-Cola<\/strong>, <strong>Cola-Eis<\/strong><\/td>\n<\/tr>\n<tr>\n<td>12<\/td>\n<td><strong>Heidelbeere-Himbeere<\/strong>, <strong>Blaubeer-Zuckerwatte<\/strong>, <strong>Doppeltes Apfel-Eis<\/strong><\/td>\n<\/tr>\n<\/tbody>\n<\/table>\n<p>\ud83c\udf00 Egal, ob du auf fruchtige, eisige oder von S\u00fc\u00dfigkeiten inspirierte Vapes stehst - es gibt eine Kombination f\u00fcr jeden Geschmack.<\/p>\n<h2>\ud83d\udce6 WASPE AIVIOU 60000 Puffs - Wichtige Spezifikationen<\/h2>\n<table class=\"w-fit min-w-(--thread-content-width)\">\n<thead>\n<tr>\n<th>Merkmal<\/th>\n<th>Beschreibung<\/th>\n<\/tr>\n<\/thead>\n<tbody>\n<tr>\n<td><strong>Puffs insgesamt<\/strong><\/td>\n<td>Bis zu <strong>60.000 Z\u00fcge<\/strong> - Langlebig und perfekt f\u00fcr den Dauereinsatz<\/td>\n<\/tr>\n<tr>\n<td><strong>Geschmacksoptionen<\/strong><\/td>\n<td><strong>3-in-1<\/strong> - Wechsel zwischen drei eingebauten Geschmacksrichtungen in einem einzigen Ger\u00e4t<\/td>\n<\/tr>\n<tr>\n<td><strong>Nikotinst\u00e4rken<\/strong><\/td>\n<td>Erh\u00e4ltlich in <strong>0%, 2% oder 5% Nikotin<\/strong> - W\u00e4hlen Sie Ihre bevorzugte St\u00e4rke<\/td>\n<\/tr>\n<tr>\n<td><strong>E-Liquid-Kapazit\u00e4t<\/strong><\/td>\n<td><strong>54 ml<\/strong> - viel Fl\u00fcssigkeit f\u00fcr ganzt\u00e4giges Dampfen<\/td>\n<\/tr>\n<tr>\n<td><strong>Anzeige<\/strong><\/td>\n<td><strong>LED-Bildschirm<\/strong> zeigt Batteriestand und E-Liquid-Status deutlich an<\/td>\n<\/tr>\n<tr>\n<td><strong>Spulen<\/strong><\/td>\n<td><strong>Dreifachmaschige Spulen<\/strong> - f\u00fcr besseren Geschmack und gleichm\u00e4\u00dfige Dampferzeugung<\/td>\n<\/tr>\n<tr>\n<td><strong>Aufladen<\/strong><\/td>\n<td><strong>Typ-C wiederaufladbar<\/strong> - schnelles, bequemes Aufladen<\/td>\n<\/tr>\n<tr>\n<td><strong>Tragbarkeit<\/strong><\/td>\n<td>Kompakte Gr\u00f6\u00dfe: <strong>47mm x 47mm x 116mm<\/strong> - passt leicht in die Hand oder Tasche<\/td>\n<\/tr>\n<tr>\n<td><strong>Ideal f\u00fcr<\/strong><\/td>\n<td><strong>Gro\u00dfhandel und Einzelhandel<\/strong> in den Niederlanden, Deutschland, Belgien und Spanien<\/td>\n<\/tr>\n<\/tbody>\n<\/table>\n<h3>\u2753 H\u00e4ufig gestellte Fragen - WASPE AIVIOU 60000 Puffs Disposable Vape<\/h3>\n<h4>\u2705 Was macht die WASPE AIVIOU 60000 Puffs zu einer guten Wahl?<\/h4>\n<p>Der WASPE 60K zeichnet sich durch seine <strong>60.000 Puffs Kapazit\u00e4t<\/strong>, <strong>3-in-1-Aroma-System<\/strong>und <strong>LED-Anzeige<\/strong>. Er ist f\u00fcr Nutzer gemacht, die ein l\u00e4nger anhaltendes und geschmacksintensives Dampferlebnis w\u00fcnschen. Au\u00dferdem ist er anf\u00e4ngerfreundlich und l\u00e4sst sich einfach mit einem Typ-C-Kabel aufladen.<\/p>\n<h4>\ud83c\udf53 Wie viele Geschmacksrichtungen sind in einem WASPE 60K Vape enthalten?<\/h4>\n<p>Jedes Ger\u00e4t WASPE AIVIOU 60000 Puffs wird geliefert mit <strong>drei verschiedene eingebaute Geschmacksrichtungen<\/strong>. Sie k\u00f6nnen zwischen ihnen f\u00fcr Abwechslung ohne \u00c4nderung Ihrer vape wechseln. Es gibt <strong>12 verschiedene Geschmackskombinationen<\/strong> f\u00fcr alle Geschm\u00e4cker erh\u00e4ltlich.<\/p>\n<h4>\ud83d\udd0b Ist das WASPE 60K wiederaufladbar?<\/h4>\n<p>Ja. Das Ger\u00e4t wird mit einem <strong>wiederaufladbare Batterie<\/strong> und <strong>Typ-C-Ladeanschluss<\/strong>Dadurch wird ein schnelleres Aufladen und eine l\u00e4ngere Nutzung gew\u00e4hrleistet.<\/p>\n<h4>\ud83d\udce6 Wie ist das WASPE 60K Vape f\u00fcr Gro\u00dfhandelsbestellungen verpackt?<\/h4>\n<p>Der WASPE AIVIOU 60K ist in zwei Verpackungsvarianten erh\u00e4ltlich:<\/p>\n<ul>\n<li><strong>Box:<\/strong> 10 St\u00fcck pro Karton<\/li>\n<li><strong>Schachtel:<\/strong> 160 St\u00fcck pro Karton (ca. 21 kg)<br \/>\nBeide sind geeignet f\u00fcr <strong>Gro\u00dfauftr\u00e4ge und schnelle Lieferung<\/strong>.<\/li>\n<\/ul>\n<h4>\ud83c\udf0d Wo kann ich das WASPE AIVIOU 60000 Puffs vape verkaufen?<\/h4>\n<p>Es ist ideal f\u00fcr <strong>Gro\u00dfhandel und Einzelhandel<\/strong> im <strong>Niederlande<\/strong>, <strong>Deutschland<\/strong>, <strong>Belgien<\/strong>und <strong>Spanien<\/strong>. Egal, ob Sie ein physisches Gesch\u00e4ft haben oder online verkaufen, dieses Produkt ist f\u00fcr die EU-M\u00e4rkte optimiert.<\/p>\n<h4>\ud83d\uded2 Warum bei AiviouVape kaufen?<\/h4>\n<p><strong>AiviouVape<\/strong> ist eine vertrauensw\u00fcrdige <strong>Vape-Gro\u00dfh\u00e4ndler<\/strong> direkt mit den Herstellern zusammenarbeiten, um sie anzubieten:<\/p>\n<ul>\n<li>\u2705 Wettbewerbsf\u00e4hige Preise<\/li>\n<li>\u2705 Authentische, sichere Produkte<\/li>\n<li>\u2705 Schneller Versand, auch bei gro\u00dfen Bestellungen<\/li>\n<li>\u2705 Ausgezeichnete Unterst\u00fctzung f\u00fcr Ladenbesitzer und Wiederverk\u00e4ufer<\/li>\n<\/ul>\n<h4>\ud83d\udccf Welche Abmessungen hat das Ger\u00e4t WASPE 60K?<\/h4>\n<p>Jedes Vape misst <strong>47mm x 47mm x 116mm<\/strong>Dadurch ist es leicht und taschenfreundlich.<\/p>\n<p><img data-recalc-dims=\"1\" loading=\"lazy\" decoding=\"async\" class=\"alignnone size-full wp-image-33904\" src=\"https:\/\/i0.wp.com\/aiviouvapes.com\/wp-content\/uploads\/2025\/03\/%E5%8C%85%E8%A3%85%E5%9B%BE-140000.jpg?resize=1020%2C612&#038;ssl=1\" alt=\",\" width=\"1020\" height=\"612\" title=\"\" srcset=\"https:\/\/i0.wp.com\/aiviouvapes.com\/wp-content\/uploads\/2025\/03\/%E5%8C%85%E8%A3%85%E5%9B%BE-140000.jpg?w=1920&amp;ssl=1 1920w, https:\/\/i0.wp.com\/aiviouvapes.com\/wp-content\/uploads\/2025\/03\/%E5%8C%85%E8%A3%85%E5%9B%BE-140000.jpg?resize=300%2C180&amp;ssl=1 300w, https:\/\/i0.wp.com\/aiviouvapes.com\/wp-content\/uploads\/2025\/03\/%E5%8C%85%E8%A3%85%E5%9B%BE-140000.jpg?resize=1024%2C614&amp;ssl=1 1024w, https:\/\/i0.wp.com\/aiviouvapes.com\/wp-content\/uploads\/2025\/03\/%E5%8C%85%E8%A3%85%E5%9B%BE-140000.jpg?resize=768%2C461&amp;ssl=1 768w, https:\/\/i0.wp.com\/aiviouvapes.com\/wp-content\/uploads\/2025\/03\/%E5%8C%85%E8%A3%85%E5%9B%BE-140000.jpg?resize=1536%2C922&amp;ssl=1 1536w, https:\/\/i0.wp.com\/aiviouvapes.com\/wp-content\/uploads\/2025\/03\/%E5%8C%85%E8%A3%85%E5%9B%BE-140000.jpg?resize=18%2C12&amp;ssl=1 18w, https:\/\/i0.wp.com\/aiviouvapes.com\/wp-content\/uploads\/2025\/03\/%E5%8C%85%E8%A3%85%E5%9B%BE-140000.jpg?resize=1320%2C792&amp;ssl=1 1320w, https:\/\/i0.wp.com\/aiviouvapes.com\/wp-content\/uploads\/2025\/03\/%E5%8C%85%E8%A3%85%E5%9B%BE-140000.jpg?resize=800%2C480&amp;ssl=1 800w\" sizes=\"auto, (max-width: 1020px) 100vw, 1020px\" \/>\u00a0<img data-recalc-dims=\"1\" loading=\"lazy\" decoding=\"async\" class=\"alignnone wp-image-30768 size-full\" src=\"https:\/\/i0.wp.com\/aiviouvapes.com\/wp-content\/uploads\/2025\/03\/WASPE-60k-3-in-1-60000-Puffs-1.jpg?resize=1020%2C574&#038;ssl=1\" alt=\",\" width=\"1020\" height=\"574\" title=\"\" srcset=\"https:\/\/i0.wp.com\/aiviouvapes.com\/wp-content\/uploads\/2025\/03\/WASPE-60k-3-in-1-60000-Puffs-1.jpg?w=1920&amp;ssl=1 1920w, https:\/\/i0.wp.com\/aiviouvapes.com\/wp-content\/uploads\/2025\/03\/WASPE-60k-3-in-1-60000-Puffs-1.jpg?resize=300%2C169&amp;ssl=1 300w, https:\/\/i0.wp.com\/aiviouvapes.com\/wp-content\/uploads\/2025\/03\/WASPE-60k-3-in-1-60000-Puffs-1.jpg?resize=1024%2C576&amp;ssl=1 1024w, https:\/\/i0.wp.com\/aiviouvapes.com\/wp-content\/uploads\/2025\/03\/WASPE-60k-3-in-1-60000-Puffs-1.jpg?resize=768%2C432&amp;ssl=1 768w, https:\/\/i0.wp.com\/aiviouvapes.com\/wp-content\/uploads\/2025\/03\/WASPE-60k-3-in-1-60000-Puffs-1.jpg?resize=1536%2C864&amp;ssl=1 1536w, https:\/\/i0.wp.com\/aiviouvapes.com\/wp-content\/uploads\/2025\/03\/WASPE-60k-3-in-1-60000-Puffs-1.jpg?resize=18%2C10&amp;ssl=1 18w, https:\/\/i0.wp.com\/aiviouvapes.com\/wp-content\/uploads\/2025\/03\/WASPE-60k-3-in-1-60000-Puffs-1.jpg?resize=750%2C422&amp;ssl=1 750w\" sizes=\"auto, (max-width: 1020px) 100vw, 1020px\" \/><img data-recalc-dims=\"1\" loading=\"lazy\" decoding=\"async\" class=\"alignnone size-full wp-image-30772\" src=\"https:\/\/i0.wp.com\/aiviouvapes.com\/wp-content\/uploads\/2025\/03\/WASPE-60k-3-in-1-60000-Puffs-5.jpg?resize=1020%2C543&#038;ssl=1\" alt=\",\" width=\"1020\" height=\"543\" title=\"\" srcset=\"https:\/\/i0.wp.com\/aiviouvapes.com\/wp-content\/uploads\/2025\/03\/WASPE-60k-3-in-1-60000-Puffs-5.jpg?w=1920&amp;ssl=1 1920w, https:\/\/i0.wp.com\/aiviouvapes.com\/wp-content\/uploads\/2025\/03\/WASPE-60k-3-in-1-60000-Puffs-5.jpg?resize=300%2C160&amp;ssl=1 300w, https:\/\/i0.wp.com\/aiviouvapes.com\/wp-content\/uploads\/2025\/03\/WASPE-60k-3-in-1-60000-Puffs-5.jpg?resize=1024%2C546&amp;ssl=1 1024w, https:\/\/i0.wp.com\/aiviouvapes.com\/wp-content\/uploads\/2025\/03\/WASPE-60k-3-in-1-60000-Puffs-5.jpg?resize=768%2C409&amp;ssl=1 768w, https:\/\/i0.wp.com\/aiviouvapes.com\/wp-content\/uploads\/2025\/03\/WASPE-60k-3-in-1-60000-Puffs-5.jpg?resize=1536%2C818&amp;ssl=1 1536w, https:\/\/i0.wp.com\/aiviouvapes.com\/wp-content\/uploads\/2025\/03\/WASPE-60k-3-in-1-60000-Puffs-5.jpg?resize=18%2C10&amp;ssl=1 18w, https:\/\/i0.wp.com\/aiviouvapes.com\/wp-content\/uploads\/2025\/03\/WASPE-60k-3-in-1-60000-Puffs-5.jpg?resize=750%2C400&amp;ssl=1 750w\" sizes=\"auto, (max-width: 1020px) 100vw, 1020px\" \/><\/p>","protected":false},"excerpt":{"rendered":"<p class=\"translation-block\">Mach dich bereit f\u00fcr dreifachen Geschmacksspa\u00df! Die verbesserte WASPE 60K erm\u00f6glicht dir, drei tolle Aromen in einem eleganten Vape zu genie\u00dfen. Basierend auf dem Fan-Liebling <span style=\"color: #000000\"><a style=\"color: #000000\" href=\"https:\/\/aiviouvapes.com\/de\/produkt\/waspe-crystal-40k-double-flavor-40000-puffs-rechargeable-bulk-buy-disposable-vape-wholesale\/\" target=\"_self\">WASPE Crystal<\/a><\/span>.<\/p>","protected":false},"featured_media":30783,"comment_status":"open","ping_status":"closed","template":"","meta":[],"product_brand":[227],"product_cat":[19,219,242,320,280,505],"product_tag":[306,308,303,305,304,302],"class_list":{"0":"post-30767","1":"product","2":"type-product","3":"status-publish","4":"has-post-thumbnail","6":"product_brand-waspe","7":"product_cat-waspe","8":"product_cat-40000-puffs-disposable-vape","9":"product_cat-60000-puffs-disposable-vape","10":"product_cat-best-disposable-vapes","11":"product_cat-cheap-rechargeable-disposable-vapes","12":"product_cat-in-stock-at-eu-warehouse","13":"product_tag-best-disposable-vapes","14":"product_tag-disposable-vape-in-europe","15":"product_tag-screen-vape","16":"product_tag-vape-suppliers","17":"product_tag-wholesale-vapes","18":"product_tag-wholesale-vapor","20":"first","21":"instock","22":"shipping-taxable","23":"purchasable","24":"product-type-variable","25":"has-default-attributes"},"jetpack_sharing_enabled":true,"tiered_pricing_type":"fixed","tiered_pricing_fixed_rules":{"30":9.07000000000000028421709430404007434844970703125,"50":7.910000000000000142108547152020037174224853515625,"100":7.38999999999999968025576890795491635799407958984375,"200":6.7400000000000002131628207280300557613372802734375,"400":6.4199999999999999289457264239899814128875732421875},"tiered_pricing_product_settings":{"layout":"default","base_unit_name":{"singular":null,"plural":null},"default_variation":null},"tiered_pricing_minimum_quantity":10,"tiered_pricing_roles_data":[],"tiered_pricing_percentage_rules":[],"tiered_pricing_maximum_quantity":null,"tiered_pricing_quantity_step":"10","_links":{"self":[{"href":"https:\/\/aiviouvapes.com\/de\/wp-json\/wp\/v2\/product\/30767","targetHints":{"allow":["GET"]}}],"collection":[{"href":"https:\/\/aiviouvapes.com\/de\/wp-json\/wp\/v2\/product"}],"about":[{"href":"https:\/\/aiviouvapes.com\/de\/wp-json\/wp\/v2\/types\/product"}],"replies":[{"embeddable":true,"href":"https:\/\/aiviouvapes.com\/de\/wp-json\/wp\/v2\/comments?post=30767"}],"wp:featuredmedia":[{"embeddable":true,"href":"https:\/\/aiviouvapes.com\/de\/wp-json\/wp\/v2\/media\/30783"}],"wp:attachment":[{"href":"https:\/\/aiviouvapes.com\/de\/wp-json\/wp\/v2\/media?parent=30767"}],"wp:term":[{"taxonomy":"product_brand","embeddable":true,"href":"https:\/\/aiviouvapes.com\/de\/wp-json\/wp\/v2\/product_brand?post=30767"},{"taxonomy":"product_cat","embeddable":true,"href":"https:\/\/aiviouvapes.com\/de\/wp-json\/wp\/v2\/product_cat?post=30767"},{"taxonomy":"product_tag","embeddable":true,"href":"https:\/\/aiviouvapes.com\/de\/wp-json\/wp\/v2\/product_tag?post=30767"}],"curies":[{"name":"wp","href":"https:\/\/api.w.org\/{rel}","templated":true}]}}