{"id":30076,"date":"2025-03-14T16:37:29","date_gmt":"2025-03-14T08:37:29","guid":{"rendered":"https:\/\/aiviouvapes.com\/?post_type=product&#038;p=30076"},"modified":"2026-04-17T13:00:57","modified_gmt":"2026-04-17T05:00:57","slug":"fizzy-nova-20000-puffs","status":"publish","type":"product","link":"https:\/\/aiviouvapes.com\/de\/product\/fizzy-nova-20000-puffs\/","title":{"rendered":"Fizzy Nova 20000 Puffs | Dual-Mesh-Spule, LCD-Bildschirm, wiederaufladbare Einweg vape Bulk &amp; Gro\u00dfhandel"},"content":{"rendered":"<p>Erleben Sie die Spitze der Vaping-Technologie mit dem <strong>Fizzy Nova 20000 Puffs Wiederaufladbare Einweg-Vape<\/strong>. Dieses Ger\u00e4t bietet eine unvergleichliche Kombination aus Leistung, Komfort und Stil. Erh\u00e4ltlich jetzt f\u00fcr Bulk-Gro\u00dfhandel bei AiviouVape, Ihrem f\u00fchrenden Online-Vape-Distributor in den Niederlanden, Deutschland, Belgien und Spanien.<\/p>\n<h2>Warum der Fizzy Nova 20000 Puffs sich abhebt:<\/h2>\n<ul>\n<li><strong>Noch nie dagewesene 20000 Puff-Kapazit\u00e4t:<\/strong> Genie\u00dfen Sie ausgedehnte Vaping-Sessions ohne l\u00e4stiges, h\u00e4ufiges Auswechseln.<\/li>\n<li><strong>Fortschrittliche Dual Mesh Coil Technologie:<\/strong> Erleben Sie reichhaltigen, konsistenten Geschmack und dichte Dampfproduktion mit jedem Zug.<\/li>\n<li><strong>Langlebiger, wiederaufladbarer 850-mAh-Akku:<\/strong> Verabschieden Sie sich von der Angst vor der Batterie mit einem leistungsstarken, wiederaufladbaren Akku.<\/li>\n<li><strong>Intuitiver LCD-Bildschirm:<\/strong> Informieren Sie sich auf einen Blick \u00fcber Ihre Akkulaufzeit und den F\u00fcllstand Ihres E-Liquids.<\/li>\n<li><strong>Anpassbare Eco- und Turbo-Modi:<\/strong> Passen Sie Ihr Dampferlebnis an Ihre Vorlieben an, egal ob Sie eine l\u00e4ngere Akkulaufzeit oder einen intensiven Geschmack bevorzugen.<\/li>\n<li><strong>Zwei Nikotinst\u00e4rken:<\/strong> Erh\u00e4ltlich in den beiden Nikotinvarianten 2% und 5%, um eine breite Palette von Kundenw\u00fcnschen zu erf\u00fcllen.<\/li>\n<li><strong>Hochwertige Metallkonstruktion:<\/strong> Genie\u00dfen Sie einen eleganten, langlebigen und luxuri\u00f6sen Vape Pen mit einer hochwertigen Metalloberfl\u00e4che.<\/li>\n<li><strong>Umfangreiche Geschmacksauswahl:<\/strong> G\u00f6nnen Sie sich ein vielf\u00e4ltiges Angebot an sorgf\u00e4ltig hergestellten Geschmacksrichtungen.<\/li>\n<\/ul>\n<p><iframe title=\"VideoPress Video-Spieler\" aria-label='VideoPress Video-Spieler' width='1020' height='574' src='https:\/\/videopress.com\/embed\/5n4svF8i?hd=0&amp;cover=1' frameborder='0' allowfullscreen allow='clipboard-write'><\/iframe><script src='https:\/\/v0.wordpress.com\/js\/next\/videopress-iframe.js?m=1739540970'><\/script><\/p>\n<h3>Detaillierte Merkmale:<\/h3>\n<h4>Dual Mesh Coil Technologie<\/h4>\n<p>Der Fizzy Nova 20000 Puffs nutzt die fortschrittliche Dual Mesh Coil Technologie, die eine gr\u00f6\u00dfere Oberfl\u00e4che f\u00fcr eine verbesserte Geschmacksabgabe und Dampfproduktion bietet. Dies sorgt f\u00fcr ein gleichbleibend befriedigendes Dampferlebnis vom ersten bis zum letzten Zug.<\/p>\n<h4>Eco- und Turbo-Modi<\/h4>\n<p>Passen Sie Ihre Dampfsessions mit den einzigartigen Eco- und Turbo-Modi des Fizzy Nova an. Der Eco-Modus optimiert die Akkulaufzeit und den E-Liquid-Verbrauch bei l\u00e4ngerem Gebrauch, w\u00e4hrend der Turbo-Modus ein intensiveres und robusteres Dampferlebnis bietet.<\/p>\n<h4>850mAh wiederaufladbare Batterie<\/h4>\n<p>Ausgestattet mit einem leistungsstarken 850mAh-Akku sorgt die Fizzy Nova 20000 Puffs f\u00fcr eine lang anhaltende Leistung, so dass Sie Ihr Vape ohne h\u00e4ufiges Aufladen genie\u00dfen k\u00f6nnen.<\/p>\n<h4>LCD-Bildschirm mit Indikatoren<\/h4>\n<p>Das integrierte LCD-Display informiert in Echtzeit \u00fcber die Akkulaufzeit und den F\u00fcllstand des E-Liquids. So sind Sie immer vorbereitet und werden nie \u00fcberrascht.<\/p>\n<h4>Hochwertiges Metallhandwerk<\/h4>\n<p>Der aus hochwertigem Metall gefertigte Fizzy Nova 20000 Puffs besticht durch sein schlankes und elegantes Design, das sowohl langlebig als auch optisch ansprechend ist.<\/p>\n<h3>Entdecken Sie unsere breite Palette an Geschmacksrichtungen:<\/h3>\n<ul>\n<li><strong>Fruchtige K\u00f6stlichkeiten:<\/strong> Zitrone-Limette, gemischte Beeren, Erdbeer-Kiwi, Wassermelone, Erdbeere, Heidelbeere, Traube, Himbeere-Zitrone, Ananas-Pfirsich-Passionsfrucht, Kiwi-Passionsfrucht-Guave<\/li>\n<li><strong>S\u00fc\u00dfe Sensationen:<\/strong> Fizzy Cherry, Pink Lemonade, Pfirsich, Blaubeere-Kokosnuss<\/li>\n<li><strong>Herb und erfrischend:<\/strong> Saurer Apfel<\/li>\n<\/ul>\n<h3>Warum AiviouVape f\u00fcr den Gro\u00dfhandel w\u00e4hlen?<\/h3>\n<ul>\n<li><strong>Gr\u00f6\u00dfte Online-Gro\u00dfhandelsplattform:<\/strong> Wir bedienen die Niederlande, Deutschland, Belgien und Spanien.<\/li>\n<li><strong>Wettbewerbsf\u00e4hige Gro\u00dfmengenpreise:<\/strong> Maximieren Sie Ihre Gewinnspannen mit unseren attraktiven Gro\u00dfhandelspreisen.<\/li>\n<li><strong>Schneller und zuverl\u00e4ssiger Versand:<\/strong> Sorgen Sie daf\u00fcr, dass Ihre Kunden rechtzeitig beliefert werden.<\/li>\n<li><strong>Ausgezeichnete Kundenbetreuung:<\/strong> Unser Team ist bestrebt, au\u00dfergew\u00f6hnlichen Service zu bieten.<\/li>\n<li><strong>Original Fabrikprodukte:<\/strong> Garantieren Sie Ihren Kunden h\u00f6chste Qualit\u00e4t und Authentizit\u00e4t.<\/li>\n<\/ul>\n<p>Willkommen, um Ihre Fizzy Nova 20000 Puffs Gro\u00dfbestellung auf dieser Seite und erh\u00f6hen Sie Ihre vape Produktangebote!<\/p>","protected":false},"excerpt":{"rendered":"<p>Fizzy Nova 20000 Puffs! Mit <strong data-start=\"457\" data-end=\"476\">Doppelte Mesh-Spulen<\/strong> f\u00fcr verbesserten Geschmack, ein <strong>nikotinarme Formel<\/strong> f\u00fcr sanftere Treffer und eine <strong data-start=\"550\" data-end=\"570\">klarer LCD-Bildschirm<\/strong> zur \u00dcberwachung des Batterie- und E-Liquid-F\u00fcllstands. Dieser wiederaufladbare Einwegdampfer ist perfekt f\u00fcr Gro\u00dfabnehmer, die auf der Suche nach qualitativ hochwertigen, preisg\u00fcnstigen Optionen sind.<\/p>","protected":false},"featured_media":30095,"comment_status":"open","ping_status":"closed","template":"","meta":[],"product_brand":[248],"product_cat":[129,223],"product_tag":[],"class_list":{"0":"post-30076","1":"product","2":"type-product","3":"status-publish","4":"has-post-thumbnail","6":"product_brand-fizzy","7":"product_cat-20000-puffs-disposable-vape","8":"product_cat-fizzy","10":"first","11":"instock","12":"shipping-taxable","13":"purchasable","14":"product-type-variable","15":"has-default-attributes"},"jetpack_sharing_enabled":true,"tiered_pricing_type":"fixed","tiered_pricing_fixed_rules":{"200":6.5999999999999996447286321199499070644378662109375,"500":5.9000000000000003552713678800500929355621337890625},"tiered_pricing_product_settings":{"layout":"default","base_unit_name":{"singular":null,"plural":null},"default_variation":null},"tiered_pricing_minimum_quantity":100,"tiered_pricing_roles_data":[],"tiered_pricing_percentage_rules":[],"tiered_pricing_maximum_quantity":null,"tiered_pricing_quantity_step":"10","_links":{"self":[{"href":"https:\/\/aiviouvapes.com\/de\/wp-json\/wp\/v2\/product\/30076","targetHints":{"allow":["GET"]}}],"collection":[{"href":"https:\/\/aiviouvapes.com\/de\/wp-json\/wp\/v2\/product"}],"about":[{"href":"https:\/\/aiviouvapes.com\/de\/wp-json\/wp\/v2\/types\/product"}],"replies":[{"embeddable":true,"href":"https:\/\/aiviouvapes.com\/de\/wp-json\/wp\/v2\/comments?post=30076"}],"wp:featuredmedia":[{"embeddable":true,"href":"https:\/\/aiviouvapes.com\/de\/wp-json\/wp\/v2\/media\/30095"}],"wp:attachment":[{"href":"https:\/\/aiviouvapes.com\/de\/wp-json\/wp\/v2\/media?parent=30076"}],"wp:term":[{"taxonomy":"product_brand","embeddable":true,"href":"https:\/\/aiviouvapes.com\/de\/wp-json\/wp\/v2\/product_brand?post=30076"},{"taxonomy":"product_cat","embeddable":true,"href":"https:\/\/aiviouvapes.com\/de\/wp-json\/wp\/v2\/product_cat?post=30076"},{"taxonomy":"product_tag","embeddable":true,"href":"https:\/\/aiviouvapes.com\/de\/wp-json\/wp\/v2\/product_tag?post=30076"}],"curies":[{"name":"wp","href":"https:\/\/api.w.org\/{rel}","templated":true}]}}