{"id":29120,"date":"2025-02-21T15:04:17","date_gmt":"2025-02-21T07:04:17","guid":{"rendered":"https:\/\/aiviouvapes.com\/?post_type=product&#038;p=29120"},"modified":"2026-04-13T17:47:53","modified_gmt":"2026-04-13T09:47:53","slug":"mystery-vape-blind-box","status":"publish","type":"product","link":"https:\/\/aiviouvapes.com\/de\/product\/mystery-vape-blind-box\/","title":{"rendered":"Geheimnisvolle Einweg-Vape-Box - ein \u00dcberraschungspaket f\u00fcr Mutige!"},"content":{"rendered":"<p>Bereiten Sie sich auf ein spannendes Abenteuer mit unserem <strong>Geheimnisvolle Einweg-Vape-Box<\/strong>, wo jedes Auspacken eine k\u00f6stliche \u00dcberraschung bringt. Darin finden Sie eine sorgf\u00e4ltig zusammengestellte Auswahl an E-Zigaretten-Geschmacksrichtungen, die von zeitlosen Klassikern bis hin zu k\u00fchnen, exotischen Mischungen reichen. Egal, ob Sie sich nach erfrischenden, belebenden Noten oder reichhaltiger, befriedigender Intensit\u00e4t sehnen, jede Box bietet ein neues Geschmackserlebnis, das Sie immer wieder aufs Neue begeistern wird.<\/p>\n<p>Perfekt f\u00fcr den abenteuerlustigen Vaper oder jeden, der den Nervenkitzel eines \u00dcberraschungseinkaufs liebt, ist die <strong>Geheimnisvolle Einweg-Vape-Box<\/strong> dreht sich alles um den Reiz, neue, zuf\u00e4llig ausgew\u00e4hlte Geschmacksrichtungen zu entdecken. Jeder Zug ist eine unerwartete Reise!<\/p>\n<h3>Wie die Mystery Box funktioniert<\/h3>\n<p>Machen Sie sich bereit f\u00fcr das ultimative Vape-Abenteuer mit unserem <strong>Geheimnisvolle Einweg-Vape-Box<\/strong>! Jede Box enth\u00e4lt 10 hochwertige Einwegverdampfer, die mit einer Mischung aus aufregenden und unterschiedlichen Geschmacksrichtungen gef\u00fcllt sind. Wir k\u00f6nnen zwar nicht f\u00fcr bestimmte Geschmacksrichtungen garantieren, aber Sie k\u00f6nnen mit jeder Box eine aufregende \u00dcberraschung erwarten, darunter beliebte Modelle wie <strong>WASPE,UWIN,ELF-WORLD,VOPK,Randm,MRVI<\/strong>\u00a0- mit \u00fcber 100 einzigartigen Geschmacksprofilen zum Erkunden!<\/p>\n<ul>\n<li><strong>Alle Verk\u00e4ufe sind endg\u00fcltig<\/strong>: Aufgrund der Beschaffenheit des Produkts k\u00f6nnen wir keine R\u00fcckerstattung oder Umtausch anbieten, es sei denn, es liegt ein Qualit\u00e4tsproblem mit dem Produkt vor.<\/li>\n<li><strong>Kostenfreier Versand<\/strong>: Genie\u00dfen Sie den kostenlosen Versand f\u00fcr alle Bestellungen des <strong>Geheimnisvolle Einweg-Vape-Box<\/strong>.<\/li>\n<li><strong>Altersvoraussetzung<\/strong>: Kunden m\u00fcssen in ihrem Land das gesetzliche Mindestalter f\u00fcr das Rauchen erreicht haben, um dieses Produkt zu kaufen und zu verwenden.<\/li>\n<li>Durch den Kauf des <strong>Geheimnisvolle Einweg-Vape-Box<\/strong>erkl\u00e4ren Sie sich mit diesen Bedingungen einverstanden.<\/li>\n<\/ul>\n<h3>Versandmethoden<\/h3>\n<p>Wir arbeiten mit vertrauensw\u00fcrdigen Transportunternehmen wie UPS, DHL, FedEx und DPD zusammen, um sicherzustellen, dass Ihre Bestellung schnell geliefert wird. Die Versandmethode wird auf der Grundlage Ihres Lieferorts ausgew\u00e4hlt, um den schnellsten und zuverl\u00e4ssigsten Service zu gew\u00e4hrleisten.<\/p>\n<ul>\n<li><strong>Europ\u00e4ische L\u00e4nder<\/strong>: In der Regel innerhalb von 12-15 Tagen geliefert.<\/li>\n<li><strong>Vereinigte Staaten<\/strong>: Die Lieferung erfolgt in der Regel innerhalb von 10 Tagen.<\/li>\n<li><strong>Verfolgung in Echtzeit<\/strong>: Wir halten Sie mit Live-Informationen zur Logistik auf dem Laufenden.<\/li>\n<\/ul>\n<p>Sie k\u00f6nnen sicher sein, dass wir alle Zollabfertigungsvorg\u00e4nge f\u00fcr Sie erledigen und so f\u00fcr einen reibungslosen Ablauf sorgen. Au\u00dferdem fallen keine zus\u00e4tzlichen Steuern an, und wir garantieren, dass <strong>100% unserer Produkte wird die Zollabfertigung passieren<\/strong>.<\/p>\n<style>.tier-pricing-summary-table {display:none !important}<br \/>.mysterybox1 {display:none}<br \/><\/style>","protected":false},"excerpt":{"rendered":"<p>Packen Sie die ultimative Vape-\u00dcberraschung aus mit unserem <strong>Geheimnisvolle Einweg-Vape-Box<\/strong> - jetzt zu einem unschlagbaren Rabatt erh\u00e4ltlich, kein Gutscheincode erforderlich! Verpackt mit <strong>10 hochwertige Einweg-Vapes<\/strong>enth\u00e4lt jede Box eine Mischung aus aufregenden Geschmacksrichtungen, darunter Favoriten wie die <strong>WASPE, UWIN, ELFWORLD, VOPK, Randm, MRVI<\/strong>. Jeder Zug bringt ein neues Abenteuer mit \u00fcber 100 verschiedenen Geschmacksprofilen, die es zu entdecken gilt!<\/p>","protected":false},"featured_media":29126,"comment_status":"open","ping_status":"closed","template":"","meta":[],"product_brand":[],"product_cat":[133,280],"product_tag":[306,308,303,305,304,302],"class_list":{"0":"post-29120","1":"product","2":"type-product","3":"status-publish","4":"has-post-thumbnail","6":"product_cat-disposable-vapes-in-europe","7":"product_cat-cheap-rechargeable-disposable-vapes","8":"product_tag-best-disposable-vapes","9":"product_tag-disposable-vape-in-europe","10":"product_tag-screen-vape","11":"product_tag-vape-suppliers","12":"product_tag-wholesale-vapes","13":"product_tag-wholesale-vapor","15":"first","16":"instock","17":"sale","18":"shipping-taxable","19":"purchasable","20":"product-type-simple"},"jetpack_sharing_enabled":true,"tiered_pricing_type":"fixed","tiered_pricing_fixed_rules":[],"tiered_pricing_product_settings":{"layout":"default","base_unit_name":{"singular":null,"plural":null},"default_variation":null},"tiered_pricing_minimum_quantity":null,"tiered_pricing_roles_data":[],"tiered_pricing_percentage_rules":[],"tiered_pricing_maximum_quantity":null,"tiered_pricing_quantity_step":null,"_links":{"self":[{"href":"https:\/\/aiviouvapes.com\/de\/wp-json\/wp\/v2\/product\/29120","targetHints":{"allow":["GET"]}}],"collection":[{"href":"https:\/\/aiviouvapes.com\/de\/wp-json\/wp\/v2\/product"}],"about":[{"href":"https:\/\/aiviouvapes.com\/de\/wp-json\/wp\/v2\/types\/product"}],"replies":[{"embeddable":true,"href":"https:\/\/aiviouvapes.com\/de\/wp-json\/wp\/v2\/comments?post=29120"}],"wp:featuredmedia":[{"embeddable":true,"href":"https:\/\/aiviouvapes.com\/de\/wp-json\/wp\/v2\/media\/29126"}],"wp:attachment":[{"href":"https:\/\/aiviouvapes.com\/de\/wp-json\/wp\/v2\/media?parent=29120"}],"wp:term":[{"taxonomy":"product_brand","embeddable":true,"href":"https:\/\/aiviouvapes.com\/de\/wp-json\/wp\/v2\/product_brand?post=29120"},{"taxonomy":"product_cat","embeddable":true,"href":"https:\/\/aiviouvapes.com\/de\/wp-json\/wp\/v2\/product_cat?post=29120"},{"taxonomy":"product_tag","embeddable":true,"href":"https:\/\/aiviouvapes.com\/de\/wp-json\/wp\/v2\/product_tag?post=29120"}],"curies":[{"name":"wp","href":"https:\/\/api.w.org\/{rel}","templated":true}]}}