{"id":25513,"date":"2024-11-23T12:28:35","date_gmt":"2024-11-23T04:28:35","guid":{"rendered":"https:\/\/aiviouvapes.com\/?post_type=product&#038;p=25513"},"modified":"2026-04-17T13:01:03","modified_gmt":"2026-04-17T05:01:03","slug":"jnr-media-max-40000-40k-puffs-wholesale","status":"publish","type":"product","link":"https:\/\/aiviouvapes.com\/de\/product\/jnr-media-max-40000-40k-puffs-wholesale\/","title":{"rendered":"JNR Media Max 40000 Puffs | 5% Nikotin, 21mL, Dual Mesh, 2.4\" HD Display, Luftstromkontrolle, smart"},"content":{"rendered":"<p><iframe title=\"VideoPress Video-Spieler\" aria-label='VideoPress Video-Spieler' width='1020' height='574' src='https:\/\/videopress.com\/embed\/h9AZmtIW?hd=0&amp;cover=1' frameborder='0' allowfullscreen allow='clipboard-write'><\/iframe><script src='https:\/\/v0.wordpress.com\/js\/next\/videopress-iframe.js?m=1739540970'><\/script><\/p>\n<p><strong>JNR Media Max 40000 Z\u00fcge<\/strong>\u00a0\u2013 Der ultimative intelligente Einweg-Vaporizer, der modernste Vaping-Technologie nahtlos mit intelligenter Konnektivit\u00e4t verbindet. Dieses innovative Ger\u00e4t bringt Einweg-Vaporizer auf die n\u00e4chste Stufe, indem es fortschrittliche Smartphone-\u00e4hnliche Funktionen in sein schlankes Design integriert.<\/p>\n<p>Die\u00a0<strong>JNR Media Max<\/strong>\u00a0bietet bis zu\u00a0<strong>40000 Z\u00fcge<\/strong>, was ihn zu einem der langlebigsten Einweg-Vaporizer auf dem Markt macht. Mit einem gro\u00dfen\u00a0<strong>21 ml E-Fl\u00fcssigkeit<\/strong>\u00a0Kapazit\u00e4t und\u00a0<strong>5% Nikotin<\/strong>\u00a0St\u00e4rke sorgt es f\u00fcr ein reichhaltiges und zufriedenstellendes Dampferlebnis. Angetrieben von einem robusten\u00a0<strong>1000mAh Akku<\/strong>, damit Sie den ganzen Tag dampfen und verbunden bleiben.<\/p>\n<p>Was macht die\u00a0<strong>JNR Media Max<\/strong>\u00a0wirklich einzigartig ist seine Reihe von intelligenten Funktionen. Die \u00fcbergro\u00dfe\u00a0<strong>2,4-Zoll-HD-Display<\/strong>\u00a0bietet eine klare und intuitive Benutzeroberfl\u00e4che, mit der Sie die zahlreichen Funktionen verwalten k\u00f6nnen, darunter\u00a0<strong>Anruffunktionen<\/strong>,\u00a0<strong>Textnachrichten<\/strong>und eine\u00a0<strong>Remote-Kamera<\/strong>Au\u00dferdem k\u00f6nnen Sie Ihr Telefon oder Ihre E-Zigarette ganz einfach orten mit dem\u00a0<strong>Finden Sie Ihr Telefon\/Vape<\/strong>\u00a0und bietet so ein neues Ma\u00df an Komfort.<\/p>\n<p>Das Ger\u00e4t\u00a0<strong>einstellbarer Luftstrom<\/strong>\u00a0und\u00a0<strong>Doppelmaschenspule<\/strong>\u00a0Technologie sorgt f\u00fcr eine gleichm\u00e4\u00dfige, anpassbare Dampfproduktion und liefert mit jedem Zug optimalen Geschmack und optimale Dampfproduktion. Die\u00a0<strong>USB Typ C<\/strong>\u00a0Ladeanschluss erm\u00f6glicht schnelles und zuverl\u00e4ssiges Aufladen.<\/p>\n<p>Erh\u00e4ltlich in\u00a0<strong>10 Geschmacksrichtungen<\/strong>die\u00a0<strong>JNR Media Max<\/strong>\u00a0bietet ein erstklassiges Dampferlebnis mit dem zus\u00e4tzlichen Vorteil intelligenter Konnektivit\u00e4t und ist damit die perfekte Wahl f\u00fcr alle, die hohe Leistung und erweiterte Funktionen in einem einzigen, benutzerfreundlichen Ger\u00e4t suchen.<\/p>\n<p>JNR Media Max 40000 40K Z\u00fcge | 5% Nikotin, 21 ml E-Liquid, Dual Mesh Coil, 2,4-Zoll-HD-Display, einstellbarer Luftstrom, wiederaufladbar \u00fcber USB Typ C, intelligente Funktionen, Gro\u00dfkauf von Einweg-Vaporizern im Gro\u00dfhandel<\/p>\n<h5><strong>JNR Media Max 40000 40K Z\u00fcge<br \/>\n<\/strong><strong>Merkmale:<br \/>\n<\/strong><\/h5>\n<ul>\n<li>Anruffunktion<\/li>\n<li>Textnachricht<\/li>\n<li>Remote-Kamera<\/li>\n<li>Finden Sie Ihr Telefon \/ Vape<\/li>\n<li>\u00dcbergro\u00dfes 2,4-Zoll-HD-Display<\/li>\n<li>Einstellbarer Luftstrom<\/li>\n<li>Doppelte Mesh-Spule<\/li>\n<li>1000 mAh Akku<\/li>\n<li>21ML Fl\u00fcssigkeit<\/li>\n<li>5% Nikotin<\/li>\n<li>10 Geschmacksrichtungen<\/li>\n<\/ul>\n<h5><strong>JNR Media Max 40000 40K Z\u00fcge<br \/>\n<\/strong><strong>Geschmacksliste:<br \/>\n<\/strong><\/h5>\n<ol>\n<li>Blaues Razzeis<\/li>\n<li>Erdbeereis<\/li>\n<li>Wassermelone Eis<\/li>\n<li>Miami Mint<\/li>\n<li>Saurer Apfel Eis<\/li>\n<li>Heidelbeere Wassermelone<\/li>\n<li>Fcuking Fab<\/li>\n<li>Kirsche Erdbeere Himbeere<\/li>\n<li>Pfirsich Mango Wassermelone<\/li>\n<li>Erdbeere-Banane<\/li>\n<\/ol>\n<h3>Warum AiviouVapes w\u00e4hlen<\/h3>\n<p>Willkommen bei <a href=\"https:\/\/aiviouvapes.com\/de\/\">AiviouVapes<\/a> - Ihre vertrauensw\u00fcrdige Quelle f\u00fcr erstklassige, erschwingliche <a href=\"https:\/\/aiviouvapes.com\/de\/shop\/\">Gro\u00dfhandel Einweg-Vapes<\/a> zu wirklich niedrigen Preisen. Mit mehr als f\u00fcnf Jahren Erfahrung in der Vape-Branche bieten wir eine handverlesene Auswahl an f\u00fchrenden Marken, darunter <a href=\"https:\/\/aiviouvapes.com\/de\/produkt-kategorie\/waspe\/\">WASPE<\/a>, <a href=\"https:\/\/aiviouvapes.com\/de\/produkt-kategorie\/bang\/\">Bang Vape<\/a>, <a href=\"https:\/\/aiviouvapes.com\/de\/produkt-kategorie\/vapme-vapes\/\">Vapme<\/a>und <a href=\"https:\/\/aiviouvapes.com\/de\/produkt-kategorie\/mrvi\/\">MRVI<\/a>.<\/p>\n<p>Von High-Puff-Ger\u00e4ten wie dem <a href=\"https:\/\/aiviouvapes.com\/de\/produkt\/waspe-4-in-1-100000-puffs\/\">WASPE 100K 4-in-1-Geschmack<\/a> zu fetten Favoriten wie dem <a href=\"https:\/\/aiviouvapes.com\/de\/produkt\/bang-king-triple-flavors-85000\/\">Bang 85.000 Dreifach-Puff<\/a>und sogar das spannende <a class=\"woocommerce-LoopProduct-link woocommerce-loop-product__link\" href=\"https:\/\/aiviouvapes.com\/de\/produkt\/mystery-vape-blind-box\/\">Geheimnisvolle Einweg-Vape-Box<\/a>Jedes Produkt wird nach h\u00f6chster Qualit\u00e4t und unschlagbarem Wert ausgew\u00e4hlt. Bei AiviouVapes genie\u00dfen Sie einen gro\u00dfartigen Service, Einsparungen im Gro\u00dfhandel und eine Kollektion, die auf Ihre Bed\u00fcrfnisse zugeschnitten ist.<\/p>\n<div class=\"row row-large row-full-width align-middle\"  id=\"row-1209100029\">\n\n\n\t<div id=\"col-2143887596\" class=\"col medium-3 small-6 large-3\"  >\n\t\t\t\t<div class=\"col-inner text-center\"  >\n\t\t\t\n\t\t\t\n\n\n\t\t<div class=\"icon-box featured-box icon-box-top text-left\"  >\n\t\t\t\t\t<div class=\"icon-box-img\" style=\"width: 90px\">\n\t\t\t\t<div class=\"icon\">\n\t\t\t\t\t<div class=\"icon-inner\" >\n\t\t\t\t\t\t<img loading=\"lazy\" decoding=\"async\" width=\"200\" height=\"200\" src=\"https:\/\/i0.wp.com\/aiviouvapes.com\/wp-content\/uploads\/2024\/08\/vape-1-1.png?fit=200%2C200&amp;ssl=1\" class=\"attachment-medium size-medium\" alt=\"Warum AIVIOUVAPES w\u00e4hlen\" srcset=\"https:\/\/i0.wp.com\/aiviouvapes.com\/wp-content\/uploads\/2024\/08\/vape-1-1.png?w=200&amp;ssl=1 200w, https:\/\/i0.wp.com\/aiviouvapes.com\/wp-content\/uploads\/2024\/08\/vape-1-1.png?resize=150%2C150&amp;ssl=1 150w, https:\/\/i0.wp.com\/aiviouvapes.com\/wp-content\/uploads\/2024\/08\/vape-1-1.png?resize=12%2C12&amp;ssl=1 12w, https:\/\/i0.wp.com\/aiviouvapes.com\/wp-content\/uploads\/2024\/08\/vape-1-1.png?resize=100%2C100&amp;ssl=1 100w\" sizes=\"auto, (max-width: 200px) 100vw, 200px\" title=\"\">\t\t\t\t\t<\/div>\n\t\t\t\t<\/div>\n\t\t\t<\/div>\n\t\t\t\t<div class=\"icon-box-text last-reset\">\n\t\t\t\t\t\t\t\t\t\n\n\t<div id=\"text-1491769879\" class=\"text\">\n\t\t\n\n<h3 style=\"text-align: center;\">Umfangreiches Vape-Sortiment<\/h3>\n<p style=\"text-align: center;\">Entdecken Sie unsere gro\u00dfe Produktpalette f\u00fcr jeden Geschmack.<\/p>\n\t\t\n<style>\n#text-1491769879 {\n  font-size: 0.9rem;\n}\n<\/style>\n\t<\/div>\n\t\n\n\t\t<\/div>\n\t<\/div>\n\t\n\t\n\n\t\t<\/div>\n\t\t\t\t\t<\/div>\n\n\t\n\n\t<div id=\"col-1166598329\" class=\"col medium-3 small-6 large-3\"  >\n\t\t\t\t<div class=\"col-inner text-center\"  >\n\t\t\t\n\t\t\t\n\n\n\t\t<div class=\"icon-box featured-box icon-box-top text-left\"  >\n\t\t\t\t\t<div class=\"icon-box-img\" style=\"width: 90px\">\n\t\t\t\t<div class=\"icon\">\n\t\t\t\t\t<div class=\"icon-inner\" >\n\t\t\t\t\t\t<img loading=\"lazy\" decoding=\"async\" width=\"200\" height=\"200\" src=\"https:\/\/i0.wp.com\/aiviouvapes.com\/wp-content\/uploads\/2024\/08\/save-money-1-1-1.png?fit=200%2C200&amp;ssl=1\" class=\"attachment-medium size-medium\" alt=\"Warum AIVIOUVAPES w\u00e4hlen\" srcset=\"https:\/\/i0.wp.com\/aiviouvapes.com\/wp-content\/uploads\/2024\/08\/save-money-1-1-1.png?w=200&amp;ssl=1 200w, https:\/\/i0.wp.com\/aiviouvapes.com\/wp-content\/uploads\/2024\/08\/save-money-1-1-1.png?resize=150%2C150&amp;ssl=1 150w, https:\/\/i0.wp.com\/aiviouvapes.com\/wp-content\/uploads\/2024\/08\/save-money-1-1-1.png?resize=12%2C12&amp;ssl=1 12w, https:\/\/i0.wp.com\/aiviouvapes.com\/wp-content\/uploads\/2024\/08\/save-money-1-1-1.png?resize=100%2C100&amp;ssl=1 100w\" sizes=\"auto, (max-width: 200px) 100vw, 200px\" title=\"\">\t\t\t\t\t<\/div>\n\t\t\t\t<\/div>\n\t\t\t<\/div>\n\t\t\t\t<div class=\"icon-box-text last-reset\">\n\t\t\t\t\t\t\t\t\t\n\n\t<div id=\"text-3782499005\" class=\"text\">\n\t\t\n\n<h3 style=\"text-align: center;\">Unschlagbarer Wert<\/h3>\n<p style=\"text-align: center;\">Freuen Sie sich \u00fcber Produkte h\u00f6chster Qualit\u00e4t zu Preisen, die zu Ihrem Budget passen.<\/p>\n\t\t\n<style>\n#text-3782499005 {\n  font-size: 0.9rem;\n}\n<\/style>\n\t<\/div>\n\t\n\n\t\t<\/div>\n\t<\/div>\n\t\n\t\n\n\t\t<\/div>\n\t\t\t\t\t<\/div>\n\n\t\n\n\t<div id=\"col-716531454\" class=\"col medium-3 small-6 large-3\"  >\n\t\t\t\t<div class=\"col-inner text-center\"  >\n\t\t\t\n\t\t\t\n\n\n\t\t<div class=\"icon-box featured-box icon-box-top text-left\"  >\n\t\t\t\t\t<div class=\"icon-box-img\" style=\"width: 90px\">\n\t\t\t\t<div class=\"icon\">\n\t\t\t\t\t<div class=\"icon-inner\" >\n\t\t\t\t\t\t<img loading=\"lazy\" decoding=\"async\" width=\"200\" height=\"200\" src=\"https:\/\/i0.wp.com\/aiviouvapes.com\/wp-content\/uploads\/2024\/08\/delivery-truck-1-1.png?fit=200%2C200&amp;ssl=1\" class=\"attachment-medium size-medium\" alt=\"Warum AIVIOUVAPES w\u00e4hlen\" srcset=\"https:\/\/i0.wp.com\/aiviouvapes.com\/wp-content\/uploads\/2024\/08\/delivery-truck-1-1.png?w=200&amp;ssl=1 200w, https:\/\/i0.wp.com\/aiviouvapes.com\/wp-content\/uploads\/2024\/08\/delivery-truck-1-1.png?resize=150%2C150&amp;ssl=1 150w, https:\/\/i0.wp.com\/aiviouvapes.com\/wp-content\/uploads\/2024\/08\/delivery-truck-1-1.png?resize=12%2C12&amp;ssl=1 12w, https:\/\/i0.wp.com\/aiviouvapes.com\/wp-content\/uploads\/2024\/08\/delivery-truck-1-1.png?resize=100%2C100&amp;ssl=1 100w\" sizes=\"auto, (max-width: 200px) 100vw, 200px\" title=\"\">\t\t\t\t\t<\/div>\n\t\t\t\t<\/div>\n\t\t\t<\/div>\n\t\t\t\t<div class=\"icon-box-text last-reset\">\n\t\t\t\t\t\t\t\t\t\n\n\t<div id=\"text-1119694352\" class=\"text\">\n\t\t\n\n<h3 style=\"text-align: center;\">Schneller weltweiter Versand<\/h3>\n<p style=\"text-align: center;\">Wir liefern weltweit mit garantierter Zollabfertigung f\u00fcr ein reibungsloses Erlebnis.<\/p>\n\t\t\n<style>\n#text-1119694352 {\n  font-size: 0.9rem;\n}\n<\/style>\n\t<\/div>\n\t\n\n\t\t<\/div>\n\t<\/div>\n\t\n\t\n\n\t\t<\/div>\n\t\t\t\t\t<\/div>\n\n\t\n\n\t<div id=\"col-378647220\" class=\"col medium-3 small-6 large-3\"  >\n\t\t\t\t<div class=\"col-inner text-center\"  >\n\t\t\t\n\t\t\t\n\n\n\t\t<div class=\"icon-box featured-box icon-box-top text-left\"  >\n\t\t\t\t\t<div class=\"icon-box-img\" style=\"width: 90px\">\n\t\t\t\t<div class=\"icon\">\n\t\t\t\t\t<div class=\"icon-inner\" >\n\t\t\t\t\t\t<img loading=\"lazy\" decoding=\"async\" width=\"200\" height=\"200\" src=\"https:\/\/i0.wp.com\/aiviouvapes.com\/wp-content\/uploads\/2024\/08\/support-1-1.png?fit=200%2C200&amp;ssl=1\" class=\"attachment-medium size-medium\" alt=\"Warum AIVIOUVAPES w\u00e4hlen\" srcset=\"https:\/\/i0.wp.com\/aiviouvapes.com\/wp-content\/uploads\/2024\/08\/support-1-1.png?w=200&amp;ssl=1 200w, https:\/\/i0.wp.com\/aiviouvapes.com\/wp-content\/uploads\/2024\/08\/support-1-1.png?resize=150%2C150&amp;ssl=1 150w, https:\/\/i0.wp.com\/aiviouvapes.com\/wp-content\/uploads\/2024\/08\/support-1-1.png?resize=12%2C12&amp;ssl=1 12w, https:\/\/i0.wp.com\/aiviouvapes.com\/wp-content\/uploads\/2024\/08\/support-1-1.png?resize=100%2C100&amp;ssl=1 100w\" sizes=\"auto, (max-width: 200px) 100vw, 200px\" title=\"\">\t\t\t\t\t<\/div>\n\t\t\t\t<\/div>\n\t\t\t<\/div>\n\t\t\t\t<div class=\"icon-box-text last-reset\">\n\t\t\t\t\t\t\t\t\t\n\n\t<div id=\"text-750149679\" class=\"text\">\n\t\t\n\n<h3 style=\"text-align: center;\">Hilfe rund um die Uhr<\/h3>\n<p style=\"text-align: center;\">Erreichen Sie unser Support-Team jederzeit rund um die Uhr \u00fcber WhatsApp oder E-Mail.<\/p>\n\t\t\n<style>\n#text-750149679 {\n  font-size: 0.9rem;\n}\n<\/style>\n\t<\/div>\n\t\n\n\t\t<\/div>\n\t<\/div>\n\t\n\t\n\n\t\t<\/div>\n\t\t\t\t\t<\/div>\n\n\t\n\n<\/div>\n<div class=\"row row-full-width align-middle\"  id=\"row-1851018418\">\n\n\n\t<div id=\"col-1734466308\" class=\"col medium-6 small-12 large-6\"  >\n\t\t\t\t<div class=\"col-inner\"  >\n\t\t\t\n\t\t\t\n\n\t<div class=\"img has-hover x md-x lg-x y md-y lg-y\" id=\"image_1860483336\">\n\t\t\t\t\t\t\t\t<div class=\"img-inner dark\" >\n\t\t\t<img loading=\"lazy\" decoding=\"async\" width=\"930\" height=\"1024\" src=\"https:\/\/i0.wp.com\/aiviouvapes.com\/wp-content\/uploads\/2024\/08\/%E6%8B%BC%E5%9B%BE.jpg?fit=930%2C1024&amp;ssl=1\" class=\"attachment-large size-large\" alt=\"Warum AIVIOUVAPES w\u00e4hlen\" title=\"\">\t\t\t\t\t\t\n\t\t\t\t\t<\/div>\n\t\t\t\t\t\t\t\t\n<style>\n#image_1860483336 {\n  width: 100%;\n}\n<\/style>\n\t<\/div>\n\t\n\n\n\t\t<\/div>\n\t\t\t\t\t<\/div>\n\n\t\n\n\t<div id=\"col-1968122896\" class=\"col medium-6 small-12 large-6\"  >\n\t\t\t\t<div class=\"col-inner\"  >\n\t\t\t\n\t\t\t\n\n<div class=\"container section-title-container\" ><h4 class=\"section-title section-title-normal\"><b aria-hidden=\"true\"><\/b><span class=\"section-title-main\" style=\"font-size:91%;\">Unsere Vorteile<\/span><b aria-hidden=\"true\"><\/b><\/h4><\/div>\n\n<div class=\"accordion\">\n\n\t<div id=\"accordion-3886262793\" class=\"accordion-item\">\n\t\t<a id=\"accordion-3886262793-label\" class=\"accordion-title plain\" href=\"#accordion-item-commitment-to-quality\" aria-expanded=\"false\" aria-controls=\"accordion-3886262793-content\">\n\t\t\t<button class=\"toggle\" aria-label=\"Umschalten\"><i class=\"icon-angle-down\" aria-hidden=\"true\"><\/i><\/button>\n\t\t\t<span>Bekenntnis zur Qualit\u00e4t<\/span>\n\t\t<\/a>\n\t\t<div id=\"accordion-3886262793-content\" class=\"accordion-inner\" aria-labelledby=\"accordion-3886262793-label\">\n\t\t\t\n\n<p>Unter <a href=\"https:\/\/aiviouvapes.com\/de\/\">AiviouVape<\/a>Qualit\u00e4t ist der Antrieb f\u00fcr alles, was wir tun. Unsere Einweg-Vaporizer werden sorgf\u00e4ltig hergestellt und strengen Tests unterzogen, um den h\u00f6chsten Standards zu entsprechen und jedes Mal ein reibungsloses, zuverl\u00e4ssiges Dampferlebnis zu gew\u00e4hrleisten. Mit unserem Versprechen, keine M\u00e4ngel und keine Beschwerden zu haben, k\u00f6nnen Sie darauf vertrauen, dass Sie das Beste bekommen.<\/p>\n\n\t\t<\/div>\n\t<\/div>\n\t\n\t<div id=\"accordion-2994373262\" class=\"accordion-item\">\n\t\t<a id=\"accordion-2994373262-label\" class=\"accordion-title plain\" href=\"#accordion-item-diverse-range-of-products\" aria-expanded=\"false\" aria-controls=\"accordion-2994373262-content\">\n\t\t\t<button class=\"toggle\" aria-label=\"Umschalten\"><i class=\"icon-angle-down\" aria-hidden=\"true\"><\/i><\/button>\n\t\t\t<span>Vielf\u00e4ltige Produktpalette<\/span>\n\t\t<\/a>\n\t\t<div id=\"accordion-2994373262-content\" class=\"accordion-inner\" aria-labelledby=\"accordion-2994373262-label\">\n\t\t\t\n\n<p>Wir sind stolz darauf, eine gro\u00dfe Auswahl an hochwertigen Einwegdampfern f\u00fcr jeden Geschmack anbieten zu k\u00f6nnen. Von den neuesten Innovationen bis hin zu langj\u00e4hrigen Fan-Favoriten bietet unsere Auswahl bew\u00e4hrte Marken wie Waspe, Vapme, RandM Tornado, Bang Box, ELF Box und Bang King. Egal, ob Sie auf der Suche nach den k\u00fchnen Aromen von Vapme oder dem eleganten Design von RandM Tornado sind, unsere Kollektion hilft Ihnen, das perfekte Ger\u00e4t f\u00fcr Ihren Geschmack und Lebensstil zu finden.<\/p>\n\n\n\t\t<\/div>\n\t<\/div>\n\t\n\t<div id=\"accordion-2975027719\" class=\"accordion-item\">\n\t\t<a id=\"accordion-2975027719-label\" class=\"accordion-title plain\" href=\"#accordion-item-wholesale-and-retail-solutions\" aria-expanded=\"false\" aria-controls=\"accordion-2975027719-content\">\n\t\t\t<button class=\"toggle\" aria-label=\"Umschalten\"><i class=\"icon-angle-down\" aria-hidden=\"true\"><\/i><\/button>\n\t\t\t<span>L\u00f6sungen f\u00fcr Gro\u00dfhandel und Einzelhandel<\/span>\n\t\t<\/a>\n\t\t<div id=\"accordion-2975027719-content\" class=\"accordion-inner\" aria-labelledby=\"accordion-2975027719-label\">\n\t\t\t\n\n<p>AiviouVape erf\u00fcllt die Anforderungen von Einzel- und Gro\u00dfhandelskunden und liefert jedes Mal au\u00dfergew\u00f6hnliche Produkte und Dienstleistungen. Wenn Sie neu bei uns sind, empfehlen wir Ihnen, mit einer kleinen Charge zu beginnen, um unsere Qualit\u00e4t aus erster Hand zu erleben. Mit wettbewerbsf\u00e4higen Preisen und Premium-Standards sind wir die vertrauensw\u00fcrdige Wahl in der Einweg-Vaporizer-Branche.\u00a0<\/p>\n\n\t\t<\/div>\n\t<\/div>\n\t\n\t<div id=\"accordion-3790494678\" class=\"accordion-item\">\n\t\t<a id=\"accordion-3790494678-label\" class=\"accordion-title plain\" href=\"#accordion-item-continuous-improvement\" aria-expanded=\"false\" aria-controls=\"accordion-3790494678-content\">\n\t\t\t<button class=\"toggle\" aria-label=\"Umschalten\"><i class=\"icon-angle-down\" aria-hidden=\"true\"><\/i><\/button>\n\t\t\t<span>Kontinuierliche Verbesserung<\/span>\n\t\t<\/a>\n\t\t<div id=\"accordion-3790494678-content\" class=\"accordion-inner\" aria-labelledby=\"accordion-3790494678-label\">\n\t\t\t\n\n<p>Was AiviouVape auszeichnet, ist unser Engagement f\u00fcr au\u00dfergew\u00f6hnlichen Kundenservice. Egal, ob Sie vor dem Kauf Beratung oder Hilfe bei einer Bestellung ben\u00f6tigen, unser Team ist immer per WhatsApp oder E-Mail erreichbar. Wir sind bestrebt, dauerhafte Beziehungen zu unseren Kunden aufzubauen und Ihre Zufriedenheit auf jedem Schritt des Weges sicherzustellen.<\/p>\n\n\t\t<\/div>\n\t<\/div>\n\t\n\t<div id=\"accordion-1579295398\" class=\"accordion-item\">\n\t\t<a id=\"accordion-1579295398-label\" class=\"accordion-title plain\" href=\"#accordion-item-quality-assurance\" aria-expanded=\"false\" aria-controls=\"accordion-1579295398-content\">\n\t\t\t<button class=\"toggle\" aria-label=\"Umschalten\"><i class=\"icon-angle-down\" aria-hidden=\"true\"><\/i><\/button>\n\t\t\t<span>Qualit\u00e4tssicherung<\/span>\n\t\t<\/a>\n\t\t<div id=\"accordion-1579295398-content\" class=\"accordion-inner\" aria-labelledby=\"accordion-1579295398-label\">\n\t\t\t\n\n<p>In jeder Phase \u2013 Produktentwicklung, Produktion, Marketing und Vertrieb \u2013 bleibt unser Engagement f\u00fcr Qualit\u00e4t ungebrochen. Unsere Einweg-Vaporizer werden strengen Tests unterzogen, um sicherzustellen, dass sie ungiftig und rein sind und einen au\u00dfergew\u00f6hnlichen Geschmack bieten. Dieses Engagement f\u00fcr Spitzenleistungen bildet das R\u00fcckgrat unserer Unternehmenskultur.<\/p>\n\n\t\t<\/div>\n\t<\/div>\n\t\n\t<div id=\"accordion-1097375966\" class=\"accordion-item\">\n\t\t<a id=\"accordion-1097375966-label\" class=\"accordion-title plain\" href=\"#accordion-item-efficient-logistics-and-delivery\" aria-expanded=\"false\" aria-controls=\"accordion-1097375966-content\">\n\t\t\t<button class=\"toggle\" aria-label=\"Umschalten\"><i class=\"icon-angle-down\" aria-hidden=\"true\"><\/i><\/button>\n\t\t\t<span>Effiziente Logistik und Lieferung<\/span>\n\t\t<\/a>\n\t\t<div id=\"accordion-1097375966-content\" class=\"accordion-inner\" aria-labelledby=\"accordion-1097375966-label\">\n\t\t\t\n\n<p>AiviouVape bietet effiziente Logistik und Lieferung, einschlie\u00dflich DDP-Dienste (Delivered Duty Paid), die eine reibungslose Zollabfertigung ohne Geb\u00fchren oder Steuern gew\u00e4hrleisten. Mit schneller Lieferung und au\u00dfergew\u00f6hnlichem Kundensupport bieten wir ein reibungsloses und zuverl\u00e4ssiges Erlebnis und sind damit ein vertrauensw\u00fcrdiger Partner in der Branche.<\/p>\n\n\t\t<\/div>\n\t<\/div>\n\t\n\t<div id=\"accordion-408155758\" class=\"accordion-item\">\n\t\t<a id=\"accordion-408155758-label\" class=\"accordion-title plain\" href=\"#accordion-item-odm-and-oem-services\" aria-expanded=\"false\" aria-controls=\"accordion-408155758-content\">\n\t\t\t<button class=\"toggle\" aria-label=\"Umschalten\"><i class=\"icon-angle-down\" aria-hidden=\"true\"><\/i><\/button>\n\t\t\t<span>ODM- und OEM-Dienstleistungen<\/span>\n\t\t<\/a>\n\t\t<div id=\"accordion-408155758-content\" class=\"accordion-inner\" aria-labelledby=\"accordion-408155758-label\">\n\t\t\t\n\n<p>AiviouVapes bietet umfassende ODM- (Original Design Manufacturing) und OEM- (Original Equipment Manufacturing) Dienstleistungen. Mit zwei gro\u00dfen Anlagen helfen wir unseren Kunden, einzigartige Produkte und auff\u00e4llige Logos f\u00fcr die Verpackung zu entwerfen. Wir bieten auch kostenlose Beratung zum Verpackungsdesign und unterst\u00fctzen Kunden, die ihre eigenen Produkte verpacken, damit ihre Marke auf dem Markt gl\u00e4nzt.<\/p>\n\n\t\t<\/div>\n\t<\/div>\n\t\n\n<\/div>\n\n\t\t<\/div>\n\t\t\t\t\t<\/div>\n\n\t\n\n<\/div>","protected":false},"excerpt":{"rendered":"<p><strong>JNR Media Max 40000 Z\u00fcge<\/strong>\u00a0\u2013 Der ultimative intelligente Einweg-Vaporizer, der modernste Vaping-Technologie nahtlos mit intelligenter Konnektivit\u00e4t verbindet. Dieses innovative Ger\u00e4t bringt Einweg-Vaporizer auf die n\u00e4chste Stufe, indem es fortschrittliche Smartphone-\u00e4hnliche Funktionen in sein schlankes Design integriert.<\/p>","protected":false},"featured_media":25514,"comment_status":"open","ping_status":"closed","template":"","meta":[],"product_brand":[237],"product_cat":[221,219,90,117,81,76,134,135,133,136,137,146,138,139,140,141,142,143,144,145,573,572,132,82],"product_tag":[],"class_list":{"0":"post-25513","1":"product","2":"type-product","3":"status-publish","4":"has-post-thumbnail","6":"product_brand-jnr","7":"product_cat-jnr","8":"product_cat-40000-puffs-disposable-vape","9":"product_cat-big-puffs-vapes","10":"product_cat-different-puffs-of-diposable-vapes","11":"product_cat-digital-box-vapes","12":"product_cat-disposable-vape-types","13":"product_cat-disposable-vapes-in-austria","14":"product_cat-disposable-vapes-in-belgium","15":"product_cat-disposable-vapes-in-europe","16":"product_cat-disposable-vapes-in-france","17":"product_cat-disposable-vapes-in-germany","18":"product_cat-disposable-vapes-in-hungary","19":"product_cat-disposable-vapes-in-ltaly","20":"product_cat-disposable-vapes-in-netherlands","21":"product_cat-disposable-vapes-in-norway","22":"product_cat-disposable-vapes-in-poland","23":"product_cat-disposable-vapes-in-portugal","24":"product_cat-disposable-vapes-in-spain","25":"product_cat-disposable-vapes-in-sweden","26":"product_cat-disposable-vapes-in-switzerland","27":"product_cat-new-3","28":"product_cat-new-2","29":"product_cat-rechargeable-vapes","30":"product_cat-smart-screen-vapes","32":"first","33":"instock","34":"shipping-taxable","35":"purchasable","36":"product-type-variable","37":"has-default-attributes"},"jetpack_sharing_enabled":true,"tiered_pricing_type":"fixed","tiered_pricing_fixed_rules":{"2000":10.25},"tiered_pricing_product_settings":{"layout":"default","base_unit_name":{"singular":null,"plural":null},"default_variation":null},"tiered_pricing_minimum_quantity":1000,"tiered_pricing_roles_data":[],"tiered_pricing_percentage_rules":[],"tiered_pricing_maximum_quantity":null,"tiered_pricing_quantity_step":"10","_links":{"self":[{"href":"https:\/\/aiviouvapes.com\/de\/wp-json\/wp\/v2\/product\/25513","targetHints":{"allow":["GET"]}}],"collection":[{"href":"https:\/\/aiviouvapes.com\/de\/wp-json\/wp\/v2\/product"}],"about":[{"href":"https:\/\/aiviouvapes.com\/de\/wp-json\/wp\/v2\/types\/product"}],"replies":[{"embeddable":true,"href":"https:\/\/aiviouvapes.com\/de\/wp-json\/wp\/v2\/comments?post=25513"}],"wp:featuredmedia":[{"embeddable":true,"href":"https:\/\/aiviouvapes.com\/de\/wp-json\/wp\/v2\/media\/25514"}],"wp:attachment":[{"href":"https:\/\/aiviouvapes.com\/de\/wp-json\/wp\/v2\/media?parent=25513"}],"wp:term":[{"taxonomy":"product_brand","embeddable":true,"href":"https:\/\/aiviouvapes.com\/de\/wp-json\/wp\/v2\/product_brand?post=25513"},{"taxonomy":"product_cat","embeddable":true,"href":"https:\/\/aiviouvapes.com\/de\/wp-json\/wp\/v2\/product_cat?post=25513"},{"taxonomy":"product_tag","embeddable":true,"href":"https:\/\/aiviouvapes.com\/de\/wp-json\/wp\/v2\/product_tag?post=25513"}],"curies":[{"name":"wp","href":"https:\/\/api.w.org\/{rel}","templated":true}]}}