{"id":24616,"date":"2024-11-09T14:42:54","date_gmt":"2024-11-09T06:42:54","guid":{"rendered":"https:\/\/aiviouvapes.com\/?post_type=product&#038;p=24616"},"modified":"2025-12-30T17:14:46","modified_gmt":"2025-12-30T09:14:46","slug":"mrvi-winning-30k-puffs-2-5-nicotine-rechargeable-bulk-buy-disposable-vape-wholesale","status":"publish","type":"product","link":"https:\/\/aiviouvapes.com\/de\/product\/mrvi-winning-30k-puffs-2-5-nicotine-rechargeable-bulk-buy-disposable-vape-wholesale\/","title":{"rendered":"MRVI WINNING 30000 Puffs | 2%-5% Nikotin, 35mL, 800mAh, Bulk Einweg vape"},"content":{"rendered":"<p><iframe title=\"VideoPress Video-Spieler\" aria-label='VideoPress Video-Spieler' width='1020' height='574' src='https:\/\/videopress.com\/embed\/13e6MPsk?hd=0&amp;cover=1' frameborder='0' allowfullscreen allow='clipboard-write'><\/iframe><script src='https:\/\/v0.wordpress.com\/js\/next\/videopress-iframe.js?m=1739540970'><\/script><\/p>\n<h2><strong>MRVI WINNING 30K - 30.000 Puff Einweg Vape<\/strong><\/h2>\n<p>Der MRVI WINNING 30K Einwegdampfer wurde f\u00fcr ein unschlagbares Dampferlebnis entwickelt und liefert bis zu unglaubliche 30.000 Z\u00fcge. Seine fortschrittliche Technologie sorgt f\u00fcr langanhaltenden Geschmacksgenuss und ist damit sowohl f\u00fcr passionierte Dampfer als auch f\u00fcr Neueinsteiger perfekt geeignet.<\/p>\n<p>Mit einem gro\u00dfz\u00fcgigen Fassungsverm\u00f6gen von 35 ml E-Liquid und einem 800-mAh-Akku verspricht der MRVI WINNING 30K ein reibungsloses, ununterbrochenes Dampferlebnis. Dieses schlanke, tragbare Ger\u00e4t passt leicht in Ihre Tasche, so dass es ideal f\u00fcr den Heimgebrauch oder das Dampfen unterwegs ist.<\/p>\n<p>Ausgestattet mit einer Premium-Mesh-Spule bietet der MRVI WINNING 30K intensiven, befriedigenden Geschmack bei jedem Zug. Passen Sie Ihr Erlebnis mit zwei Nikotinst\u00e4rke-Optionen an - 2% und 5% - und genie\u00dfen Sie den Komfort eines schnell aufladbaren Typ-C-Anschlusses f\u00fcr minimale Ausfallzeiten zwischen den Sitzungen.<\/p>\n<h3>MRVI WINNING 30000 Puff Produkt-Highlights:<\/h3>\n<ul>\n<li><strong>Anzahl der Puffs:<\/strong> Bis zu 30.000 Z\u00fcge f\u00fcr l\u00e4ngere Vaping-Sessions<\/li>\n<li><strong>E-Liquid-Kapazit\u00e4t:<\/strong> 35mL f\u00fcr weniger Nachf\u00fcllungen und mehr Zeit zum Dampfen<\/li>\n<li><strong>Batteriekapazit\u00e4t:<\/strong> 800mAh f\u00fcr lang anhaltende Leistung<\/li>\n<li><strong>Nikotinst\u00e4rke:<\/strong> W\u00e4hlen Sie zwischen 2% und 5%, je nach Ihren Vorlieben<\/li>\n<li><strong>Anschluss zum Aufladen:<\/strong> Typ-C-Schnellladung f\u00fcr schnelles Aufladen<\/li>\n<li><strong>Mesh Coil Technologie:<\/strong> Sanfter, gleichm\u00e4\u00dfiger Dampf mit verbesserter Geschmacksqualit\u00e4t<\/li>\n<\/ul>\n<h3>MRVI WINNING 30000 Puff Verf\u00fcgbare Geschmacksrichtungen:<\/h3>\n<p>Heidelbeer-Wassermelone, Kirsche-Zitrone, Blue Razz Ice, Gemischte Beeren, Erdbeere Ice, Wassermelone Ice, Saftiger Pfirsich, Ananas-Mango, Traube Ice, Saurer Apfel.<\/p>\n<p>Entdecken Sie eine aufregende Auswahl an Geschmacksrichtungen, die jeden Gaumen ansprechen, von fruchtigen Favoriten wie Blaubeer-Wassermelone und saftiger Pfirsich bis hin zu eisigen Varianten wie Erdbeereis und Traubeneis. Jede Geschmacksrichtung wird sorgf\u00e4ltig zusammengestellt, um ein reichhaltiges und angenehmes Erlebnis zu bieten.<\/p>\n<h3>MRVI WINNING 30000 Puff Bulk &amp; Individual Purchase Opportunity:<\/h3>\n<p>MRVI WINNING 30000 Puff ist die perfekte Wahl f\u00fcr alle, die Langlebigkeit, Qualit\u00e4t und eine gro\u00dfe Auswahl an Aromen suchen. Mit bis zu 30.000 Z\u00fcgen, schnellem Typ-C-Laden und zuverl\u00e4ssiger Leistung bietet dieser Premium-Dampfer einen au\u00dfergew\u00f6hnlichen Wert und ein unvergessliches Erlebnis, egal ob Sie in gro\u00dfen Mengen f\u00fcr Ihr Gesch\u00e4ft oder einzeln f\u00fcr Ihren pers\u00f6nlichen Genuss kaufen.<\/p>\n<h4>MRVI WINNING 30K Z\u00fcge | 2% 5% Nikotin, 35 ml E-Liquid, Mesh-Spule, 800 mAh Akku, Typ C wiederaufladbar, bis zu 30.000 Z\u00fcge, Gro\u00dfkauf von Einweg-Vaporizern im Gro\u00dfhandel<\/h4>\n<p><img data-recalc-dims=\"1\" loading=\"lazy\" decoding=\"async\" class=\"alignnone size-full wp-image-24620\" title=\"MRVI WINNING 30K Puffs 2% 5% Nikotin wiederaufladbare Bulk kaufen Einweg Vape Gro\u00dfhandel\" src=\"https:\/\/i0.wp.com\/aiviouvapes.com\/wp-content\/uploads\/2024\/11\/%E5%BE%AE%E4%BF%A1%E5%9B%BE%E7%89%87_20240924171847.jpg?resize=1020%2C1020&#038;ssl=1\" alt=\"MRVI WINNING 30K Puffs 2% 5% Nikotin wiederaufladbare Bulk kaufen Einweg Vape Gro\u00dfhandel\" width=\"1020\" height=\"1020\" srcset=\"https:\/\/i0.wp.com\/aiviouvapes.com\/wp-content\/uploads\/2024\/11\/%E5%BE%AE%E4%BF%A1%E5%9B%BE%E7%89%87_20240924171847.jpg?w=1600&amp;ssl=1 1600w, https:\/\/i0.wp.com\/aiviouvapes.com\/wp-content\/uploads\/2024\/11\/%E5%BE%AE%E4%BF%A1%E5%9B%BE%E7%89%87_20240924171847.jpg?resize=300%2C300&amp;ssl=1 300w, https:\/\/i0.wp.com\/aiviouvapes.com\/wp-content\/uploads\/2024\/11\/%E5%BE%AE%E4%BF%A1%E5%9B%BE%E7%89%87_20240924171847.jpg?resize=1024%2C1024&amp;ssl=1 1024w, https:\/\/i0.wp.com\/aiviouvapes.com\/wp-content\/uploads\/2024\/11\/%E5%BE%AE%E4%BF%A1%E5%9B%BE%E7%89%87_20240924171847.jpg?resize=150%2C150&amp;ssl=1 150w, https:\/\/i0.wp.com\/aiviouvapes.com\/wp-content\/uploads\/2024\/11\/%E5%BE%AE%E4%BF%A1%E5%9B%BE%E7%89%87_20240924171847.jpg?resize=768%2C768&amp;ssl=1 768w, https:\/\/i0.wp.com\/aiviouvapes.com\/wp-content\/uploads\/2024\/11\/%E5%BE%AE%E4%BF%A1%E5%9B%BE%E7%89%87_20240924171847.jpg?resize=1536%2C1536&amp;ssl=1 1536w, https:\/\/i0.wp.com\/aiviouvapes.com\/wp-content\/uploads\/2024\/11\/%E5%BE%AE%E4%BF%A1%E5%9B%BE%E7%89%87_20240924171847.jpg?resize=12%2C12&amp;ssl=1 12w, https:\/\/i0.wp.com\/aiviouvapes.com\/wp-content\/uploads\/2024\/11\/%E5%BE%AE%E4%BF%A1%E5%9B%BE%E7%89%87_20240924171847.jpg?resize=800%2C800&amp;ssl=1 800w, https:\/\/i0.wp.com\/aiviouvapes.com\/wp-content\/uploads\/2024\/11\/%E5%BE%AE%E4%BF%A1%E5%9B%BE%E7%89%87_20240924171847.jpg?resize=100%2C100&amp;ssl=1 100w\" sizes=\"auto, (max-width: 1020px) 100vw, 1020px\" \/><\/p>\n<p>&nbsp;<\/p>","protected":false},"excerpt":{"rendered":"<p>MRVI WINNING 30K Disposable Vape bietet bis zu 30.000 Z\u00fcge mit einer E-Liquid-Kapazit\u00e4t von 35 ml und einem 800-mAh-Akku f\u00fcr ausgedehntes, sanftes Dampfen. Mit einer Mesh-Spule, schnellem Type-C-Laden und einer Vielzahl von Geschmacksrichtungen ist es perfekt f\u00fcr Gelegenheitsdampfer und erfahrene Dampfer.<\/p>","protected":false},"featured_media":24621,"comment_status":"open","ping_status":"closed","template":"","meta":[],"product_brand":[229],"product_cat":[33,131,320,90,117,81,76,134,135,133,136,137,146,138,139,140,141,142,143,144,145,79,132,82],"product_tag":[],"class_list":{"0":"post-24616","1":"product","2":"type-product","3":"status-publish","4":"has-post-thumbnail","6":"product_brand-mrvi","7":"product_cat-mrvi","8":"product_cat-30000-puffs-disposable-vape","9":"product_cat-best-disposable-vapes","10":"product_cat-big-puffs-vapes","11":"product_cat-different-puffs-of-diposable-vapes","12":"product_cat-digital-box-vapes","13":"product_cat-disposable-vape-types","14":"product_cat-disposable-vapes-in-austria","15":"product_cat-disposable-vapes-in-belgium","16":"product_cat-disposable-vapes-in-europe","17":"product_cat-disposable-vapes-in-france","18":"product_cat-disposable-vapes-in-germany","19":"product_cat-disposable-vapes-in-hungary","20":"product_cat-disposable-vapes-in-ltaly","21":"product_cat-disposable-vapes-in-netherlands","22":"product_cat-disposable-vapes-in-norway","23":"product_cat-disposable-vapes-in-poland","24":"product_cat-disposable-vapes-in-portugal","25":"product_cat-disposable-vapes-in-spain","26":"product_cat-disposable-vapes-in-sweden","27":"product_cat-disposable-vapes-in-switzerland","28":"product_cat-dual-mesh-vapes","29":"product_cat-rechargeable-vapes","30":"product_cat-smart-screen-vapes","32":"first","33":"instock","34":"shipping-taxable","35":"purchasable","36":"product-type-variable","37":"has-default-attributes"},"jetpack_sharing_enabled":true,"tiered_pricing_type":"fixed","tiered_pricing_fixed_rules":[],"tiered_pricing_product_settings":{"layout":"default","base_unit_name":{"singular":null,"plural":null},"default_variation":null},"tiered_pricing_minimum_quantity":1000,"tiered_pricing_roles_data":[],"tiered_pricing_percentage_rules":[],"tiered_pricing_maximum_quantity":null,"tiered_pricing_quantity_step":"10","_links":{"self":[{"href":"https:\/\/aiviouvapes.com\/de\/wp-json\/wp\/v2\/product\/24616","targetHints":{"allow":["GET"]}}],"collection":[{"href":"https:\/\/aiviouvapes.com\/de\/wp-json\/wp\/v2\/product"}],"about":[{"href":"https:\/\/aiviouvapes.com\/de\/wp-json\/wp\/v2\/types\/product"}],"replies":[{"embeddable":true,"href":"https:\/\/aiviouvapes.com\/de\/wp-json\/wp\/v2\/comments?post=24616"}],"wp:featuredmedia":[{"embeddable":true,"href":"https:\/\/aiviouvapes.com\/de\/wp-json\/wp\/v2\/media\/24621"}],"wp:attachment":[{"href":"https:\/\/aiviouvapes.com\/de\/wp-json\/wp\/v2\/media?parent=24616"}],"wp:term":[{"taxonomy":"product_brand","embeddable":true,"href":"https:\/\/aiviouvapes.com\/de\/wp-json\/wp\/v2\/product_brand?post=24616"},{"taxonomy":"product_cat","embeddable":true,"href":"https:\/\/aiviouvapes.com\/de\/wp-json\/wp\/v2\/product_cat?post=24616"},{"taxonomy":"product_tag","embeddable":true,"href":"https:\/\/aiviouvapes.com\/de\/wp-json\/wp\/v2\/product_tag?post=24616"}],"curies":[{"name":"wp","href":"https:\/\/api.w.org\/{rel}","templated":true}]}}