{"id":117908,"date":"2026-03-26T18:57:59","date_gmt":"2026-03-26T10:57:59","guid":{"rendered":"https:\/\/aiviouvapes.com\/?post_type=product&#038;p=117908"},"modified":"2026-04-15T09:06:22","modified_gmt":"2026-04-15T01:06:22","slug":"bang-legend-geek-300k","status":"publish","type":"product","link":"https:\/\/aiviouvapes.com\/de\/product\/bang-legend-geek-300k\/","title":{"rendered":"Bang Legend Geek 300K | 8-in-1 Geschmacksschalter, 300000 Z\u00fcge, wiederaufladbar, Bulk Einweg vape"},"content":{"rendered":"<h2>Treffen Sie den Bang Legend Geek 300K \u26a1<\/h2>\n<p>Sind Sie bereit f\u00fcr die n\u00e4chste Stufe des Einweg-Vaporisierens? Die <strong>Bang Legend Geek 300K<\/strong> ist ein Tier, das verpackt <strong>bis zu 300000 Z\u00fcge<\/strong> und eine innovative <strong>8-in-1-Geschmacksumschaltsystem<\/strong> in einem futuristischen Ger\u00e4t. Mit seinem k\u00fchnen Geek-inspirierten Design, der leistungsstarken Mesh-Spule und dem wiederaufladbaren Typ-C-Akku ist er f\u00fcr Dampfer gemacht, die maximale Leistung und Vielfalt wollen. F\u00fcr Gesch\u00e4fte und Gro\u00dfh\u00e4ndler ist es eine sehr gefragte SKU in der Mega-Puff-Kategorie.<\/p>\n<h2>Warum Bang Legend Geek 300K w\u00e4hlen? \u2705<\/h2>\n<ul>\n<li><strong>8-in-1-Geschmacksschalter<\/strong>-Acht Geschmacksrichtungen in einem Ger\u00e4t f\u00fcr maximale Vielfalt \ud83d\ude0b.<\/li>\n<li><strong>Bis zu 300000 Z\u00fcge<\/strong> f\u00fcr eine besonders lange Nutzungsdauer und weniger Ger\u00e4tewechsel \ud83d\udd25<\/li>\n<li><strong>Mesh-Spulen-Technologie<\/strong> f\u00fcr kr\u00e4ftigen, weichen Geschmack und dichten Dampf \u2601\ufe0f<\/li>\n<li><strong>Wiederaufladbarer Typ-C-Akku<\/strong> f\u00fcr den praktischen t\u00e4glichen Gebrauch \u26a1<\/li>\n<li><strong>Futuristisches Design im Geek-Stil<\/strong>-dicker, technisch inspirierter Look, der auff\u00e4llt \ud83c\udfae<\/li>\n<li><strong>Intelligentes Luftstromsystem<\/strong> f\u00fcr ein gleichm\u00e4\u00dfiges und zufriedenstellendes Ziehen bei jeder Gelegenheit<\/li>\n<li><strong>Zeichnung aktiviert<\/strong>-keine Kn\u00f6pfe, einfach inhalieren und genie\u00dfen<\/li>\n<li><strong>Ideal f\u00fcr Gesch\u00e4fte und Gro\u00dfhandel<\/strong>-Mega-Puffzahl + 8-in-1-Funktion = Verkaufsschlager \ud83d\udce6<\/li>\n<\/ul>\n<h2>Bang Legend Geek 300K Spezifikationen \ud83d\udccc<\/h2>\n<table>\n<tbody>\n<tr>\n<td><strong>Produktname<\/strong><\/td>\n<td>Bang Legend Geek 300K Einweg-Vape<\/td>\n<\/tr>\n<tr>\n<td><strong>Max Puffs<\/strong><\/td>\n<td>Bis zu 300000 Z\u00fcge<\/td>\n<\/tr>\n<tr>\n<td><strong>Geschmackssystem<\/strong><\/td>\n<td>8-in-1-Aromakammer<\/td>\n<\/tr>\n<tr>\n<td><strong>Coil<\/strong><\/td>\n<td>Mesh Coil<\/td>\n<\/tr>\n<tr>\n<td><strong>Nikotinst\u00e4rke<\/strong><\/td>\n<td>0% \/ 2% \/ 3% \/ 5%<\/td>\n<\/tr>\n<tr>\n<td><strong>Batterie<\/strong><\/td>\n<td>Wiederaufladbar<\/td>\n<\/tr>\n<tr>\n<td><strong>Aufladen<\/strong><\/td>\n<td>USB Typ C<\/td>\n<\/tr>\n<tr>\n<td><strong>Gestaltung<\/strong><\/td>\n<td>Futuristischer Geek-Stil<\/td>\n<\/tr>\n<tr>\n<td><strong>Freischaltung<\/strong><\/td>\n<td>Zeichnen-aktiviert (keine Tasten)<\/td>\n<\/tr>\n<\/tbody>\n<\/table>\n<h2>8-in-1-Geschmackskombinationen (13 Optionen) \ud83c\udf53\ud83c\udf49\ud83e\uddca<\/h2>\n<p>Jedes Bang Legend Geek 300K verf\u00fcgt \u00fcber eine innovative <strong>8-in-1-Geschmacksumschaltsystem<\/strong>. Jedes Ger\u00e4t enth\u00e4lt vier Kerngeschmacksrichtungen sowie vier automatische Mischkombinationen (1+2, 2+3, 3+4, 4+1), die Ihnen sowohl reine Geschmacksrichtungen als auch gemischte Geschm\u00e4cker in einem Zug bieten.<\/p>\n<table>\n<thead>\n<tr>\n<th>Nein.<\/th>\n<th>Geschmackskombination (4 Hauptgeschmacksrichtungen)<\/th>\n<\/tr>\n<\/thead>\n<tbody>\n<tr>\n<td>1<\/td>\n<td><strong>Mamba<\/strong> \/ <strong>Pfirsich Mango Wassermelone<\/strong> \/ <strong>Energy-Drink<\/strong> \/ <strong>Traubeneis<\/strong><\/td>\n<\/tr>\n<tr>\n<td>2<\/td>\n<td><strong>Passionsfrucht Mango<\/strong> \/ <strong>Pfirsich-Ananas<\/strong> \/ <strong>Heidelbeere-Himbeere<\/strong> \/ <strong>Wassermelone Eis<\/strong><\/td>\n<\/tr>\n<tr>\n<td>3<\/td>\n<td><strong>Zitrone Saure Orange<\/strong> \/ <strong>Mango Pfirsich<\/strong> \/ <strong>Wassermelone Eis<\/strong> \/ <strong>Beereneis<\/strong><\/td>\n<\/tr>\n<tr>\n<td>4<\/td>\n<td><strong>Apfel-Birne<\/strong> \/ <strong>Erdbeer-Mango<\/strong> \/ <strong>Erdbeere Wassermelone<\/strong> \/ <strong>Blaubeereis<\/strong><\/td>\n<\/tr>\n<tr>\n<td>5<\/td>\n<td><strong>Wassermelone Beere<\/strong> \/ <strong>Mango Pfirsich Aprikose<\/strong> \/ <strong>Erdbeer-Kiwi<\/strong> \/ <strong>Pfirsich Mango Wassermelone<\/strong><\/td>\n<\/tr>\n<tr>\n<td>6<\/td>\n<td><strong>Sommerzeit<\/strong> \/ <strong>Mango-Eis<\/strong> \/ <strong>Liebe 66<\/strong> \/ <strong>Saure Mango-Ananas<\/strong><\/td>\n<\/tr>\n<tr>\n<td>7<\/td>\n<td><strong>Kiwi Passionsfrucht Guave<\/strong> \/ <strong>Traubeneis<\/strong> \/ <strong>Leidenschaftlicher Kuss<\/strong> \/ <strong>Wassermelone Saurer Pfirsich<\/strong><\/td>\n<\/tr>\n<tr>\n<td>8<\/td>\n<td><strong>Wassermelone Drachenfrucht<\/strong> \/ <strong>Apfel-Birne<\/strong> \/ <strong>Passionsfrucht Kiwi Limette<\/strong> \/ <strong>Blaubeere Pfirsich<\/strong><\/td>\n<\/tr>\n<tr>\n<td>9<\/td>\n<td><strong>Erdbeere-Banane<\/strong> \/ <strong>Wassermelone Beere<\/strong> \/ <strong>Blaubeereis<\/strong> \/ <strong>Fuji-Eis<\/strong><\/td>\n<\/tr>\n<tr>\n<td>10<\/td>\n<td><strong>Gummib\u00e4rchen<\/strong> \/ <strong>Gemischte Beeren<\/strong> \/ <strong>Erdbeere Wassermelone<\/strong> \/ <strong>Limetten-Romantik<\/strong><\/td>\n<\/tr>\n<tr>\n<td>11<\/td>\n<td><strong>Wassermelone Kaugummi<\/strong> \/ <strong>Heidelbeer-Pfirsich-Eis<\/strong> \/ <strong>Cantaloupe Apfel<\/strong> \/ <strong>Erdbeere-Banane<\/strong><\/td>\n<\/tr>\n<tr>\n<td>12<\/td>\n<td><strong>Wassermelone Saurer Pfirsich<\/strong> \/ <strong>Blaubeereis<\/strong> \/ <strong>Kalifornische Kirsche<\/strong> \/ <strong>Erdbeer-Mango<\/strong><\/td>\n<\/tr>\n<\/tbody>\n<\/table>\n<p>\ud83c\udf00 Von fruchtig und eisig bis hin zu S\u00fc\u00dfigkeiten und Energydrinks - es gibt f\u00fcr jeden Geschmack die richtige Kombination.<\/p>\n<h2>So funktioniert das 8-in-1-Aromasystem \ud83d\udd04.<\/h2>\n<p>Das Bang Legend Geek 300K verwendet ein <strong>8-in-1-Aromakammer<\/strong> mit 4 Kerngeschmacksrichtungen pro Ger\u00e4t. Zus\u00e4tzlich zu den 4 reinen Geschmacksrichtungen erstellt das Ger\u00e4t automatisch 4 gemischte Kombinationen (1+2, 2+3, 3+4, 4+1), so dass Sie <strong>8 einzigartige Geschmackserlebnisse<\/strong> mit einem einzigen Ger\u00e4t. Einfach, lustig und perfekt f\u00fcr Dampfer, die sich schnell langweilen.<\/p>\n<h2>F\u00fcr den Erfolg im Einzel- und Gro\u00dfhandel gemacht \ud83c\udfea\ud83d\udce6<\/h2>\n<p>Die <strong>Bang Legend Geek 300K<\/strong> ist perfekt geeignet f\u00fcr <strong>Vielnutzer<\/strong> die eine maximale Puffleistung w\u00fcnschen, <strong>Geschmacksj\u00e4ger<\/strong> die gerne zwischen verschiedenen Geschm\u00e4ckern wechseln, und <strong>Vape-L\u00e4den<\/strong> die ein hochwertiges Produkt mit einem k\u00fchnen, futuristischen Aussehen w\u00fcnschen. F\u00fcr <strong>Verteiler und Gro\u00dfh\u00e4ndler<\/strong>, Die 300.000 Puffs und die 8-in-1-Funktion machen ihn zum Marktf\u00fchrer in seiner Kategorie - hohe Nachfrage, gro\u00dfe Gewinnspannen und starke Nachk\u00e4ufe.<\/p>\n<h2>Bang Legend Geek 300K FAQ \u2753<\/h2>\n<h3>Wie viele Z\u00fcge bietet der Bang Legend Geek 300K?<\/h3>\n<p>Bis zu <strong>300000 Z\u00fcge<\/strong>, und ist damit einer der Einwegverdampfer mit der h\u00f6chsten Kapazit\u00e4t auf dem Markt.<\/p>\n<h3>Wie funktioniert das 8-in-1-Aromasystem?<\/h3>\n<p>Jedes Ger\u00e4t hat <strong>4 Kerngeschmacksrichtungen<\/strong>. Das System erstellt au\u00dferdem 4 automatische Mischkombinationen (1+2, 2+3, 3+4, 4+1), die insgesamt <strong>8 einzigartige Geschmacksrichtungen<\/strong>. \ud83d\udd04<\/p>\n<h3>Ist dieses Ger\u00e4t wiederaufladbar?<\/h3>\n<p>Ja. Es wird mit einem wiederaufladbaren Akku und <strong>USB Typ C<\/strong> Ladeanschluss. \u26a1<\/p>\n<h3>Welche Nikotinst\u00e4rken gibt es?<\/h3>\n<p>Sie unterst\u00fctzt <strong>0%<\/strong>, <strong>2%<\/strong>, <strong>3%<\/strong>und <strong>5%<\/strong> Nikotinoptionen f\u00fcr verschiedene M\u00e4rkte.<\/p>\n<h3>Welcher Spulentyp wird verwendet?<\/h3>\n<p>Es verwendet eine <strong>Netzspule<\/strong> f\u00fcr sanfte Schl\u00e4ge und reichhaltige Geschmacksabgabe. \u2601\ufe0f<\/p>\n<h3>Ist es gut f\u00fcr Vape-Shops und Gro\u00dfhandelsbestellungen?<\/h3>\n<p>Ja. Die 8-in-1-Funktion, die Mega-Puffzahl und das futuristische Design machen ihn zu einer guten Wahl f\u00fcr <strong>Verkaufsregale<\/strong> und <strong>Massenvertrieb<\/strong>. \ud83d\udce6<\/p>\n<h3>Wie viele Geschmackskombinationen gibt es?<\/h3>\n<p>Es gibt <strong>13 Geschmackskombinationen<\/strong> zur Auswahl (12 benannte Kombinationen + 1 zuf\u00e4llig gemischte Option f\u00fcr schnelle Lieferung).<\/p>","protected":false},"excerpt":{"rendered":"<p>Bang Legend Geek 300K 8-in-1-Wegwerfdampfer mit 300000 Z\u00fcgen, Netzspule, Typ-C-Aufladung und 13 Geschmackskombinationen. Futuristisches Design im Geek-Stil mit Multigeschmacksumschaltung - perfekt f\u00fcr Einzel- und Gro\u00dfhandelskunden. \u2728<\/p>\n<h3>\ud83d\udc49Dieses Produkt ist in unserem EU-Lager vorr\u00e4tig!<\/h3>\n<h4>\ud83c\udf89\u00dcberspringen Sie die Wartezeit: <strong>5-7 Tage Lieferung von unserem in Europa ans\u00e4ssigen<\/strong> Lager (f\u00fcr den Standard <strong>2% Nikotinst\u00e4rke<\/strong> nur Version).<\/h4>\n<p><span style=\"font-size: 75%;\"><em>\ud83d\udd39 Die meisten Bestellungen werden aus unserem europ\u00e4ischen Lager versandt, sofern verf\u00fcgbar. Gelegentlich, wenn es nicht auf Lager ist, versenden wir stattdessen aus China.<\/em><\/span><\/p>","protected":false},"featured_media":117909,"comment_status":"open","ping_status":"closed","template":"","meta":[],"product_brand":[239],"product_cat":[37,336,320,90,280,76,133,136,137,138,139,141,143,132],"product_tag":[493,547,544,545,546,349,478],"class_list":{"0":"post-117908","1":"product","2":"type-product","3":"status-publish","4":"has-post-thumbnail","6":"product_brand-bang","7":"product_cat-bang","8":"product_cat-100k-puffs-disposable-vape","9":"product_cat-best-disposable-vapes","10":"product_cat-big-puffs-vapes","11":"product_cat-cheap-rechargeable-disposable-vapes","12":"product_cat-disposable-vape-types","13":"product_cat-disposable-vapes-in-europe","14":"product_cat-disposable-vapes-in-france","15":"product_cat-disposable-vapes-in-germany","16":"product_cat-disposable-vapes-in-ltaly","17":"product_cat-disposable-vapes-in-netherlands","18":"product_cat-disposable-vapes-in-poland","19":"product_cat-disposable-vapes-in-spain","20":"product_cat-rechargeable-vapes","21":"product_tag-300000-puffs-vape","22":"product_tag-300k-disposable-vape","23":"product_tag-8-in-1-flavor-vape","24":"product_tag-bang-legend-geek","25":"product_tag-bang-legend-geek-300k","26":"product_tag-bulk-disposable-vape","27":"product_tag-high-puff-disposable-vape","29":"first","30":"instock","31":"shipping-taxable","32":"purchasable","33":"product-type-variable","34":"has-default-attributes"},"jetpack_sharing_enabled":true,"tiered_pricing_type":"fixed","tiered_pricing_fixed_rules":{"30":9.9000000000000003552713678800500929355621337890625,"50":8.5800000000000000710542735760100185871124267578125,"100":7.79000000000000003552713678800500929355621337890625,"200":7.4000000000000003552713678800500929355621337890625,"400":6.8499999999999996447286321199499070644378662109375},"tiered_pricing_product_settings":{"layout":"default","base_unit_name":{"singular":null,"plural":null},"default_variation":null},"tiered_pricing_minimum_quantity":10,"tiered_pricing_roles_data":[],"tiered_pricing_percentage_rules":[],"tiered_pricing_maximum_quantity":null,"tiered_pricing_quantity_step":"10","_links":{"self":[{"href":"https:\/\/aiviouvapes.com\/de\/wp-json\/wp\/v2\/product\/117908","targetHints":{"allow":["GET"]}}],"collection":[{"href":"https:\/\/aiviouvapes.com\/de\/wp-json\/wp\/v2\/product"}],"about":[{"href":"https:\/\/aiviouvapes.com\/de\/wp-json\/wp\/v2\/types\/product"}],"replies":[{"embeddable":true,"href":"https:\/\/aiviouvapes.com\/de\/wp-json\/wp\/v2\/comments?post=117908"}],"wp:featuredmedia":[{"embeddable":true,"href":"https:\/\/aiviouvapes.com\/de\/wp-json\/wp\/v2\/media\/117909"}],"wp:attachment":[{"href":"https:\/\/aiviouvapes.com\/de\/wp-json\/wp\/v2\/media?parent=117908"}],"wp:term":[{"taxonomy":"product_brand","embeddable":true,"href":"https:\/\/aiviouvapes.com\/de\/wp-json\/wp\/v2\/product_brand?post=117908"},{"taxonomy":"product_cat","embeddable":true,"href":"https:\/\/aiviouvapes.com\/de\/wp-json\/wp\/v2\/product_cat?post=117908"},{"taxonomy":"product_tag","embeddable":true,"href":"https:\/\/aiviouvapes.com\/de\/wp-json\/wp\/v2\/product_tag?post=117908"}],"curies":[{"name":"wp","href":"https:\/\/api.w.org\/{rel}","templated":true}]}}