{"id":114776,"date":"2026-03-12T11:41:24","date_gmt":"2026-03-12T03:41:24","guid":{"rendered":"https:\/\/aiviouvapes.com\/?post_type=product&#038;p=114776"},"modified":"2026-03-28T12:20:07","modified_gmt":"2026-03-28T04:20:07","slug":"bang-leader-350k","status":"publish","type":"product","link":"https:\/\/aiviouvapes.com\/de\/product\/bang-leader-350k\/","title":{"rendered":"Bang Leader 350K | 8 Geschmacksrichtungen, 8-in-1, 350000 Z\u00fcge, intelligente Anzeige, Bulk Einweg vape"},"content":{"rendered":"<p><img data-recalc-dims=\"1\" loading=\"lazy\" decoding=\"async\" class=\"alignnone size-full wp-image-114792\" src=\"https:\/\/i0.wp.com\/aiviouvapes.com\/wp-content\/uploads\/2026\/03\/BANG-LEADER-350K-16.jpg?resize=1020%2C605&#038;ssl=1\" alt=\"Bang Leader 350K\" width=\"1020\" height=\"605\" title=\"\" srcset=\"https:\/\/i0.wp.com\/aiviouvapes.com\/wp-content\/uploads\/2026\/03\/BANG-LEADER-350K-16.jpg?w=1920&amp;ssl=1 1920w, https:\/\/i0.wp.com\/aiviouvapes.com\/wp-content\/uploads\/2026\/03\/BANG-LEADER-350K-16.jpg?resize=300%2C178&amp;ssl=1 300w, https:\/\/i0.wp.com\/aiviouvapes.com\/wp-content\/uploads\/2026\/03\/BANG-LEADER-350K-16.jpg?resize=1024%2C607&amp;ssl=1 1024w, https:\/\/i0.wp.com\/aiviouvapes.com\/wp-content\/uploads\/2026\/03\/BANG-LEADER-350K-16.jpg?resize=768%2C455&amp;ssl=1 768w, https:\/\/i0.wp.com\/aiviouvapes.com\/wp-content\/uploads\/2026\/03\/BANG-LEADER-350K-16.jpg?resize=1536%2C910&amp;ssl=1 1536w, https:\/\/i0.wp.com\/aiviouvapes.com\/wp-content\/uploads\/2026\/03\/BANG-LEADER-350K-16.jpg?resize=18%2C12&amp;ssl=1 18w, https:\/\/i0.wp.com\/aiviouvapes.com\/wp-content\/uploads\/2026\/03\/BANG-LEADER-350K-16.jpg?resize=800%2C474&amp;ssl=1 800w\" sizes=\"auto, (max-width: 1020px) 100vw, 1020px\" \/><\/p>\n<p>Suchen Sie nach einem Premium-Mega-Puff-Vaporizer f\u00fcr den Gro\u00dfhandel? Bang Leader 350K kombiniert lange Nutzungszeit, glatte Geschmacksausgabe, OEM\/ODM-Anpassung und flexible Nikotinoptionen f\u00fcr globale M\u00e4rkte.<\/p>\n<h3>Warum sollte man sich f\u00fcr Bang Leader 350K entscheiden?<\/h3>\n<ul>\n<li>\ud83d\udd25 Bis zu 350000 Z\u00fcge f\u00fcr eine lange Nutzungsdauer<\/li>\n<li>\ud83c\udf08 8-in-1 Geschmacksumschaltung f\u00fcr mehr Vielfalt in einem Ger\u00e4t<\/li>\n<li>\u26a1 Wiederaufladbar mit Typ-C-Ladeanschluss<\/li>\n<li>\ud83d\udca8 1,0 Mesh-Spule f\u00fcr sanfteren Geschmack und stabilen Dampf<\/li>\n<li>\ud83d\udd0b Gebaut mit 17350 850mAh Akku<\/li>\n<li>\ud83d\udee0\ufe0f OEM\/ODM-Unterst\u00fctzung f\u00fcr kundenspezifische Markenprojekte<\/li>\n<li>\ud83c\udf0d Die Verpackungssprache kann in Englisch, Russisch, Spanisch und anderen Sprachen angepasst werden.<\/li>\n<li>\ud83e\uddea Nikotinst\u00e4rke-Optionen: 0%, 2%, 3%, 5%<\/li>\n<li>\ud83c\udfea Ideal f\u00fcr Vape-Gro\u00dfh\u00e4ndler, Distributoren und Einzelhandels-Vape-Shops<\/li>\n<\/ul>\n<h3>Bang Leader 350K \u00dcbersicht<\/h3>\n<p>Bang Leader 350K wurde f\u00fcr Kunden entwickelt, die eine sehr hohe Puffzahl und mehr Geschmacksauswahl in einem Einwegdampfer w\u00fcnschen. Das 8-in-1-Setup bietet Benutzern 4 Hauptgeschmacksrichtungen plus 4 gemischte Geschmackskombinationen, was das Verdampferlebnis interessanter und flexibler macht. Dies macht das Ger\u00e4t besonders attraktiv f\u00fcr Kunden, die gerne die Geschmacksrichtungen wechseln, ohne mehrere Vapes mit sich zu f\u00fchren.<\/p>\n<p>F\u00fcr B2B-K\u00e4ufer hat dieses Modell auch einen hohen kommerziellen Wert. Es unterst\u00fctzt OEM\/ODM-Service, mehrere Nikotinoptionen und mehrsprachige Verpackungen, die es H\u00e4ndlern erm\u00f6glichen, das Produkt an verschiedene M\u00e4rkte anzupassen. Sein auff\u00e4lliges Aussehen, sein gro\u00dfes Fassungsverm\u00f6gen und sein geschmacksintensives Konzept machen ihn zu einem Vorzeigeprodukt mit hohem Puffanteil in Vape-Shops und Gro\u00dfhandelskatalogen.<\/p>\n<p>Der Bang Leader 350K ist ein k\u00fchner Mega-Puff-Einwegdampfer f\u00fcr Kunden, die eine lange Nutzungsdauer, eine gr\u00f6\u00dfere Vielfalt und eine starke Marktattraktivit\u00e4t w\u00fcnschen. Mit 8-in-1-Geschmackskombinationen, wiederaufladbarem Typ-C-Design, Mesh-Coil-Ausgang und OEM\/ODM-Unterst\u00fctzung ist er eine leistungsstarke Option f\u00fcr Heavy User, Geschmacksj\u00e4ger, Vape-Shops und globale Gro\u00dfabnehmer. Wenn Sie ein Premium-Produkt mit hohem Puff-Wert suchen, um Ihren Katalog zu st\u00e4rken, ist der Bang Leader 350K ein starker Flaggschiff-Kandidat.<\/p>\n<h3>Bang Leader 350K Spezifikationen<\/h3>\n<table>\n<tbody>\n<tr>\n<th>Merkmal<\/th>\n<th>Einzelheiten<\/th>\n<\/tr>\n<tr>\n<td>Produktname<\/td>\n<td>Bang Leader 350K<\/td>\n<\/tr>\n<tr>\n<td>Ger\u00e4tetyp<\/td>\n<td>8-in-1 Einweg-Vape<\/td>\n<\/tr>\n<tr>\n<td>Anzahl der Puffs<\/td>\n<td>Bis zu 350000 Z\u00fcge<\/td>\n<\/tr>\n<tr>\n<td>Batterie<\/td>\n<td>17350 850mAh<\/td>\n<\/tr>\n<tr>\n<td>Spulentyp<\/td>\n<td>1,0-Maschen-Spule<\/td>\n<\/tr>\n<tr>\n<td>Ladeanschluss<\/td>\n<td>Typ-C<\/td>\n<\/tr>\n<tr>\n<td>Nikotinst\u00e4rke<\/td>\n<td>0% \/ 2% \/ 3% \/ 5%<\/td>\n<\/tr>\n<tr>\n<td>Personalisierung<\/td>\n<td>OEM \/ ODM unterst\u00fctzt<\/td>\n<\/tr>\n<tr>\n<td>Verpackungssprachen<\/td>\n<td>Englisch \/ Russisch \/ Spanisch \/ kundenspezifische Sprachen<\/td>\n<\/tr>\n<tr>\n<td>Einzelger\u00e4t Gewicht<\/td>\n<td>140g<\/td>\n<\/tr>\n<tr>\n<td>10 Ger\u00e4te Gewicht<\/td>\n<td>1400g<\/td>\n<\/tr>\n<tr>\n<td>Karton Menge<\/td>\n<td>200 St\u00fcck<\/td>\n<\/tr>\n<tr>\n<td>Kartongr\u00f6\u00dfe<\/td>\n<td>51,5 \u00d7 51,5 \u00d7 30,5 cm<\/td>\n<\/tr>\n<tr>\n<td>Kartongewicht<\/td>\n<td>28kg (ohne Au\u00dfengewicht des Kartons)<\/td>\n<\/tr>\n<tr>\n<td>MOQ<\/td>\n<td>10 St\u00fcck pro Einzelgeschmacksset<\/td>\n<\/tr>\n<\/tbody>\n<\/table>\n<h3><img data-recalc-dims=\"1\" loading=\"lazy\" decoding=\"async\" class=\"alignnone size-full wp-image-114777\" src=\"https:\/\/i0.wp.com\/aiviouvapes.com\/wp-content\/uploads\/2026\/03\/BANG-LEADER-350K-1.jpg?resize=1020%2C372&#038;ssl=1\" alt=\"Bang Leader 350K\" width=\"1020\" height=\"372\" title=\"\" srcset=\"https:\/\/i0.wp.com\/aiviouvapes.com\/wp-content\/uploads\/2026\/03\/BANG-LEADER-350K-1.jpg?w=1920&amp;ssl=1 1920w, https:\/\/i0.wp.com\/aiviouvapes.com\/wp-content\/uploads\/2026\/03\/BANG-LEADER-350K-1.jpg?resize=300%2C109&amp;ssl=1 300w, https:\/\/i0.wp.com\/aiviouvapes.com\/wp-content\/uploads\/2026\/03\/BANG-LEADER-350K-1.jpg?resize=1024%2C373&amp;ssl=1 1024w, https:\/\/i0.wp.com\/aiviouvapes.com\/wp-content\/uploads\/2026\/03\/BANG-LEADER-350K-1.jpg?resize=768%2C280&amp;ssl=1 768w, https:\/\/i0.wp.com\/aiviouvapes.com\/wp-content\/uploads\/2026\/03\/BANG-LEADER-350K-1.jpg?resize=1536%2C560&amp;ssl=1 1536w, https:\/\/i0.wp.com\/aiviouvapes.com\/wp-content\/uploads\/2026\/03\/BANG-LEADER-350K-1.jpg?resize=18%2C7&amp;ssl=1 18w, https:\/\/i0.wp.com\/aiviouvapes.com\/wp-content\/uploads\/2026\/03\/BANG-LEADER-350K-1.jpg?resize=800%2C292&amp;ssl=1 800w\" sizes=\"auto, (max-width: 1020px) 100vw, 1020px\" \/><\/h3>\n<h3>Geschmackskombinationen<\/h3>\n<p>Bang Leader 350K verwendet ein innovatives <strong>8-in-1-Geschmacksumschaltsystem<\/strong>. Jedes Ger\u00e4t enth\u00e4lt vier Kerngeschmacksrichtungen sowie vier automatische Mischkombinationen (1+2, 2+3, 3+4 und 4+1), so dass die Benutzer sowohl reine Geschmacksrichtungen als auch gemischte Geschm\u00e4cker in einem Zug genie\u00dfen k\u00f6nnen.<\/p>\n<p>Die Geschmackssets decken ein breites Spektrum an beliebten Profilen ab. Einige konzentrieren sich auf <strong>coole Fruchtklassiker<\/strong> wie Blue Razz Ice, Watermelon Ice, Strawberry Ice und Lemon Lime. Andere bringen <strong>s\u00fc\u00dfe Beeren- und Tropenmischungen<\/strong> wie Blueberry Ice, Tropical Fruit, Apple Kiwi Ice und Blue Razz Cherry.<\/p>\n<p>Es gibt auch verspieltere Kombinationen, die von Getr\u00e4nken und Desserts inspiriert sind, darunter Cherry Cola, Pink Lemonade, Mango Passion Fruit und Lemon Peach. F\u00fcr Tropenliebhaber bieten Geschmacksrichtungen wie Ananas-Kokos-Eis, Kiwi-Passionsfrucht-Guave und Pfirsich-Mango-Wassermelone einen reichhaltigeren exotischen Geschmack.<\/p>\n<p>Viele Sets enthalten beliebte Beeren- und Wassermelonenmischungen wie Erdbeer-Wassermelone, Himbeer-Wassermelone, Blaubeer-Himbeer und Erdbeer-Banane, w\u00e4hrend andere einzigartige Geschmacksrichtungen wie Dragonfruit Ice, Cherry Pomegranate, Love 66 und das bekannte Fucking Fab-Profil enthalten.<\/p>\n<p>Insgesamt ist die Geschmacksauswahl des Bang Leader 350K so konzipiert, dass das Erlebnis frisch und interessant bleibt. Ganz gleich, ob die Nutzer eisige Fr\u00fcchte, tropische Mischungen, s\u00fc\u00dfe Beeren oder trinkbare Geschmacksrichtungen bevorzugen, das Multi-Flavor-Switching-System macht es einfach, verschiedene Geschmacksrichtungen zu entdecken, ohne das Ger\u00e4t zu wechseln.<\/p>\n<h3>F\u00fcr wen ist dieses Vape am besten geeignet?<\/h3>\n<ul>\n<li>Heavy-User, die ein Ger\u00e4t mit lang anhaltendem Puff w\u00fcnschen<\/li>\n<li>Geschmackss\u00fcchtige, die gerne zwischen verschiedenen Geschmacksrichtungen wechseln<\/li>\n<li>Vape-Shops, die ein herausragendes Flaggschiff f\u00fcr den Einweggebrauch suchen<\/li>\n<li>Gro\u00dfh\u00e4ndler und Distributoren, die nach OEM-f\u00e4higen Mega-Puff-Produkten suchen<\/li>\n<li>Exportk\u00e4ufer, die flexible Nikotin- und Verpackungsoptionen ben\u00f6tigen<\/li>\n<\/ul>\n<h3>FAQ<\/h3>\n<h4>1. Wie viele Z\u00fcge bietet die Bang Leader 350K?<\/h4>\n<p>Der Bang Leader 350K bietet bis zu 350000 Z\u00fcge und ist damit ein Einwegdampfer mit extrem hoher Kapazit\u00e4t f\u00fcr den Langzeitgebrauch.<\/p>\n<h4>2. Ist Bang Leader 350K wiederaufladbar?<\/h4>\n<p>Ja, es unterst\u00fctzt Typ-C-Ladevorg\u00e4nge, so dass der Benutzer die volle Kapazit\u00e4t des Ger\u00e4ts bequemer nutzen kann.<\/p>\n<h4>3. Welche Batterie wird in diesem Ger\u00e4t verwendet?<\/h4>\n<p>Das Ger\u00e4t verwendet einen 17350 850mAh Akku.<\/p>\n<h4>4. Welche Spule wird in Bang Leader 350K verwendet?<\/h4>\n<p>Er verwendet eine 1,0 Mesh-Spule f\u00fcr eine stabile Heizung, glatteren Dampf und bessere Geschmacksleistung.<\/p>\n<h4>5. Welche Nikotinst\u00e4rken sind verf\u00fcgbar?<\/h4>\n<p>Die Nikotinst\u00e4rke kann zwischen 0%, 2%, 3% und 5% gew\u00e4hlt werden.<\/p>\n<h4>6. Unterst\u00fctzt dieses Produkt OEM oder ODM?<\/h4>\n<p>Ja. Bang Leader 350K unterst\u00fctzt OEM- und ODM-Kundenanpassung, was ideal f\u00fcr Eigenmarken- und Gro\u00dfhandelsprojekte ist.<\/p>\n<h4>7. Welche Verpackungssprachen sind verf\u00fcgbar?<\/h4>\n<p>Die Verpackungen k\u00f6nnen je nach Marktbedarf in Englisch, Russisch, Spanisch und anderen Sprachen angepasst werden.<\/p>\n<h4>8. Wie viele Geschmacksoptionen gibt es in einem Ger\u00e4t?<\/h4>\n<p>Jedes Bang Leader 350K-Ger\u00e4t ist als 8-in-1-Ger\u00e4t konzipiert, mit 4 Hauptgeschmacksrichtungen und 4 gemischten Kombinationen.<\/p>\n<h4>9. Wie hoch ist das MOQ?<\/h4>\n<p>Die Mindestbestellmenge betr\u00e4gt 10 St\u00fcck f\u00fcr ein einzelnes Geschmacksset.<\/p>\n<h4>10. Ist Bang Leader 350K f\u00fcr den Gro\u00dfhandel geeignet?<\/h4>\n<p>Ja. Die hohe Anzahl an Puffs, die Unterst\u00fctzung bei der Personalisierung, die exportfreundlichen Verpackungsoptionen und das auff\u00e4llige Aromasystem machen sie zu einer guten Wahl f\u00fcr den Gro\u00dfhandel.<\/p>\n<h3><img data-recalc-dims=\"1\" loading=\"lazy\" decoding=\"async\" class=\"alignnone size-full wp-image-114793\" src=\"https:\/\/i0.wp.com\/aiviouvapes.com\/wp-content\/uploads\/2026\/03\/BANG-LEADER-350K-17.jpg?resize=800%2C1920&#038;ssl=1\" alt=\"Bang Leader 350K\" width=\"800\" height=\"1920\" title=\"\" srcset=\"https:\/\/i0.wp.com\/aiviouvapes.com\/wp-content\/uploads\/2026\/03\/BANG-LEADER-350K-17.jpg?w=800&amp;ssl=1 800w, https:\/\/i0.wp.com\/aiviouvapes.com\/wp-content\/uploads\/2026\/03\/BANG-LEADER-350K-17.jpg?resize=125%2C300&amp;ssl=1 125w, https:\/\/i0.wp.com\/aiviouvapes.com\/wp-content\/uploads\/2026\/03\/BANG-LEADER-350K-17.jpg?resize=427%2C1024&amp;ssl=1 427w, https:\/\/i0.wp.com\/aiviouvapes.com\/wp-content\/uploads\/2026\/03\/BANG-LEADER-350K-17.jpg?resize=768%2C1843&amp;ssl=1 768w, https:\/\/i0.wp.com\/aiviouvapes.com\/wp-content\/uploads\/2026\/03\/BANG-LEADER-350K-17.jpg?resize=640%2C1536&amp;ssl=1 640w, https:\/\/i0.wp.com\/aiviouvapes.com\/wp-content\/uploads\/2026\/03\/BANG-LEADER-350K-17.jpg?resize=5%2C12&amp;ssl=1 5w\" sizes=\"auto, (max-width: 800px) 100vw, 800px\" \/><\/h3>","protected":false},"excerpt":{"rendered":"<p>Bang Leader 350K ist ein leistungsstarker 8-in-1 Einwegdampfer f\u00fcr Vielnutzer, Aromaliebhaber und Gro\u00dfhandelskunden. Mit bis zu 350000 Z\u00fcgen, wiederaufladbarem Typ-C-Ladeger\u00e4t, Mesh-Coil-Leistung und 8 Geschmacksmodi in einem Ger\u00e4t ist er eine gute Wahl f\u00fcr Vape-Shops und Distributoren.<\/p>","protected":false},"featured_media":114785,"comment_status":"open","ping_status":"closed","template":"","meta":[],"product_brand":[239],"product_cat":[37],"product_tag":[],"class_list":{"0":"post-114776","1":"product","2":"type-product","3":"status-publish","4":"has-post-thumbnail","6":"product_brand-bang","7":"product_cat-bang","9":"first","10":"instock","11":"shipping-taxable","12":"product-type-simple"},"jetpack_sharing_enabled":true,"tiered_pricing_type":"fixed","tiered_pricing_fixed_rules":[],"tiered_pricing_product_settings":{"layout":"default","base_unit_name":{"singular":null,"plural":null},"default_variation":null},"tiered_pricing_minimum_quantity":null,"tiered_pricing_roles_data":[],"tiered_pricing_percentage_rules":[],"tiered_pricing_maximum_quantity":null,"tiered_pricing_quantity_step":null,"_links":{"self":[{"href":"https:\/\/aiviouvapes.com\/de\/wp-json\/wp\/v2\/product\/114776","targetHints":{"allow":["GET"]}}],"collection":[{"href":"https:\/\/aiviouvapes.com\/de\/wp-json\/wp\/v2\/product"}],"about":[{"href":"https:\/\/aiviouvapes.com\/de\/wp-json\/wp\/v2\/types\/product"}],"replies":[{"embeddable":true,"href":"https:\/\/aiviouvapes.com\/de\/wp-json\/wp\/v2\/comments?post=114776"}],"wp:featuredmedia":[{"embeddable":true,"href":"https:\/\/aiviouvapes.com\/de\/wp-json\/wp\/v2\/media\/114785"}],"wp:attachment":[{"href":"https:\/\/aiviouvapes.com\/de\/wp-json\/wp\/v2\/media?parent=114776"}],"wp:term":[{"taxonomy":"product_brand","embeddable":true,"href":"https:\/\/aiviouvapes.com\/de\/wp-json\/wp\/v2\/product_brand?post=114776"},{"taxonomy":"product_cat","embeddable":true,"href":"https:\/\/aiviouvapes.com\/de\/wp-json\/wp\/v2\/product_cat?post=114776"},{"taxonomy":"product_tag","embeddable":true,"href":"https:\/\/aiviouvapes.com\/de\/wp-json\/wp\/v2\/product_tag?post=114776"}],"curies":[{"name":"wp","href":"https:\/\/api.w.org\/{rel}","templated":true}]}}