{"id":114623,"date":"2026-03-12T11:10:04","date_gmt":"2026-03-12T03:10:04","guid":{"rendered":"https:\/\/aiviouvapes.com\/?post_type=product&#038;p=114623"},"modified":"2026-04-22T09:03:55","modified_gmt":"2026-04-22T01:03:55","slug":"waspe-bar-60k","status":"publish","type":"product","link":"https:\/\/aiviouvapes.com\/de\/product\/waspe-bar-60k\/","title":{"rendered":"WASPE Bar 60K | 60000 Z\u00fcge, langlebig, 16 Geschmacksrichtungen, Bulk Einweg Vape"},"content":{"rendered":"<p><img data-recalc-dims=\"1\" loading=\"lazy\" decoding=\"async\" class=\"alignnone size-full wp-image-114648\" src=\"https:\/\/i0.wp.com\/aiviouvapes.com\/wp-content\/uploads\/2026\/03\/WASPE-Bar-60K-Puffs-25.jpg?resize=1020%2C1192&#038;ssl=1\" alt=\"WASPE Bar 60K Puffs\" width=\"1020\" height=\"1192\" title=\"\" srcset=\"https:\/\/i0.wp.com\/aiviouvapes.com\/wp-content\/uploads\/2026\/03\/WASPE-Bar-60K-Puffs-25.jpg?w=1643&amp;ssl=1 1643w, https:\/\/i0.wp.com\/aiviouvapes.com\/wp-content\/uploads\/2026\/03\/WASPE-Bar-60K-Puffs-25.jpg?resize=257%2C300&amp;ssl=1 257w, https:\/\/i0.wp.com\/aiviouvapes.com\/wp-content\/uploads\/2026\/03\/WASPE-Bar-60K-Puffs-25.jpg?resize=876%2C1024&amp;ssl=1 876w, https:\/\/i0.wp.com\/aiviouvapes.com\/wp-content\/uploads\/2026\/03\/WASPE-Bar-60K-Puffs-25.jpg?resize=768%2C897&amp;ssl=1 768w, https:\/\/i0.wp.com\/aiviouvapes.com\/wp-content\/uploads\/2026\/03\/WASPE-Bar-60K-Puffs-25.jpg?resize=1314%2C1536&amp;ssl=1 1314w, https:\/\/i0.wp.com\/aiviouvapes.com\/wp-content\/uploads\/2026\/03\/WASPE-Bar-60K-Puffs-25.jpg?resize=10%2C12&amp;ssl=1 10w, https:\/\/i0.wp.com\/aiviouvapes.com\/wp-content\/uploads\/2026\/03\/WASPE-Bar-60K-Puffs-25.jpg?resize=800%2C935&amp;ssl=1 800w\" sizes=\"auto, (max-width: 1020px) 100vw, 1020px\" \/><\/p>\n<h3>Warum sollten Sie sich f\u00fcr WASPE Bar 60K entscheiden?<\/h3>\n<ul>\n<li>\ud83d\udca8 <strong>Bis zu 60000 Z\u00fcge<\/strong> f\u00fcr dauerhafte Nutzung und besseren Wert<\/li>\n<li>\ud83c\udf53 <strong>16 beliebte Frucht- und Eisgeschmacksrichtungen<\/strong> um den unterschiedlichen Geschm\u00e4ckern der Kunden gerecht zu werden<\/li>\n<li>\ud83e\uddca Weiches und angenehmes Geschmackserlebnis f\u00fcr das t\u00e4gliche Dampfen<\/li>\n<li>\ud83d\udd0b Entwickelt f\u00fcr Vielnutzer, die ein Einwegger\u00e4t mit langer Nutzungsdauer w\u00fcnschen<\/li>\n<li>\ud83c\udf0d Verf\u00fcgbar in <strong>0%, 2% und 5% Nikotin<\/strong> f\u00fcr unterschiedliche Marktbed\u00fcrfnisse<\/li>\n<li>\ud83d\udce6 <strong>160 St\u00fcck pro Karton<\/strong> und <strong>10St\u00fcck pro Karton<\/strong>, ideal f\u00fcr Gro\u00dfhandelsauftr\u00e4ge<\/li>\n<li>\ud83c\udfea Ideal f\u00fcr Vape-Shops, H\u00e4ndler, Importeure und Online-Vape-Verk\u00e4ufer<\/li>\n<li>\ud83d\ude80 Starkes High-Puff-Produkt f\u00fcr den Aufbau eines attraktiven Einweg-Vape-Sortiments<\/li>\n<\/ul>\n<h3>WASPE Bar 60K Einweg Vape Details<\/h3>\n<p>Die <strong>WASPE Bar 60K Puffs Einweg-Dampfger\u00e4t<\/strong> ist ein Ger\u00e4t mit hoher Kapazit\u00e4t, das f\u00fcr Kunden entwickelt wurde, die mehr Z\u00fcge, mehr Geschmack und mehr Komfort in einem Produkt w\u00fcnschen. Es ist eine gro\u00dfartige Option f\u00fcr M\u00e4rkte, die lang anhaltende Einwegverdampfer mit auff\u00e4lligen Geschmacksrichtungen und flexiblen Nikotinst\u00e4rken verlangen.<\/p>\n<p>F\u00fcr B2B-K\u00e4ufer ist der WASPE Bar 60K ein einfaches Produkt, das in einen Gro\u00dfhandelskatalog aufgenommen werden kann. Mit einer Kapazit\u00e4t von 60000 Z\u00fcgen hebt er sich von der Konkurrenz auf dem Markt f\u00fcr Einwegdampfer ab, w\u00e4hrend die Geschmacksauswahl fruchtige, eisige, s\u00fc\u00dfe und gemischte Profile umfasst, die bei vielen Verbrauchern beliebt sind. Dies macht es f\u00fcr H\u00e4ndler und Vape-Shops einfacher, sowohl allt\u00e4gliche Dampfer als auch Kunden anzusprechen, die nach einem neuen, mutigen Geschmackserlebnis suchen. \u2728<\/p>\n<h3>Technische Daten von WASPE Bar 60K<\/h3>\n<table>\n<tbody>\n<tr>\n<th>Produktname<\/th>\n<td>WASPE Bar 60K Puffs<\/td>\n<\/tr>\n<tr>\n<th>Ger\u00e4tetyp<\/th>\n<td>Einweg-Vape-Ger\u00e4t<\/td>\n<\/tr>\n<tr>\n<th>Anzahl der Puffs<\/th>\n<td>60000 Puffs<\/td>\n<\/tr>\n<tr>\n<th>Nikotinst\u00e4rke<\/th>\n<td>0% \/ 2% \/ 5%<\/td>\n<\/tr>\n<tr>\n<th>Geschmacksoptionen<\/th>\n<td>16 Geschmacksrichtungen<\/td>\n<\/tr>\n<tr>\n<th>Verpackung<\/th>\n<td>10St\u00fcck\/Karton<\/td>\n<\/tr>\n<tr>\n<th>Karton Menge<\/th>\n<td>160St\u00fcck\/ctn<\/td>\n<\/tr>\n<tr>\n<th>Bruttogewicht<\/th>\n<td>20,8 kg<\/td>\n<\/tr>\n<tr>\n<th>Zielk\u00e4ufer<\/th>\n<td>Gro\u00dfh\u00e4ndler, Distributoren, Vape-Shops, Einzelh\u00e4ndler<\/td>\n<\/tr>\n<\/tbody>\n<\/table>\n<h3>WASPE Bar 60K Geschmacksrichtungen \ud83c\udf4d\ud83c\udf47\ud83c\udf49<\/h3>\n<p><strong>Wassermelone Eis<\/strong> - Saftiger Wassermelonengeschmack mit k\u00fchlem, eisigem Abgang, frisch und leicht zu genie\u00dfen.<\/p>\n<p><strong>Blaubeereis<\/strong> - S\u00fc\u00dfer Heidelbeergeschmack gemischt mit einer knackigen, k\u00fchlenden Note.<\/p>\n<p><strong>Traubeneis<\/strong> - Reichhaltige Traubens\u00fc\u00dfe mit einer erfrischenden Eisnote.<\/p>\n<p><strong>Zitrone-Limette<\/strong> - Leuchtendes Zitrusaroma mit einem spritzigen und lebendigen Geschmack.<\/p>\n<p><strong>Erdbeere-Banane<\/strong> - Eine weiche und s\u00fc\u00dfe Fruchtmischung, die von vielen Vape-Nutzern geliebt wird.<\/p>\n<p><strong>Gemischte Beeren<\/strong> - Eine kr\u00e4ftige Beerenmischung mit einer Mischung aus s\u00fc\u00dfen und herben Noten.<\/p>\n<p><strong>Red Bull Eis<\/strong> - Ein von Energy Drinks inspirierter Geschmack mit einem k\u00fchlen Abgang f\u00fcr einen st\u00e4rkeren Geschmackskick.<\/p>\n<p><strong>Kiwi Wassermelone<\/strong> - Eine ausgewogene Mischung aus saftiger Wassermelone und spritziger Kiwi.<\/p>\n<p><strong>Erdbeere Wassermelone<\/strong> - Eine s\u00fc\u00dfe und erfrischende Fruchtkombination, die viele Kunden anspricht.<\/p>\n<p><strong>Heidelbeere Himbeere Kirsche<\/strong> - Ein reichhaltiges dreifaches Beerenprofil mit tiefer S\u00fc\u00dfe und fruchtiger Komplexit\u00e4t.<\/p>\n<p><strong>Brombeere Schwarze Johannisbeere<\/strong> - Dunkles Beerenaroma mit einem kr\u00e4ftigen und leicht w\u00fcrzigen Abgang.<\/p>\n<p><strong>Erdbeere Schwarzer Drache Eis<\/strong> - Eine besondere Fruchtmischung mit s\u00fc\u00dfer Erdbeere und einer k\u00fchlen exotischen Note.<\/p>\n<p><strong>Erdbeer-Kiwi<\/strong> - Eine klassische Fruchtkombination mit einem ausgewogenen Verh\u00e4ltnis von S\u00fc\u00dfe und W\u00fcrze.<\/p>\n<p><strong>Blaue Kirsche Cola<\/strong> - Eine lustige und einzigartige Mischung aus Beeren-, Kirsch- und Cola-Geschmack.<\/p>\n<p><strong>Kiwi-Melonen-Eis<\/strong> - Eine frische Melonenmischung mit einem Hauch von Kiwi und eisiger Sanftheit.<\/p>\n<p><strong>Pfirsich Mango Ananas<\/strong> - Eine tropische Fruchtmischung voller s\u00fc\u00dfer, saftiger und sonniger Aromen. \ud83c\udf34<\/p>\n<p><img data-recalc-dims=\"1\" loading=\"lazy\" decoding=\"async\" class=\"alignnone size-full wp-image-114647\" src=\"https:\/\/i0.wp.com\/aiviouvapes.com\/wp-content\/uploads\/2026\/03\/WASPE-Bar-60K-Puffs-24.jpg?resize=1020%2C574&#038;ssl=1\" alt=\"WASPE Bar 60K Puffs\" width=\"1020\" height=\"574\" title=\"\" srcset=\"https:\/\/i0.wp.com\/aiviouvapes.com\/wp-content\/uploads\/2026\/03\/WASPE-Bar-60K-Puffs-24.jpg?w=1920&amp;ssl=1 1920w, https:\/\/i0.wp.com\/aiviouvapes.com\/wp-content\/uploads\/2026\/03\/WASPE-Bar-60K-Puffs-24.jpg?resize=300%2C169&amp;ssl=1 300w, https:\/\/i0.wp.com\/aiviouvapes.com\/wp-content\/uploads\/2026\/03\/WASPE-Bar-60K-Puffs-24.jpg?resize=1024%2C576&amp;ssl=1 1024w, https:\/\/i0.wp.com\/aiviouvapes.com\/wp-content\/uploads\/2026\/03\/WASPE-Bar-60K-Puffs-24.jpg?resize=768%2C432&amp;ssl=1 768w, https:\/\/i0.wp.com\/aiviouvapes.com\/wp-content\/uploads\/2026\/03\/WASPE-Bar-60K-Puffs-24.jpg?resize=1536%2C864&amp;ssl=1 1536w, https:\/\/i0.wp.com\/aiviouvapes.com\/wp-content\/uploads\/2026\/03\/WASPE-Bar-60K-Puffs-24.jpg?resize=18%2C10&amp;ssl=1 18w, https:\/\/i0.wp.com\/aiviouvapes.com\/wp-content\/uploads\/2026\/03\/WASPE-Bar-60K-Puffs-24.jpg?resize=800%2C450&amp;ssl=1 800w\" sizes=\"auto, (max-width: 1020px) 100vw, 1020px\" \/> <img data-recalc-dims=\"1\" loading=\"lazy\" decoding=\"async\" class=\"alignnone size-full wp-image-114646\" src=\"https:\/\/i0.wp.com\/aiviouvapes.com\/wp-content\/uploads\/2026\/03\/WASPE-Bar-60K-Puffs-23.jpg?resize=1020%2C574&#038;ssl=1\" alt=\"WASPE Bar 60K Puffs\" width=\"1020\" height=\"574\" title=\"\" srcset=\"https:\/\/i0.wp.com\/aiviouvapes.com\/wp-content\/uploads\/2026\/03\/WASPE-Bar-60K-Puffs-23.jpg?w=1920&amp;ssl=1 1920w, https:\/\/i0.wp.com\/aiviouvapes.com\/wp-content\/uploads\/2026\/03\/WASPE-Bar-60K-Puffs-23.jpg?resize=300%2C169&amp;ssl=1 300w, https:\/\/i0.wp.com\/aiviouvapes.com\/wp-content\/uploads\/2026\/03\/WASPE-Bar-60K-Puffs-23.jpg?resize=1024%2C576&amp;ssl=1 1024w, https:\/\/i0.wp.com\/aiviouvapes.com\/wp-content\/uploads\/2026\/03\/WASPE-Bar-60K-Puffs-23.jpg?resize=768%2C432&amp;ssl=1 768w, https:\/\/i0.wp.com\/aiviouvapes.com\/wp-content\/uploads\/2026\/03\/WASPE-Bar-60K-Puffs-23.jpg?resize=1536%2C864&amp;ssl=1 1536w, https:\/\/i0.wp.com\/aiviouvapes.com\/wp-content\/uploads\/2026\/03\/WASPE-Bar-60K-Puffs-23.jpg?resize=18%2C10&amp;ssl=1 18w, https:\/\/i0.wp.com\/aiviouvapes.com\/wp-content\/uploads\/2026\/03\/WASPE-Bar-60K-Puffs-23.jpg?resize=800%2C450&amp;ssl=1 800w\" sizes=\"auto, (max-width: 1020px) 100vw, 1020px\" \/><\/p>\n<h3>FAQ \u00fcber WASPE Bar 60K \u2753<\/h3>\n<h4>1. Wie viele Z\u00fcge bietet die WASPE Bar 60K?<\/h4>\n<p>Der WASPE Bar 60K bietet bis zu <strong>60000 Z\u00fcge<\/strong>, Das macht ihn zu einer guten Wahl f\u00fcr Benutzer, die einen langlebigen Einwegdampfer wollen.<\/p>\n<h4>2. Welche Nikotinst\u00e4rken gibt es?<\/h4>\n<p>Dieses Ger\u00e4t ist erh\u00e4ltlich in <strong>0%, 2% und 5% Nikotin<\/strong>, So kann es unterschiedlichen Kundenpr\u00e4ferenzen und Marktanforderungen gerecht werden.<\/p>\n<h4>3. Wie viele Geschmacksrichtungen hat dieses Modell?<\/h4>\n<p>Die WASPE Bar 60K ist erh\u00e4ltlich in <strong>16 Geschmacksoptionen<\/strong>, Dazu geh\u00f6ren Frucht-, Eis-, Beeren-, tropische und von Getr\u00e4nken inspirierte Geschmacksrichtungen.<\/p>\n<h4>4. Ist WASPE Bar 60K gut f\u00fcr den Gro\u00dfhandel?<\/h4>\n<p>Ja. Mit <strong>10St\u00fcck pro Karton<\/strong> und <strong>160 St\u00fcck pro Karton<\/strong>, Es ist sehr geeignet f\u00fcr Gro\u00dfh\u00e4ndler, Distributoren und Vape-Shops, die auf der Suche nach Einweg-Vape-Massenware sind.<\/p>\n<h4>5. F\u00fcr wen ist dieses Produkt am besten geeignet?<\/h4>\n<p>Dieses Produkt ist ideal f\u00fcr intensive Nutzer, Aromaliebhaber, Einweg-Vape-H\u00e4ndler und B2B-K\u00e4ufer, die ein Modell mit hohem Puff-Wert und gro\u00dfem Verkaufspotenzial suchen.<\/p>\n<h4>6. Warum ist WASPE Bar 60K attraktiv f\u00fcr Vape Shops?<\/h4>\n<p>Sie vereint eine sehr hohe Puffzahl, flexible Nikotinauswahl und beliebte Geschmacksrichtungen in einem Ger\u00e4t, wodurch Vape-Shops eine wettbewerbsf\u00e4higere und attraktivere Produktauswahl anbieten k\u00f6nnen.<\/p>\n<h3>WASPE Bar 60K \u00dcbersicht<\/h3>\n<p><strong>WASPE Bar 60K Einweg-Dampfger\u00e4t<\/strong> ist eine gute Option f\u00fcr <strong>Vielnutzer<\/strong> die l\u00e4nger nutzen wollen, f\u00fcr <strong>Geschmacksj\u00e4ger<\/strong> die fruchtige und eisige Mischungen m\u00f6gen, und f\u00fcr <strong>Vape-Shops und Gro\u00dfh\u00e4ndler<\/strong> auf der Suche nach einem gefragten Einweg-Vape-Produkt. Mit bis zu 60000 Z\u00fcgen, flexiblen Nikotinwerten und einer f\u00fcr den Gro\u00dfhandel geeigneten Verpackung ist dieses Modell sowohl f\u00fcr den Erfolg im Einzelhandel als auch f\u00fcr das Wachstum des Gro\u00dfhandels geeignet. \ud83d\udcc8<\/p>","protected":false},"excerpt":{"rendered":"<p>Genie\u00dfen Sie die kraftvolle <strong>WASPE Bar 60K Einweg-Dampfger\u00e4t<\/strong> mit bis zu <strong>60000 Z\u00fcge<\/strong>, reichhaltige Frucht- und Eisaromen und flexible <strong>0% \/ 2% \/ 5% Nikotin<\/strong> Optionen. Eine kluge Wahl f\u00fcr Vape-Gro\u00dfh\u00e4ndler, Distributoren und Heavy-User, die nach einem Einweg-Vape mit hohem Puffanteil und starker Marktattraktivit\u00e4t suchen. \ud83d\ude80<\/p>","protected":false},"featured_media":114657,"comment_status":"open","ping_status":"closed","template":"","meta":[],"product_brand":[227],"product_cat":[19,242],"product_tag":[],"class_list":{"0":"post-114623","1":"product","2":"type-product","3":"status-publish","4":"has-post-thumbnail","6":"product_brand-waspe","7":"product_cat-waspe","8":"product_cat-60000-puffs-disposable-vape","10":"first","11":"instock","12":"shipping-taxable","13":"purchasable","14":"product-type-variable","15":"has-default-attributes"},"jetpack_sharing_enabled":true,"tiered_pricing_type":"fixed","tiered_pricing_fixed_rules":{"30":8.3599999999999994315658113919198513031005859375,"50":7.12999999999999989341858963598497211933135986328125,"100":6.589999999999999857891452847979962825775146484375,"200":6.29000000000000003552713678800500929355621337890625,"400":5.9900000000000002131628207280300557613372802734375},"tiered_pricing_product_settings":{"layout":"default","base_unit_name":{"singular":null,"plural":null},"default_variation":null},"tiered_pricing_minimum_quantity":10,"tiered_pricing_roles_data":[],"tiered_pricing_percentage_rules":[],"tiered_pricing_maximum_quantity":null,"tiered_pricing_quantity_step":"10","_links":{"self":[{"href":"https:\/\/aiviouvapes.com\/de\/wp-json\/wp\/v2\/product\/114623","targetHints":{"allow":["GET"]}}],"collection":[{"href":"https:\/\/aiviouvapes.com\/de\/wp-json\/wp\/v2\/product"}],"about":[{"href":"https:\/\/aiviouvapes.com\/de\/wp-json\/wp\/v2\/types\/product"}],"replies":[{"embeddable":true,"href":"https:\/\/aiviouvapes.com\/de\/wp-json\/wp\/v2\/comments?post=114623"}],"wp:featuredmedia":[{"embeddable":true,"href":"https:\/\/aiviouvapes.com\/de\/wp-json\/wp\/v2\/media\/114657"}],"wp:attachment":[{"href":"https:\/\/aiviouvapes.com\/de\/wp-json\/wp\/v2\/media?parent=114623"}],"wp:term":[{"taxonomy":"product_brand","embeddable":true,"href":"https:\/\/aiviouvapes.com\/de\/wp-json\/wp\/v2\/product_brand?post=114623"},{"taxonomy":"product_cat","embeddable":true,"href":"https:\/\/aiviouvapes.com\/de\/wp-json\/wp\/v2\/product_cat?post=114623"},{"taxonomy":"product_tag","embeddable":true,"href":"https:\/\/aiviouvapes.com\/de\/wp-json\/wp\/v2\/product_tag?post=114623"}],"curies":[{"name":"wp","href":"https:\/\/api.w.org\/{rel}","templated":true}]}}