{"id":111831,"date":"2026-02-28T11:05:29","date_gmt":"2026-02-28T03:05:29","guid":{"rendered":"https:\/\/aiviouvapes.com\/?post_type=product&#038;p=111831"},"modified":"2026-03-19T14:48:38","modified_gmt":"2026-03-19T06:48:38","slug":"bang-king-250k","status":"publish","type":"product","link":"https:\/\/aiviouvapes.com\/de\/product\/bang-king-250k\/","title":{"rendered":"Bang King 250K | 4-in-1 Vierfach-Geschmack, 250000 Z\u00fcge, langlebig, Bulk Einweg vape"},"content":{"rendered":"<h2>Bang King 250K | 4-in-1 Vierfach-Geschmack 250000 Z\u00fcge hohe Kapazit\u00e4t Bulk Einweg vape<\/h2>\n<p><strong>Bang King 250K Vierfach-Geschmack 4-in-1 Einweg-Vape<\/strong> ist f\u00fcr maximale Leistung und Vielfalt ausgelegt. Mit 4 eingebauten Aromen in einem Ger\u00e4t, massive e-Fl\u00fcssigkeitskapazit\u00e4t, und leistungsstarke Quad 1.0\u03a9 Spulen, ist diese High-Puff Einweg ideal f\u00fcr Vape-Shops, H\u00e4ndler, und schwere Benutzer, die lang anhaltende Wert und spannende Geschmacksrotation wollen. \ud83d\udd25\ud83d\udca8<\/p>\n<h3>Warum Bang King 250K Vierfach-Geschmack 4-in-1 Einwegdampfer w\u00e4hlen? \ud83d\ude80<\/h3>\n<ul>\n<li><strong>Bis zu 250.000 Z\u00fcge:<\/strong> Ultrahohe Puffzahl, entwickelt f\u00fcr langfristigen Gebrauch und hohe Attraktivit\u00e4t im Einzelhandel.<\/li>\n<li><strong>4-in-1-Quad-Flavor-System:<\/strong> Wechseln Sie zwischen vier Geschmacksrichtungen in einem Ger\u00e4t - mehr Spa\u00df, mehr Abwechslung! \ud83c\udf53\ud83c\udf49\ud83c\udf4b<\/li>\n<li><strong>4 x 15ml E-Liquid Kapazit\u00e4t:<\/strong> Insgesamt 60ml f\u00fcr l\u00e4ngeres Dampfen ohne h\u00e4ufigen Austausch.<\/li>\n<li><strong>650mAh Eingebauter Akku:<\/strong> Stabile Leistungsabgabe f\u00fcr gleichm\u00e4\u00dfige und konstante Leistung.<\/li>\n<li><strong>1.0\u03a9 x4 Mesh Spulen:<\/strong> Starke Geschmacksabgabe und dichte Dampfproduktion.<\/li>\n<li><strong>Gro\u00dfhandelsfertige Verpackung:<\/strong> Optimierte Kartongr\u00f6\u00dfe f\u00fcr Massenversand und Distribution.<\/li>\n<li><strong>Schweres Premium-Gef\u00fchl:<\/strong> 130 g pro Ger\u00e4t f\u00fcr ein solides und hochwertiges Handgef\u00fchl.<\/li>\n<\/ul>\n<h3>Bang King 250K Spezifikationen \ud83d\udcca<\/h3>\n<table>\n<tbody>\n<tr>\n<td><strong>Produktname<\/strong><\/td>\n<td>Bang King 250K Vierfach-Geschmack 4-in-1 Einweg-Vape<\/td>\n<\/tr>\n<tr>\n<td><strong>Anzahl der Puffs<\/strong><\/td>\n<td>Bis zu 250.000 Z\u00fcge<\/td>\n<\/tr>\n<tr>\n<td><strong>Batteriekapazit\u00e4t<\/strong><\/td>\n<td>650mAh eingebauter Akku<\/td>\n<\/tr>\n<tr>\n<td><strong>E-Liquid-Kapazit\u00e4t<\/strong><\/td>\n<td>15ml x 4 (insgesamt 60ml)<\/td>\n<\/tr>\n<tr>\n<td><strong>Coil<\/strong><\/td>\n<td>1.0\u03a9 x4 Spulen<\/td>\n<\/tr>\n<tr>\n<td><strong>Ger\u00e4tegewicht<\/strong><\/td>\n<td>130g pro Einheit<\/td>\n<\/tr>\n<tr>\n<td><strong>10 Einheiten Gewicht<\/strong><\/td>\n<td>1300g<\/td>\n<\/tr>\n<tr>\n<td><strong>200 Einheiten Gewicht<\/strong><\/td>\n<td>27kg<\/td>\n<\/tr>\n<tr>\n<td><strong>Box Gr\u00f6\u00dfe<\/strong><\/td>\n<td>227 x 92 x 128 mm<\/td>\n<\/tr>\n<tr>\n<td><strong>Kartongr\u00f6\u00dfe<\/strong><\/td>\n<td>48 x 47 x 28 cm<\/td>\n<\/tr>\n<\/tbody>\n<\/table>\n<h3>Geschmackssets - 4 Geschmacksrichtungen in 1 Ger\u00e4t \ud83c\udf79\ud83c\udf53<\/h3>\n<p><strong>Zitrone-Limette \/ Wassermelone-Eis \/ Schwarzes Eis Drachenfrucht-Erdbeere \/ Love66<\/strong><br \/>\nFrischer Zitrus-Kick, eisige Wassermelonen-K\u00e4lte, exotische Drachenfruchtmischung und klassische Love66-Shisha-Mischung.<\/p>\n<p><strong>Zitrone-Limette \/ Erdbeere-Eis \/ Himbeere-Wassermelone \/ Fizy-Kirsche<\/strong><br \/>\nS\u00fc\u00dfe, k\u00fchle Erdbeere, saftige Himbeere, Wassermelone und prickelnde Kirsche im Abgang.<\/p>\n<p><strong>Vanille Cola \/ Zitrone Pfirsich \/ Erdbeere Himbeere Kirsche Eis \/ Traube Eis<\/strong><br \/>\nCremige Cola-S\u00fc\u00dfe, fruchtige Pfirsich-Zitronen-Balance, dreifacher Beeren-Eissto\u00df und k\u00fchle Traube.<\/p>\n<p><strong>Pinke Limonade \/ Kiwi Passionsfrucht Guave \/ Pfirsich Beere \/ Erdbeere Banane<\/strong><br \/>\nTropische S\u00fc\u00dfe mit sanfter Banane und erfrischendem Zitrus-Twist.<\/p>\n<p><strong>Traubenexplosion \/ Litschi-Eis \/ Pfirsich Beere \/ Kiwi Passionsfrucht Guave<\/strong><br \/>\nK\u00fchnes Traubenkonfekt, eisige Litschi-Frische und die Verschmelzung von tropischen Fr\u00fcchten.<\/p>\n<p><strong>Erdbeer-Mango \/ Blaue Himbeere Limonade \/ Vanilleeis \/ Saure Dreifachbeere<\/strong><br \/>\nS\u00fc\u00dfe Mango-Mischung, spritzige Blue-Razz-Limonade, cremiger Dessertton und saurer Beerenpunsch.<\/p>\n<p><strong>Wassermelonen-Eis \/ Erdbeer-Mango \/ Heidelbeer-Eis \/ Fizy-Kirsche<\/strong><br \/>\nKlassische Eisfr\u00fcchte mit s\u00fc\u00dfem Beerenprickeln.<\/p>\n<p><strong>Beerenmischung \/ Kirsche-Zitrone \/ Erdbeer-Kiwi \/ Erdbeer-Wassermelone Kaugummi<\/strong><br \/>\nFruchtkombinationen im Stil von S\u00fc\u00dfigkeiten mit erfrischenden Zitrusschichten.<\/p>\n<p><strong>Erdbeer-Wassermelone \/ Kirsch-Cola \/ Saftiges Pfirsicheis \/ Grapefruit-Erfrischer<\/strong><br \/>\nS\u00fc\u00dfes Frucht-Duo, Cola-Sprudel, Pfirsich-Eis und Zitrus-Grapefruit-Kick.<\/p>\n<p><strong>Mojito \/ Monster-Mango \/ Lady Killer \/ Pinke Limonade<\/strong><br \/>\nFrischer Minz-Mojito, kr\u00e4ftige Mango-Energie, erstklassige Shisha-Mischung und spritzige rosa Limonade.<\/p>\n<h3>Perfekt f\u00fcr den Einzel- und Gro\u00dfhandel \ud83c\udfea\ud83d\udce6<\/h3>\n<p>Der Bang King 250K wurde f\u00fcr Heavy-User entwickelt, die lange dampfen wollen, f\u00fcr Geschmacksliebhaber, die gerne die Geschmacksrichtungen wechseln, und f\u00fcr Vape-Shops, die auf der Suche nach margenstarken Einwegger\u00e4ten sind. Seine starke Puffzahl und das Multi-Flavor-System machen ihn f\u00fcr den Einzelhandel und den Gro\u00dfhandel weltweit sehr attraktiv.<\/p>\n<h3>FAQ\u2753 Bang King 250K<\/h3>\n<p><strong>F1: Ist Bang King 250K wiederaufladbar?<\/strong><br \/>\nDas Ger\u00e4t verf\u00fcgt \u00fcber einen eingebauten 650mAh-Akku, der die gro\u00dfe E-Liquid-Kapazit\u00e4t f\u00fcr eine lange Nutzung unterst\u00fctzt.<\/p>\n<p><strong>F2: Wie funktioniert das 4-in-1-Aromasystem?<\/strong><br \/>\nJedes Ger\u00e4t verf\u00fcgt \u00fcber vier separate 15-ml-Aromakammern, die es dem Benutzer erm\u00f6glichen, jederzeit zwischen verschiedenen Geschmacksrichtungen zu wechseln, um ein neues Erlebnis zu genie\u00dfen.<\/p>\n<p><strong>F3: Ist dieses Produkt f\u00fcr Gro\u00dfhandelsbestellungen geeignet?<\/strong><br \/>\nJa. Durch die optimierte Kartongr\u00f6\u00dfe und die Gro\u00dfverpackung (200 St\u00fcck pro Karton) ist es ideal f\u00fcr H\u00e4ndler und Gro\u00dfabnehmer.<\/p>\n<p><strong>F4: F\u00fcr wen ist dieses Ger\u00e4t am besten geeignet?<\/strong><br \/>\nEs ist perfekt f\u00fcr Heavy-User, Geschmacksliebhaber, Vape-Shop-Einzelh\u00e4ndler und globale Gro\u00dfhandelsk\u00e4ufer, die hochwertige Einwegprodukte mit hohem Puffgehalt suchen.<\/p>\n<p><strong>F5: Wodurch zeichnet sich dieses Modell auf dem Markt aus?<\/strong><br \/>\nSeine ultrahohe Puffzahl, das Vierfach-Aromaschaltsystem und die starke Geschmacksabgabe von 1,0-\u03a9-Spulen machen ihn zu einem wettbewerbsf\u00e4higen Bestseller auf dem Markt f\u00fcr Einwegdampfer. \ud83d\udca8\ud83d\udd25<\/p>\n<h3><img data-recalc-dims=\"1\" loading=\"lazy\" decoding=\"async\" class=\"alignnone size-full wp-image-111896\" src=\"https:\/\/i0.wp.com\/aiviouvapes.com\/wp-content\/uploads\/2026\/02\/Bang-King-250k-11.jpg?resize=774%2C1920&#038;ssl=1\" alt=\"Bang King 250k\" width=\"774\" height=\"1920\" title=\"\" srcset=\"https:\/\/i0.wp.com\/aiviouvapes.com\/wp-content\/uploads\/2026\/02\/Bang-King-250k-11.jpg?w=774&amp;ssl=1 774w, https:\/\/i0.wp.com\/aiviouvapes.com\/wp-content\/uploads\/2026\/02\/Bang-King-250k-11.jpg?resize=121%2C300&amp;ssl=1 121w, https:\/\/i0.wp.com\/aiviouvapes.com\/wp-content\/uploads\/2026\/02\/Bang-King-250k-11.jpg?resize=413%2C1024&amp;ssl=1 413w, https:\/\/i0.wp.com\/aiviouvapes.com\/wp-content\/uploads\/2026\/02\/Bang-King-250k-11.jpg?resize=768%2C1905&amp;ssl=1 768w, https:\/\/i0.wp.com\/aiviouvapes.com\/wp-content\/uploads\/2026\/02\/Bang-King-250k-11.jpg?resize=619%2C1536&amp;ssl=1 619w, https:\/\/i0.wp.com\/aiviouvapes.com\/wp-content\/uploads\/2026\/02\/Bang-King-250k-11.jpg?resize=5%2C12&amp;ssl=1 5w\" sizes=\"auto, (max-width: 774px) 100vw, 774px\" \/><\/h3>","protected":false},"excerpt":{"rendered":"<p>Bang King 250K Vierfach-Geschmack 4-in-1 Einweg-Vape mit bis zu 250000 Puffs, 650mAh Akku, 4x15ml e-Fl\u00fcssigkeit und 1.0\u03a9 Quad-Coils. Perfekt f\u00fcr Gro\u00dfhandel, Distributoren und schwere vape Benutzer auf der Suche nach hohen Puff Bulk-Ger\u00e4te.<\/p>","protected":false},"featured_media":112376,"comment_status":"open","ping_status":"closed","template":"","meta":[],"product_brand":[239],"product_cat":[37,336],"product_tag":[517,408,349,478,518],"class_list":{"0":"post-111831","1":"product","2":"type-product","3":"status-publish","4":"has-post-thumbnail","6":"product_brand-bang","7":"product_cat-bang","8":"product_cat-100k-puffs-disposable-vape","9":"product_tag-250k-disposable-vape","10":"product_tag-4-in-1-disposable-vape","11":"product_tag-bulk-disposable-vape","12":"product_tag-high-puff-disposable-vape","13":"product_tag-quad-flavor-vape","15":"first","16":"instock","17":"shipping-taxable","18":"purchasable","19":"product-type-variable","20":"has-default-attributes"},"jetpack_sharing_enabled":true,"tiered_pricing_type":"fixed","tiered_pricing_fixed_rules":{"30":9.589999999999999857891452847979962825775146484375,"50":7.9900000000000002131628207280300557613372802734375,"100":7.519999999999999573674358543939888477325439453125,"200":6.87000000000000010658141036401502788066864013671875,"400":6.3499999999999996447286321199499070644378662109375},"tiered_pricing_product_settings":{"layout":"default","base_unit_name":{"singular":null,"plural":null},"default_variation":null},"tiered_pricing_minimum_quantity":10,"tiered_pricing_roles_data":[],"tiered_pricing_percentage_rules":[],"tiered_pricing_maximum_quantity":null,"tiered_pricing_quantity_step":"10","_links":{"self":[{"href":"https:\/\/aiviouvapes.com\/de\/wp-json\/wp\/v2\/product\/111831","targetHints":{"allow":["GET"]}}],"collection":[{"href":"https:\/\/aiviouvapes.com\/de\/wp-json\/wp\/v2\/product"}],"about":[{"href":"https:\/\/aiviouvapes.com\/de\/wp-json\/wp\/v2\/types\/product"}],"replies":[{"embeddable":true,"href":"https:\/\/aiviouvapes.com\/de\/wp-json\/wp\/v2\/comments?post=111831"}],"wp:featuredmedia":[{"embeddable":true,"href":"https:\/\/aiviouvapes.com\/de\/wp-json\/wp\/v2\/media\/112376"}],"wp:attachment":[{"href":"https:\/\/aiviouvapes.com\/de\/wp-json\/wp\/v2\/media?parent=111831"}],"wp:term":[{"taxonomy":"product_brand","embeddable":true,"href":"https:\/\/aiviouvapes.com\/de\/wp-json\/wp\/v2\/product_brand?post=111831"},{"taxonomy":"product_cat","embeddable":true,"href":"https:\/\/aiviouvapes.com\/de\/wp-json\/wp\/v2\/product_cat?post=111831"},{"taxonomy":"product_tag","embeddable":true,"href":"https:\/\/aiviouvapes.com\/de\/wp-json\/wp\/v2\/product_tag?post=111831"}],"curies":[{"name":"wp","href":"https:\/\/api.w.org\/{rel}","templated":true}]}}