{"id":111052,"date":"2026-02-27T00:02:11","date_gmt":"2026-02-26T16:02:11","guid":{"rendered":"https:\/\/aiviouvapes.com\/?post_type=product&#038;p=111052"},"modified":"2026-03-17T11:19:06","modified_gmt":"2026-03-17T03:19:06","slug":"fihp-90k","status":"publish","type":"product","link":"https:\/\/aiviouvapes.com\/de\/product\/fihp-90k\/","title":{"rendered":"FIHP 90K 3-in-1 | 90.000 Z\u00fcge, 42ml, Dreifach-Geschmack, LED-Bildschirm, Einweg-Vape"},"content":{"rendered":"<p><!-- Short SEO Description --><\/p>\n<h2>FIHP 90000 3-in-1 90.000 Z\u00fcge | Dreifach-Geschmack LED-Bildschirm wiederaufladbare Einweg-Vape<\/h2>\n<p>\ud83d\udd25 <strong>Dreifache Geschmacksleistung. Massive 90K Leistung. Intelligente LED-Steuerung.<\/strong> \ud83d\udd25<\/p>\n<p><strong>FIHP 90000 90K Puffs Einweg-Dampfger\u00e4t<\/strong> wurde f\u00fcr ernsthafte Dampfer entwickelt, die extreme Langlebigkeit, kr\u00e4ftige Geschmacksabgabe und intelligente Benutzerfreundlichkeit verlangen. Ausgestattet mit einem innovativen <strong>3-in-1-Dreifach-Geschmackssystem<\/strong>, Dieses Ger\u00e4t vereint drei erstklassige Geschmacksrichtungen in einem leistungsstarken Ger\u00e4t mit einem massiven <strong>42mL e-Fl\u00fcssigkeit Kapazit\u00e4t<\/strong>.<\/p>\n<p>Es ist f\u00fcr Gro\u00dfverbraucher und Gro\u00dfm\u00e4rkte konzipiert und liefert bis zu <strong>90.000 Z\u00fcge<\/strong> und sorgt f\u00fcr gleichm\u00e4\u00dfigen Dampf vom ersten bis zum letzten Zug. Ausgestattet mit einem <strong>0.9\u03a9 Dual Mesh Coil<\/strong> und <strong>650mAh wiederaufladbare Batterie<\/strong> mit Typ-C-Schnellladefunktion sorgt dieser fortschrittliche Einwegdampfer jedes Mal f\u00fcr dichte Wolken und \u00fcberragende Geschmacksklarheit.<\/p>\n<h3>FIHP 90K \u00dcbersicht &amp; Merkmale<\/h3>\n<p>- Bis zu 90.000 Z\u00fcge ultra-lange Leistung<br \/>\n- 3-in-1 Triple Flavor System (42mL Gesamtkapazit\u00e4t)<br \/>\n- 0.9\u03a9 Dual Mesh Coil f\u00fcr erh\u00f6hte Dampfdichte<br \/>\n- 650mAh wiederaufladbare Batterie<br \/>\n- Unterst\u00fctzung f\u00fcr Typ-C-Schnellladung<br \/>\n- Intelligenter LED-Bildschirm mit Echtzeit-Batterieanzeige<br \/>\n- Erh\u00e4ltlich in den Nikotinst\u00e4rken 2% &amp; 5%<br \/>\n- 10 erstklassige Geschmackskombinationen<br \/>\n- 10 St\u00fcck pro Karton - gro\u00dfhandelsfreundliche Verpackung<\/p>\n<h3>FIHP 90K Spezifikationen<\/h3>\n<table>\n<tbody>\n<tr>\n<th>Merkmal<\/th>\n<th>Einzelheiten<\/th>\n<\/tr>\n<tr>\n<td>Anzahl der Puffs<\/td>\n<td>Bis zu 90.000 Puffs<\/td>\n<\/tr>\n<tr>\n<td>E-Liquid-Kapazit\u00e4t<\/td>\n<td>42mL (Dreifach-Geschmacks-System)<\/td>\n<\/tr>\n<tr>\n<td>Coil<\/td>\n<td>0.9\u03a9 Dual Mesh Spule<\/td>\n<\/tr>\n<tr>\n<td>Batterie<\/td>\n<td>650mAh Wiederaufladbar<\/td>\n<\/tr>\n<tr>\n<td>Aufladen<\/td>\n<td>Typ-C-Schnellaufladung<\/td>\n<\/tr>\n<tr>\n<td>Anzeige<\/td>\n<td>Intelligente LED (Echtzeit-Batterie %)<\/td>\n<\/tr>\n<tr>\n<td>Nikotinst\u00e4rke<\/td>\n<td>2% \/ 5%<\/td>\n<\/tr>\n<tr>\n<td>Verpackung<\/td>\n<td>10 St\u00fcck pro Karton<\/td>\n<\/tr>\n<\/tbody>\n<\/table>\n<h3>FIHP 90K-Geschmackskombinationen (3-in-1-System)<\/h3>\n<table>\n<tbody>\n<tr>\n<th>Geschmacksrichtung Combo<\/th>\n<th>Dreifach-Mischung<\/th>\n<\/tr>\n<tr>\n<td>Kombi 1<\/td>\n<td>Fizzy Kirsche | Lady Killer | Gummib\u00e4rchen<\/td>\n<\/tr>\n<tr>\n<td>Kombi 2<\/td>\n<td>Heidelbeere-Himbeere | Liebe 666 | Pfirsicheis<\/td>\n<\/tr>\n<tr>\n<td>Kombi 3<\/td>\n<td>Himbeere-Wassermelone | Gemischte Beeren | Mango-Pfirsich<\/td>\n<\/tr>\n<tr>\n<td>Kombi 4<\/td>\n<td>Blue Razz Lemonade | Strawberry Raspberry | Rainbow Candy<\/td>\n<\/tr>\n<tr>\n<td>Kombi 5<\/td>\n<td>Wassermelone Bubblegum | Grape Ice | Black Dragon Ice<\/td>\n<\/tr>\n<tr>\n<td>Kombi 6<\/td>\n<td>Ananas-Kokosnuss | Gemischte Fr\u00fcchte | Zitrone-Pfirsich<\/td>\n<\/tr>\n<tr>\n<td>Kombi 7<\/td>\n<td>Doppelter Apfel | Erdbeere Banane | Himbeere Wassermelone<\/td>\n<\/tr>\n<tr>\n<td>Kombi 8<\/td>\n<td>Wassermelonen-Eis | Red Bull | Erdbeer-Kiwi<\/td>\n<\/tr>\n<tr>\n<td>Kombi 9<\/td>\n<td>Blaubeereis | Erdbeer-Wassermelone | Zitrone-Limette<\/td>\n<\/tr>\n<tr>\n<td>Kombi 10<\/td>\n<td>Pfirsich-Beere | Dreifach-Melone | Wassermelone-Eis<\/td>\n<\/tr>\n<\/tbody>\n<\/table>\n<h3>FIHP 90K verf\u00fcgbare Geschmacksrichtungen<\/h3>\n<p>Fizzy Kirsche &amp; Lady Killer &amp; Gummib\u00e4rchen<br \/>\nHeidelbeere-Himbeere &amp; Liebe 666 &amp; Pfirsicheis<br \/>\nHimbeere Wassermelone &amp; Gemischte Beeren &amp; Mango Pfirsich<br \/>\nBlue Razz Lemonade &amp; Erdbeer-Himbeer &amp; Regenbogen-Bonbons<br \/>\nWassermelone Bubblegum &amp; Grape Ice &amp; Black Dragon Ice<br \/>\nAnanas-Kokosnuss &amp; Gemischte Fr\u00fcchte &amp; Zitrone-Pfirsich<br \/>\nDoppelter Apfel &amp; Erdbeere Banane &amp; Himbeere Wassermelone<br \/>\nWassermeloneneis &amp; Red Bull &amp; Erdbeer-Kiwi<br \/>\nBlaubeereis &amp; Erdbeere Wassermelone &amp; Zitrone-Limette<br \/>\nPfirsich-Beere &amp; Dreifach-Melone &amp; Wassermeloneneis<\/p>\n<h3>Warum FIHP 90000 3-in-1 90K w\u00e4hlen?<\/h3>\n<ul>\n<li>\ud83d\ude80 Die extreme Kapazit\u00e4t von 90.000 Puffs reduziert die Austauschh\u00e4ufigkeit<\/li>\n<li>\ud83c\udf53 Dreifache Geschmacksumschaltung f\u00fcr mehr Vielfalt<\/li>\n<li>\ud83d\udca8 Dual-Mesh-Spule f\u00fcr massive Wolken und reichen Geschmack<\/li>\n<li>\ud83d\udd0b Wiederaufladbar mit LED-Batterie\u00fcberwachung<\/li>\n<li>\u26a1 Typ-C-Schnellladefunktion<\/li>\n<li>\ud83d\udce6 Gro\u00dfhandelstaugliche Verpackung 10 St\u00fcck\/Karton<\/li>\n<li>\ud83c\udfea Ideal f\u00fcr Vape-Shops, Vertreiber und Gro\u00dfabnehmer<\/li>\n<\/ul>\n<p><strong>FIHP 90000 3-in-1 Einweg-Dampfger\u00e4t<\/strong> wurde f\u00fcr Heavy-User, Geschmacksj\u00e4ger und Gro\u00dfh\u00e4ndler entwickelt, die Ger\u00e4te mit hoher Kapazit\u00e4t und Premium-Leistung suchen. Mit dreifacher Geschmacksinnovation, massivem Puff-Output und intelligenter LED-Steuerung ist er eine leistungsstarke Erg\u00e4nzung f\u00fcr jedes Vape-Shop-Inventar oder Gro\u00dfhandelsportfolio.<\/p>\n<h3>FIHP 90K FAQ<\/h3>\n<p><strong>F1: Wie lange h\u00e4lt das FIHP 90000?<\/strong><br \/>\nA: Er liefert je nach Nutzungsgewohnheiten bis zu 90.000 Z\u00fcge, was die H\u00e4ufigkeit des Austauschs deutlich reduziert.<\/p>\n<p><strong>F2: Ist das Ger\u00e4t wiederaufladbar?<\/strong><br \/>\nA: Ja, es verf\u00fcgt \u00fcber einen 650-mAh-Akku mit Typ-C-Schnellladung.<\/p>\n<p><strong>F3: K\u00f6nnen Benutzer zwischen den Geschmacksrichtungen wechseln?<\/strong><br \/>\nA: Ja, das 3-in-1-System integriert drei Geschmacksrichtungen in einem Ger\u00e4t f\u00fcr ein dynamisches Dampferlebnis.<\/p>\n<p><strong>F4: Welche Nikotinst\u00e4rken gibt es?<\/strong><br \/>\nA: Sie ist in den Nikotinvarianten 2% und 5% erh\u00e4ltlich.<\/p>\n<p><strong>F5: Ist dies f\u00fcr den Gro\u00dfhandel geeignet?<\/strong><br \/>\nA: Auf jeden Fall. Es kommt in 10 St\u00fcck pro Box, so dass es ideal f\u00fcr Vape-Shops und Gro\u00dfhandel.<\/p>","protected":false},"excerpt":{"rendered":"<p><strong>FIHP 90000 3-in-1 Einweg-Dampfger\u00e4t<\/strong> liefert bis zu 90.000 Z\u00fcge mit dreifachem Geschmack, 42mL e-Fl\u00fcssigkeit, LED-Bildschirm und wiederaufladbare Energie, Dual-Mesh-Spule, massive Wolken, Gro\u00dfhandel bereit Verpackung.<\/p>","protected":false},"featured_media":111131,"comment_status":"open","ping_status":"closed","template":"","meta":[],"product_brand":[236],"product_cat":[18],"product_tag":[513,516,512,349,330,511,515,331,514,497],"class_list":{"0":"post-111052","1":"product","2":"type-product","3":"status-publish","4":"has-post-thumbnail","6":"product_brand-fihp","7":"product_cat-fihp","8":"product_tag-3-in-1-vape","9":"product_tag-90000-puffs-vape","10":"product_tag-90k-disposable-vape","11":"product_tag-bulk-disposable-vape","12":"product_tag-dual-mesh-coil-vape","13":"product_tag-fihp-90000","14":"product_tag-led-screen-disposable-vape","15":"product_tag-rechargeable-disposable-vape","16":"product_tag-triple-flavor-vape","17":"product_tag-wholesale-vape-supplier","19":"first","20":"instock","21":"shipping-taxable","22":"purchasable","23":"product-type-variable","24":"has-default-attributes"},"jetpack_sharing_enabled":true,"tiered_pricing_type":"fixed","tiered_pricing_fixed_rules":{"30":9.589999999999999857891452847979962825775146484375,"50":7.910000000000000142108547152020037174224853515625,"100":7.38999999999999968025576890795491635799407958984375,"200":6.7400000000000002131628207280300557613372802734375,"400":6.21999999999999975131004248396493494510650634765625},"tiered_pricing_product_settings":{"layout":"default","base_unit_name":{"singular":null,"plural":null},"default_variation":null},"tiered_pricing_minimum_quantity":10,"tiered_pricing_roles_data":[],"tiered_pricing_percentage_rules":[],"tiered_pricing_maximum_quantity":null,"tiered_pricing_quantity_step":"10","_links":{"self":[{"href":"https:\/\/aiviouvapes.com\/de\/wp-json\/wp\/v2\/product\/111052","targetHints":{"allow":["GET"]}}],"collection":[{"href":"https:\/\/aiviouvapes.com\/de\/wp-json\/wp\/v2\/product"}],"about":[{"href":"https:\/\/aiviouvapes.com\/de\/wp-json\/wp\/v2\/types\/product"}],"replies":[{"embeddable":true,"href":"https:\/\/aiviouvapes.com\/de\/wp-json\/wp\/v2\/comments?post=111052"}],"wp:featuredmedia":[{"embeddable":true,"href":"https:\/\/aiviouvapes.com\/de\/wp-json\/wp\/v2\/media\/111131"}],"wp:attachment":[{"href":"https:\/\/aiviouvapes.com\/de\/wp-json\/wp\/v2\/media?parent=111052"}],"wp:term":[{"taxonomy":"product_brand","embeddable":true,"href":"https:\/\/aiviouvapes.com\/de\/wp-json\/wp\/v2\/product_brand?post=111052"},{"taxonomy":"product_cat","embeddable":true,"href":"https:\/\/aiviouvapes.com\/de\/wp-json\/wp\/v2\/product_cat?post=111052"},{"taxonomy":"product_tag","embeddable":true,"href":"https:\/\/aiviouvapes.com\/de\/wp-json\/wp\/v2\/product_tag?post=111052"}],"curies":[{"name":"wp","href":"https:\/\/api.w.org\/{rel}","templated":true}]}}