{"id":9135,"date":"2024-08-21T10:54:29","date_gmt":"2024-08-21T10:54:29","guid":{"rendered":"https:\/\/aiviouvapes.com\/?page_id=9135"},"modified":"2024-12-02T02:32:31","modified_gmt":"2024-12-01T18:32:31","slug":"buy-vapes-in-belgium-with-bancontact","status":"publish","type":"page","link":"https:\/\/aiviouvapes.com\/de\/buy-vapes-in-belgium-with-bancontact\/","title":{"rendered":"Vapes kaufen in Belgien mit Bancontact"},"content":{"rendered":"<p>Bancontact ist ein beliebtes elektronisches Zahlungssystem in Belgien, das eine sichere, effiziente und benutzerfreundliche Methode f\u00fcr die Abwicklung von Transaktionen sowohl online als auch offline bietet. Als eine landesweit anerkannte Zahlungsoption erm\u00f6glicht Bancontact nahtlose und zuverl\u00e4ssige Transaktionen f\u00fcr belgische Verbraucher und Unternehmen gleicherma\u00dfen. Das System unterst\u00fctzt eine breite Palette von Zahlungsszenarien, von kontaktlosen und mobilen Zahlungen bis hin zu Online-Eink\u00e4ufen, was es zu einer vielseitigen und bequemen Wahl f\u00fcr den t\u00e4glichen Gebrauch macht.<\/p>\n<h3>Warum Bancontact w\u00e4hlen?<\/h3>\n<p><strong>1. Einfache und flexible Zahlungen f\u00fcr alle Betr\u00e4ge<\/strong><br \/>\nBancontact ist so konzipiert, dass Transaktionen jeder Gr\u00f6\u00dfenordnung m\u00f6glich sind, egal ob Sie einen kleinen Einkauf oder eine gr\u00f6\u00dfere Zahlung t\u00e4tigen. Mit Bancontact k\u00f6nnen Sie Ihre Karte f\u00fcr jeden Betrag verwenden, was sie zu einer bequemen Option f\u00fcr alle Arten von Ausgaben macht, von Lebensmitteln bis hin zu gro\u00dfen Anschaffungen.<\/p>\n<p><strong>2. Schnelles kontaktloses Bezahlen<\/strong><br \/>\nF\u00fcr diejenigen, die Wert auf Schnelligkeit und Bequemlichkeit legen, bietet Bancontact die M\u00f6glichkeit, kontaktlos zu bezahlen. Halten Sie Ihre Bancontact-Karte einfach in die N\u00e4he eines kontaktlosen Terminals, und die Zahlung wird sofort abgeschlossen. Diese Funktion ist ideal f\u00fcr schnelle Eink\u00e4ufe und macht die Warteschlangen an den Kassen schneller und effizienter.<\/p>\n<p><strong>3. Sicheres Online-Shopping<\/strong><br \/>\nBancontact wird von vielen Online-H\u00e4ndlern akzeptiert und erm\u00f6glicht es den belgischen Verbrauchern, problemlos in verschiedenen Internetshops einzukaufen. Die nahtlose Integration von Bancontact in E-Commerce-Plattformen bietet eine sichere und effiziente Zahlungsmethode f\u00fcr den Online-Einkauf, die es den Verbrauchern erm\u00f6glicht, vertrauensvoll von zu Hause aus einzukaufen.<\/p>\n<p><strong>4. Mobiles Bezahlen leicht gemacht<\/strong><br \/>\nMit der Payconiq by Bancontact-App k\u00f6nnen Nutzer mobile Zahlungen in Gesch\u00e4ften, online und sogar in Restaurants vornehmen. Diese App erweitert die Benutzerfreundlichkeit von Bancontact und erm\u00f6glicht es den Verbrauchern, Zahlungen unterwegs mit ihren mobilen Ger\u00e4ten \u00fcberall dort vorzunehmen, wo Bancontact oder Payconiq akzeptiert wird.<\/p>\n<p><strong>5. Bequeme Bargeldabhebungen<\/strong><br \/>\nBancontact erm\u00f6glicht es den Nutzern auch, sicher und einfach Bargeld abzuheben, so dass sie jederzeit \u00fcber ihr Geld verf\u00fcgen k\u00f6nnen. Diese Flexibilit\u00e4t ist besonders f\u00fcr diejenigen von Vorteil, die es vorziehen, f\u00fcr bestimmte Eink\u00e4ufe Bargeld zur Verf\u00fcgung zu haben.<\/p>\n<hr \/>\n<h2>Einweg-Vapes kaufen mit Bancontact bei AiviouVapes<\/h2>\n<p>AiviouVapes freut sich, ank\u00fcndigen zu k\u00f6nnen, dass wir nun Bancontact als Zahlungsmethode f\u00fcr den Kauf von Einweg-Vapes akzeptieren. Dieser Neuzugang entspricht unserem Engagement, unseren belgischen Kunden flexible und bequeme Zahlungsm\u00f6glichkeiten anzubieten. Hier erfahren Sie, warum Bancontact eine ausgezeichnete Wahl f\u00fcr den Kauf von Einwegdampfern bei AiviouVapes ist:<\/p>\n<p><strong>1. Problemlose Transaktionen<\/strong><br \/>\nDie Verwendung von Bancontact bei AiviouVapes gew\u00e4hrleistet einen reibungslosen und effizienten Einkauf. Ob Sie einen einzelnen Vape kaufen oder sich mit Ihren Lieblingsaromen eindecken, Bancontact wickelt Zahlungen sicher und schnell ab.<\/p>\n<p><strong>2. Sichere und verl\u00e4ssliche Zahlungen<\/strong><br \/>\nBancontact setzt fortschrittliche Sicherheitsma\u00dfnahmen ein, die die Finanzdaten der Benutzer sch\u00fctzen und die Transaktionen vor Betrug bewahren. Dank dieser Sicherheit k\u00f6nnen unsere Kunden vertrauensvoll auf unserer Website einkaufen.<\/p>\n<p><strong>3. Sofortige Zahlungsbest\u00e4tigung<\/strong><br \/>\nBancontact-Transaktionen werden sofort verarbeitet, so dass Ihre Bestellung ohne Verz\u00f6gerung best\u00e4tigt und f\u00fcr den Versand vorbereitet wird. Diese sofortige Best\u00e4tigung ist ideal f\u00fcr Kunden, die ihre Vapes schnell geliefert haben m\u00f6chten.<\/p>\n<hr \/>\n<h3>Wie man Bancontact bei AiviouVapes benutzt<\/h3>\n<p><strong>Schritt-f\u00fcr-Schritt-Anleitung f\u00fcr Zahlungen mit Bancontact:<\/strong><\/p>\n<ol>\n<li><strong>Produkte zum Warenkorb hinzuf\u00fcgen:<\/strong>\n<ul>\n<li>St\u00f6bern Sie in unserem Angebot an Einwegverdampfern und w\u00e4hlen Sie die Produkte aus, die Sie kaufen m\u00f6chten.<\/li>\n<\/ul>\n<\/li>\n<li><strong>Gehen Sie zur Kasse:<\/strong>\n<ul>\n<li>Sobald Sie Ihre Artikel ausgew\u00e4hlt haben, gehen Sie zur Kasse.<\/li>\n<\/ul>\n<\/li>\n<li><strong>W\u00e4hlen Sie Bancontact:<\/strong>\n<ul>\n<li>W\u00e4hlen Sie in den Zahlungsoptionen Bancontact als Ihre bevorzugte Methode.<\/li>\n<\/ul>\n<\/li>\n<li><strong>Zahlungsdetails eingeben:<\/strong>\n<ul>\n<li>Folgen Sie den Aufforderungen zur Eingabe Ihrer Bancontact-Kartendaten oder verwenden Sie die Payconiq by Bancontact-App f\u00fcr eine mobile Zahlung.<\/li>\n<\/ul>\n<\/li>\n<li><strong>Best\u00e4tigen Sie Ihre Zahlung:<\/strong>\n<ul>\n<li>Schlie\u00dfen Sie Ihre Zahlung ab, um die Transaktion abzuschlie\u00dfen. Sie erhalten sofort eine Best\u00e4tigung Ihrer Bestellung.<\/li>\n<\/ul>\n<\/li>\n<li><strong>Auftragsabwicklung:<\/strong>\n<ul>\n<li>Ihre Bestellung wird bearbeitet und an die von Ihnen gew\u00e4hlte Adresse verschickt. Viel Spa\u00df mit Ihren AiviouVapes Einwegdampfern!<\/li>\n<\/ul>\n<\/li>\n<\/ol>\n<p>Sehen Sie sich die Vapes hier an:<\/p>\n<p><a href=\"https:\/\/aiviouvapes.com\/de\/shop\/\">https:\/\/aiviouvapes.com\/shop\/<\/a><\/p>","protected":false},"excerpt":{"rendered":"<p>Bancontact is a popular electronic payment system in Belgium, providing a secure, efficient, and user-friendly method for completing transactions both online and offline. As a nationally recognized payment option, Bancontact enables seamless and reliable transactions for Belgian consumers and businesses alike. The system supports a wide range of payment scenarios, from contactless and mobile payments [&#8230;]\n","protected":false},"author":1,"featured_media":0,"parent":0,"menu_order":0,"comment_status":"closed","ping_status":"closed","template":"page-blank-title-center.php","meta":{"footnotes":""},"class_list":["post-9135","page","type-page","status-publish","hentry"],"jetpack_sharing_enabled":true,"_links":{"self":[{"href":"https:\/\/aiviouvapes.com\/de\/wp-json\/wp\/v2\/pages\/9135","targetHints":{"allow":["GET"]}}],"collection":[{"href":"https:\/\/aiviouvapes.com\/de\/wp-json\/wp\/v2\/pages"}],"about":[{"href":"https:\/\/aiviouvapes.com\/de\/wp-json\/wp\/v2\/types\/page"}],"author":[{"embeddable":true,"href":"https:\/\/aiviouvapes.com\/de\/wp-json\/wp\/v2\/users\/1"}],"replies":[{"embeddable":true,"href":"https:\/\/aiviouvapes.com\/de\/wp-json\/wp\/v2\/comments?post=9135"}],"version-history":[{"count":0,"href":"https:\/\/aiviouvapes.com\/de\/wp-json\/wp\/v2\/pages\/9135\/revisions"}],"wp:attachment":[{"href":"https:\/\/aiviouvapes.com\/de\/wp-json\/wp\/v2\/media?parent=9135"}],"curies":[{"name":"wp","href":"https:\/\/api.w.org\/{rel}","templated":true}]}}