{"id":9132,"date":"2024-08-21T10:53:56","date_gmt":"2024-08-21T10:53:56","guid":{"rendered":"https:\/\/aiviouvapes.com\/?page_id=9132"},"modified":"2024-12-03T13:01:14","modified_gmt":"2024-12-03T05:01:14","slug":"buy-vapes-in-netherlands-with-ideal","status":"publish","type":"page","link":"https:\/\/aiviouvapes.com\/de\/buy-vapes-in-netherlands-with-ideal\/","title":{"rendered":"Vapes in den Niederlanden mit iDEAL kaufen"},"content":{"rendered":"<p><strong>iDEAL: Die bevorzugte Zahlungsmethode in den Niederlanden f\u00fcr sichere und schnelle Transaktionen<\/strong><\/p>\n<p>iDEAL ist eine sehr beliebte Online-Zahlungsmethode in den Niederlanden, mit der Verbraucher sichere Zahlungen in Echtzeit direkt \u00fcber ihre eigene Bank t\u00e4tigen k\u00f6nnen. iDEAL ist nahtlos in die Online-Banking-Umgebung niederl\u00e4ndischer Banken integriert und bietet ein optimiertes Erlebnis, bei dem Geld problemlos vom Konto des Verbrauchers auf das des H\u00e4ndlers \u00fcberwiesen werden kann. Hier erfahren Sie, was iDEAL so effektiv macht:<\/p>\n<ol>\n<li><strong>Benutzerfreundlichkeit<\/strong>: Zahlungen werden \u00fcber die Mobile-Banking-App oder die Online-Banking-Site der Bank des Verbrauchers abgewickelt, was es zu einem vertrauten und unkomplizierten Vorgang macht.<\/li>\n<li><strong>Echtzeit-Best\u00e4tigung<\/strong>: Verbraucher erhalten eine sofortige Zahlungsbest\u00e4tigung, was das Vertrauen st\u00e4rkt und die Transaktionszeiten beschleunigt.<\/li>\n<li><strong>Unwiderrufliche Zahlungen<\/strong>: Sobald eine iDEAL-Transaktion genehmigt wurde, kann sie nicht mehr r\u00fcckg\u00e4ngig gemacht werden. Dadurch wird sichergestellt, dass die Gelder sicher \u00fcberwiesen und sofort verarbeitet werden.<\/li>\n<li><strong>Vielseitigkeit<\/strong>: iDEAL unterst\u00fctzt verschiedene Zahlungsszenarien, darunter direkte Online-Zahlungen, Zahlungen \u00fcber Links in E-Mails oder Nachrichten und sogar Transaktionen \u00fcber iDEAL-QR-Codes f\u00fcr physische und digitale Umgebungen.<\/li>\n<\/ol>\n<p>Dank seiner sicheren Infrastruktur und Benutzerfreundlichkeit ist iDEAL zur vertrauensw\u00fcrdigsten Zahlungsmethode f\u00fcr niederl\u00e4ndische Verbraucher geworden und wird von den f\u00fchrenden Verbraucherbanken des Landes unterst\u00fctzt.<\/p>\n<hr \/>\n<h2>Vorteile der Verwendung von iDEAL zum Kauf von Einweg-Vapes bei AiviouVapes<\/h2>\n<p>Der Kauf von Einweg-Vaporizern in den Niederlanden \u00fcber iDEAL bietet mehrere Vorteile, die sowohl die Sicherheit als auch den Komfort f\u00fcr unsere Kunden verbessern:<\/p>\n<ol>\n<li><strong>Verbesserte Sicherheit<\/strong>: iDEAL nutzt die hohen Sicherheitsstandards des Internet- und Mobile-Bankings und stellt sicher, dass Ihre Transaktion vor Betrug und unbefugtem Zugriff gesch\u00fctzt ist.<\/li>\n<li><strong>Bequemlichkeit<\/strong>: iDEAL erm\u00f6glicht direkte Bank\u00fcberweisungen, sodass Sie keine Kreditkarten oder Zahlungsdienste von Drittanbietern ben\u00f6tigen. Sie ben\u00f6tigen lediglich den Zugriff auf Ihr Online-Banking.<\/li>\n<li><strong>Sofortige Bearbeitung<\/strong>: Zahlungen werden sofort bearbeitet, es gibt also keine Wartezeit, bis die Gelder freigegeben werden. Das bedeutet, dass Ihre Vape-Produkte schnell f\u00fcr den Versand vorbereitet werden.<\/li>\n<li><strong>Weitverbreitete Akzeptanz<\/strong>: iDEAL wird von den meisten niederl\u00e4ndischen E-Commerce-Plattformen, einschlie\u00dflich AiviouVapes, akzeptiert und ist damit eine allgemein anerkannte Zahlungsmethode in den Niederlanden.<\/li>\n<\/ol>\n<hr \/>\n<h3>Schritt-f\u00fcr-Schritt-Anleitung zum Kauf von Einweg-Vapes mit iDEAL<\/h3>\n<p><strong>So schlie\u00dfen Sie Ihren Einkauf mit iDEAL ab:<\/strong><\/p>\n<ol>\n<li><strong>W\u00e4hlen Sie Ihre Produkte<\/strong>: Durchsuchen Sie unsere gro\u00dfe Auswahl an Einweg-Verdampfern und w\u00e4hlen Sie die Artikel aus, die Sie kaufen m\u00f6chten.<\/li>\n<li><strong>Zur Kasse gehen<\/strong>: Nachdem Sie Ihre Auswahl abgeschlossen haben, fahren Sie mit der Checkout-Seite fort.<\/li>\n<li><strong>W\u00e4hlen Sie iDEAL als Zahlungsmethode<\/strong>: W\u00e4hlen Sie auf der Seite mit den Zahlungsoptionen iDEAL.<\/li>\n<li><strong>W\u00e4hlen Sie Ihre Bank<\/strong>: Sie werden zum iDEAL-Zahlungsportal weitergeleitet, wo Sie Ihre Bank aus der Liste der teilnehmenden niederl\u00e4ndischen Banken ausw\u00e4hlen k\u00f6nnen.<\/li>\n<li><strong>Schlie\u00dfen Sie die Zahlung ab<\/strong>: Sie werden in die Online-Banking-Umgebung Ihrer Bank weitergeleitet. Loggen Sie sich ein, best\u00e4tigen Sie die Zahlung und der Betrag wird mit sofortiger Best\u00e4tigung direkt von Ihrem Konto abgebucht.<\/li>\n<li><strong>Best\u00e4tigung der Bestellung<\/strong>: Sobald die Zahlung abgeschlossen ist, erhalten Sie eine Auftragsbest\u00e4tigung von AiviouVapes und Ihre Einwegverdampfer werden f\u00fcr den Versand vorbereitet.<\/li>\n<\/ol>\n<p>Wenn Sie sich f\u00fcr iDEAL entscheiden, entscheiden Sie sich f\u00fcr ein sicheres, zuverl\u00e4ssiges und effizientes Transaktionserlebnis.<\/p>\n<hr \/>\n<h3>Warum sollten Sie Ihre Vapes bei AiviouVapes kaufen?<\/h3>\n<p>Bei AiviouVapes legen wir Wert darauf, qualitativ hochwertige Produkte und ein nahtloses Einkaufserlebnis anzubieten. Deshalb sind wir die erste Wahl f\u00fcr Vape-K\u00e4ufe in den Niederlanden:<\/p>\n<ul>\n<li><strong>Umfangreiche Auswahl<\/strong>: Wir f\u00fchren ein vielf\u00e4ltiges Sortiment an hochwertigen Einweg-Vaporizern f\u00fcr jeden Geschmack.<\/li>\n<li><strong>Sichere Zahlungsabwicklung<\/strong>: Unsere Integration mit iDEAL stellt sicher, dass Ihre Zahlungsinformationen sicher und gesch\u00fctzt sind.<\/li>\n<li><strong>Au\u00dfergew\u00f6hnlicher Kundensupport<\/strong>: Unser freundliches Support-Team ist f\u00fcr Sie da und hilft Ihnen w\u00e4hrend Ihres gesamten Einkaufserlebnisses bei allen Fragen oder Anliegen.<\/li>\n<li><strong>Transparente Informationen<\/strong>: Wir geben klare Angaben zu Zahlungsmethoden, Versand und Steuern, damit Sie alles haben, was Sie f\u00fcr einen informierten Kauf ben\u00f6tigen.<\/li>\n<\/ul>\n<p>Entdecken Sie unser Sortiment und genie\u00dfen Sie den Komfort, Ihre bevorzugten Einweg-Vaporizer mit iDEAL zu kaufen, der vertrauensw\u00fcrdigen Zahlungsmethode in den Niederlanden.<\/p>\n<p>Sehen Sie sich die Vapes hier an:<\/p>\n<p><a href=\"https:\/\/aiviouvapes.com\/de\/shop\/\">https:\/\/aiviouvapes.com\/shop\/<\/a><\/p>","protected":false},"excerpt":{"rendered":"<p>iDEAL: The Preferred Payment Method in the Netherlands for Secure and Quick Transactions iDEAL is a highly popular online payment method in the Netherlands, allowing consumers to make secure, real-time payments directly through their own bank. Seamlessly integrated with the online banking environment of Dutch banks, iDEAL offers a streamlined experience, transferring funds from the [&#8230;]\n","protected":false},"author":1,"featured_media":0,"parent":0,"menu_order":0,"comment_status":"closed","ping_status":"closed","template":"page-blank-title-center.php","meta":{"footnotes":""},"class_list":["post-9132","page","type-page","status-publish","hentry"],"jetpack_sharing_enabled":true,"_links":{"self":[{"href":"https:\/\/aiviouvapes.com\/de\/wp-json\/wp\/v2\/pages\/9132","targetHints":{"allow":["GET"]}}],"collection":[{"href":"https:\/\/aiviouvapes.com\/de\/wp-json\/wp\/v2\/pages"}],"about":[{"href":"https:\/\/aiviouvapes.com\/de\/wp-json\/wp\/v2\/types\/page"}],"author":[{"embeddable":true,"href":"https:\/\/aiviouvapes.com\/de\/wp-json\/wp\/v2\/users\/1"}],"replies":[{"embeddable":true,"href":"https:\/\/aiviouvapes.com\/de\/wp-json\/wp\/v2\/comments?post=9132"}],"version-history":[{"count":0,"href":"https:\/\/aiviouvapes.com\/de\/wp-json\/wp\/v2\/pages\/9132\/revisions"}],"wp:attachment":[{"href":"https:\/\/aiviouvapes.com\/de\/wp-json\/wp\/v2\/media?parent=9132"}],"curies":[{"name":"wp","href":"https:\/\/api.w.org\/{rel}","templated":true}]}}