{"id":9129,"date":"2024-08-21T10:53:20","date_gmt":"2024-08-21T10:53:20","guid":{"rendered":"https:\/\/aiviouvapes.com\/?page_id=9129"},"modified":"2024-12-18T18:35:29","modified_gmt":"2024-12-18T10:35:29","slug":"buy-vapes-with-credit-card","status":"publish","type":"page","link":"https:\/\/aiviouvapes.com\/de\/buy-vapes-with-credit-card\/","title":{"rendered":"Vapes mit Kreditkarte kaufen"},"content":{"rendered":"<p>Willkommen bei Aiviou Vape, Ihrem vertrauensw\u00fcrdigen Ziel f\u00fcr Vaping-Produkte h\u00f6chster Qualit\u00e4t. Wir freuen uns, Ihnen mitteilen zu k\u00f6nnen, dass wir jetzt Kreditkartenzahlungen akzeptieren, sodass Sie alle Ihre Vaping-Grundausstattung einfacher denn je kaufen k\u00f6nnen!<\/p>\n<p><strong>Sichere Transaktionen:<\/strong> Kaufen Sie beruhigt ein \u2013 unsere Website verwendet die fortschrittliche 3D Secure-Zahlungstechnologie, um Ihre Daten zu sch\u00fctzen. Wir verpflichten uns, Ihre Privatsph\u00e4re zu sch\u00fctzen und sicherzustellen, dass jede Transaktion vollst\u00e4ndig sicher ist.<\/p>\n<p><strong>Zahlungsm\u00f6glichkeiten:<\/strong> Wir akzeptieren eine gro\u00dfe Auswahl g\u00e4ngiger Kreditkarten, darunter Visa, MasterCard und Maestro, sodass der Bezahlvorgang f\u00fcr unsere Kunden schnell und einfach ist.<\/p>\n<p><strong>Wichtige Informationen:<\/strong> Bitte beachten Sie, dass bei Kreditkartenzahlungen aufgrund der EU-Mehrwertsteuervorschriften eine zus\u00e4tzliche Mehrwertsteuer von 20% anf\u00e4llt. Um diese Vorschriften einzuhalten, darf der Gesamtwert einer einzelnen per Kreditkarte bezahlten Bestellung $600 USD oder 600 EUR nicht \u00fcberschreiten.<\/p>\n<p><strong>Alternative Zahlungsm\u00f6glichkeiten:<\/strong> Wenn Sie die Mehrwertsteuer oder Bestellbeschr\u00e4nkungen bei Kreditkartenzahlungen vermeiden m\u00f6chten, empfehlen wir Ihnen, SEPA-\u00dcberweisungen, IBAN-\u00dcberweisungen oder Zahlungen in Kryptow\u00e4hrungen in Betracht zu ziehen. Diese Optionen bieten mehr Flexibilit\u00e4t, insbesondere bei gr\u00f6\u00dferen Transaktionen.<\/p>\n<p>Bei AiviouVape legen wir Wert darauf, allen unseren Kunden ein reibungsloses und sicheres Einkaufserlebnis zu bieten. St\u00f6bern Sie durch unser umfangreiches Sortiment an Vaping-Produkten und kaufen Sie vertrauensvoll ein!<\/p>\n<p>Wenn Sie Fragen haben oder Unterst\u00fctzung ben\u00f6tigen, steht Ihnen unser Kundenservice gerne zur Verf\u00fcgung. Z\u00f6gern Sie nicht, uns zu kontaktieren!<\/p>\n<p><img data-recalc-dims=\"1\" loading=\"lazy\" decoding=\"async\" title=\"Vapes mit Kreditkarte kaufen\" class=\"alignnone wp-image-9208 size-full\" src=\"https:\/\/i0.wp.com\/aiviouvapes.com\/wp-content\/uploads\/2024\/08\/card.jpeg?resize=272%2C185&#038;ssl=1\" alt=\"Vapes mit Kreditkarte kaufen\" width=\"272\" height=\"185\" srcset=\"https:\/\/i0.wp.com\/aiviouvapes.com\/wp-content\/uploads\/2024\/08\/card.jpeg?w=272&amp;ssl=1 272w, https:\/\/i0.wp.com\/aiviouvapes.com\/wp-content\/uploads\/2024\/08\/card.jpeg?resize=18%2C12&amp;ssl=1 18w\" sizes=\"auto, (max-width: 272px) 100vw, 272px\" \/><\/p>\n<div class=\"row align-middle\"  id=\"row-923059909\">\n\n\t<div id=\"col-1895777660\" class=\"col small-12 large-12\"  >\n\t\t\t\t<div class=\"col-inner text-center\"  >\n\t\t\t\n\t\t\t\n<a href=\"https:\/\/aiviouvapes.com\/de\/shop\/\" class=\"button primary is-shade is-larger box-shadow-4 box-shadow-5-hover\" style=\"border-radius:10px;\">\n\t\t<span>Jetzt shoppen<\/span>\n\t<\/a>\n\n\t\t<\/div>\n\t\t\t\t\n<style>\n#col-1895777660 > .col-inner {\n  padding: 20px 0px 0px 0px;\n}\n<\/style>\n\t<\/div>\n\n\t\n<\/div>","protected":false},"excerpt":{"rendered":"<p>Welcome to Aiviou Vape, your trusted destination for top-quality vaping products. We\u2019re pleased to announce that we now accept credit card payments, making it easier than ever to shop for all your vaping essentials! Secure Transactions: Shop with peace of mind\u2014our site uses advanced 3D Secure payment technology to protect your information. We are committed [&#8230;]\n","protected":false},"author":1,"featured_media":0,"parent":0,"menu_order":0,"comment_status":"closed","ping_status":"closed","template":"page-blank-title-center.php","meta":{"footnotes":""},"class_list":["post-9129","page","type-page","status-publish","hentry"],"jetpack_sharing_enabled":true,"_links":{"self":[{"href":"https:\/\/aiviouvapes.com\/de\/wp-json\/wp\/v2\/pages\/9129","targetHints":{"allow":["GET"]}}],"collection":[{"href":"https:\/\/aiviouvapes.com\/de\/wp-json\/wp\/v2\/pages"}],"about":[{"href":"https:\/\/aiviouvapes.com\/de\/wp-json\/wp\/v2\/types\/page"}],"author":[{"embeddable":true,"href":"https:\/\/aiviouvapes.com\/de\/wp-json\/wp\/v2\/users\/1"}],"replies":[{"embeddable":true,"href":"https:\/\/aiviouvapes.com\/de\/wp-json\/wp\/v2\/comments?post=9129"}],"version-history":[{"count":0,"href":"https:\/\/aiviouvapes.com\/de\/wp-json\/wp\/v2\/pages\/9129\/revisions"}],"wp:attachment":[{"href":"https:\/\/aiviouvapes.com\/de\/wp-json\/wp\/v2\/media?parent=9129"}],"curies":[{"name":"wp","href":"https:\/\/api.w.org\/{rel}","templated":true}]}}