{"id":9127,"date":"2024-08-21T10:52:51","date_gmt":"2024-08-21T10:52:51","guid":{"rendered":"https:\/\/aiviouvapes.com\/?page_id=9127"},"modified":"2024-12-18T18:35:26","modified_gmt":"2024-12-18T10:35:26","slug":"buy-vapes-with-sepa-qr-code","status":"publish","type":"page","link":"https:\/\/aiviouvapes.com\/de\/buy-vapes-with-sepa-qr-code\/","title":{"rendered":"Vapes kaufen mit SEPA QR Code"},"content":{"rendered":"<h2>So verwenden Sie einen SEPA-QR-Code, um mit Ihrer Banking-App f\u00fcr Vape-K\u00e4ufe zu bezahlen<\/h2>\n<p>Das Bezahlen mit einem SEPA-QR-Code ist eine schnelle und bequeme M\u00f6glichkeit, Geld innerhalb des einheitlichen Euro-Zahlungsverkehrsraums (SEPA) zu \u00fcberweisen. Hier finden Sie eine Schritt-f\u00fcr-Schritt-Anleitung, die Ihnen hilft, mit Ihrer Bank-App einen SEPA-QR-Code zu scannen und Zahlungen \u00fcber diesen zu t\u00e4tigen.<\/p>\n<h3>Schritt-f\u00fcr-Schritt-Anleitung<\/h3>\n<ol>\n<li><strong>\u00d6ffnen Sie Ihre Banking-App<\/strong>\n<ul>\n<li>\u00d6ffnen Sie Ihre Mobile-Banking-App auf Ihrem Smartphone und stellen Sie sicher, dass Sie bei Ihrem Konto angemeldet sind.<\/li>\n<\/ul>\n<\/li>\n<li><strong>Gehen Sie zum Abschnitt \u201e\u00dcberweisung oder Zahlungen\u201c<\/strong>\n<ul>\n<li>Suchen Sie nach dem Abschnitt zum T\u00e4tigen von Zahlungen oder \u00dcberweisungen. Dieser kann die Bezeichnung \u201e\u00dcberweisung\u201c, \u201eZahlungen\u201c oder \u00c4hnliches haben.<\/li>\n<\/ul>\n<\/li>\n<li><strong>Suchen Sie den QR-Code-Scanner<\/strong>\n<ul>\n<li>Suchen Sie im Zahlungsbereich nach der Option zum Scannen von QR-Codes, die h\u00e4ufig als Kamera oder QR-Code-Symbol angezeigt wird.<\/li>\n<li>Einige Banking-Apps verf\u00fcgen f\u00fcr den schnellen Zugriff auch \u00fcber eine \u201eScannen\u201c-Schaltfl\u00e4che direkt auf dem Startbildschirm oder im Zahlungsbereich.<\/li>\n<\/ul>\n<\/li>\n<li><strong>Scannen Sie den SEPA-QR-Code<\/strong>\n<ul>\n<li>Halten Sie die Kamera Ihres Telefons an den SEPA-QR-Code auf der Rechnungs- oder Zahlungsseite.<\/li>\n<li>Richten Sie den QR-Code innerhalb des Rahmens aus, um die Details genau zu erfassen.<\/li>\n<\/ul>\n<\/li>\n<li><strong>Zahlungsdetails pr\u00fcfen<\/strong>\n<ul>\n<li>Nach dem Scannen f\u00fcllt die App das Zahlungsformular automatisch mit den Details aus dem QR-Code.<\/li>\n<li>Hierzu geh\u00f6ren wichtige Informationen wie die IBAN und der Name des Empf\u00e4ngers, wodurch das Fehlerrisiko verringert wird.<\/li>\n<\/ul>\n<\/li>\n<li><strong>Best\u00e4tigen Sie die Zahlung<\/strong>\n<ul>\n<li>\u00dcberpr\u00fcfen Sie die Angaben auf Richtigkeit.<\/li>\n<li>W\u00e4hlen Sie das Konto oder die Karte aus, die Sie f\u00fcr diese Transaktion verwenden m\u00f6chten.<\/li>\n<li>Best\u00e4tigen Sie die Zahlung, indem Sie die Authentifizierungsschritte der App befolgen, zum Beispiel durch Eingabe Ihrer PIN, Ihres Fingerabdrucks oder Ihrer Gesichtserkennung.<\/li>\n<\/ul>\n<\/li>\n<\/ol>\n<p><img data-recalc-dims=\"1\" loading=\"lazy\" decoding=\"async\" title=\"Vapes kaufen mit SEPA QR Code\" class=\"alignnone wp-image-9198 size-full\" src=\"https:\/\/i0.wp.com\/aiviouvapes.com\/wp-content\/uploads\/2024\/08\/qr-code-payment-online-shopping-260nw-704697319-e1724305335194.webp?resize=390%2C260&#038;ssl=1\" alt=\"Vapes kaufen mit SEPA QR Code\" width=\"390\" height=\"260\" srcset=\"https:\/\/i0.wp.com\/aiviouvapes.com\/wp-content\/uploads\/2024\/08\/qr-code-payment-online-shopping-260nw-704697319-e1724305335194.webp?w=390&amp;ssl=1 390w, https:\/\/i0.wp.com\/aiviouvapes.com\/wp-content\/uploads\/2024\/08\/qr-code-payment-online-shopping-260nw-704697319-e1724305335194.webp?resize=300%2C200&amp;ssl=1 300w, https:\/\/i0.wp.com\/aiviouvapes.com\/wp-content\/uploads\/2024\/08\/qr-code-payment-online-shopping-260nw-704697319-e1724305335194.webp?resize=18%2C12&amp;ssl=1 18w\" sizes=\"auto, (max-width: 390px) 100vw, 390px\" \/><\/p>\n<h3>Zus\u00e4tzliche Tipps<\/h3>\n<ul>\n<li><strong>Verwenden von QR-Code-Bildern<\/strong>\n<ul>\n<li>Wenn Sie einen QR-Code als Bild erhalten (z. B. per E-Mail), k\u00f6nnen Sie das Bild bei einigen Banking-Apps hochladen, anstatt es direkt zu scannen. Achten Sie darauf, dass die QR-Scan-Funktion eine Option zum Hochladen bietet.<\/li>\n<\/ul>\n<\/li>\n<li><strong>Sicherheitsma\u00dfnahmen<\/strong>\n<ul>\n<li>Stellen Sie sicher, dass Ihre Banking-App auf dem neuesten Stand ist, und verwenden Sie eine sichere Internetverbindung, um potenziellen Betrug zu vermeiden.<\/li>\n<\/ul>\n<\/li>\n<\/ul>\n<h3>Vorteile der Verwendung von SEPA-QR-Codes<\/h3>\n<ul>\n<li><strong>Geschwindigkeit:<\/strong> QR-Codes vereinfachen den Bezahlvorgang und minimieren Eingabefehler.<\/li>\n<li><strong>Benutzerfreundlichkeit:<\/strong> Erledigen Sie Zahlungen f\u00fcr Waren, Dienstleistungen, Rechnungen oder andere \u00dcberweisungen schnell mit nur einem Scan.<\/li>\n<li><strong>Multifunktionalit\u00e4t:<\/strong> SEPA-QR-Codes unterst\u00fctzen eine breite Palette von Transaktionen, von der Bezahlung von Stromrechnungen bis hin zu Verwaltungsgeb\u00fchren.<\/li>\n<\/ul>\n<h3>Einpacken<\/h3>\n<p>Wenn Sie diese Schritte befolgen, k\u00f6nnen Sie SEPA-QR-Codes einfach und effizient mit Ihrer Banking-App verwenden. Diese Zahlungsmethode spart Ihnen nicht nur Zeit, sondern verbessert auch die Transaktionssicherheit und -genauigkeit. Genie\u00dfen Sie das nahtlose Erlebnis sicherer Zahlungen innerhalb des SEPA-Raums.<\/p>\n<p>Eine Liste der europ\u00e4ischen Banken, die SEPA-QR-Code-Zahlungen unterst\u00fctzen, finden Sie auf der Website des European Payments Council.<\/p>\n<p><strong>AiviouVapes bietet jetzt die Zahlung per SEPA-QR-Code an und bietet Kunden damit beim Kauf von Einweg-Vaporizern ein neues Ma\u00df an Komfort.<\/strong><\/p>\n<div class=\"row align-middle\"  id=\"row-2128474388\">\n\n\t<div id=\"col-231382322\" class=\"col small-12 large-12\"  >\n\t\t\t\t<div class=\"col-inner text-center\"  >\n\t\t\t\n\t\t\t\n<a href=\"https:\/\/aiviouvapes.com\/de\/shop\/\" class=\"button primary is-shade is-larger box-shadow-4 box-shadow-5-hover\" style=\"border-radius:10px;\">\n\t\t<span>Jetzt shoppen<\/span>\n\t<\/a>\n\n\t\t<\/div>\n\t\t\t\t\n<style>\n#col-231382322 > .col-inner {\n  padding: 20px 0px 0px 0px;\n}\n<\/style>\n\t<\/div>\n\n\t\n<\/div>","protected":false},"excerpt":{"rendered":"<p>How to Use a SEPA QR Code to Pay with Your Banking App for Vape Purchases Paying with a SEPA QR code is a fast and convenient way to transfer funds within the Single Euro Payments Area (SEPA). Here\u2019s a step-by-step guide to help you use your bank app to scan and make payments via [&#8230;]\n","protected":false},"author":1,"featured_media":0,"parent":0,"menu_order":0,"comment_status":"closed","ping_status":"closed","template":"page-blank-title-center.php","meta":{"footnotes":""},"class_list":["post-9127","page","type-page","status-publish","hentry"],"jetpack_sharing_enabled":true,"_links":{"self":[{"href":"https:\/\/aiviouvapes.com\/de\/wp-json\/wp\/v2\/pages\/9127","targetHints":{"allow":["GET"]}}],"collection":[{"href":"https:\/\/aiviouvapes.com\/de\/wp-json\/wp\/v2\/pages"}],"about":[{"href":"https:\/\/aiviouvapes.com\/de\/wp-json\/wp\/v2\/types\/page"}],"author":[{"embeddable":true,"href":"https:\/\/aiviouvapes.com\/de\/wp-json\/wp\/v2\/users\/1"}],"replies":[{"embeddable":true,"href":"https:\/\/aiviouvapes.com\/de\/wp-json\/wp\/v2\/comments?post=9127"}],"version-history":[{"count":0,"href":"https:\/\/aiviouvapes.com\/de\/wp-json\/wp\/v2\/pages\/9127\/revisions"}],"wp:attachment":[{"href":"https:\/\/aiviouvapes.com\/de\/wp-json\/wp\/v2\/media?parent=9127"}],"curies":[{"name":"wp","href":"https:\/\/api.w.org\/{rel}","templated":true}]}}