{"id":9124,"date":"2024-08-21T10:52:08","date_gmt":"2024-08-21T10:52:08","guid":{"rendered":"https:\/\/aiviouvapes.com\/?page_id=9124"},"modified":"2024-11-30T12:03:45","modified_gmt":"2024-11-30T04:03:45","slug":"buy-vapes-in-europe-with-paypal","status":"publish","type":"page","link":"https:\/\/aiviouvapes.com\/de\/buy-vapes-in-europe-with-paypal\/","title":{"rendered":"Vapes in Europa mit Paypal kaufen"},"content":{"rendered":"<p>Die Schnittstelle zwischen E-Zigaretten und PayPal stellt Unternehmen und Verbraucher gleicherma\u00dfen vor besondere Herausforderungen. Aufgrund der Richtlinien von PayPal zu E-Zigaretten und \u00e4hnlichen Produkten unterliegen viele Transaktionen in dieser Branche denselben Beschr\u00e4nkungen wie bei Tabakprodukten, was zu Kontobeschr\u00e4nkungen und Zahlungssperren f\u00fchrt.<\/p>\n<p>Bei AiviouVapes haben wir erfolgreich einen Weg gefunden, innerhalb dieser Einschr\u00e4nkungen zu arbeiten. Anders als viele in der Branche, <strong>Wir haben von PayPal die vorl\u00e4ufige Genehmigung zur Abwicklung von E-Zigarettenverk\u00e4ufen innerhalb Europas erhalten.<\/strong>, sodass wir unseren Kunden ein reibungsloses und unterbrechungsfreies Einkaufserlebnis bieten k\u00f6nnen.<\/p>\n<p>Die Vorabgenehmigung von PayPal deckt eine Reihe von Produkten ab, darunter E-Zigaretten und bestimmte tabakfreie Alternativen. Dank dieser Genehmigung k\u00f6nnen wir PayPal als bequeme und sichere Zahlungsmethode anbieten und unseren Kunden die Vertrautheit und Bequemlichkeit bieten, die sie sich w\u00fcnschen.<\/p>\n<p>Obwohl die allgemeinen Beschr\u00e4nkungen von PayPal f\u00fcr E-Zigaretten-Transaktionen weiterhin Anlass zu Diskussionen geben, k\u00f6nnen unsere Kunden PayPal auf unserer Website ohne Unterbrechungen nutzen. Dies ist insbesondere f\u00fcr diejenigen von Vorteil, die die Sicherheit und Einfachheit sch\u00e4tzen, die PayPal gegen\u00fcber anderen Zahlungsoptionen bietet.<\/p>\n<p>Wir m\u00f6chten jedoch einen neuen Aspekt hervorheben. <strong>Aufgrund von Steuervorschriften<\/strong>, PayPal-K\u00e4ufe f\u00fcr E-Zigaretten von AiviouVapes sind <strong>auf 200 Euro begrenzt<\/strong> pro Bestellung und unterliegen einer <strong>20% MwSt. Verbrauchssteuer<\/strong>. Diese Steueranforderungen k\u00f6nnen sich auf Ihre Wahl der Zahlungsmethode auswirken. <strong>Um diese Grenze und Steuerbelastung zu vermeiden, empfehlen wir, SEPA-\u00dcberweisungen, IBAN-Bank\u00fcberweisungen oder Kryptow\u00e4hrungszahlungen in Betracht zu ziehen<\/strong>, die mehr Flexibilit\u00e4t f\u00fcr h\u00f6herwertige Eink\u00e4ufe bieten.<\/p>\n<p>Dieses Ausgabenlimit und die steuerliche Ber\u00fccksichtigung sind wichtige Faktoren bei der Wahl Ihrer bevorzugten Zahlungsmethode. Bei AiviouVapes legen wir Wert auf Transparenz und bieten flexible Zahlungsoptionen, damit Sie ein informiertes und bequemes Einkaufserlebnis genie\u00dfen k\u00f6nnen.<\/p>\n<p>Entdecken Sie die gro\u00dfe Auswahl an E-Liquid-Aromen von AiviouVapes mit der Gewissheit, dass Sie aus mehreren Zahlungsoptionen w\u00e4hlen k\u00f6nnen, die Ihren Vorlieben und Bed\u00fcrfnissen entsprechen.<\/p>\n<p>Mit diesen Punkten m\u00f6chten wir Ihnen einen umfassenden \u00dcberblick \u00fcber die Beschr\u00e4nkungen und steuerbezogenen Faktoren von PayPal beim Kauf von E-Zigaretten bei AiviouVapes geben und Ihnen dabei helfen, die beste Zahlungswahl f\u00fcr Ihre Situation zu treffen.<\/p>\n<div class=\"row align-middle\"  id=\"row-940225666\">\n\n\t<div id=\"col-928119870\" class=\"col small-12 large-12\"  >\n\t\t\t\t<div class=\"col-inner text-center\"  >\n\t\t\t\n\t\t\t\n<a href=\"https:\/\/aiviouvapes.com\/de\/shop\/\" class=\"button primary is-shade is-larger box-shadow-4 box-shadow-5-hover\" style=\"border-radius:10px;\">\n\t\t<span>Jetzt shoppen<\/span>\n\t<\/a>\n\n\t\t<\/div>\n\t\t\t\t\n<style>\n#col-928119870 > .col-inner {\n  padding: 20px 0px 0px 0px;\n}\n<\/style>\n\t<\/div>\n\n\t\n<\/div>","protected":false},"excerpt":{"rendered":"<p>Navigating the intersection between vaping and PayPal has presented unique challenges for businesses and consumers alike. Due to PayPal&#8217;s policies on e-cigarettes and related products, many transactions in this industry face the same restrictions as tobacco, resulting in account limitations and blocked payments. At AiviouVapes, we\u2019ve successfully found a way to operate within these constraints. [&#8230;]\n","protected":false},"author":1,"featured_media":0,"parent":0,"menu_order":0,"comment_status":"closed","ping_status":"closed","template":"page-blank-title-center.php","meta":{"footnotes":""},"class_list":["post-9124","page","type-page","status-publish","hentry"],"jetpack_sharing_enabled":true,"_links":{"self":[{"href":"https:\/\/aiviouvapes.com\/de\/wp-json\/wp\/v2\/pages\/9124","targetHints":{"allow":["GET"]}}],"collection":[{"href":"https:\/\/aiviouvapes.com\/de\/wp-json\/wp\/v2\/pages"}],"about":[{"href":"https:\/\/aiviouvapes.com\/de\/wp-json\/wp\/v2\/types\/page"}],"author":[{"embeddable":true,"href":"https:\/\/aiviouvapes.com\/de\/wp-json\/wp\/v2\/users\/1"}],"replies":[{"embeddable":true,"href":"https:\/\/aiviouvapes.com\/de\/wp-json\/wp\/v2\/comments?post=9124"}],"version-history":[{"count":0,"href":"https:\/\/aiviouvapes.com\/de\/wp-json\/wp\/v2\/pages\/9124\/revisions"}],"wp:attachment":[{"href":"https:\/\/aiviouvapes.com\/de\/wp-json\/wp\/v2\/media?parent=9124"}],"curies":[{"name":"wp","href":"https:\/\/api.w.org\/{rel}","templated":true}]}}