{"id":9121,"date":"2024-08-21T10:51:22","date_gmt":"2024-08-21T10:51:22","guid":{"rendered":"https:\/\/aiviouvapes.com\/?page_id=9121"},"modified":"2024-12-02T07:55:27","modified_gmt":"2024-12-01T23:55:27","slug":"age-policy","status":"publish","type":"page","link":"https:\/\/aiviouvapes.com\/de\/age-policy\/","title":{"rendered":"Alterspolitik"},"content":{"rendered":"<p>Alters\u00fcberpr\u00fcfung bei <a href=\"https:\/\/AiviouVapes.com\/\" rel=\"noopener\">AiviouVapes<\/a><\/p>\n<p>**Gesetzliches Mindestalter f\u00fcr Raucher:** Alle Kunden m\u00fcssen mindestens 21 Jahre alt sein, um Produkte auf unserer Website zu kaufen. Dies entspricht dem gesetzlichen Mindestalter f\u00fcr Raucher in den USA f\u00fcr E-Zigaretten und \u00e4hnliche Produkte. Besuchen Sie <a href=\"https:\/\/AiviouVapes.com\/\" rel=\"noopener\">AiviouVapes<\/a> f\u00fcr regelkonforme und verantwortungsvolle Eink\u00e4ufe.<\/p>\n<p>**Wichtigkeit einer genauen Altersangabe:** Die F\u00e4lschung von Altersinformationen beim Kauf unserer Produkte verst\u00f6\u00dft nicht nur gegen unsere Richtlinien, sondern ist auch illegal. Solche Handlungen k\u00f6nnen schwerwiegende rechtliche Konsequenzen nach sich ziehen.<\/p>\n<p>**Verbot von Proxy-K\u00e4ufen f\u00fcr Minderj\u00e4hrige:** Der Kauf von <a href=\"https:\/\/AiviouVapes.com\/\" rel=\"noopener\">Vaping-Produkte<\/a> f\u00fcr Minderj\u00e4hrige ist streng verboten und kann rechtliche Konsequenzen nach sich ziehen. Wir setzen uns daf\u00fcr ein, unbefugten Zugriff auf unsere Produkte zu verhindern.<\/p>\n<p>**Robustes Verfahren zur Alters\u00fcberpr\u00fcfung:** Um gesetzliche Anforderungen zu erf\u00fcllen und Jugendliche zu sch\u00fctzen, verwenden wir ein strenges System zur Alters\u00fcberpr\u00fcfung. Kunden m\u00fcssen pers\u00f6nliche Daten angeben \u2013 Name, Adresse, Geburtsdatum und die letzten vier Ziffern ihrer Sozialversicherungsnummer \u2013, die wir anhand \u00f6ffentlicher Aufzeichnungen \u00fcberpr\u00fcfen. Wenn die \u00dcberpr\u00fcfung fehlschl\u00e4gt oder Sie Ihre Sozialversicherungsdaten nicht angeben k\u00f6nnen, fordern wir m\u00f6glicherweise einen amtlichen Ausweis an.<\/p>\n<p>**Recht auf Ablehnung der Dienstleistung:** Wir behalten uns das Recht vor, Bestellungen zu stornieren oder abzulehnen, wenn die \u00dcberpr\u00fcfung nicht erfolgreich abgeschlossen wird oder ein g\u00fcltiger Ausweis nicht rechtzeitig vorgelegt wird.<\/p>\n<p>**Engagement zur Jugendpr\u00e4vention:** Die Verhinderung des Verkaufs an Minderj\u00e4hrige ist eine unserer h\u00f6chsten Priorit\u00e4ten. Unser Altersverifizierungssystem unterstreicht unser Engagement f\u00fcr die Aufrechterhaltung einer verantwortungsvollen Vaping-Umgebung.<\/p>\n<p>**Dienstverweigerung oder -einschr\u00e4nkung:** Als Online-H\u00e4ndler behalten wir uns das Recht vor, den Dienst in bestimmten F\u00e4llen zu verweigern. Wenn ein Kunde der Meinung ist, dass sein Zugang zu Unrecht eingeschr\u00e4nkt wurde, wird er gebeten, sich an unseren Kundendienst zu wenden, um Hilfe zu erhalten.<\/p>\n<p>**Hinweis zur Altersbeschr\u00e4nkung:** Die Website von Aiviou Vape enth\u00e4lt einen klaren Haftungsausschluss, der darauf hinweist, dass US-Kunden mindestens 21 Jahre alt sein m\u00fcssen, um E-Zigarettenprodukte zu kaufen.<\/p>\n<p>Unter <a href=\"https:\/\/AiviouVapes.com\/\" rel=\"noopener\">AiviouVapes<\/a>, wir legen Wert auf die Sicherheit und das Wohlbefinden unserer Kunden, indem wir eine strenge Alters\u00fcberpr\u00fcfung durchf\u00fchren. Unsere Ma\u00dfnahmen spiegeln unser Engagement f\u00fcr eine sichere und konforme Vaping-Community wider und bieten unseren Kunden ein gutes Gef\u00fchl beim Einkauf bei uns.<\/p>\n<p>Die Verpflichtung unseres Unternehmens, sicherzustellen, dass nur Personen, die dazu gesetzlich berechtigt sind, unsere Produkte kaufen k\u00f6nnen, unterstreicht die Bedeutung eines verantwortungsvollen Umgangs mit dem Dampfen. Wir sind uns bewusst, dass eine wirksame Alters\u00fcberpr\u00fcfung unerl\u00e4sslich ist, um den Zugriff Minderj\u00e4hriger zu verhindern, und wir haben ein umfassendes System eingerichtet, um dieser Verantwortung gerecht zu werden.<\/p>\n<p>Unser Verfahren erfordert bestimmte Informationen \u2013 Name, Adresse, Geburtsdatum und die letzten vier Ziffern der Sozialversicherungsnummer \u2013 die wir anhand vertrauensw\u00fcrdiger Datens\u00e4tze validieren, um das Alter zu best\u00e4tigen. Wenn ein Kunde seine Sozialversicherungsdaten nicht angeben kann, bieten wir als zus\u00e4tzliche \u00dcberpr\u00fcfungsma\u00dfnahme die M\u00f6glichkeit, einen amtlichen Ausweis hochzuladen.<\/p>\n<p>**Konsequenzen bei falscher Altersangabe:** Falsche Altersangaben beim Kauf unserer Produkte sind illegal und haben schwerwiegende rechtliche Konsequenzen. Dar\u00fcber hinaus ist der Kauf durch Minderj\u00e4hrige streng verboten und wird ebenfalls strafrechtlich verfolgt. Wir nehmen diese Standards ernst und k\u00f6nnen jede Bestellung ablehnen, wenn die Identit\u00e4t nicht umgehend \u00fcberpr\u00fcft werden kann.<\/p>\n<p>Aiviou Vape setzt sich weiterhin daf\u00fcr ein, den Verkauf an Minderj\u00e4hrige zu verhindern. Unser Protokoll zur Alters\u00fcberpr\u00fcfung ist von zentraler Bedeutung f\u00fcr unsere Mission, verantwortungsbewusstes und sicheres Einkaufen innerhalb der Vaping-Community zu f\u00f6rdern.<\/p>\n<p>Wenn ein Kunde eine Servicebeschr\u00e4nkung feststellt, die seiner Meinung nach auf einen Fehler zur\u00fcckzuf\u00fchren ist, kann er sich gerne an unser Kundensupportteam wenden. Wir legen Wert auf transparente Kommunikation und bem\u00fchen uns, alle Probleme fair zu l\u00f6sen.<\/p>\n<p>Auf unserer Website wird deutlich sichtbar ein Warnhinweis zur Altersbeschr\u00e4nkung f\u00fcr den Kauf elektronischer Zigaretten angezeigt. Alle Benutzer werden daran erinnert, dass in den USA ein Mindestalter von 21 Jahren gesetzlich vorgeschrieben ist.<\/p>\n<p>Wenn Sie sich f\u00fcr Aiviou Vape entscheiden, entscheiden Sie sich f\u00fcr ein Unternehmen, das Integrit\u00e4t, Rechtskonformit\u00e4t und Kundensicherheit sch\u00e4tzt. Unser Engagement f\u00fcr verantwortungsvolle Altersrichtlinien ist nicht nur verfahrenstechnischer Natur; es ist ein grundlegendes Spiegelbild unserer Werte und unseres Engagements f\u00fcr ein sicheres, vertrauensw\u00fcrdiges Einkaufserlebnis. Vertrauen Sie auf Aiviou Vape f\u00fcr einen sicheren, verantwortungsvollen Zugang zu hochwertigen Vaping-Produkten.<\/p>\n<div class=\"row align-middle\"  id=\"row-1435402879\">\n\n\t<div id=\"col-451014854\" class=\"col small-12 large-12\"  >\n\t\t\t\t<div class=\"col-inner text-center\"  >\n\t\t\t\n\t\t\t\n<a href=\"https:\/\/aiviouvapes.com\/de\/shop\/\" class=\"button primary is-shade is-larger box-shadow-4 box-shadow-5-hover\" style=\"border-radius:10px;\">\n\t\t<span>Jetzt shoppen<\/span>\n\t<\/a>\n\n\t\t<\/div>\n\t\t\t\t\n<style>\n#col-451014854 > .col-inner {\n  padding: 20px 0px 0px 0px;\n}\n<\/style>\n\t<\/div>\n\n\t\n<\/div>","protected":false},"excerpt":{"rendered":"<p>Age Verification at AiviouVapes **Legal Smoking Age Requirement:** All customers must be 21 or older to purchase products on our site, aligning with the U.S. legal smoking age for e-cigarettes and related items. Visit AiviouVapes for compliant and responsible purchases. **Importance of Accurate Age Representation:** Falsifying age information to buy our products is not only [&#8230;]\n","protected":false},"author":1,"featured_media":0,"parent":0,"menu_order":0,"comment_status":"closed","ping_status":"closed","template":"page-blank-title-center.php","meta":{"footnotes":""},"class_list":["post-9121","page","type-page","status-publish","hentry"],"jetpack_sharing_enabled":true,"_links":{"self":[{"href":"https:\/\/aiviouvapes.com\/de\/wp-json\/wp\/v2\/pages\/9121","targetHints":{"allow":["GET"]}}],"collection":[{"href":"https:\/\/aiviouvapes.com\/de\/wp-json\/wp\/v2\/pages"}],"about":[{"href":"https:\/\/aiviouvapes.com\/de\/wp-json\/wp\/v2\/types\/page"}],"author":[{"embeddable":true,"href":"https:\/\/aiviouvapes.com\/de\/wp-json\/wp\/v2\/users\/1"}],"replies":[{"embeddable":true,"href":"https:\/\/aiviouvapes.com\/de\/wp-json\/wp\/v2\/comments?post=9121"}],"version-history":[{"count":0,"href":"https:\/\/aiviouvapes.com\/de\/wp-json\/wp\/v2\/pages\/9121\/revisions"}],"wp:attachment":[{"href":"https:\/\/aiviouvapes.com\/de\/wp-json\/wp\/v2\/media?parent=9121"}],"curies":[{"name":"wp","href":"https:\/\/api.w.org\/{rel}","templated":true}]}}